


	{"id":3222,"date":"2023-12-19T14:36:21","date_gmt":"2023-12-19T07:36:21","guid":{"rendered":"https:\/\/vananland.com\/vinhomescentralpark\/?post_type=product&#038;p=3222"},"modified":"2023-12-19T14:45:25","modified_gmt":"2023-12-19T07:45:25","slug":"ban-sieu-pham-skyvilla-landmark-81-257m2-gia-60-ty-full-nt-cao-cap","status":"publish","type":"product","link":"https:\/\/vananland.com\/vinhomescentralpark\/san-pham\/ban-sieu-pham-skyvilla-landmark-81-257m2-gia-60-ty-full-nt-cao-cap\/","title":{"rendered":"B\u00e1n si\u00eau ph\u1ea9m Skyvilla Landmark 81 257m2 gi\u00e1 60 t\u1ef7 Full NT cao c\u1ea5p"},"content":{"rendered":"<p>B\u00e1n Skyvilla Landmark 81 Vinhomes Central Park<br \/>\n&#8211; Di\u1ec7n t\u00edch : 188m2 c\u0103n h\u1ed9 s\u1eed d\u1ee5ng + 70m2 s\u00e2n v\u01b0\u1eddn<br \/>\n&#8211; Thi\u1ebft k\u1ebf : 3PN + 3WC + H\u1ed3 B\u01a1i + S\u00e2n V\u01b0\u1eddn<br \/>\n&#8211; G\u00eda b\u00e1n : 60.000.000.000 \u0111 .<br \/>\nM\u1ecdi th\u00f4ng tin chi ti\u1ebft qu\u00fd kh\u00e1ch h\u00e0ng xin vui l\u00f2ng li\u00ean h\u1ec7<br \/>\nHottline : 0907.355.866<\/p>\n","protected":false},"excerpt":{"rendered":"<p>B\u00e1n Skyvilla Landmark 81 Vinhomes Central Park &#8211; Di\u1ec7n t\u00edch : 188m2 c\u0103n h\u1ed9 s\u1eed d\u1ee5ng + 70m2 s\u00e2n v\u01b0\u1eddn &#8211; Thi\u1ebft k\u1ebf : 3PN + 3WC + H\u1ed3 B\u01a1i + S\u00e2n V\u01b0\u1eddn &#8211; G\u00eda b\u00e1n : 60.000.000.000 \u0111 . M\u1ecdi th\u00f4ng tin chi ti\u1ebft qu\u00fd kh\u00e1ch h\u00e0ng xin vui l\u00f2ng li\u00ean h\u1ec7 Hottline :&#8230;<\/p>\n","protected":false},"featured_media":3217,"template":"","meta":[],"product_brand":[],"product_cat":[55,56],"product_tag":[],"class_list":{"0":"post-3222","1":"product","2":"type-product","3":"status-publish","4":"has-post-thumbnail","6":"product_cat-ban-biet-thu-vinhomes-central-park","7":"product_cat-ban-landmark-81-vinhomes-central-park","9":"first","10":"instock","11":"shipping-taxable","12":"purchasable","13":"product-type-simple"},"yoast_head":"<!-- This site is optimized with the Yoast SEO plugin v27.2 - https:\/\/yoast.com\/product\/yoast-seo-wordpress\/ -->\n<title>B\u00e1n si\u00eau ph\u1ea9m Skyvilla Landmark 81 257m2 gi\u00e1 60 t\u1ef7 Full NT cao c\u1ea5p - Vinhomes Central Park<\/title>\n<meta name=\"robots\" content=\"index, follow, max-snippet:-1, max-image-preview:large, max-video-preview:-1\" \/>\n<link rel=\"canonical\" href=\"https:\/\/vananland.com\/vinhomescentralpark\/san-pham\/ban-sieu-pham-skyvilla-landmark-81-257m2-gia-60-ty-full-nt-cao-cap\/\" \/>\n<meta property=\"og:locale\" content=\"vi_VN\" \/>\n<meta property=\"og:type\" content=\"article\" \/>\n<meta property=\"og:title\" content=\"B\u00e1n si\u00eau ph\u1ea9m Skyvilla Landmark 81 257m2 gi\u00e1 60 t\u1ef7 Full NT cao c\u1ea5p - Vinhomes Central Park\" \/>\n<meta property=\"og:description\" content=\"B\u00e1n Skyvilla Landmark 81 Vinhomes Central Park &#8211; Di\u1ec7n t\u00edch : 188m2 c\u0103n h\u1ed9 s\u1eed d\u1ee5ng + 70m2 s\u00e2n v\u01b0\u1eddn &#8211; Thi\u1ebft k\u1ebf : 3PN + 3WC + H\u1ed3 B\u01a1i + S\u00e2n V\u01b0\u1eddn &#8211; G\u00eda b\u00e1n : 60.000.000.000 \u0111 . M\u1ecdi th\u00f4ng tin chi ti\u1ebft qu\u00fd kh\u00e1ch h\u00e0ng xin vui l\u00f2ng li\u00ean h\u1ec7 Hottline :...\" \/>\n<meta property=\"og:url\" content=\"https:\/\/vananland.com\/vinhomescentralpark\/san-pham\/ban-sieu-pham-skyvilla-landmark-81-257m2-gia-60-ty-full-nt-cao-cap\/\" \/>\n<meta property=\"og:site_name\" content=\"Vinhomes Central Park\" \/>\n<meta property=\"article:modified_time\" content=\"2023-12-19T07:45:25+00:00\" \/>\n<meta property=\"og:image\" content=\"https:\/\/vananland.com\/vinhomescentralpark\/wp-content\/uploads\/2023\/12\/z4988407790729_4ea79ccf6aea06ccd5dbd73d99f67408.jpg\" \/>\n\t<meta property=\"og:image:width\" content=\"1536\" \/>\n\t<meta property=\"og:image:height\" content=\"2048\" \/>\n\t<meta property=\"og:image:type\" content=\"image\/jpeg\" \/>\n<meta name=\"twitter:card\" content=\"summary_large_image\" \/>\n<meta name=\"twitter:label1\" content=\"\u01af\u1edbc t\u00ednh th\u1eddi gian \u0111\u1ecdc\" \/>\n\t<meta name=\"twitter:data1\" content=\"1 ph\u00fat\" \/>\n<script type=\"application\/ld+json\" class=\"yoast-schema-graph\">{\"@context\":\"https:\/\/schema.org\",\"@graph\":[{\"@type\":\"WebPage\",\"@id\":\"https:\/\/vananland.com\/vinhomescentralpark\/san-pham\/ban-sieu-pham-skyvilla-landmark-81-257m2-gia-60-ty-full-nt-cao-cap\/\",\"url\":\"https:\/\/vananland.com\/vinhomescentralpark\/san-pham\/ban-sieu-pham-skyvilla-landmark-81-257m2-gia-60-ty-full-nt-cao-cap\/\",\"name\":\"B\u00e1n si\u00eau ph\u1ea9m Skyvilla Landmark 81 257m2 gi\u00e1 60 t\u1ef7 Full NT cao c\u1ea5p - Vinhomes Central Park\",\"isPartOf\":{\"@id\":\"https:\/\/vananland.com\/vinhomescentralpark\/#website\"},\"primaryImageOfPage\":{\"@id\":\"https:\/\/vananland.com\/vinhomescentralpark\/san-pham\/ban-sieu-pham-skyvilla-landmark-81-257m2-gia-60-ty-full-nt-cao-cap\/#primaryimage\"},\"image\":{\"@id\":\"https:\/\/vananland.com\/vinhomescentralpark\/san-pham\/ban-sieu-pham-skyvilla-landmark-81-257m2-gia-60-ty-full-nt-cao-cap\/#primaryimage\"},\"thumbnailUrl\":\"https:\/\/vananland.com\/vinhomescentralpark\/wp-content\/uploads\/2023\/12\/z4988407790729_4ea79ccf6aea06ccd5dbd73d99f67408.jpg\",\"datePublished\":\"2023-12-19T07:36:21+00:00\",\"dateModified\":\"2023-12-19T07:45:25+00:00\",\"breadcrumb\":{\"@id\":\"https:\/\/vananland.com\/vinhomescentralpark\/san-pham\/ban-sieu-pham-skyvilla-landmark-81-257m2-gia-60-ty-full-nt-cao-cap\/#breadcrumb\"},\"inLanguage\":\"vi\",\"potentialAction\":[{\"@type\":\"ReadAction\",\"target\":[\"https:\/\/vananland.com\/vinhomescentralpark\/san-pham\/ban-sieu-pham-skyvilla-landmark-81-257m2-gia-60-ty-full-nt-cao-cap\/\"]}]},{\"@type\":\"ImageObject\",\"inLanguage\":\"vi\",\"@id\":\"https:\/\/vananland.com\/vinhomescentralpark\/san-pham\/ban-sieu-pham-skyvilla-landmark-81-257m2-gia-60-ty-full-nt-cao-cap\/#primaryimage\",\"url\":\"https:\/\/vananland.com\/vinhomescentralpark\/wp-content\/uploads\/2023\/12\/z4988407790729_4ea79ccf6aea06ccd5dbd73d99f67408.jpg\",\"contentUrl\":\"https:\/\/vananland.com\/vinhomescentralpark\/wp-content\/uploads\/2023\/12\/z4988407790729_4ea79ccf6aea06ccd5dbd73d99f67408.jpg\",\"width\":1536,\"height\":2048},{\"@type\":\"BreadcrumbList\",\"@id\":\"https:\/\/vananland.com\/vinhomescentralpark\/san-pham\/ban-sieu-pham-skyvilla-landmark-81-257m2-gia-60-ty-full-nt-cao-cap\/#breadcrumb\",\"itemListElement\":[{\"@type\":\"ListItem\",\"position\":1,\"name\":\"Home\",\"item\":\"https:\/\/vananland.com\/vinhomescentralpark\/\"},{\"@type\":\"ListItem\",\"position\":2,\"name\":\"C\u1eeda h\u00e0ng\",\"item\":\"https:\/\/vananland.com\/vinhomescentralpark\/mua\/\"},{\"@type\":\"ListItem\",\"position\":3,\"name\":\"B\u00e1n si\u00eau ph\u1ea9m Skyvilla Landmark 81 257m2 gi\u00e1 60 t\u1ef7 Full NT cao c\u1ea5p\"}]},{\"@type\":\"WebSite\",\"@id\":\"https:\/\/vananland.com\/vinhomescentralpark\/#website\",\"url\":\"https:\/\/vananland.com\/vinhomescentralpark\/\",\"name\":\"Vinhomes Central Park\",\"description\":\"\",\"potentialAction\":[{\"@type\":\"SearchAction\",\"target\":{\"@type\":\"EntryPoint\",\"urlTemplate\":\"https:\/\/vananland.com\/vinhomescentralpark\/?s={search_term_string}\"},\"query-input\":{\"@type\":\"PropertyValueSpecification\",\"valueRequired\":true,\"valueName\":\"search_term_string\"}}],\"inLanguage\":\"vi\"}]}<\/script>\n<!-- \/ Yoast SEO plugin. -->","yoast_head_json":{"title":"B\u00e1n si\u00eau ph\u1ea9m Skyvilla Landmark 81 257m2 gi\u00e1 60 t\u1ef7 Full NT cao c\u1ea5p - Vinhomes Central Park","robots":{"index":"index","follow":"follow","max-snippet":"max-snippet:-1","max-image-preview":"max-image-preview:large","max-video-preview":"max-video-preview:-1"},"canonical":"https:\/\/vananland.com\/vinhomescentralpark\/san-pham\/ban-sieu-pham-skyvilla-landmark-81-257m2-gia-60-ty-full-nt-cao-cap\/","og_locale":"vi_VN","og_type":"article","og_title":"B\u00e1n si\u00eau ph\u1ea9m Skyvilla Landmark 81 257m2 gi\u00e1 60 t\u1ef7 Full NT cao c\u1ea5p - Vinhomes Central Park","og_description":"B\u00e1n Skyvilla Landmark 81 Vinhomes Central Park &#8211; Di\u1ec7n t\u00edch : 188m2 c\u0103n h\u1ed9 s\u1eed d\u1ee5ng + 70m2 s\u00e2n v\u01b0\u1eddn &#8211; Thi\u1ebft k\u1ebf : 3PN + 3WC + H\u1ed3 B\u01a1i + S\u00e2n V\u01b0\u1eddn &#8211; G\u00eda b\u00e1n : 60.000.000.000 \u0111 . M\u1ecdi th\u00f4ng tin chi ti\u1ebft qu\u00fd kh\u00e1ch h\u00e0ng xin vui l\u00f2ng li\u00ean h\u1ec7 Hottline :...","og_url":"https:\/\/vananland.com\/vinhomescentralpark\/san-pham\/ban-sieu-pham-skyvilla-landmark-81-257m2-gia-60-ty-full-nt-cao-cap\/","og_site_name":"Vinhomes Central Park","article_modified_time":"2023-12-19T07:45:25+00:00","og_image":[{"width":1536,"height":2048,"url":"https:\/\/vananland.com\/vinhomescentralpark\/wp-content\/uploads\/2023\/12\/z4988407790729_4ea79ccf6aea06ccd5dbd73d99f67408.jpg","type":"image\/jpeg"}],"twitter_card":"summary_large_image","twitter_misc":{"\u01af\u1edbc t\u00ednh th\u1eddi gian \u0111\u1ecdc":"1 ph\u00fat"},"schema":{"@context":"https:\/\/schema.org","@graph":[{"@type":"WebPage","@id":"https:\/\/vananland.com\/vinhomescentralpark\/san-pham\/ban-sieu-pham-skyvilla-landmark-81-257m2-gia-60-ty-full-nt-cao-cap\/","url":"https:\/\/vananland.com\/vinhomescentralpark\/san-pham\/ban-sieu-pham-skyvilla-landmark-81-257m2-gia-60-ty-full-nt-cao-cap\/","name":"B\u00e1n si\u00eau ph\u1ea9m Skyvilla Landmark 81 257m2 gi\u00e1 60 t\u1ef7 Full NT cao c\u1ea5p - Vinhomes Central Park","isPartOf":{"@id":"https:\/\/vananland.com\/vinhomescentralpark\/#website"},"primaryImageOfPage":{"@id":"https:\/\/vananland.com\/vinhomescentralpark\/san-pham\/ban-sieu-pham-skyvilla-landmark-81-257m2-gia-60-ty-full-nt-cao-cap\/#primaryimage"},"image":{"@id":"https:\/\/vananland.com\/vinhomescentralpark\/san-pham\/ban-sieu-pham-skyvilla-landmark-81-257m2-gia-60-ty-full-nt-cao-cap\/#primaryimage"},"thumbnailUrl":"https:\/\/vananland.com\/vinhomescentralpark\/wp-content\/uploads\/2023\/12\/z4988407790729_4ea79ccf6aea06ccd5dbd73d99f67408.jpg","datePublished":"2023-12-19T07:36:21+00:00","dateModified":"2023-12-19T07:45:25+00:00","breadcrumb":{"@id":"https:\/\/vananland.com\/vinhomescentralpark\/san-pham\/ban-sieu-pham-skyvilla-landmark-81-257m2-gia-60-ty-full-nt-cao-cap\/#breadcrumb"},"inLanguage":"vi","potentialAction":[{"@type":"ReadAction","target":["https:\/\/vananland.com\/vinhomescentralpark\/san-pham\/ban-sieu-pham-skyvilla-landmark-81-257m2-gia-60-ty-full-nt-cao-cap\/"]}]},{"@type":"ImageObject","inLanguage":"vi","@id":"https:\/\/vananland.com\/vinhomescentralpark\/san-pham\/ban-sieu-pham-skyvilla-landmark-81-257m2-gia-60-ty-full-nt-cao-cap\/#primaryimage","url":"https:\/\/vananland.com\/vinhomescentralpark\/wp-content\/uploads\/2023\/12\/z4988407790729_4ea79ccf6aea06ccd5dbd73d99f67408.jpg","contentUrl":"https:\/\/vananland.com\/vinhomescentralpark\/wp-content\/uploads\/2023\/12\/z4988407790729_4ea79ccf6aea06ccd5dbd73d99f67408.jpg","width":1536,"height":2048},{"@type":"BreadcrumbList","@id":"https:\/\/vananland.com\/vinhomescentralpark\/san-pham\/ban-sieu-pham-skyvilla-landmark-81-257m2-gia-60-ty-full-nt-cao-cap\/#breadcrumb","itemListElement":[{"@type":"ListItem","position":1,"name":"Home","item":"https:\/\/vananland.com\/vinhomescentralpark\/"},{"@type":"ListItem","position":2,"name":"C\u1eeda h\u00e0ng","item":"https:\/\/vananland.com\/vinhomescentralpark\/mua\/"},{"@type":"ListItem","position":3,"name":"B\u00e1n si\u00eau ph\u1ea9m Skyvilla Landmark 81 257m2 gi\u00e1 60 t\u1ef7 Full NT cao c\u1ea5p"}]},{"@type":"WebSite","@id":"https:\/\/vananland.com\/vinhomescentralpark\/#website","url":"https:\/\/vananland.com\/vinhomescentralpark\/","name":"Vinhomes Central Park","description":"","potentialAction":[{"@type":"SearchAction","target":{"@type":"EntryPoint","urlTemplate":"https:\/\/vananland.com\/vinhomescentralpark\/?s={search_term_string}"},"query-input":{"@type":"PropertyValueSpecification","valueRequired":true,"valueName":"search_term_string"}}],"inLanguage":"vi"}]}},"_links":{"self":[{"href":"https:\/\/vananland.com\/vinhomescentralpark\/wp-json\/wp\/v2\/product\/3222","targetHints":{"allow":["GET"]}}],"collection":[{"href":"https:\/\/vananland.com\/vinhomescentralpark\/wp-json\/wp\/v2\/product"}],"about":[{"href":"https:\/\/vananland.com\/vinhomescentralpark\/wp-json\/wp\/v2\/types\/product"}],"wp:featuredmedia":[{"embeddable":true,"href":"https:\/\/vananland.com\/vinhomescentralpark\/wp-json\/wp\/v2\/media\/3217"}],"wp:attachment":[{"href":"https:\/\/vananland.com\/vinhomescentralpark\/wp-json\/wp\/v2\/media?parent=3222"}],"wp:term":[{"taxonomy":"product_brand","embeddable":true,"href":"https:\/\/vananland.com\/vinhomescentralpark\/wp-json\/wp\/v2\/product_brand?post=3222"},{"taxonomy":"product_cat","embeddable":true,"href":"https:\/\/vananland.com\/vinhomescentralpark\/wp-json\/wp\/v2\/product_cat?post=3222"},{"taxonomy":"product_tag","embeddable":true,"href":"https:\/\/vananland.com\/vinhomescentralpark\/wp-json\/wp\/v2\/product_tag?post=3222"}],"curies":[{"name":"wp","href":"https:\/\/api.w.org\/{rel}","templated":true}]}}