


	{"id":1925,"date":"2023-05-03T09:58:03","date_gmt":"2023-05-03T02:58:03","guid":{"rendered":"https:\/\/vananland.com\/vinhomescentralpark\/?post_type=product&#038;p=1925"},"modified":"2026-04-04T18:03:09","modified_gmt":"2026-04-04T11:03:09","slug":"chuyen-nhuong-1pn-du-an-cao-cap-vinhomes-tan-cang-toa-landmark-1","status":"publish","type":"product","link":"https:\/\/vananland.com\/vinhomescentralpark\/san-pham\/chuyen-nhuong-1pn-du-an-cao-cap-vinhomes-tan-cang-toa-landmark-1\/","title":{"rendered":"Chuy\u1ec3n nh\u01b0\u1ee3ng 1PN d\u1ef1 \u00e1n cao c\u1ea5p Vinhomes T\u00e2n C\u1ea3ng To\u00e0 Landmark 1"},"content":{"rendered":"<p>Sang nh\u01b0\u1ee3ng c\u0103n h\u1ed9 d\u1ef1 \u00e1n cao c\u1ea5p Vinhomes T\u00e2n C\u1ea3ng To\u00e0 Landmark 1<\/p>\n<ul>\n<li>C\u0103n h\u1ed9 g\u1ed3m 1 ph\u00f2ng ng\u1ee7, 1 ph\u00f2ng t\u1eafm, ban c\u00f4ng, l\u00f4 gia r\u1ed9ng tho\u00e1ng view h\u01b0\u1edbng t\u00f2a nh\u00e0 81 t\u1ea7ng cao nh\u1ea5t Vi\u1ec7t Nam.<\/li>\n<li>N\u1ed9i th\u1ea5t \u0111\u1ea7y \u0111\u1ee7: Tivi, t\u1ee7 l\u1ea1nh, m\u00e1y l\u1ea1nh, m\u00e1y gi\u1eb7t, sofa, b\u00e0n \u0103n,\u2026<\/li>\n<li>T\u1ea7ng trung m\u00e1t m\u1ebb<\/li>\n<li>H\u1ea7m g\u1eedi xe r\u1ed9ng r\u00e3i, th\u00f4ng su\u1ed1t to\u00e0n khu Landmark<\/li>\n<li>H\u1ed7 tr\u1ee3 nhanh nh\u1ea5t 24\/7 b\u1edfi \u0111\u1ed9i ng\u0169 nh\u00e2n vi\u00ean nhi\u1ec1u n\u0103m kinh nghi\u1ec7m, nhi\u1ec7t t\u00ecnh, chuy\u00ean nghi\u1ec7p.<\/li>\n<\/ul>\n","protected":false},"excerpt":{"rendered":"<p>Sang nh\u01b0\u1ee3ng c\u0103n h\u1ed9 d\u1ef1 \u00e1n cao c\u1ea5p Vinhomes T\u00e2n C\u1ea3ng To\u00e0 Landmark 1 C\u0103n h\u1ed9 g\u1ed3m 1 ph\u00f2ng ng\u1ee7, 1 ph\u00f2ng t\u1eafm, ban c\u00f4ng, l\u00f4 gia r\u1ed9ng tho\u00e1ng view h\u01b0\u1edbng t\u00f2a nh\u00e0 81 t\u1ea7ng cao nh\u1ea5t Vi\u1ec7t Nam. N\u1ed9i th\u1ea5t \u0111\u1ea7y \u0111\u1ee7: Tivi, t\u1ee7 l\u1ea1nh, m\u00e1y l\u1ea1nh, m\u00e1y gi\u1eb7t, sofa, b\u00e0n \u0103n,\u2026 T\u1ea7ng trung&#8230;<\/p>\n","protected":false},"featured_media":1934,"template":"","meta":[],"product_brand":[],"product_cat":[39],"product_tag":[],"class_list":{"0":"post-1925","1":"product","2":"type-product","3":"status-publish","4":"has-post-thumbnail","6":"product_cat-ban-1-phong-ngu-vinhomes-central-park","8":"first","9":"instock","10":"shipping-taxable","11":"purchasable","12":"product-type-simple"},"yoast_head":"<!-- This site is optimized with the Yoast SEO plugin v27.2 - https:\/\/yoast.com\/product\/yoast-seo-wordpress\/ -->\n<title>Chuy\u1ec3n nh\u01b0\u1ee3ng 1PN d\u1ef1 \u00e1n cao c\u1ea5p Vinhomes T\u00e2n C\u1ea3ng To\u00e0 Landmark 1 - Vinhomes Central Park<\/title>\n<meta name=\"robots\" content=\"index, follow, max-snippet:-1, max-image-preview:large, max-video-preview:-1\" \/>\n<link rel=\"canonical\" href=\"https:\/\/vananland.com\/vinhomescentralpark\/san-pham\/chuyen-nhuong-1pn-du-an-cao-cap-vinhomes-tan-cang-toa-landmark-1\/\" \/>\n<meta property=\"og:locale\" content=\"vi_VN\" \/>\n<meta property=\"og:type\" content=\"article\" \/>\n<meta property=\"og:title\" content=\"Chuy\u1ec3n nh\u01b0\u1ee3ng 1PN d\u1ef1 \u00e1n cao c\u1ea5p Vinhomes T\u00e2n C\u1ea3ng To\u00e0 Landmark 1 - Vinhomes Central Park\" \/>\n<meta property=\"og:description\" content=\"Sang nh\u01b0\u1ee3ng c\u0103n h\u1ed9 d\u1ef1 \u00e1n cao c\u1ea5p Vinhomes T\u00e2n C\u1ea3ng To\u00e0 Landmark 1 C\u0103n h\u1ed9 g\u1ed3m 1 ph\u00f2ng ng\u1ee7, 1 ph\u00f2ng t\u1eafm, ban c\u00f4ng, l\u00f4 gia r\u1ed9ng tho\u00e1ng view h\u01b0\u1edbng t\u00f2a nh\u00e0 81 t\u1ea7ng cao nh\u1ea5t Vi\u1ec7t Nam. N\u1ed9i th\u1ea5t \u0111\u1ea7y \u0111\u1ee7: Tivi, t\u1ee7 l\u1ea1nh, m\u00e1y l\u1ea1nh, m\u00e1y gi\u1eb7t, sofa, b\u00e0n \u0103n,\u2026 T\u1ea7ng trung...\" \/>\n<meta property=\"og:url\" content=\"https:\/\/vananland.com\/vinhomescentralpark\/san-pham\/chuyen-nhuong-1pn-du-an-cao-cap-vinhomes-tan-cang-toa-landmark-1\/\" \/>\n<meta property=\"og:site_name\" content=\"Vinhomes Central Park\" \/>\n<meta property=\"article:modified_time\" content=\"2026-04-04T11:03:09+00:00\" \/>\n<meta property=\"og:image\" content=\"https:\/\/vananland.com\/vinhomescentralpark\/wp-content\/uploads\/2023\/05\/z4312978896653_b7b75c6b31f6686114c88150af758581.jpg\" \/>\n\t<meta property=\"og:image:width\" content=\"1280\" \/>\n\t<meta property=\"og:image:height\" content=\"852\" \/>\n\t<meta property=\"og:image:type\" content=\"image\/jpeg\" \/>\n<meta name=\"twitter:card\" content=\"summary_large_image\" \/>\n<meta name=\"twitter:label1\" content=\"\u01af\u1edbc t\u00ednh th\u1eddi gian \u0111\u1ecdc\" \/>\n\t<meta name=\"twitter:data1\" content=\"1 ph\u00fat\" \/>\n<script type=\"application\/ld+json\" class=\"yoast-schema-graph\">{\"@context\":\"https:\/\/schema.org\",\"@graph\":[{\"@type\":\"WebPage\",\"@id\":\"https:\/\/vananland.com\/vinhomescentralpark\/san-pham\/chuyen-nhuong-1pn-du-an-cao-cap-vinhomes-tan-cang-toa-landmark-1\/\",\"url\":\"https:\/\/vananland.com\/vinhomescentralpark\/san-pham\/chuyen-nhuong-1pn-du-an-cao-cap-vinhomes-tan-cang-toa-landmark-1\/\",\"name\":\"Chuy\u1ec3n nh\u01b0\u1ee3ng 1PN d\u1ef1 \u00e1n cao c\u1ea5p Vinhomes T\u00e2n C\u1ea3ng To\u00e0 Landmark 1 - Vinhomes Central Park\",\"isPartOf\":{\"@id\":\"https:\/\/vananland.com\/vinhomescentralpark\/#website\"},\"primaryImageOfPage\":{\"@id\":\"https:\/\/vananland.com\/vinhomescentralpark\/san-pham\/chuyen-nhuong-1pn-du-an-cao-cap-vinhomes-tan-cang-toa-landmark-1\/#primaryimage\"},\"image\":{\"@id\":\"https:\/\/vananland.com\/vinhomescentralpark\/san-pham\/chuyen-nhuong-1pn-du-an-cao-cap-vinhomes-tan-cang-toa-landmark-1\/#primaryimage\"},\"thumbnailUrl\":\"https:\/\/vananland.com\/vinhomescentralpark\/wp-content\/uploads\/2023\/05\/z4312978896653_b7b75c6b31f6686114c88150af758581.jpg\",\"datePublished\":\"2023-05-03T02:58:03+00:00\",\"dateModified\":\"2026-04-04T11:03:09+00:00\",\"breadcrumb\":{\"@id\":\"https:\/\/vananland.com\/vinhomescentralpark\/san-pham\/chuyen-nhuong-1pn-du-an-cao-cap-vinhomes-tan-cang-toa-landmark-1\/#breadcrumb\"},\"inLanguage\":\"vi\",\"potentialAction\":[{\"@type\":\"ReadAction\",\"target\":[\"https:\/\/vananland.com\/vinhomescentralpark\/san-pham\/chuyen-nhuong-1pn-du-an-cao-cap-vinhomes-tan-cang-toa-landmark-1\/\"]}]},{\"@type\":\"ImageObject\",\"inLanguage\":\"vi\",\"@id\":\"https:\/\/vananland.com\/vinhomescentralpark\/san-pham\/chuyen-nhuong-1pn-du-an-cao-cap-vinhomes-tan-cang-toa-landmark-1\/#primaryimage\",\"url\":\"https:\/\/vananland.com\/vinhomescentralpark\/wp-content\/uploads\/2023\/05\/z4312978896653_b7b75c6b31f6686114c88150af758581.jpg\",\"contentUrl\":\"https:\/\/vananland.com\/vinhomescentralpark\/wp-content\/uploads\/2023\/05\/z4312978896653_b7b75c6b31f6686114c88150af758581.jpg\",\"width\":1280,\"height\":852},{\"@type\":\"BreadcrumbList\",\"@id\":\"https:\/\/vananland.com\/vinhomescentralpark\/san-pham\/chuyen-nhuong-1pn-du-an-cao-cap-vinhomes-tan-cang-toa-landmark-1\/#breadcrumb\",\"itemListElement\":[{\"@type\":\"ListItem\",\"position\":1,\"name\":\"Home\",\"item\":\"https:\/\/vananland.com\/vinhomescentralpark\/\"},{\"@type\":\"ListItem\",\"position\":2,\"name\":\"C\u1eeda h\u00e0ng\",\"item\":\"https:\/\/vananland.com\/vinhomescentralpark\/mua\/\"},{\"@type\":\"ListItem\",\"position\":3,\"name\":\"Chuy\u1ec3n nh\u01b0\u1ee3ng 1PN d\u1ef1 \u00e1n cao c\u1ea5p Vinhomes T\u00e2n C\u1ea3ng To\u00e0 Landmark 1\"}]},{\"@type\":\"WebSite\",\"@id\":\"https:\/\/vananland.com\/vinhomescentralpark\/#website\",\"url\":\"https:\/\/vananland.com\/vinhomescentralpark\/\",\"name\":\"Vinhomes Central Park\",\"description\":\"\",\"potentialAction\":[{\"@type\":\"SearchAction\",\"target\":{\"@type\":\"EntryPoint\",\"urlTemplate\":\"https:\/\/vananland.com\/vinhomescentralpark\/?s={search_term_string}\"},\"query-input\":{\"@type\":\"PropertyValueSpecification\",\"valueRequired\":true,\"valueName\":\"search_term_string\"}}],\"inLanguage\":\"vi\"}]}<\/script>\n<!-- \/ Yoast SEO plugin. -->","yoast_head_json":{"title":"Chuy\u1ec3n nh\u01b0\u1ee3ng 1PN d\u1ef1 \u00e1n cao c\u1ea5p Vinhomes T\u00e2n C\u1ea3ng To\u00e0 Landmark 1 - Vinhomes Central Park","robots":{"index":"index","follow":"follow","max-snippet":"max-snippet:-1","max-image-preview":"max-image-preview:large","max-video-preview":"max-video-preview:-1"},"canonical":"https:\/\/vananland.com\/vinhomescentralpark\/san-pham\/chuyen-nhuong-1pn-du-an-cao-cap-vinhomes-tan-cang-toa-landmark-1\/","og_locale":"vi_VN","og_type":"article","og_title":"Chuy\u1ec3n nh\u01b0\u1ee3ng 1PN d\u1ef1 \u00e1n cao c\u1ea5p Vinhomes T\u00e2n C\u1ea3ng To\u00e0 Landmark 1 - Vinhomes Central Park","og_description":"Sang nh\u01b0\u1ee3ng c\u0103n h\u1ed9 d\u1ef1 \u00e1n cao c\u1ea5p Vinhomes T\u00e2n C\u1ea3ng To\u00e0 Landmark 1 C\u0103n h\u1ed9 g\u1ed3m 1 ph\u00f2ng ng\u1ee7, 1 ph\u00f2ng t\u1eafm, ban c\u00f4ng, l\u00f4 gia r\u1ed9ng tho\u00e1ng view h\u01b0\u1edbng t\u00f2a nh\u00e0 81 t\u1ea7ng cao nh\u1ea5t Vi\u1ec7t Nam. N\u1ed9i th\u1ea5t \u0111\u1ea7y \u0111\u1ee7: Tivi, t\u1ee7 l\u1ea1nh, m\u00e1y l\u1ea1nh, m\u00e1y gi\u1eb7t, sofa, b\u00e0n \u0103n,\u2026 T\u1ea7ng trung...","og_url":"https:\/\/vananland.com\/vinhomescentralpark\/san-pham\/chuyen-nhuong-1pn-du-an-cao-cap-vinhomes-tan-cang-toa-landmark-1\/","og_site_name":"Vinhomes Central Park","article_modified_time":"2026-04-04T11:03:09+00:00","og_image":[{"width":1280,"height":852,"url":"https:\/\/vananland.com\/vinhomescentralpark\/wp-content\/uploads\/2023\/05\/z4312978896653_b7b75c6b31f6686114c88150af758581.jpg","type":"image\/jpeg"}],"twitter_card":"summary_large_image","twitter_misc":{"\u01af\u1edbc t\u00ednh th\u1eddi gian \u0111\u1ecdc":"1 ph\u00fat"},"schema":{"@context":"https:\/\/schema.org","@graph":[{"@type":"WebPage","@id":"https:\/\/vananland.com\/vinhomescentralpark\/san-pham\/chuyen-nhuong-1pn-du-an-cao-cap-vinhomes-tan-cang-toa-landmark-1\/","url":"https:\/\/vananland.com\/vinhomescentralpark\/san-pham\/chuyen-nhuong-1pn-du-an-cao-cap-vinhomes-tan-cang-toa-landmark-1\/","name":"Chuy\u1ec3n nh\u01b0\u1ee3ng 1PN d\u1ef1 \u00e1n cao c\u1ea5p Vinhomes T\u00e2n C\u1ea3ng To\u00e0 Landmark 1 - Vinhomes Central Park","isPartOf":{"@id":"https:\/\/vananland.com\/vinhomescentralpark\/#website"},"primaryImageOfPage":{"@id":"https:\/\/vananland.com\/vinhomescentralpark\/san-pham\/chuyen-nhuong-1pn-du-an-cao-cap-vinhomes-tan-cang-toa-landmark-1\/#primaryimage"},"image":{"@id":"https:\/\/vananland.com\/vinhomescentralpark\/san-pham\/chuyen-nhuong-1pn-du-an-cao-cap-vinhomes-tan-cang-toa-landmark-1\/#primaryimage"},"thumbnailUrl":"https:\/\/vananland.com\/vinhomescentralpark\/wp-content\/uploads\/2023\/05\/z4312978896653_b7b75c6b31f6686114c88150af758581.jpg","datePublished":"2023-05-03T02:58:03+00:00","dateModified":"2026-04-04T11:03:09+00:00","breadcrumb":{"@id":"https:\/\/vananland.com\/vinhomescentralpark\/san-pham\/chuyen-nhuong-1pn-du-an-cao-cap-vinhomes-tan-cang-toa-landmark-1\/#breadcrumb"},"inLanguage":"vi","potentialAction":[{"@type":"ReadAction","target":["https:\/\/vananland.com\/vinhomescentralpark\/san-pham\/chuyen-nhuong-1pn-du-an-cao-cap-vinhomes-tan-cang-toa-landmark-1\/"]}]},{"@type":"ImageObject","inLanguage":"vi","@id":"https:\/\/vananland.com\/vinhomescentralpark\/san-pham\/chuyen-nhuong-1pn-du-an-cao-cap-vinhomes-tan-cang-toa-landmark-1\/#primaryimage","url":"https:\/\/vananland.com\/vinhomescentralpark\/wp-content\/uploads\/2023\/05\/z4312978896653_b7b75c6b31f6686114c88150af758581.jpg","contentUrl":"https:\/\/vananland.com\/vinhomescentralpark\/wp-content\/uploads\/2023\/05\/z4312978896653_b7b75c6b31f6686114c88150af758581.jpg","width":1280,"height":852},{"@type":"BreadcrumbList","@id":"https:\/\/vananland.com\/vinhomescentralpark\/san-pham\/chuyen-nhuong-1pn-du-an-cao-cap-vinhomes-tan-cang-toa-landmark-1\/#breadcrumb","itemListElement":[{"@type":"ListItem","position":1,"name":"Home","item":"https:\/\/vananland.com\/vinhomescentralpark\/"},{"@type":"ListItem","position":2,"name":"C\u1eeda h\u00e0ng","item":"https:\/\/vananland.com\/vinhomescentralpark\/mua\/"},{"@type":"ListItem","position":3,"name":"Chuy\u1ec3n nh\u01b0\u1ee3ng 1PN d\u1ef1 \u00e1n cao c\u1ea5p Vinhomes T\u00e2n C\u1ea3ng To\u00e0 Landmark 1"}]},{"@type":"WebSite","@id":"https:\/\/vananland.com\/vinhomescentralpark\/#website","url":"https:\/\/vananland.com\/vinhomescentralpark\/","name":"Vinhomes Central Park","description":"","potentialAction":[{"@type":"SearchAction","target":{"@type":"EntryPoint","urlTemplate":"https:\/\/vananland.com\/vinhomescentralpark\/?s={search_term_string}"},"query-input":{"@type":"PropertyValueSpecification","valueRequired":true,"valueName":"search_term_string"}}],"inLanguage":"vi"}]}},"_links":{"self":[{"href":"https:\/\/vananland.com\/vinhomescentralpark\/wp-json\/wp\/v2\/product\/1925","targetHints":{"allow":["GET"]}}],"collection":[{"href":"https:\/\/vananland.com\/vinhomescentralpark\/wp-json\/wp\/v2\/product"}],"about":[{"href":"https:\/\/vananland.com\/vinhomescentralpark\/wp-json\/wp\/v2\/types\/product"}],"wp:featuredmedia":[{"embeddable":true,"href":"https:\/\/vananland.com\/vinhomescentralpark\/wp-json\/wp\/v2\/media\/1934"}],"wp:attachment":[{"href":"https:\/\/vananland.com\/vinhomescentralpark\/wp-json\/wp\/v2\/media?parent=1925"}],"wp:term":[{"taxonomy":"product_brand","embeddable":true,"href":"https:\/\/vananland.com\/vinhomescentralpark\/wp-json\/wp\/v2\/product_brand?post=1925"},{"taxonomy":"product_cat","embeddable":true,"href":"https:\/\/vananland.com\/vinhomescentralpark\/wp-json\/wp\/v2\/product_cat?post=1925"},{"taxonomy":"product_tag","embeddable":true,"href":"https:\/\/vananland.com\/vinhomescentralpark\/wp-json\/wp\/v2\/product_tag?post=1925"}],"curies":[{"name":"wp","href":"https:\/\/api.w.org\/{rel}","templated":true}]}}