


	{"id":1912,"date":"2023-05-02T15:26:18","date_gmt":"2023-05-02T08:26:18","guid":{"rendered":"https:\/\/vananland.com\/vinhomescentralpark\/?post_type=product&#038;p=1912"},"modified":"2026-04-04T18:22:23","modified_gmt":"2026-04-04T11:22:23","slug":"ban-can-ho-2-phong-ngu-view-quan-1-noi-that-day-du-tai-toa-park-7","status":"publish","type":"product","link":"https:\/\/vananland.com\/vinhomescentralpark\/san-pham\/ban-can-ho-2-phong-ngu-view-quan-1-noi-that-day-du-tai-toa-park-7\/","title":{"rendered":"B\u00e1n c\u0103n h\u1ed9 2 ph\u00f2ng ng\u1ee7 view Qu\u1eadn 1 n\u1ed9i th\u1ea5t \u0111\u1ea7y \u0111\u1ee7 t\u1ea1i t\u00f2a Park 7"},"content":{"rendered":"<p>Ch\u00ednh ch\u1ee7 g\u1eedi b\u00e1n 2Pn 2Wc Park 7 T\u1ea7n cao View th\u00e0nh ph\u1ed1<\/p>\n<ul>\n<li>\u00a0Di\u1ec7n t\u00edch l\u1edbn 85m2<\/li>\n<li>View th\u00e0nh ph\u1ed1 v\u1ec1 \u0111\u00eam c\u1ef1c \u0111\u1eb9p- view tho\u00e1ng 100%<\/li>\n<li>Full n\u1ed9i th\u1ea5t sang tr\u1ecdng<\/li>\n<li>Gi\u00e1 b\u00e1n 6 t\u1ef7 bao thu\u1ebf ph\u00ed<\/li>\n<li>Di chuy\u1ec3n nhanh ch\u00f3ng t\u1edbi, c\u00f4ng vi\u00ean, trung t\u00e2m th\u01b0\u01a1ng mai, nh\u00e0 h\u00e0ng, spa,\u2026<\/li>\n<li>H\u1ea7m xe th\u00f4ng to\u00e0n khu Park<\/li>\n<li>An ninh 24\/7<\/li>\n<li>T\u00ecnh tr\u1ea1ng ph\u00e1p l\u00fd: S\u1ed5 h\u1ed3ng trao tay<br \/>\n\u0110\u1ecba ch\u1ec9: 720A Nguy\u1ec5n H\u1eefu C\u1ea3nh, ph\u01b0\u1eddng 22, qu\u1eadn B\u00ecnh Th\u1ea1nh , Tp.H\u1ed3 Ch\u00ed Minh<\/li>\n<\/ul>\n","protected":false},"excerpt":{"rendered":"<p>Ch\u00ednh ch\u1ee7 g\u1eedi b\u00e1n 2Pn 2Wc Park 7 T\u1ea7n cao View th\u00e0nh ph\u1ed1 \u00a0Di\u1ec7n t\u00edch l\u1edbn 85m2 View th\u00e0nh ph\u1ed1 v\u1ec1 \u0111\u00eam c\u1ef1c \u0111\u1eb9p- view tho\u00e1ng 100% Full n\u1ed9i th\u1ea5t sang tr\u1ecdng Gi\u00e1 b\u00e1n 6 t\u1ef7 bao thu\u1ebf ph\u00ed Di chuy\u1ec3n nhanh ch\u00f3ng t\u1edbi, c\u00f4ng vi\u00ean, trung t\u00e2m th\u01b0\u01a1ng mai, nh\u00e0 h\u00e0ng, spa,\u2026 H\u1ea7m xe&#8230;<\/p>\n","protected":false},"featured_media":1919,"template":"","meta":[],"product_brand":[],"product_cat":[40,26],"product_tag":[],"class_list":{"0":"post-1912","1":"product","2":"type-product","3":"status-publish","4":"has-post-thumbnail","6":"product_cat-ban-2-phong-ngu-vinhomes-central-park","7":"product_cat-chua-phan-loai","9":"first","10":"instock","11":"shipping-taxable","12":"purchasable","13":"product-type-simple"},"yoast_head":"<!-- This site is optimized with the Yoast SEO plugin v27.2 - https:\/\/yoast.com\/product\/yoast-seo-wordpress\/ -->\n<title>B\u00e1n c\u0103n h\u1ed9 2 ph\u00f2ng ng\u1ee7 view Qu\u1eadn 1 n\u1ed9i th\u1ea5t \u0111\u1ea7y \u0111\u1ee7 t\u1ea1i t\u00f2a Park 7 - Vinhomes Central Park<\/title>\n<meta name=\"robots\" content=\"index, follow, max-snippet:-1, max-image-preview:large, max-video-preview:-1\" \/>\n<link rel=\"canonical\" href=\"https:\/\/vananland.com\/vinhomescentralpark\/san-pham\/ban-can-ho-2-phong-ngu-view-quan-1-noi-that-day-du-tai-toa-park-7\/\" \/>\n<meta property=\"og:locale\" content=\"vi_VN\" \/>\n<meta property=\"og:type\" content=\"article\" \/>\n<meta property=\"og:title\" content=\"B\u00e1n c\u0103n h\u1ed9 2 ph\u00f2ng ng\u1ee7 view Qu\u1eadn 1 n\u1ed9i th\u1ea5t \u0111\u1ea7y \u0111\u1ee7 t\u1ea1i t\u00f2a Park 7 - Vinhomes Central Park\" \/>\n<meta property=\"og:description\" content=\"Ch\u00ednh ch\u1ee7 g\u1eedi b\u00e1n 2Pn 2Wc Park 7 T\u1ea7n cao View th\u00e0nh ph\u1ed1 \u00a0Di\u1ec7n t\u00edch l\u1edbn 85m2 View th\u00e0nh ph\u1ed1 v\u1ec1 \u0111\u00eam c\u1ef1c \u0111\u1eb9p- view tho\u00e1ng 100% Full n\u1ed9i th\u1ea5t sang tr\u1ecdng Gi\u00e1 b\u00e1n 6 t\u1ef7 bao thu\u1ebf ph\u00ed Di chuy\u1ec3n nhanh ch\u00f3ng t\u1edbi, c\u00f4ng vi\u00ean, trung t\u00e2m th\u01b0\u01a1ng mai, nh\u00e0 h\u00e0ng, spa,\u2026 H\u1ea7m xe...\" \/>\n<meta property=\"og:url\" content=\"https:\/\/vananland.com\/vinhomescentralpark\/san-pham\/ban-can-ho-2-phong-ngu-view-quan-1-noi-that-day-du-tai-toa-park-7\/\" \/>\n<meta property=\"og:site_name\" content=\"Vinhomes Central Park\" \/>\n<meta property=\"article:modified_time\" content=\"2026-04-04T11:22:23+00:00\" \/>\n<meta property=\"og:image\" content=\"https:\/\/vananland.com\/vinhomescentralpark\/wp-content\/uploads\/2023\/05\/z4311290496841_5c43ae2e9954f21e2015d5b5cbb13dee.jpg\" \/>\n\t<meta property=\"og:image:width\" content=\"1280\" \/>\n\t<meta property=\"og:image:height\" content=\"960\" \/>\n\t<meta property=\"og:image:type\" content=\"image\/jpeg\" \/>\n<meta name=\"twitter:card\" content=\"summary_large_image\" \/>\n<meta name=\"twitter:label1\" content=\"\u01af\u1edbc t\u00ednh th\u1eddi gian \u0111\u1ecdc\" \/>\n\t<meta name=\"twitter:data1\" content=\"1 ph\u00fat\" \/>\n<script type=\"application\/ld+json\" class=\"yoast-schema-graph\">{\"@context\":\"https:\/\/schema.org\",\"@graph\":[{\"@type\":\"WebPage\",\"@id\":\"https:\/\/vananland.com\/vinhomescentralpark\/san-pham\/ban-can-ho-2-phong-ngu-view-quan-1-noi-that-day-du-tai-toa-park-7\/\",\"url\":\"https:\/\/vananland.com\/vinhomescentralpark\/san-pham\/ban-can-ho-2-phong-ngu-view-quan-1-noi-that-day-du-tai-toa-park-7\/\",\"name\":\"B\u00e1n c\u0103n h\u1ed9 2 ph\u00f2ng ng\u1ee7 view Qu\u1eadn 1 n\u1ed9i th\u1ea5t \u0111\u1ea7y \u0111\u1ee7 t\u1ea1i t\u00f2a Park 7 - Vinhomes Central Park\",\"isPartOf\":{\"@id\":\"https:\/\/vananland.com\/vinhomescentralpark\/#website\"},\"primaryImageOfPage\":{\"@id\":\"https:\/\/vananland.com\/vinhomescentralpark\/san-pham\/ban-can-ho-2-phong-ngu-view-quan-1-noi-that-day-du-tai-toa-park-7\/#primaryimage\"},\"image\":{\"@id\":\"https:\/\/vananland.com\/vinhomescentralpark\/san-pham\/ban-can-ho-2-phong-ngu-view-quan-1-noi-that-day-du-tai-toa-park-7\/#primaryimage\"},\"thumbnailUrl\":\"https:\/\/vananland.com\/vinhomescentralpark\/wp-content\/uploads\/2023\/05\/z4311290496841_5c43ae2e9954f21e2015d5b5cbb13dee.jpg\",\"datePublished\":\"2023-05-02T08:26:18+00:00\",\"dateModified\":\"2026-04-04T11:22:23+00:00\",\"breadcrumb\":{\"@id\":\"https:\/\/vananland.com\/vinhomescentralpark\/san-pham\/ban-can-ho-2-phong-ngu-view-quan-1-noi-that-day-du-tai-toa-park-7\/#breadcrumb\"},\"inLanguage\":\"vi\",\"potentialAction\":[{\"@type\":\"ReadAction\",\"target\":[\"https:\/\/vananland.com\/vinhomescentralpark\/san-pham\/ban-can-ho-2-phong-ngu-view-quan-1-noi-that-day-du-tai-toa-park-7\/\"]}]},{\"@type\":\"ImageObject\",\"inLanguage\":\"vi\",\"@id\":\"https:\/\/vananland.com\/vinhomescentralpark\/san-pham\/ban-can-ho-2-phong-ngu-view-quan-1-noi-that-day-du-tai-toa-park-7\/#primaryimage\",\"url\":\"https:\/\/vananland.com\/vinhomescentralpark\/wp-content\/uploads\/2023\/05\/z4311290496841_5c43ae2e9954f21e2015d5b5cbb13dee.jpg\",\"contentUrl\":\"https:\/\/vananland.com\/vinhomescentralpark\/wp-content\/uploads\/2023\/05\/z4311290496841_5c43ae2e9954f21e2015d5b5cbb13dee.jpg\",\"width\":1280,\"height\":960},{\"@type\":\"BreadcrumbList\",\"@id\":\"https:\/\/vananland.com\/vinhomescentralpark\/san-pham\/ban-can-ho-2-phong-ngu-view-quan-1-noi-that-day-du-tai-toa-park-7\/#breadcrumb\",\"itemListElement\":[{\"@type\":\"ListItem\",\"position\":1,\"name\":\"Home\",\"item\":\"https:\/\/vananland.com\/vinhomescentralpark\/\"},{\"@type\":\"ListItem\",\"position\":2,\"name\":\"C\u1eeda h\u00e0ng\",\"item\":\"https:\/\/vananland.com\/vinhomescentralpark\/mua\/\"},{\"@type\":\"ListItem\",\"position\":3,\"name\":\"B\u00e1n c\u0103n h\u1ed9 2 ph\u00f2ng ng\u1ee7 view Qu\u1eadn 1 n\u1ed9i th\u1ea5t \u0111\u1ea7y \u0111\u1ee7 t\u1ea1i t\u00f2a Park 7\"}]},{\"@type\":\"WebSite\",\"@id\":\"https:\/\/vananland.com\/vinhomescentralpark\/#website\",\"url\":\"https:\/\/vananland.com\/vinhomescentralpark\/\",\"name\":\"Vinhomes Central Park\",\"description\":\"\",\"potentialAction\":[{\"@type\":\"SearchAction\",\"target\":{\"@type\":\"EntryPoint\",\"urlTemplate\":\"https:\/\/vananland.com\/vinhomescentralpark\/?s={search_term_string}\"},\"query-input\":{\"@type\":\"PropertyValueSpecification\",\"valueRequired\":true,\"valueName\":\"search_term_string\"}}],\"inLanguage\":\"vi\"}]}<\/script>\n<!-- \/ Yoast SEO plugin. -->","yoast_head_json":{"title":"B\u00e1n c\u0103n h\u1ed9 2 ph\u00f2ng ng\u1ee7 view Qu\u1eadn 1 n\u1ed9i th\u1ea5t \u0111\u1ea7y \u0111\u1ee7 t\u1ea1i t\u00f2a Park 7 - Vinhomes Central Park","robots":{"index":"index","follow":"follow","max-snippet":"max-snippet:-1","max-image-preview":"max-image-preview:large","max-video-preview":"max-video-preview:-1"},"canonical":"https:\/\/vananland.com\/vinhomescentralpark\/san-pham\/ban-can-ho-2-phong-ngu-view-quan-1-noi-that-day-du-tai-toa-park-7\/","og_locale":"vi_VN","og_type":"article","og_title":"B\u00e1n c\u0103n h\u1ed9 2 ph\u00f2ng ng\u1ee7 view Qu\u1eadn 1 n\u1ed9i th\u1ea5t \u0111\u1ea7y \u0111\u1ee7 t\u1ea1i t\u00f2a Park 7 - Vinhomes Central Park","og_description":"Ch\u00ednh ch\u1ee7 g\u1eedi b\u00e1n 2Pn 2Wc Park 7 T\u1ea7n cao View th\u00e0nh ph\u1ed1 \u00a0Di\u1ec7n t\u00edch l\u1edbn 85m2 View th\u00e0nh ph\u1ed1 v\u1ec1 \u0111\u00eam c\u1ef1c \u0111\u1eb9p- view tho\u00e1ng 100% Full n\u1ed9i th\u1ea5t sang tr\u1ecdng Gi\u00e1 b\u00e1n 6 t\u1ef7 bao thu\u1ebf ph\u00ed Di chuy\u1ec3n nhanh ch\u00f3ng t\u1edbi, c\u00f4ng vi\u00ean, trung t\u00e2m th\u01b0\u01a1ng mai, nh\u00e0 h\u00e0ng, spa,\u2026 H\u1ea7m xe...","og_url":"https:\/\/vananland.com\/vinhomescentralpark\/san-pham\/ban-can-ho-2-phong-ngu-view-quan-1-noi-that-day-du-tai-toa-park-7\/","og_site_name":"Vinhomes Central Park","article_modified_time":"2026-04-04T11:22:23+00:00","og_image":[{"width":1280,"height":960,"url":"https:\/\/vananland.com\/vinhomescentralpark\/wp-content\/uploads\/2023\/05\/z4311290496841_5c43ae2e9954f21e2015d5b5cbb13dee.jpg","type":"image\/jpeg"}],"twitter_card":"summary_large_image","twitter_misc":{"\u01af\u1edbc t\u00ednh th\u1eddi gian \u0111\u1ecdc":"1 ph\u00fat"},"schema":{"@context":"https:\/\/schema.org","@graph":[{"@type":"WebPage","@id":"https:\/\/vananland.com\/vinhomescentralpark\/san-pham\/ban-can-ho-2-phong-ngu-view-quan-1-noi-that-day-du-tai-toa-park-7\/","url":"https:\/\/vananland.com\/vinhomescentralpark\/san-pham\/ban-can-ho-2-phong-ngu-view-quan-1-noi-that-day-du-tai-toa-park-7\/","name":"B\u00e1n c\u0103n h\u1ed9 2 ph\u00f2ng ng\u1ee7 view Qu\u1eadn 1 n\u1ed9i th\u1ea5t \u0111\u1ea7y \u0111\u1ee7 t\u1ea1i t\u00f2a Park 7 - Vinhomes Central Park","isPartOf":{"@id":"https:\/\/vananland.com\/vinhomescentralpark\/#website"},"primaryImageOfPage":{"@id":"https:\/\/vananland.com\/vinhomescentralpark\/san-pham\/ban-can-ho-2-phong-ngu-view-quan-1-noi-that-day-du-tai-toa-park-7\/#primaryimage"},"image":{"@id":"https:\/\/vananland.com\/vinhomescentralpark\/san-pham\/ban-can-ho-2-phong-ngu-view-quan-1-noi-that-day-du-tai-toa-park-7\/#primaryimage"},"thumbnailUrl":"https:\/\/vananland.com\/vinhomescentralpark\/wp-content\/uploads\/2023\/05\/z4311290496841_5c43ae2e9954f21e2015d5b5cbb13dee.jpg","datePublished":"2023-05-02T08:26:18+00:00","dateModified":"2026-04-04T11:22:23+00:00","breadcrumb":{"@id":"https:\/\/vananland.com\/vinhomescentralpark\/san-pham\/ban-can-ho-2-phong-ngu-view-quan-1-noi-that-day-du-tai-toa-park-7\/#breadcrumb"},"inLanguage":"vi","potentialAction":[{"@type":"ReadAction","target":["https:\/\/vananland.com\/vinhomescentralpark\/san-pham\/ban-can-ho-2-phong-ngu-view-quan-1-noi-that-day-du-tai-toa-park-7\/"]}]},{"@type":"ImageObject","inLanguage":"vi","@id":"https:\/\/vananland.com\/vinhomescentralpark\/san-pham\/ban-can-ho-2-phong-ngu-view-quan-1-noi-that-day-du-tai-toa-park-7\/#primaryimage","url":"https:\/\/vananland.com\/vinhomescentralpark\/wp-content\/uploads\/2023\/05\/z4311290496841_5c43ae2e9954f21e2015d5b5cbb13dee.jpg","contentUrl":"https:\/\/vananland.com\/vinhomescentralpark\/wp-content\/uploads\/2023\/05\/z4311290496841_5c43ae2e9954f21e2015d5b5cbb13dee.jpg","width":1280,"height":960},{"@type":"BreadcrumbList","@id":"https:\/\/vananland.com\/vinhomescentralpark\/san-pham\/ban-can-ho-2-phong-ngu-view-quan-1-noi-that-day-du-tai-toa-park-7\/#breadcrumb","itemListElement":[{"@type":"ListItem","position":1,"name":"Home","item":"https:\/\/vananland.com\/vinhomescentralpark\/"},{"@type":"ListItem","position":2,"name":"C\u1eeda h\u00e0ng","item":"https:\/\/vananland.com\/vinhomescentralpark\/mua\/"},{"@type":"ListItem","position":3,"name":"B\u00e1n c\u0103n h\u1ed9 2 ph\u00f2ng ng\u1ee7 view Qu\u1eadn 1 n\u1ed9i th\u1ea5t \u0111\u1ea7y \u0111\u1ee7 t\u1ea1i t\u00f2a Park 7"}]},{"@type":"WebSite","@id":"https:\/\/vananland.com\/vinhomescentralpark\/#website","url":"https:\/\/vananland.com\/vinhomescentralpark\/","name":"Vinhomes Central Park","description":"","potentialAction":[{"@type":"SearchAction","target":{"@type":"EntryPoint","urlTemplate":"https:\/\/vananland.com\/vinhomescentralpark\/?s={search_term_string}"},"query-input":{"@type":"PropertyValueSpecification","valueRequired":true,"valueName":"search_term_string"}}],"inLanguage":"vi"}]}},"_links":{"self":[{"href":"https:\/\/vananland.com\/vinhomescentralpark\/wp-json\/wp\/v2\/product\/1912","targetHints":{"allow":["GET"]}}],"collection":[{"href":"https:\/\/vananland.com\/vinhomescentralpark\/wp-json\/wp\/v2\/product"}],"about":[{"href":"https:\/\/vananland.com\/vinhomescentralpark\/wp-json\/wp\/v2\/types\/product"}],"wp:featuredmedia":[{"embeddable":true,"href":"https:\/\/vananland.com\/vinhomescentralpark\/wp-json\/wp\/v2\/media\/1919"}],"wp:attachment":[{"href":"https:\/\/vananland.com\/vinhomescentralpark\/wp-json\/wp\/v2\/media?parent=1912"}],"wp:term":[{"taxonomy":"product_brand","embeddable":true,"href":"https:\/\/vananland.com\/vinhomescentralpark\/wp-json\/wp\/v2\/product_brand?post=1912"},{"taxonomy":"product_cat","embeddable":true,"href":"https:\/\/vananland.com\/vinhomescentralpark\/wp-json\/wp\/v2\/product_cat?post=1912"},{"taxonomy":"product_tag","embeddable":true,"href":"https:\/\/vananland.com\/vinhomescentralpark\/wp-json\/wp\/v2\/product_tag?post=1912"}],"curies":[{"name":"wp","href":"https:\/\/api.w.org\/{rel}","templated":true}]}}