


	{"id":1904,"date":"2023-05-01T22:48:42","date_gmt":"2023-05-01T15:48:42","guid":{"rendered":"https:\/\/vananland.com\/vinhomescentralpark\/?post_type=product&#038;p=1904"},"modified":"2026-04-04T21:23:59","modified_gmt":"2026-04-04T14:23:59","slug":"can-ho-1-phong-ngu-landmark-plus-noi-that-dep-can-cho-thue-nhanh-voi-gia-tot","status":"publish","type":"product","link":"https:\/\/vananland.com\/vinhomescentralpark\/san-pham\/can-ho-1-phong-ngu-landmark-plus-noi-that-dep-can-cho-thue-nhanh-voi-gia-tot\/","title":{"rendered":"C\u0103n h\u1ed9 1 ph\u00f2ng ng\u1ee7 Landmark Plus \u00a0n\u1ed9i th\u1ea5t \u0111\u1eb9p c\u1ea7n cho thu\u00ea nhanh v\u1edbi gi\u00e1 t\u1ed1t"},"content":{"rendered":"<p>C\u0103n h\u1ed9 1 ph\u00f2ng ng\u1ee7 Landmark Plus \u00a0n\u1ed9i th\u1ea5t \u0111\u1eb9p c\u1ea7n cho thu\u00ea nhanh v\u1edbi gi\u00e1 t\u1ed1t. C\u0103n h\u1ed9 \u0111\u1eb9p \u0111\u01b0\u1ee3c ch\u1ee7 nh\u00e0 trang b\u1ecb \u0111\u1ea7y \u0111\u1ee7 n\u1ed9i th\u1ea5t cao c\u1ea5p.<\/p>\n<p>Th\u00f4ng tin cho thu\u00ea c\u0103n h\u1ed9:<\/p>\n<ul>\n<li>Thi\u1ebft k\u1ebf g\u1ed3m 1 ph\u00f2ng kh\u00e1ch, 1 ph\u00f2ng ng\u1ee7, 1 wc, b\u1ebfp, ban c\u00f4ng v\u00e0 logia<\/li>\n<li>Di\u1ec7n t\u00edch: 54m2<\/li>\n<li>Gi\u00e1 cho thu\u00ea: 20 tri\u1ec7u<\/li>\n<li>T\u1ea7m view: t\u1ea7ng cao, view th\u00e0nh ph\u1ed1<\/li>\n<li>Thu\u1ed9c khu: Landmark 2<\/li>\n<li>T\u00ecnh tr\u1ea1ng n\u1ed9i th\u1ea5t: \u0110\u1ea7y \u0111\u1ee7 n\u1ed9i th\u1ea5t cao c\u1ea5p<\/li>\n<\/ul>\n<p>V\u1ecb tr\u00ed: Landmark 2 Vinhomes Central Park, 720A \u0110i\u1ec7n Bi\u00ean Ph\u1ee7, ph\u01b0\u1eddng 22 B\u00ccnh Th\u1ea1nh, TPHCM<\/p>\n<p>H\u00ecnh \u1ea3nh ch\u00fang t\u00f4i cung c\u1ea5p l\u00e0 h\u00ecnh \u1ea3nh th\u1ef1c t\u1ebf, s\u1eb5n s\u00e0ng h\u1ed7 tr\u1ee3 xem nh\u00e0! C\u0103n h\u1ed9 \u0111\u1eb9p l\u1ea1i n\u1eb1m trong khu Landmark n\u0103ng \u0111\u1ed9ng r\u1ea5t ph\u00f9 h\u1ee3p v\u1edbi c\u00e1c kh\u00e1ch h\u00e0ng \u0111\u1ed9c th\u00e2n, c\u00e1c c\u1eb7p v\u1ee3 ch\u1ed3ng m\u1edbi c\u01b0\u1edbi ho\u1eb7c gia \u0111\u00ecnh nh\u1ecf.<\/p>\n<p>Li\u00ean h\u1ec7 ngay ph\u00f2ng kinh doanh Vinhomes Central Park \u0111\u1ec3 nh\u1eadn th\u00f4ng tin v\u00e0 t\u01b0 v\u1ea5n ch\u00ednh x\u00e1c nh\u1ea5t!<\/p>\n","protected":false},"excerpt":{"rendered":"<p>C\u0103n h\u1ed9 1 ph\u00f2ng ng\u1ee7 Landmark Plus \u00a0n\u1ed9i th\u1ea5t \u0111\u1eb9p c\u1ea7n cho thu\u00ea nhanh v\u1edbi gi\u00e1 t\u1ed1t. C\u0103n h\u1ed9 \u0111\u1eb9p \u0111\u01b0\u1ee3c ch\u1ee7 nh\u00e0 trang b\u1ecb \u0111\u1ea7y \u0111\u1ee7 n\u1ed9i th\u1ea5t cao c\u1ea5p. Th\u00f4ng tin cho thu\u00ea c\u0103n h\u1ed9: Thi\u1ebft k\u1ebf g\u1ed3m 1 ph\u00f2ng kh\u00e1ch, 1 ph\u00f2ng ng\u1ee7, 1 wc, b\u1ebfp, ban c\u00f4ng v\u00e0 logia Di\u1ec7n t\u00edch:&#8230;<\/p>\n","protected":false},"featured_media":1909,"template":"","meta":[],"product_brand":[],"product_cat":[43],"product_tag":[],"class_list":{"0":"post-1904","1":"product","2":"type-product","3":"status-publish","4":"has-post-thumbnail","6":"product_cat-cho-thue-1-phong-ngu-vinhomes-central-park","8":"first","9":"instock","10":"shipping-taxable","11":"purchasable","12":"product-type-simple"},"yoast_head":"<!-- This site is optimized with the Yoast SEO plugin v27.2 - https:\/\/yoast.com\/product\/yoast-seo-wordpress\/ -->\n<title>C\u0103n h\u1ed9 1 ph\u00f2ng ng\u1ee7 Landmark Plus \u00a0n\u1ed9i th\u1ea5t \u0111\u1eb9p c\u1ea7n cho thu\u00ea nhanh v\u1edbi gi\u00e1 t\u1ed1t - Vinhomes Central Park<\/title>\n<meta name=\"robots\" content=\"index, follow, max-snippet:-1, max-image-preview:large, max-video-preview:-1\" \/>\n<link rel=\"canonical\" href=\"https:\/\/vananland.com\/vinhomescentralpark\/san-pham\/can-ho-1-phong-ngu-landmark-plus-noi-that-dep-can-cho-thue-nhanh-voi-gia-tot\/\" \/>\n<meta property=\"og:locale\" content=\"vi_VN\" \/>\n<meta property=\"og:type\" content=\"article\" \/>\n<meta property=\"og:title\" content=\"C\u0103n h\u1ed9 1 ph\u00f2ng ng\u1ee7 Landmark Plus \u00a0n\u1ed9i th\u1ea5t \u0111\u1eb9p c\u1ea7n cho thu\u00ea nhanh v\u1edbi gi\u00e1 t\u1ed1t - Vinhomes Central Park\" \/>\n<meta property=\"og:description\" content=\"C\u0103n h\u1ed9 1 ph\u00f2ng ng\u1ee7 Landmark Plus \u00a0n\u1ed9i th\u1ea5t \u0111\u1eb9p c\u1ea7n cho thu\u00ea nhanh v\u1edbi gi\u00e1 t\u1ed1t. C\u0103n h\u1ed9 \u0111\u1eb9p \u0111\u01b0\u1ee3c ch\u1ee7 nh\u00e0 trang b\u1ecb \u0111\u1ea7y \u0111\u1ee7 n\u1ed9i th\u1ea5t cao c\u1ea5p. Th\u00f4ng tin cho thu\u00ea c\u0103n h\u1ed9: Thi\u1ebft k\u1ebf g\u1ed3m 1 ph\u00f2ng kh\u00e1ch, 1 ph\u00f2ng ng\u1ee7, 1 wc, b\u1ebfp, ban c\u00f4ng v\u00e0 logia Di\u1ec7n t\u00edch:...\" \/>\n<meta property=\"og:url\" content=\"https:\/\/vananland.com\/vinhomescentralpark\/san-pham\/can-ho-1-phong-ngu-landmark-plus-noi-that-dep-can-cho-thue-nhanh-voi-gia-tot\/\" \/>\n<meta property=\"og:site_name\" content=\"Vinhomes Central Park\" \/>\n<meta property=\"article:modified_time\" content=\"2026-04-04T14:23:59+00:00\" \/>\n<meta property=\"og:image\" content=\"https:\/\/vananland.com\/vinhomescentralpark\/wp-content\/uploads\/2023\/05\/z4310120770687_7a8879adc15c233764d05c095219f12f.jpg\" \/>\n\t<meta property=\"og:image:width\" content=\"960\" \/>\n\t<meta property=\"og:image:height\" content=\"640\" \/>\n\t<meta property=\"og:image:type\" content=\"image\/jpeg\" \/>\n<meta name=\"twitter:card\" content=\"summary_large_image\" \/>\n<meta name=\"twitter:label1\" content=\"\u01af\u1edbc t\u00ednh th\u1eddi gian \u0111\u1ecdc\" \/>\n\t<meta name=\"twitter:data1\" content=\"2 ph\u00fat\" \/>\n<script type=\"application\/ld+json\" class=\"yoast-schema-graph\">{\"@context\":\"https:\/\/schema.org\",\"@graph\":[{\"@type\":\"WebPage\",\"@id\":\"https:\/\/vananland.com\/vinhomescentralpark\/san-pham\/can-ho-1-phong-ngu-landmark-plus-noi-that-dep-can-cho-thue-nhanh-voi-gia-tot\/\",\"url\":\"https:\/\/vananland.com\/vinhomescentralpark\/san-pham\/can-ho-1-phong-ngu-landmark-plus-noi-that-dep-can-cho-thue-nhanh-voi-gia-tot\/\",\"name\":\"C\u0103n h\u1ed9 1 ph\u00f2ng ng\u1ee7 Landmark Plus \u00a0n\u1ed9i th\u1ea5t \u0111\u1eb9p c\u1ea7n cho thu\u00ea nhanh v\u1edbi gi\u00e1 t\u1ed1t - Vinhomes Central Park\",\"isPartOf\":{\"@id\":\"https:\/\/vananland.com\/vinhomescentralpark\/#website\"},\"primaryImageOfPage\":{\"@id\":\"https:\/\/vananland.com\/vinhomescentralpark\/san-pham\/can-ho-1-phong-ngu-landmark-plus-noi-that-dep-can-cho-thue-nhanh-voi-gia-tot\/#primaryimage\"},\"image\":{\"@id\":\"https:\/\/vananland.com\/vinhomescentralpark\/san-pham\/can-ho-1-phong-ngu-landmark-plus-noi-that-dep-can-cho-thue-nhanh-voi-gia-tot\/#primaryimage\"},\"thumbnailUrl\":\"https:\/\/vananland.com\/vinhomescentralpark\/wp-content\/uploads\/2023\/05\/z4310120770687_7a8879adc15c233764d05c095219f12f.jpg\",\"datePublished\":\"2023-05-01T15:48:42+00:00\",\"dateModified\":\"2026-04-04T14:23:59+00:00\",\"breadcrumb\":{\"@id\":\"https:\/\/vananland.com\/vinhomescentralpark\/san-pham\/can-ho-1-phong-ngu-landmark-plus-noi-that-dep-can-cho-thue-nhanh-voi-gia-tot\/#breadcrumb\"},\"inLanguage\":\"vi\",\"potentialAction\":[{\"@type\":\"ReadAction\",\"target\":[\"https:\/\/vananland.com\/vinhomescentralpark\/san-pham\/can-ho-1-phong-ngu-landmark-plus-noi-that-dep-can-cho-thue-nhanh-voi-gia-tot\/\"]}]},{\"@type\":\"ImageObject\",\"inLanguage\":\"vi\",\"@id\":\"https:\/\/vananland.com\/vinhomescentralpark\/san-pham\/can-ho-1-phong-ngu-landmark-plus-noi-that-dep-can-cho-thue-nhanh-voi-gia-tot\/#primaryimage\",\"url\":\"https:\/\/vananland.com\/vinhomescentralpark\/wp-content\/uploads\/2023\/05\/z4310120770687_7a8879adc15c233764d05c095219f12f.jpg\",\"contentUrl\":\"https:\/\/vananland.com\/vinhomescentralpark\/wp-content\/uploads\/2023\/05\/z4310120770687_7a8879adc15c233764d05c095219f12f.jpg\",\"width\":960,\"height\":640},{\"@type\":\"BreadcrumbList\",\"@id\":\"https:\/\/vananland.com\/vinhomescentralpark\/san-pham\/can-ho-1-phong-ngu-landmark-plus-noi-that-dep-can-cho-thue-nhanh-voi-gia-tot\/#breadcrumb\",\"itemListElement\":[{\"@type\":\"ListItem\",\"position\":1,\"name\":\"Home\",\"item\":\"https:\/\/vananland.com\/vinhomescentralpark\/\"},{\"@type\":\"ListItem\",\"position\":2,\"name\":\"C\u1eeda h\u00e0ng\",\"item\":\"https:\/\/vananland.com\/vinhomescentralpark\/mua\/\"},{\"@type\":\"ListItem\",\"position\":3,\"name\":\"C\u0103n h\u1ed9 1 ph\u00f2ng ng\u1ee7 Landmark Plus \u00a0n\u1ed9i th\u1ea5t \u0111\u1eb9p c\u1ea7n cho thu\u00ea nhanh v\u1edbi gi\u00e1 t\u1ed1t\"}]},{\"@type\":\"WebSite\",\"@id\":\"https:\/\/vananland.com\/vinhomescentralpark\/#website\",\"url\":\"https:\/\/vananland.com\/vinhomescentralpark\/\",\"name\":\"Vinhomes Central Park\",\"description\":\"\",\"potentialAction\":[{\"@type\":\"SearchAction\",\"target\":{\"@type\":\"EntryPoint\",\"urlTemplate\":\"https:\/\/vananland.com\/vinhomescentralpark\/?s={search_term_string}\"},\"query-input\":{\"@type\":\"PropertyValueSpecification\",\"valueRequired\":true,\"valueName\":\"search_term_string\"}}],\"inLanguage\":\"vi\"}]}<\/script>\n<!-- \/ Yoast SEO plugin. -->","yoast_head_json":{"title":"C\u0103n h\u1ed9 1 ph\u00f2ng ng\u1ee7 Landmark Plus \u00a0n\u1ed9i th\u1ea5t \u0111\u1eb9p c\u1ea7n cho thu\u00ea nhanh v\u1edbi gi\u00e1 t\u1ed1t - Vinhomes Central Park","robots":{"index":"index","follow":"follow","max-snippet":"max-snippet:-1","max-image-preview":"max-image-preview:large","max-video-preview":"max-video-preview:-1"},"canonical":"https:\/\/vananland.com\/vinhomescentralpark\/san-pham\/can-ho-1-phong-ngu-landmark-plus-noi-that-dep-can-cho-thue-nhanh-voi-gia-tot\/","og_locale":"vi_VN","og_type":"article","og_title":"C\u0103n h\u1ed9 1 ph\u00f2ng ng\u1ee7 Landmark Plus \u00a0n\u1ed9i th\u1ea5t \u0111\u1eb9p c\u1ea7n cho thu\u00ea nhanh v\u1edbi gi\u00e1 t\u1ed1t - Vinhomes Central Park","og_description":"C\u0103n h\u1ed9 1 ph\u00f2ng ng\u1ee7 Landmark Plus \u00a0n\u1ed9i th\u1ea5t \u0111\u1eb9p c\u1ea7n cho thu\u00ea nhanh v\u1edbi gi\u00e1 t\u1ed1t. C\u0103n h\u1ed9 \u0111\u1eb9p \u0111\u01b0\u1ee3c ch\u1ee7 nh\u00e0 trang b\u1ecb \u0111\u1ea7y \u0111\u1ee7 n\u1ed9i th\u1ea5t cao c\u1ea5p. Th\u00f4ng tin cho thu\u00ea c\u0103n h\u1ed9: Thi\u1ebft k\u1ebf g\u1ed3m 1 ph\u00f2ng kh\u00e1ch, 1 ph\u00f2ng ng\u1ee7, 1 wc, b\u1ebfp, ban c\u00f4ng v\u00e0 logia Di\u1ec7n t\u00edch:...","og_url":"https:\/\/vananland.com\/vinhomescentralpark\/san-pham\/can-ho-1-phong-ngu-landmark-plus-noi-that-dep-can-cho-thue-nhanh-voi-gia-tot\/","og_site_name":"Vinhomes Central Park","article_modified_time":"2026-04-04T14:23:59+00:00","og_image":[{"width":960,"height":640,"url":"https:\/\/vananland.com\/vinhomescentralpark\/wp-content\/uploads\/2023\/05\/z4310120770687_7a8879adc15c233764d05c095219f12f.jpg","type":"image\/jpeg"}],"twitter_card":"summary_large_image","twitter_misc":{"\u01af\u1edbc t\u00ednh th\u1eddi gian \u0111\u1ecdc":"2 ph\u00fat"},"schema":{"@context":"https:\/\/schema.org","@graph":[{"@type":"WebPage","@id":"https:\/\/vananland.com\/vinhomescentralpark\/san-pham\/can-ho-1-phong-ngu-landmark-plus-noi-that-dep-can-cho-thue-nhanh-voi-gia-tot\/","url":"https:\/\/vananland.com\/vinhomescentralpark\/san-pham\/can-ho-1-phong-ngu-landmark-plus-noi-that-dep-can-cho-thue-nhanh-voi-gia-tot\/","name":"C\u0103n h\u1ed9 1 ph\u00f2ng ng\u1ee7 Landmark Plus \u00a0n\u1ed9i th\u1ea5t \u0111\u1eb9p c\u1ea7n cho thu\u00ea nhanh v\u1edbi gi\u00e1 t\u1ed1t - Vinhomes Central Park","isPartOf":{"@id":"https:\/\/vananland.com\/vinhomescentralpark\/#website"},"primaryImageOfPage":{"@id":"https:\/\/vananland.com\/vinhomescentralpark\/san-pham\/can-ho-1-phong-ngu-landmark-plus-noi-that-dep-can-cho-thue-nhanh-voi-gia-tot\/#primaryimage"},"image":{"@id":"https:\/\/vananland.com\/vinhomescentralpark\/san-pham\/can-ho-1-phong-ngu-landmark-plus-noi-that-dep-can-cho-thue-nhanh-voi-gia-tot\/#primaryimage"},"thumbnailUrl":"https:\/\/vananland.com\/vinhomescentralpark\/wp-content\/uploads\/2023\/05\/z4310120770687_7a8879adc15c233764d05c095219f12f.jpg","datePublished":"2023-05-01T15:48:42+00:00","dateModified":"2026-04-04T14:23:59+00:00","breadcrumb":{"@id":"https:\/\/vananland.com\/vinhomescentralpark\/san-pham\/can-ho-1-phong-ngu-landmark-plus-noi-that-dep-can-cho-thue-nhanh-voi-gia-tot\/#breadcrumb"},"inLanguage":"vi","potentialAction":[{"@type":"ReadAction","target":["https:\/\/vananland.com\/vinhomescentralpark\/san-pham\/can-ho-1-phong-ngu-landmark-plus-noi-that-dep-can-cho-thue-nhanh-voi-gia-tot\/"]}]},{"@type":"ImageObject","inLanguage":"vi","@id":"https:\/\/vananland.com\/vinhomescentralpark\/san-pham\/can-ho-1-phong-ngu-landmark-plus-noi-that-dep-can-cho-thue-nhanh-voi-gia-tot\/#primaryimage","url":"https:\/\/vananland.com\/vinhomescentralpark\/wp-content\/uploads\/2023\/05\/z4310120770687_7a8879adc15c233764d05c095219f12f.jpg","contentUrl":"https:\/\/vananland.com\/vinhomescentralpark\/wp-content\/uploads\/2023\/05\/z4310120770687_7a8879adc15c233764d05c095219f12f.jpg","width":960,"height":640},{"@type":"BreadcrumbList","@id":"https:\/\/vananland.com\/vinhomescentralpark\/san-pham\/can-ho-1-phong-ngu-landmark-plus-noi-that-dep-can-cho-thue-nhanh-voi-gia-tot\/#breadcrumb","itemListElement":[{"@type":"ListItem","position":1,"name":"Home","item":"https:\/\/vananland.com\/vinhomescentralpark\/"},{"@type":"ListItem","position":2,"name":"C\u1eeda h\u00e0ng","item":"https:\/\/vananland.com\/vinhomescentralpark\/mua\/"},{"@type":"ListItem","position":3,"name":"C\u0103n h\u1ed9 1 ph\u00f2ng ng\u1ee7 Landmark Plus \u00a0n\u1ed9i th\u1ea5t \u0111\u1eb9p c\u1ea7n cho thu\u00ea nhanh v\u1edbi gi\u00e1 t\u1ed1t"}]},{"@type":"WebSite","@id":"https:\/\/vananland.com\/vinhomescentralpark\/#website","url":"https:\/\/vananland.com\/vinhomescentralpark\/","name":"Vinhomes Central Park","description":"","potentialAction":[{"@type":"SearchAction","target":{"@type":"EntryPoint","urlTemplate":"https:\/\/vananland.com\/vinhomescentralpark\/?s={search_term_string}"},"query-input":{"@type":"PropertyValueSpecification","valueRequired":true,"valueName":"search_term_string"}}],"inLanguage":"vi"}]}},"_links":{"self":[{"href":"https:\/\/vananland.com\/vinhomescentralpark\/wp-json\/wp\/v2\/product\/1904","targetHints":{"allow":["GET"]}}],"collection":[{"href":"https:\/\/vananland.com\/vinhomescentralpark\/wp-json\/wp\/v2\/product"}],"about":[{"href":"https:\/\/vananland.com\/vinhomescentralpark\/wp-json\/wp\/v2\/types\/product"}],"wp:featuredmedia":[{"embeddable":true,"href":"https:\/\/vananland.com\/vinhomescentralpark\/wp-json\/wp\/v2\/media\/1909"}],"wp:attachment":[{"href":"https:\/\/vananland.com\/vinhomescentralpark\/wp-json\/wp\/v2\/media?parent=1904"}],"wp:term":[{"taxonomy":"product_brand","embeddable":true,"href":"https:\/\/vananland.com\/vinhomescentralpark\/wp-json\/wp\/v2\/product_brand?post=1904"},{"taxonomy":"product_cat","embeddable":true,"href":"https:\/\/vananland.com\/vinhomescentralpark\/wp-json\/wp\/v2\/product_cat?post=1904"},{"taxonomy":"product_tag","embeddable":true,"href":"https:\/\/vananland.com\/vinhomescentralpark\/wp-json\/wp\/v2\/product_tag?post=1904"}],"curies":[{"name":"wp","href":"https:\/\/api.w.org\/{rel}","templated":true}]}}