


	{"id":1881,"date":"2023-05-01T22:27:40","date_gmt":"2023-05-01T15:27:40","guid":{"rendered":"https:\/\/vananland.com\/vinhomescentralpark\/?post_type=product&#038;p=1881"},"modified":"2026-04-04T21:39:46","modified_gmt":"2026-04-04T14:39:46","slug":"cho-thue-1-phong-ngu-landmark-1-72m2-gia-thue-19tr-thang-view-song-cong-vien","status":"publish","type":"product","link":"https:\/\/vananland.com\/vinhomescentralpark\/san-pham\/cho-thue-1-phong-ngu-landmark-1-72m2-gia-thue-19tr-thang-view-song-cong-vien\/","title":{"rendered":"Cho thu\u00ea 2 ph\u00f2ng ng\u1ee7 Landmark 1 \u2013 72m2 Gi\u00e1 thu\u00ea 20tr\/th\u00e1ng View s\u00f4ng c\u00f4ng vi\u00ean"},"content":{"rendered":"<p>Thu\u00ea c\u0103n h\u1ed9 1 ph\u00f2ng ng\u1ee7 t\u00f2a Landmark 1, c\u0103n h\u1ed9 t\u1ea7ng th\u1ea5p \u0111\u01b0\u1ee3c trang b\u1ecb n\u1ed9i th\u1ea5t \u0111\u1ea7y \u0111\u1ee7, n\u1eb1m \u1edf khu v\u1ef1c t\u1ea7ng cao, t\u1ea7m view \u0111\u1eb1ng sau tr\u01b0\u1eddng h\u1ecdc li\u00ean c\u1ea5p Vinschool v\u00e0 Landmark 2,3.<\/p>\n<p>Gi\u00e1 thu\u00ea: 23,5 tri\u1ec7u\/th\u00e1ng<\/p>\n<p>C\u0103n h\u1ed9 thi\u1ebft k\u1ebf bao g\u1ed3m 1 ph\u00f2ng kh\u00e1ch, 2 ph\u00f2ng ng\u1ee7, 2 nh\u00e0 v\u1ec7 sinh, gian b\u1ebfp, ban c\u00f4ng.<\/p>\n<p>Di\u1ec7n t\u00edch tin t\u01b0\u1eddng: 72 m2<\/p>\n<p>Di\u1ec7n t\u00edch th\u00f4ng th\u1ee7y: 68 m2<\/p>\n<p>N\u1ed9i th\u1ea5t b\u00e0n giao: Full n\u1ed9i th\u1ea5t.<\/p>\n<p>H\u1ed7 tr\u1ee3 xem nh\u00e0 24\/7<\/p>\n","protected":false},"excerpt":{"rendered":"<p>Thu\u00ea c\u0103n h\u1ed9 1 ph\u00f2ng ng\u1ee7 t\u00f2a Landmark 1, c\u0103n h\u1ed9 t\u1ea7ng th\u1ea5p \u0111\u01b0\u1ee3c trang b\u1ecb n\u1ed9i th\u1ea5t \u0111\u1ea7y \u0111\u1ee7, n\u1eb1m \u1edf khu v\u1ef1c t\u1ea7ng cao, t\u1ea7m view \u0111\u1eb1ng sau tr\u01b0\u1eddng h\u1ecdc li\u00ean c\u1ea5p Vinschool v\u00e0 Landmark 2,3. Gi\u00e1 thu\u00ea: 23,5 tri\u1ec7u\/th\u00e1ng C\u0103n h\u1ed9 thi\u1ebft k\u1ebf bao g\u1ed3m 1 ph\u00f2ng kh\u00e1ch, 2 ph\u00f2ng ng\u1ee7, 2&#8230;<\/p>\n","protected":false},"featured_media":1885,"template":"","meta":[],"product_brand":[],"product_cat":[44],"product_tag":[],"class_list":{"0":"post-1881","1":"product","2":"type-product","3":"status-publish","4":"has-post-thumbnail","6":"product_cat-cho-thue-2-phong-ngu-vinhomes-central-park","8":"first","9":"instock","10":"shipping-taxable","11":"purchasable","12":"product-type-simple"},"yoast_head":"<!-- This site is optimized with the Yoast SEO plugin v27.2 - https:\/\/yoast.com\/product\/yoast-seo-wordpress\/ -->\n<title>Cho thu\u00ea 2 ph\u00f2ng ng\u1ee7 Landmark 1 \u2013 72m2 Gi\u00e1 thu\u00ea 20tr\/th\u00e1ng View s\u00f4ng c\u00f4ng vi\u00ean - Vinhomes Central Park<\/title>\n<meta name=\"robots\" content=\"index, follow, max-snippet:-1, max-image-preview:large, max-video-preview:-1\" \/>\n<link rel=\"canonical\" href=\"https:\/\/vananland.com\/vinhomescentralpark\/san-pham\/cho-thue-1-phong-ngu-landmark-1-72m2-gia-thue-19tr-thang-view-song-cong-vien\/\" \/>\n<meta property=\"og:locale\" content=\"vi_VN\" \/>\n<meta property=\"og:type\" content=\"article\" \/>\n<meta property=\"og:title\" content=\"Cho thu\u00ea 2 ph\u00f2ng ng\u1ee7 Landmark 1 \u2013 72m2 Gi\u00e1 thu\u00ea 20tr\/th\u00e1ng View s\u00f4ng c\u00f4ng vi\u00ean - Vinhomes Central Park\" \/>\n<meta property=\"og:description\" content=\"Thu\u00ea c\u0103n h\u1ed9 1 ph\u00f2ng ng\u1ee7 t\u00f2a Landmark 1, c\u0103n h\u1ed9 t\u1ea7ng th\u1ea5p \u0111\u01b0\u1ee3c trang b\u1ecb n\u1ed9i th\u1ea5t \u0111\u1ea7y \u0111\u1ee7, n\u1eb1m \u1edf khu v\u1ef1c t\u1ea7ng cao, t\u1ea7m view \u0111\u1eb1ng sau tr\u01b0\u1eddng h\u1ecdc li\u00ean c\u1ea5p Vinschool v\u00e0 Landmark 2,3. Gi\u00e1 thu\u00ea: 23,5 tri\u1ec7u\/th\u00e1ng C\u0103n h\u1ed9 thi\u1ebft k\u1ebf bao g\u1ed3m 1 ph\u00f2ng kh\u00e1ch, 2 ph\u00f2ng ng\u1ee7, 2...\" \/>\n<meta property=\"og:url\" content=\"https:\/\/vananland.com\/vinhomescentralpark\/san-pham\/cho-thue-1-phong-ngu-landmark-1-72m2-gia-thue-19tr-thang-view-song-cong-vien\/\" \/>\n<meta property=\"og:site_name\" content=\"Vinhomes Central Park\" \/>\n<meta property=\"article:modified_time\" content=\"2026-04-04T14:39:46+00:00\" \/>\n<meta property=\"og:image\" content=\"https:\/\/vananland.com\/vinhomescentralpark\/wp-content\/uploads\/2023\/05\/z4310069923447_f5ef6060544be6fd8371e26ce07d122a.jpg\" \/>\n\t<meta property=\"og:image:width\" content=\"1280\" \/>\n\t<meta property=\"og:image:height\" content=\"960\" \/>\n\t<meta property=\"og:image:type\" content=\"image\/jpeg\" \/>\n<meta name=\"twitter:card\" content=\"summary_large_image\" \/>\n<meta name=\"twitter:label1\" content=\"\u01af\u1edbc t\u00ednh th\u1eddi gian \u0111\u1ecdc\" \/>\n\t<meta name=\"twitter:data1\" content=\"1 ph\u00fat\" \/>\n<script type=\"application\/ld+json\" class=\"yoast-schema-graph\">{\"@context\":\"https:\/\/schema.org\",\"@graph\":[{\"@type\":\"WebPage\",\"@id\":\"https:\/\/vananland.com\/vinhomescentralpark\/san-pham\/cho-thue-1-phong-ngu-landmark-1-72m2-gia-thue-19tr-thang-view-song-cong-vien\/\",\"url\":\"https:\/\/vananland.com\/vinhomescentralpark\/san-pham\/cho-thue-1-phong-ngu-landmark-1-72m2-gia-thue-19tr-thang-view-song-cong-vien\/\",\"name\":\"Cho thu\u00ea 2 ph\u00f2ng ng\u1ee7 Landmark 1 \u2013 72m2 Gi\u00e1 thu\u00ea 20tr\/th\u00e1ng View s\u00f4ng c\u00f4ng vi\u00ean - Vinhomes Central Park\",\"isPartOf\":{\"@id\":\"https:\/\/vananland.com\/vinhomescentralpark\/#website\"},\"primaryImageOfPage\":{\"@id\":\"https:\/\/vananland.com\/vinhomescentralpark\/san-pham\/cho-thue-1-phong-ngu-landmark-1-72m2-gia-thue-19tr-thang-view-song-cong-vien\/#primaryimage\"},\"image\":{\"@id\":\"https:\/\/vananland.com\/vinhomescentralpark\/san-pham\/cho-thue-1-phong-ngu-landmark-1-72m2-gia-thue-19tr-thang-view-song-cong-vien\/#primaryimage\"},\"thumbnailUrl\":\"https:\/\/vananland.com\/vinhomescentralpark\/wp-content\/uploads\/2023\/05\/z4310069923447_f5ef6060544be6fd8371e26ce07d122a.jpg\",\"datePublished\":\"2023-05-01T15:27:40+00:00\",\"dateModified\":\"2026-04-04T14:39:46+00:00\",\"breadcrumb\":{\"@id\":\"https:\/\/vananland.com\/vinhomescentralpark\/san-pham\/cho-thue-1-phong-ngu-landmark-1-72m2-gia-thue-19tr-thang-view-song-cong-vien\/#breadcrumb\"},\"inLanguage\":\"vi\",\"potentialAction\":[{\"@type\":\"ReadAction\",\"target\":[\"https:\/\/vananland.com\/vinhomescentralpark\/san-pham\/cho-thue-1-phong-ngu-landmark-1-72m2-gia-thue-19tr-thang-view-song-cong-vien\/\"]}]},{\"@type\":\"ImageObject\",\"inLanguage\":\"vi\",\"@id\":\"https:\/\/vananland.com\/vinhomescentralpark\/san-pham\/cho-thue-1-phong-ngu-landmark-1-72m2-gia-thue-19tr-thang-view-song-cong-vien\/#primaryimage\",\"url\":\"https:\/\/vananland.com\/vinhomescentralpark\/wp-content\/uploads\/2023\/05\/z4310069923447_f5ef6060544be6fd8371e26ce07d122a.jpg\",\"contentUrl\":\"https:\/\/vananland.com\/vinhomescentralpark\/wp-content\/uploads\/2023\/05\/z4310069923447_f5ef6060544be6fd8371e26ce07d122a.jpg\",\"width\":1280,\"height\":960},{\"@type\":\"BreadcrumbList\",\"@id\":\"https:\/\/vananland.com\/vinhomescentralpark\/san-pham\/cho-thue-1-phong-ngu-landmark-1-72m2-gia-thue-19tr-thang-view-song-cong-vien\/#breadcrumb\",\"itemListElement\":[{\"@type\":\"ListItem\",\"position\":1,\"name\":\"Home\",\"item\":\"https:\/\/vananland.com\/vinhomescentralpark\/\"},{\"@type\":\"ListItem\",\"position\":2,\"name\":\"C\u1eeda h\u00e0ng\",\"item\":\"https:\/\/vananland.com\/vinhomescentralpark\/mua\/\"},{\"@type\":\"ListItem\",\"position\":3,\"name\":\"Cho thu\u00ea 2 ph\u00f2ng ng\u1ee7 Landmark 1 \u2013 72m2 Gi\u00e1 thu\u00ea 20tr\/th\u00e1ng View s\u00f4ng c\u00f4ng vi\u00ean\"}]},{\"@type\":\"WebSite\",\"@id\":\"https:\/\/vananland.com\/vinhomescentralpark\/#website\",\"url\":\"https:\/\/vananland.com\/vinhomescentralpark\/\",\"name\":\"Vinhomes Central Park\",\"description\":\"\",\"potentialAction\":[{\"@type\":\"SearchAction\",\"target\":{\"@type\":\"EntryPoint\",\"urlTemplate\":\"https:\/\/vananland.com\/vinhomescentralpark\/?s={search_term_string}\"},\"query-input\":{\"@type\":\"PropertyValueSpecification\",\"valueRequired\":true,\"valueName\":\"search_term_string\"}}],\"inLanguage\":\"vi\"}]}<\/script>\n<!-- \/ Yoast SEO plugin. -->","yoast_head_json":{"title":"Cho thu\u00ea 2 ph\u00f2ng ng\u1ee7 Landmark 1 \u2013 72m2 Gi\u00e1 thu\u00ea 20tr\/th\u00e1ng View s\u00f4ng c\u00f4ng vi\u00ean - Vinhomes Central Park","robots":{"index":"index","follow":"follow","max-snippet":"max-snippet:-1","max-image-preview":"max-image-preview:large","max-video-preview":"max-video-preview:-1"},"canonical":"https:\/\/vananland.com\/vinhomescentralpark\/san-pham\/cho-thue-1-phong-ngu-landmark-1-72m2-gia-thue-19tr-thang-view-song-cong-vien\/","og_locale":"vi_VN","og_type":"article","og_title":"Cho thu\u00ea 2 ph\u00f2ng ng\u1ee7 Landmark 1 \u2013 72m2 Gi\u00e1 thu\u00ea 20tr\/th\u00e1ng View s\u00f4ng c\u00f4ng vi\u00ean - Vinhomes Central Park","og_description":"Thu\u00ea c\u0103n h\u1ed9 1 ph\u00f2ng ng\u1ee7 t\u00f2a Landmark 1, c\u0103n h\u1ed9 t\u1ea7ng th\u1ea5p \u0111\u01b0\u1ee3c trang b\u1ecb n\u1ed9i th\u1ea5t \u0111\u1ea7y \u0111\u1ee7, n\u1eb1m \u1edf khu v\u1ef1c t\u1ea7ng cao, t\u1ea7m view \u0111\u1eb1ng sau tr\u01b0\u1eddng h\u1ecdc li\u00ean c\u1ea5p Vinschool v\u00e0 Landmark 2,3. Gi\u00e1 thu\u00ea: 23,5 tri\u1ec7u\/th\u00e1ng C\u0103n h\u1ed9 thi\u1ebft k\u1ebf bao g\u1ed3m 1 ph\u00f2ng kh\u00e1ch, 2 ph\u00f2ng ng\u1ee7, 2...","og_url":"https:\/\/vananland.com\/vinhomescentralpark\/san-pham\/cho-thue-1-phong-ngu-landmark-1-72m2-gia-thue-19tr-thang-view-song-cong-vien\/","og_site_name":"Vinhomes Central Park","article_modified_time":"2026-04-04T14:39:46+00:00","og_image":[{"width":1280,"height":960,"url":"https:\/\/vananland.com\/vinhomescentralpark\/wp-content\/uploads\/2023\/05\/z4310069923447_f5ef6060544be6fd8371e26ce07d122a.jpg","type":"image\/jpeg"}],"twitter_card":"summary_large_image","twitter_misc":{"\u01af\u1edbc t\u00ednh th\u1eddi gian \u0111\u1ecdc":"1 ph\u00fat"},"schema":{"@context":"https:\/\/schema.org","@graph":[{"@type":"WebPage","@id":"https:\/\/vananland.com\/vinhomescentralpark\/san-pham\/cho-thue-1-phong-ngu-landmark-1-72m2-gia-thue-19tr-thang-view-song-cong-vien\/","url":"https:\/\/vananland.com\/vinhomescentralpark\/san-pham\/cho-thue-1-phong-ngu-landmark-1-72m2-gia-thue-19tr-thang-view-song-cong-vien\/","name":"Cho thu\u00ea 2 ph\u00f2ng ng\u1ee7 Landmark 1 \u2013 72m2 Gi\u00e1 thu\u00ea 20tr\/th\u00e1ng View s\u00f4ng c\u00f4ng vi\u00ean - Vinhomes Central Park","isPartOf":{"@id":"https:\/\/vananland.com\/vinhomescentralpark\/#website"},"primaryImageOfPage":{"@id":"https:\/\/vananland.com\/vinhomescentralpark\/san-pham\/cho-thue-1-phong-ngu-landmark-1-72m2-gia-thue-19tr-thang-view-song-cong-vien\/#primaryimage"},"image":{"@id":"https:\/\/vananland.com\/vinhomescentralpark\/san-pham\/cho-thue-1-phong-ngu-landmark-1-72m2-gia-thue-19tr-thang-view-song-cong-vien\/#primaryimage"},"thumbnailUrl":"https:\/\/vananland.com\/vinhomescentralpark\/wp-content\/uploads\/2023\/05\/z4310069923447_f5ef6060544be6fd8371e26ce07d122a.jpg","datePublished":"2023-05-01T15:27:40+00:00","dateModified":"2026-04-04T14:39:46+00:00","breadcrumb":{"@id":"https:\/\/vananland.com\/vinhomescentralpark\/san-pham\/cho-thue-1-phong-ngu-landmark-1-72m2-gia-thue-19tr-thang-view-song-cong-vien\/#breadcrumb"},"inLanguage":"vi","potentialAction":[{"@type":"ReadAction","target":["https:\/\/vananland.com\/vinhomescentralpark\/san-pham\/cho-thue-1-phong-ngu-landmark-1-72m2-gia-thue-19tr-thang-view-song-cong-vien\/"]}]},{"@type":"ImageObject","inLanguage":"vi","@id":"https:\/\/vananland.com\/vinhomescentralpark\/san-pham\/cho-thue-1-phong-ngu-landmark-1-72m2-gia-thue-19tr-thang-view-song-cong-vien\/#primaryimage","url":"https:\/\/vananland.com\/vinhomescentralpark\/wp-content\/uploads\/2023\/05\/z4310069923447_f5ef6060544be6fd8371e26ce07d122a.jpg","contentUrl":"https:\/\/vananland.com\/vinhomescentralpark\/wp-content\/uploads\/2023\/05\/z4310069923447_f5ef6060544be6fd8371e26ce07d122a.jpg","width":1280,"height":960},{"@type":"BreadcrumbList","@id":"https:\/\/vananland.com\/vinhomescentralpark\/san-pham\/cho-thue-1-phong-ngu-landmark-1-72m2-gia-thue-19tr-thang-view-song-cong-vien\/#breadcrumb","itemListElement":[{"@type":"ListItem","position":1,"name":"Home","item":"https:\/\/vananland.com\/vinhomescentralpark\/"},{"@type":"ListItem","position":2,"name":"C\u1eeda h\u00e0ng","item":"https:\/\/vananland.com\/vinhomescentralpark\/mua\/"},{"@type":"ListItem","position":3,"name":"Cho thu\u00ea 2 ph\u00f2ng ng\u1ee7 Landmark 1 \u2013 72m2 Gi\u00e1 thu\u00ea 20tr\/th\u00e1ng View s\u00f4ng c\u00f4ng vi\u00ean"}]},{"@type":"WebSite","@id":"https:\/\/vananland.com\/vinhomescentralpark\/#website","url":"https:\/\/vananland.com\/vinhomescentralpark\/","name":"Vinhomes Central Park","description":"","potentialAction":[{"@type":"SearchAction","target":{"@type":"EntryPoint","urlTemplate":"https:\/\/vananland.com\/vinhomescentralpark\/?s={search_term_string}"},"query-input":{"@type":"PropertyValueSpecification","valueRequired":true,"valueName":"search_term_string"}}],"inLanguage":"vi"}]}},"_links":{"self":[{"href":"https:\/\/vananland.com\/vinhomescentralpark\/wp-json\/wp\/v2\/product\/1881","targetHints":{"allow":["GET"]}}],"collection":[{"href":"https:\/\/vananland.com\/vinhomescentralpark\/wp-json\/wp\/v2\/product"}],"about":[{"href":"https:\/\/vananland.com\/vinhomescentralpark\/wp-json\/wp\/v2\/types\/product"}],"wp:featuredmedia":[{"embeddable":true,"href":"https:\/\/vananland.com\/vinhomescentralpark\/wp-json\/wp\/v2\/media\/1885"}],"wp:attachment":[{"href":"https:\/\/vananland.com\/vinhomescentralpark\/wp-json\/wp\/v2\/media?parent=1881"}],"wp:term":[{"taxonomy":"product_brand","embeddable":true,"href":"https:\/\/vananland.com\/vinhomescentralpark\/wp-json\/wp\/v2\/product_brand?post=1881"},{"taxonomy":"product_cat","embeddable":true,"href":"https:\/\/vananland.com\/vinhomescentralpark\/wp-json\/wp\/v2\/product_cat?post=1881"},{"taxonomy":"product_tag","embeddable":true,"href":"https:\/\/vananland.com\/vinhomescentralpark\/wp-json\/wp\/v2\/product_tag?post=1881"}],"curies":[{"name":"wp","href":"https:\/\/api.w.org\/{rel}","templated":true}]}}