


	{"id":1848,"date":"2023-04-27T10:42:14","date_gmt":"2023-04-27T03:42:14","guid":{"rendered":"https:\/\/vananland.com\/vinhomescentralpark\/?post_type=product&#038;p=1848"},"modified":"2026-04-04T21:40:38","modified_gmt":"2026-04-04T14:40:38","slug":"cho-thue-can-ho-3-phong-ngu-landmark-2-gia-31tr-thang-full-nt-cao-cap","status":"publish","type":"product","link":"https:\/\/vananland.com\/vinhomescentralpark\/san-pham\/cho-thue-can-ho-3-phong-ngu-landmark-2-gia-31tr-thang-full-nt-cao-cap\/","title":{"rendered":"Cho thu\u00ea c\u0103n h\u1ed9 3 ph\u00f2ng ng\u1ee7 Landmark 2 gi\u00e1 31tr\/th\u00e1ng Full NT cao c\u1ea5p"},"content":{"rendered":"<p>C\u0103n h\u1ed9 3 ph\u00f2ng ng\u1ee7 di\u1ec7n t\u00edch r\u1ed9ng Landmark \u00a02 cho thu\u00ea nhanh nhanh gi\u00e1 t\u1ed1t, c\u0103n h\u1ed9 \u0111\u01b0\u1ee3c trang b\u1ecb n\u1ed9i th\u1ea5t \u0111\u1ea7y \u0111\u1ee7 c\u00f9ng t\u1ea7m view tho\u00e1ng.<\/p>\n<p>C\u0103n h\u1ed9 thi\u1ebft k\u1ebf g\u1ed3m 1 ph\u00f2ng kh\u00e1ch, 3 ph\u00f2ng ng\u1ee7, 2WC, B\u1ebfp m\u1edf, ban c\u00f4ng v\u00e0 logia<\/p>\n<p>Di\u1ec7n t\u00edch: 109,5 m2<\/p>\n<p>H\u01b0\u1edbng ban c\u00f4ng: \u0110\u00f4ng B\u1eafc<\/p>\n<p>N\u1ed9i th\u1ea5t b\u00e0n giao: Full n\u1ed9i th\u1ea5t m\u1edbi cao c\u1ea5p.<\/p>\n<p>H\u1ed7 tr\u1ee3 xem nh\u00e0 24\/7<\/p>\n","protected":false},"excerpt":{"rendered":"<p>C\u0103n h\u1ed9 3 ph\u00f2ng ng\u1ee7 di\u1ec7n t\u00edch r\u1ed9ng Landmark \u00a02 cho thu\u00ea nhanh nhanh gi\u00e1 t\u1ed1t, c\u0103n h\u1ed9 \u0111\u01b0\u1ee3c trang b\u1ecb n\u1ed9i th\u1ea5t \u0111\u1ea7y \u0111\u1ee7 c\u00f9ng t\u1ea7m view tho\u00e1ng. C\u0103n h\u1ed9 thi\u1ebft k\u1ebf g\u1ed3m 1 ph\u00f2ng kh\u00e1ch, 3 ph\u00f2ng ng\u1ee7, 2WC, B\u1ebfp m\u1edf, ban c\u00f4ng v\u00e0 logia Di\u1ec7n t\u00edch: 109,5 m2 H\u01b0\u1edbng ban c\u00f4ng: \u0110\u00f4ng&#8230;<\/p>\n","protected":false},"featured_media":1854,"template":"","meta":[],"product_brand":[],"product_cat":[47],"product_tag":[],"class_list":{"0":"post-1848","1":"product","2":"type-product","3":"status-publish","4":"has-post-thumbnail","6":"product_cat-cho-thue-3-phong-ngu-vinhomes-central-park","8":"first","9":"instock","10":"shipping-taxable","11":"purchasable","12":"product-type-simple"},"yoast_head":"<!-- This site is optimized with the Yoast SEO plugin v27.2 - https:\/\/yoast.com\/product\/yoast-seo-wordpress\/ -->\n<title>Cho thu\u00ea c\u0103n h\u1ed9 3 ph\u00f2ng ng\u1ee7 Landmark 2 gi\u00e1 31tr\/th\u00e1ng Full NT cao c\u1ea5p - Vinhomes Central Park<\/title>\n<meta name=\"robots\" content=\"index, follow, max-snippet:-1, max-image-preview:large, max-video-preview:-1\" \/>\n<link rel=\"canonical\" href=\"https:\/\/vananland.com\/vinhomescentralpark\/san-pham\/cho-thue-can-ho-3-phong-ngu-landmark-2-gia-31tr-thang-full-nt-cao-cap\/\" \/>\n<meta property=\"og:locale\" content=\"vi_VN\" \/>\n<meta property=\"og:type\" content=\"article\" \/>\n<meta property=\"og:title\" content=\"Cho thu\u00ea c\u0103n h\u1ed9 3 ph\u00f2ng ng\u1ee7 Landmark 2 gi\u00e1 31tr\/th\u00e1ng Full NT cao c\u1ea5p - Vinhomes Central Park\" \/>\n<meta property=\"og:description\" content=\"C\u0103n h\u1ed9 3 ph\u00f2ng ng\u1ee7 di\u1ec7n t\u00edch r\u1ed9ng Landmark \u00a02 cho thu\u00ea nhanh nhanh gi\u00e1 t\u1ed1t, c\u0103n h\u1ed9 \u0111\u01b0\u1ee3c trang b\u1ecb n\u1ed9i th\u1ea5t \u0111\u1ea7y \u0111\u1ee7 c\u00f9ng t\u1ea7m view tho\u00e1ng. C\u0103n h\u1ed9 thi\u1ebft k\u1ebf g\u1ed3m 1 ph\u00f2ng kh\u00e1ch, 3 ph\u00f2ng ng\u1ee7, 2WC, B\u1ebfp m\u1edf, ban c\u00f4ng v\u00e0 logia Di\u1ec7n t\u00edch: 109,5 m2 H\u01b0\u1edbng ban c\u00f4ng: \u0110\u00f4ng...\" \/>\n<meta property=\"og:url\" content=\"https:\/\/vananland.com\/vinhomescentralpark\/san-pham\/cho-thue-can-ho-3-phong-ngu-landmark-2-gia-31tr-thang-full-nt-cao-cap\/\" \/>\n<meta property=\"og:site_name\" content=\"Vinhomes Central Park\" \/>\n<meta property=\"article:modified_time\" content=\"2026-04-04T14:40:38+00:00\" \/>\n<meta property=\"og:image\" content=\"https:\/\/vananland.com\/vinhomescentralpark\/wp-content\/uploads\/2023\/04\/z4298882987447_f391dd08a633235a6e25b6ea5adce4ef.jpg\" \/>\n\t<meta property=\"og:image:width\" content=\"828\" \/>\n\t<meta property=\"og:image:height\" content=\"621\" \/>\n\t<meta property=\"og:image:type\" content=\"image\/jpeg\" \/>\n<meta name=\"twitter:card\" content=\"summary_large_image\" \/>\n<meta name=\"twitter:label1\" content=\"\u01af\u1edbc t\u00ednh th\u1eddi gian \u0111\u1ecdc\" \/>\n\t<meta name=\"twitter:data1\" content=\"1 ph\u00fat\" \/>\n<script type=\"application\/ld+json\" class=\"yoast-schema-graph\">{\"@context\":\"https:\/\/schema.org\",\"@graph\":[{\"@type\":\"WebPage\",\"@id\":\"https:\/\/vananland.com\/vinhomescentralpark\/san-pham\/cho-thue-can-ho-3-phong-ngu-landmark-2-gia-31tr-thang-full-nt-cao-cap\/\",\"url\":\"https:\/\/vananland.com\/vinhomescentralpark\/san-pham\/cho-thue-can-ho-3-phong-ngu-landmark-2-gia-31tr-thang-full-nt-cao-cap\/\",\"name\":\"Cho thu\u00ea c\u0103n h\u1ed9 3 ph\u00f2ng ng\u1ee7 Landmark 2 gi\u00e1 31tr\/th\u00e1ng Full NT cao c\u1ea5p - Vinhomes Central Park\",\"isPartOf\":{\"@id\":\"https:\/\/vananland.com\/vinhomescentralpark\/#website\"},\"primaryImageOfPage\":{\"@id\":\"https:\/\/vananland.com\/vinhomescentralpark\/san-pham\/cho-thue-can-ho-3-phong-ngu-landmark-2-gia-31tr-thang-full-nt-cao-cap\/#primaryimage\"},\"image\":{\"@id\":\"https:\/\/vananland.com\/vinhomescentralpark\/san-pham\/cho-thue-can-ho-3-phong-ngu-landmark-2-gia-31tr-thang-full-nt-cao-cap\/#primaryimage\"},\"thumbnailUrl\":\"https:\/\/vananland.com\/vinhomescentralpark\/wp-content\/uploads\/2023\/04\/z4298882987447_f391dd08a633235a6e25b6ea5adce4ef.jpg\",\"datePublished\":\"2023-04-27T03:42:14+00:00\",\"dateModified\":\"2026-04-04T14:40:38+00:00\",\"breadcrumb\":{\"@id\":\"https:\/\/vananland.com\/vinhomescentralpark\/san-pham\/cho-thue-can-ho-3-phong-ngu-landmark-2-gia-31tr-thang-full-nt-cao-cap\/#breadcrumb\"},\"inLanguage\":\"vi\",\"potentialAction\":[{\"@type\":\"ReadAction\",\"target\":[\"https:\/\/vananland.com\/vinhomescentralpark\/san-pham\/cho-thue-can-ho-3-phong-ngu-landmark-2-gia-31tr-thang-full-nt-cao-cap\/\"]}]},{\"@type\":\"ImageObject\",\"inLanguage\":\"vi\",\"@id\":\"https:\/\/vananland.com\/vinhomescentralpark\/san-pham\/cho-thue-can-ho-3-phong-ngu-landmark-2-gia-31tr-thang-full-nt-cao-cap\/#primaryimage\",\"url\":\"https:\/\/vananland.com\/vinhomescentralpark\/wp-content\/uploads\/2023\/04\/z4298882987447_f391dd08a633235a6e25b6ea5adce4ef.jpg\",\"contentUrl\":\"https:\/\/vananland.com\/vinhomescentralpark\/wp-content\/uploads\/2023\/04\/z4298882987447_f391dd08a633235a6e25b6ea5adce4ef.jpg\",\"width\":828,\"height\":621},{\"@type\":\"BreadcrumbList\",\"@id\":\"https:\/\/vananland.com\/vinhomescentralpark\/san-pham\/cho-thue-can-ho-3-phong-ngu-landmark-2-gia-31tr-thang-full-nt-cao-cap\/#breadcrumb\",\"itemListElement\":[{\"@type\":\"ListItem\",\"position\":1,\"name\":\"Home\",\"item\":\"https:\/\/vananland.com\/vinhomescentralpark\/\"},{\"@type\":\"ListItem\",\"position\":2,\"name\":\"C\u1eeda h\u00e0ng\",\"item\":\"https:\/\/vananland.com\/vinhomescentralpark\/mua\/\"},{\"@type\":\"ListItem\",\"position\":3,\"name\":\"Cho thu\u00ea c\u0103n h\u1ed9 3 ph\u00f2ng ng\u1ee7 Landmark 2 gi\u00e1 31tr\/th\u00e1ng Full NT cao c\u1ea5p\"}]},{\"@type\":\"WebSite\",\"@id\":\"https:\/\/vananland.com\/vinhomescentralpark\/#website\",\"url\":\"https:\/\/vananland.com\/vinhomescentralpark\/\",\"name\":\"Vinhomes Central Park\",\"description\":\"\",\"potentialAction\":[{\"@type\":\"SearchAction\",\"target\":{\"@type\":\"EntryPoint\",\"urlTemplate\":\"https:\/\/vananland.com\/vinhomescentralpark\/?s={search_term_string}\"},\"query-input\":{\"@type\":\"PropertyValueSpecification\",\"valueRequired\":true,\"valueName\":\"search_term_string\"}}],\"inLanguage\":\"vi\"}]}<\/script>\n<!-- \/ Yoast SEO plugin. -->","yoast_head_json":{"title":"Cho thu\u00ea c\u0103n h\u1ed9 3 ph\u00f2ng ng\u1ee7 Landmark 2 gi\u00e1 31tr\/th\u00e1ng Full NT cao c\u1ea5p - Vinhomes Central Park","robots":{"index":"index","follow":"follow","max-snippet":"max-snippet:-1","max-image-preview":"max-image-preview:large","max-video-preview":"max-video-preview:-1"},"canonical":"https:\/\/vananland.com\/vinhomescentralpark\/san-pham\/cho-thue-can-ho-3-phong-ngu-landmark-2-gia-31tr-thang-full-nt-cao-cap\/","og_locale":"vi_VN","og_type":"article","og_title":"Cho thu\u00ea c\u0103n h\u1ed9 3 ph\u00f2ng ng\u1ee7 Landmark 2 gi\u00e1 31tr\/th\u00e1ng Full NT cao c\u1ea5p - Vinhomes Central Park","og_description":"C\u0103n h\u1ed9 3 ph\u00f2ng ng\u1ee7 di\u1ec7n t\u00edch r\u1ed9ng Landmark \u00a02 cho thu\u00ea nhanh nhanh gi\u00e1 t\u1ed1t, c\u0103n h\u1ed9 \u0111\u01b0\u1ee3c trang b\u1ecb n\u1ed9i th\u1ea5t \u0111\u1ea7y \u0111\u1ee7 c\u00f9ng t\u1ea7m view tho\u00e1ng. C\u0103n h\u1ed9 thi\u1ebft k\u1ebf g\u1ed3m 1 ph\u00f2ng kh\u00e1ch, 3 ph\u00f2ng ng\u1ee7, 2WC, B\u1ebfp m\u1edf, ban c\u00f4ng v\u00e0 logia Di\u1ec7n t\u00edch: 109,5 m2 H\u01b0\u1edbng ban c\u00f4ng: \u0110\u00f4ng...","og_url":"https:\/\/vananland.com\/vinhomescentralpark\/san-pham\/cho-thue-can-ho-3-phong-ngu-landmark-2-gia-31tr-thang-full-nt-cao-cap\/","og_site_name":"Vinhomes Central Park","article_modified_time":"2026-04-04T14:40:38+00:00","og_image":[{"width":828,"height":621,"url":"https:\/\/vananland.com\/vinhomescentralpark\/wp-content\/uploads\/2023\/04\/z4298882987447_f391dd08a633235a6e25b6ea5adce4ef.jpg","type":"image\/jpeg"}],"twitter_card":"summary_large_image","twitter_misc":{"\u01af\u1edbc t\u00ednh th\u1eddi gian \u0111\u1ecdc":"1 ph\u00fat"},"schema":{"@context":"https:\/\/schema.org","@graph":[{"@type":"WebPage","@id":"https:\/\/vananland.com\/vinhomescentralpark\/san-pham\/cho-thue-can-ho-3-phong-ngu-landmark-2-gia-31tr-thang-full-nt-cao-cap\/","url":"https:\/\/vananland.com\/vinhomescentralpark\/san-pham\/cho-thue-can-ho-3-phong-ngu-landmark-2-gia-31tr-thang-full-nt-cao-cap\/","name":"Cho thu\u00ea c\u0103n h\u1ed9 3 ph\u00f2ng ng\u1ee7 Landmark 2 gi\u00e1 31tr\/th\u00e1ng Full NT cao c\u1ea5p - Vinhomes Central Park","isPartOf":{"@id":"https:\/\/vananland.com\/vinhomescentralpark\/#website"},"primaryImageOfPage":{"@id":"https:\/\/vananland.com\/vinhomescentralpark\/san-pham\/cho-thue-can-ho-3-phong-ngu-landmark-2-gia-31tr-thang-full-nt-cao-cap\/#primaryimage"},"image":{"@id":"https:\/\/vananland.com\/vinhomescentralpark\/san-pham\/cho-thue-can-ho-3-phong-ngu-landmark-2-gia-31tr-thang-full-nt-cao-cap\/#primaryimage"},"thumbnailUrl":"https:\/\/vananland.com\/vinhomescentralpark\/wp-content\/uploads\/2023\/04\/z4298882987447_f391dd08a633235a6e25b6ea5adce4ef.jpg","datePublished":"2023-04-27T03:42:14+00:00","dateModified":"2026-04-04T14:40:38+00:00","breadcrumb":{"@id":"https:\/\/vananland.com\/vinhomescentralpark\/san-pham\/cho-thue-can-ho-3-phong-ngu-landmark-2-gia-31tr-thang-full-nt-cao-cap\/#breadcrumb"},"inLanguage":"vi","potentialAction":[{"@type":"ReadAction","target":["https:\/\/vananland.com\/vinhomescentralpark\/san-pham\/cho-thue-can-ho-3-phong-ngu-landmark-2-gia-31tr-thang-full-nt-cao-cap\/"]}]},{"@type":"ImageObject","inLanguage":"vi","@id":"https:\/\/vananland.com\/vinhomescentralpark\/san-pham\/cho-thue-can-ho-3-phong-ngu-landmark-2-gia-31tr-thang-full-nt-cao-cap\/#primaryimage","url":"https:\/\/vananland.com\/vinhomescentralpark\/wp-content\/uploads\/2023\/04\/z4298882987447_f391dd08a633235a6e25b6ea5adce4ef.jpg","contentUrl":"https:\/\/vananland.com\/vinhomescentralpark\/wp-content\/uploads\/2023\/04\/z4298882987447_f391dd08a633235a6e25b6ea5adce4ef.jpg","width":828,"height":621},{"@type":"BreadcrumbList","@id":"https:\/\/vananland.com\/vinhomescentralpark\/san-pham\/cho-thue-can-ho-3-phong-ngu-landmark-2-gia-31tr-thang-full-nt-cao-cap\/#breadcrumb","itemListElement":[{"@type":"ListItem","position":1,"name":"Home","item":"https:\/\/vananland.com\/vinhomescentralpark\/"},{"@type":"ListItem","position":2,"name":"C\u1eeda h\u00e0ng","item":"https:\/\/vananland.com\/vinhomescentralpark\/mua\/"},{"@type":"ListItem","position":3,"name":"Cho thu\u00ea c\u0103n h\u1ed9 3 ph\u00f2ng ng\u1ee7 Landmark 2 gi\u00e1 31tr\/th\u00e1ng Full NT cao c\u1ea5p"}]},{"@type":"WebSite","@id":"https:\/\/vananland.com\/vinhomescentralpark\/#website","url":"https:\/\/vananland.com\/vinhomescentralpark\/","name":"Vinhomes Central Park","description":"","potentialAction":[{"@type":"SearchAction","target":{"@type":"EntryPoint","urlTemplate":"https:\/\/vananland.com\/vinhomescentralpark\/?s={search_term_string}"},"query-input":{"@type":"PropertyValueSpecification","valueRequired":true,"valueName":"search_term_string"}}],"inLanguage":"vi"}]}},"_links":{"self":[{"href":"https:\/\/vananland.com\/vinhomescentralpark\/wp-json\/wp\/v2\/product\/1848","targetHints":{"allow":["GET"]}}],"collection":[{"href":"https:\/\/vananland.com\/vinhomescentralpark\/wp-json\/wp\/v2\/product"}],"about":[{"href":"https:\/\/vananland.com\/vinhomescentralpark\/wp-json\/wp\/v2\/types\/product"}],"wp:featuredmedia":[{"embeddable":true,"href":"https:\/\/vananland.com\/vinhomescentralpark\/wp-json\/wp\/v2\/media\/1854"}],"wp:attachment":[{"href":"https:\/\/vananland.com\/vinhomescentralpark\/wp-json\/wp\/v2\/media?parent=1848"}],"wp:term":[{"taxonomy":"product_brand","embeddable":true,"href":"https:\/\/vananland.com\/vinhomescentralpark\/wp-json\/wp\/v2\/product_brand?post=1848"},{"taxonomy":"product_cat","embeddable":true,"href":"https:\/\/vananland.com\/vinhomescentralpark\/wp-json\/wp\/v2\/product_cat?post=1848"},{"taxonomy":"product_tag","embeddable":true,"href":"https:\/\/vananland.com\/vinhomescentralpark\/wp-json\/wp\/v2\/product_tag?post=1848"}],"curies":[{"name":"wp","href":"https:\/\/api.w.org\/{rel}","templated":true}]}}