


	{"id":1798,"date":"2023-04-27T02:35:39","date_gmt":"2023-04-26T19:35:39","guid":{"rendered":"https:\/\/vananland.com\/vinhomescentralpark\/?post_type=product&#038;p=1798"},"modified":"2026-04-04T21:42:55","modified_gmt":"2026-04-04T14:42:55","slug":"thue-can-ho-4-phong-ngu-dien-tich-1514-m2-noi-that-sang-trong-hien-dai-2","status":"publish","type":"product","link":"https:\/\/vananland.com\/vinhomescentralpark\/san-pham\/thue-can-ho-4-phong-ngu-dien-tich-1514-m2-noi-that-sang-trong-hien-dai-2\/","title":{"rendered":"Cho thu\u00ea c\u0103n h\u1ed9 4 ph\u00f2ng ng\u1ee7 Landmark 6 n\u1ed9i th\u1ea5t cao c\u1ea5p"},"content":{"rendered":"<p>Thu\u00ea c\u0103n h\u1ed9 4 ph\u00f2ng ng\u1ee7 t\u00f2a Landmark 6, c\u0103n h\u1ed9 t\u1ea7ng th\u1ea5p \u0111\u01b0\u1ee3c trang b\u1ecb n\u1ed9i th\u1ea5t sang tr\u1ecdng, hi\u1ec7n \u0111\u1ea1i. View h\u01b0\u1edbng ra c\u00f4ng vi\u00ean Vinhomes v\u00e0 s\u00f4ng S\u00e0i G\u00f2n.<\/p>\n<p>Gi\u00e1 thu\u00ea: 63 tri\u1ec7u\/th\u00e1ng<\/p>\n<p>C\u0103n h\u1ed9 thi\u1ebft k\u1ebf bao g\u1ed3m 1 ph\u00f2ng kh\u00e1ch, 4 ph\u00f2ng ng\u1ee7, 3 nh\u00e0 v\u1ec7 sinh, b\u1ebfp m\u1edf, ban c\u00f4ng v\u00e0 logia.<\/p>\n<p>Di\u1ec7n t\u00edch tin t\u01b0\u1eddng: 155,4 m2<\/p>\n<p>Di\u1ec7n t\u00edch th\u00f4ng th\u1ee7y: 139,6 m2<\/p>\n<p>N\u1ed9i th\u1ea5t b\u00e0n giao: Full n\u1ed9i th\u1ea5t.<\/p>\n<p>H\u1ed7 tr\u1ee3 xem nh\u00e0 24\/7<\/p>\n","protected":false},"excerpt":{"rendered":"<p>Thu\u00ea c\u0103n h\u1ed9 4 ph\u00f2ng ng\u1ee7 t\u00f2a Landmark 6, c\u0103n h\u1ed9 t\u1ea7ng th\u1ea5p \u0111\u01b0\u1ee3c trang b\u1ecb n\u1ed9i th\u1ea5t sang tr\u1ecdng, hi\u1ec7n \u0111\u1ea1i. View h\u01b0\u1edbng ra c\u00f4ng vi\u00ean Vinhomes v\u00e0 s\u00f4ng S\u00e0i G\u00f2n. Gi\u00e1 thu\u00ea: 63 tri\u1ec7u\/th\u00e1ng C\u0103n h\u1ed9 thi\u1ebft k\u1ebf bao g\u1ed3m 1 ph\u00f2ng kh\u00e1ch, 4 ph\u00f2ng ng\u1ee7, 3 nh\u00e0 v\u1ec7 sinh, b\u1ebfp m\u1edf, ban&#8230;<\/p>\n","protected":false},"featured_media":1811,"template":"","meta":[],"product_brand":[],"product_cat":[48],"product_tag":[],"class_list":{"0":"post-1798","1":"product","2":"type-product","3":"status-publish","4":"has-post-thumbnail","6":"product_cat-cho-thue-4-phong-ngu-vinhomes-central-park","8":"first","9":"instock","10":"shipping-taxable","11":"purchasable","12":"product-type-simple"},"yoast_head":"<!-- This site is optimized with the Yoast SEO plugin v27.2 - https:\/\/yoast.com\/product\/yoast-seo-wordpress\/ -->\n<title>Cho thu\u00ea c\u0103n h\u1ed9 4 ph\u00f2ng ng\u1ee7 Landmark 6 n\u1ed9i th\u1ea5t cao c\u1ea5p - Vinhomes Central Park<\/title>\n<meta name=\"robots\" content=\"index, follow, max-snippet:-1, max-image-preview:large, max-video-preview:-1\" \/>\n<link rel=\"canonical\" href=\"https:\/\/vananland.com\/vinhomescentralpark\/san-pham\/thue-can-ho-4-phong-ngu-dien-tich-1514-m2-noi-that-sang-trong-hien-dai-2\/\" \/>\n<meta property=\"og:locale\" content=\"vi_VN\" \/>\n<meta property=\"og:type\" content=\"article\" \/>\n<meta property=\"og:title\" content=\"Cho thu\u00ea c\u0103n h\u1ed9 4 ph\u00f2ng ng\u1ee7 Landmark 6 n\u1ed9i th\u1ea5t cao c\u1ea5p - Vinhomes Central Park\" \/>\n<meta property=\"og:description\" content=\"Thu\u00ea c\u0103n h\u1ed9 4 ph\u00f2ng ng\u1ee7 t\u00f2a Landmark 6, c\u0103n h\u1ed9 t\u1ea7ng th\u1ea5p \u0111\u01b0\u1ee3c trang b\u1ecb n\u1ed9i th\u1ea5t sang tr\u1ecdng, hi\u1ec7n \u0111\u1ea1i. View h\u01b0\u1edbng ra c\u00f4ng vi\u00ean Vinhomes v\u00e0 s\u00f4ng S\u00e0i G\u00f2n. Gi\u00e1 thu\u00ea: 63 tri\u1ec7u\/th\u00e1ng C\u0103n h\u1ed9 thi\u1ebft k\u1ebf bao g\u1ed3m 1 ph\u00f2ng kh\u00e1ch, 4 ph\u00f2ng ng\u1ee7, 3 nh\u00e0 v\u1ec7 sinh, b\u1ebfp m\u1edf, ban...\" \/>\n<meta property=\"og:url\" content=\"https:\/\/vananland.com\/vinhomescentralpark\/san-pham\/thue-can-ho-4-phong-ngu-dien-tich-1514-m2-noi-that-sang-trong-hien-dai-2\/\" \/>\n<meta property=\"og:site_name\" content=\"Vinhomes Central Park\" \/>\n<meta property=\"article:modified_time\" content=\"2026-04-04T14:42:55+00:00\" \/>\n<meta property=\"og:image\" content=\"https:\/\/vananland.com\/vinhomescentralpark\/wp-content\/uploads\/2023\/04\/62051e2ca650630e3a418.jpg\" \/>\n\t<meta property=\"og:image:width\" content=\"960\" \/>\n\t<meta property=\"og:image:height\" content=\"640\" \/>\n\t<meta property=\"og:image:type\" content=\"image\/jpeg\" \/>\n<meta name=\"twitter:card\" content=\"summary_large_image\" \/>\n<meta name=\"twitter:label1\" content=\"\u01af\u1edbc t\u00ednh th\u1eddi gian \u0111\u1ecdc\" \/>\n\t<meta name=\"twitter:data1\" content=\"1 ph\u00fat\" \/>\n<script type=\"application\/ld+json\" class=\"yoast-schema-graph\">{\"@context\":\"https:\/\/schema.org\",\"@graph\":[{\"@type\":\"WebPage\",\"@id\":\"https:\/\/vananland.com\/vinhomescentralpark\/san-pham\/thue-can-ho-4-phong-ngu-dien-tich-1514-m2-noi-that-sang-trong-hien-dai-2\/\",\"url\":\"https:\/\/vananland.com\/vinhomescentralpark\/san-pham\/thue-can-ho-4-phong-ngu-dien-tich-1514-m2-noi-that-sang-trong-hien-dai-2\/\",\"name\":\"Cho thu\u00ea c\u0103n h\u1ed9 4 ph\u00f2ng ng\u1ee7 Landmark 6 n\u1ed9i th\u1ea5t cao c\u1ea5p - Vinhomes Central Park\",\"isPartOf\":{\"@id\":\"https:\/\/vananland.com\/vinhomescentralpark\/#website\"},\"primaryImageOfPage\":{\"@id\":\"https:\/\/vananland.com\/vinhomescentralpark\/san-pham\/thue-can-ho-4-phong-ngu-dien-tich-1514-m2-noi-that-sang-trong-hien-dai-2\/#primaryimage\"},\"image\":{\"@id\":\"https:\/\/vananland.com\/vinhomescentralpark\/san-pham\/thue-can-ho-4-phong-ngu-dien-tich-1514-m2-noi-that-sang-trong-hien-dai-2\/#primaryimage\"},\"thumbnailUrl\":\"https:\/\/vananland.com\/vinhomescentralpark\/wp-content\/uploads\/2023\/04\/62051e2ca650630e3a418.jpg\",\"datePublished\":\"2023-04-26T19:35:39+00:00\",\"dateModified\":\"2026-04-04T14:42:55+00:00\",\"breadcrumb\":{\"@id\":\"https:\/\/vananland.com\/vinhomescentralpark\/san-pham\/thue-can-ho-4-phong-ngu-dien-tich-1514-m2-noi-that-sang-trong-hien-dai-2\/#breadcrumb\"},\"inLanguage\":\"vi\",\"potentialAction\":[{\"@type\":\"ReadAction\",\"target\":[\"https:\/\/vananland.com\/vinhomescentralpark\/san-pham\/thue-can-ho-4-phong-ngu-dien-tich-1514-m2-noi-that-sang-trong-hien-dai-2\/\"]}]},{\"@type\":\"ImageObject\",\"inLanguage\":\"vi\",\"@id\":\"https:\/\/vananland.com\/vinhomescentralpark\/san-pham\/thue-can-ho-4-phong-ngu-dien-tich-1514-m2-noi-that-sang-trong-hien-dai-2\/#primaryimage\",\"url\":\"https:\/\/vananland.com\/vinhomescentralpark\/wp-content\/uploads\/2023\/04\/62051e2ca650630e3a418.jpg\",\"contentUrl\":\"https:\/\/vananland.com\/vinhomescentralpark\/wp-content\/uploads\/2023\/04\/62051e2ca650630e3a418.jpg\",\"width\":960,\"height\":640},{\"@type\":\"BreadcrumbList\",\"@id\":\"https:\/\/vananland.com\/vinhomescentralpark\/san-pham\/thue-can-ho-4-phong-ngu-dien-tich-1514-m2-noi-that-sang-trong-hien-dai-2\/#breadcrumb\",\"itemListElement\":[{\"@type\":\"ListItem\",\"position\":1,\"name\":\"Home\",\"item\":\"https:\/\/vananland.com\/vinhomescentralpark\/\"},{\"@type\":\"ListItem\",\"position\":2,\"name\":\"C\u1eeda h\u00e0ng\",\"item\":\"https:\/\/vananland.com\/vinhomescentralpark\/mua\/\"},{\"@type\":\"ListItem\",\"position\":3,\"name\":\"Cho thu\u00ea c\u0103n h\u1ed9 4 ph\u00f2ng ng\u1ee7 Landmark 6 n\u1ed9i th\u1ea5t cao c\u1ea5p\"}]},{\"@type\":\"WebSite\",\"@id\":\"https:\/\/vananland.com\/vinhomescentralpark\/#website\",\"url\":\"https:\/\/vananland.com\/vinhomescentralpark\/\",\"name\":\"Vinhomes Central Park\",\"description\":\"\",\"potentialAction\":[{\"@type\":\"SearchAction\",\"target\":{\"@type\":\"EntryPoint\",\"urlTemplate\":\"https:\/\/vananland.com\/vinhomescentralpark\/?s={search_term_string}\"},\"query-input\":{\"@type\":\"PropertyValueSpecification\",\"valueRequired\":true,\"valueName\":\"search_term_string\"}}],\"inLanguage\":\"vi\"}]}<\/script>\n<!-- \/ Yoast SEO plugin. -->","yoast_head_json":{"title":"Cho thu\u00ea c\u0103n h\u1ed9 4 ph\u00f2ng ng\u1ee7 Landmark 6 n\u1ed9i th\u1ea5t cao c\u1ea5p - Vinhomes Central Park","robots":{"index":"index","follow":"follow","max-snippet":"max-snippet:-1","max-image-preview":"max-image-preview:large","max-video-preview":"max-video-preview:-1"},"canonical":"https:\/\/vananland.com\/vinhomescentralpark\/san-pham\/thue-can-ho-4-phong-ngu-dien-tich-1514-m2-noi-that-sang-trong-hien-dai-2\/","og_locale":"vi_VN","og_type":"article","og_title":"Cho thu\u00ea c\u0103n h\u1ed9 4 ph\u00f2ng ng\u1ee7 Landmark 6 n\u1ed9i th\u1ea5t cao c\u1ea5p - Vinhomes Central Park","og_description":"Thu\u00ea c\u0103n h\u1ed9 4 ph\u00f2ng ng\u1ee7 t\u00f2a Landmark 6, c\u0103n h\u1ed9 t\u1ea7ng th\u1ea5p \u0111\u01b0\u1ee3c trang b\u1ecb n\u1ed9i th\u1ea5t sang tr\u1ecdng, hi\u1ec7n \u0111\u1ea1i. View h\u01b0\u1edbng ra c\u00f4ng vi\u00ean Vinhomes v\u00e0 s\u00f4ng S\u00e0i G\u00f2n. Gi\u00e1 thu\u00ea: 63 tri\u1ec7u\/th\u00e1ng C\u0103n h\u1ed9 thi\u1ebft k\u1ebf bao g\u1ed3m 1 ph\u00f2ng kh\u00e1ch, 4 ph\u00f2ng ng\u1ee7, 3 nh\u00e0 v\u1ec7 sinh, b\u1ebfp m\u1edf, ban...","og_url":"https:\/\/vananland.com\/vinhomescentralpark\/san-pham\/thue-can-ho-4-phong-ngu-dien-tich-1514-m2-noi-that-sang-trong-hien-dai-2\/","og_site_name":"Vinhomes Central Park","article_modified_time":"2026-04-04T14:42:55+00:00","og_image":[{"width":960,"height":640,"url":"https:\/\/vananland.com\/vinhomescentralpark\/wp-content\/uploads\/2023\/04\/62051e2ca650630e3a418.jpg","type":"image\/jpeg"}],"twitter_card":"summary_large_image","twitter_misc":{"\u01af\u1edbc t\u00ednh th\u1eddi gian \u0111\u1ecdc":"1 ph\u00fat"},"schema":{"@context":"https:\/\/schema.org","@graph":[{"@type":"WebPage","@id":"https:\/\/vananland.com\/vinhomescentralpark\/san-pham\/thue-can-ho-4-phong-ngu-dien-tich-1514-m2-noi-that-sang-trong-hien-dai-2\/","url":"https:\/\/vananland.com\/vinhomescentralpark\/san-pham\/thue-can-ho-4-phong-ngu-dien-tich-1514-m2-noi-that-sang-trong-hien-dai-2\/","name":"Cho thu\u00ea c\u0103n h\u1ed9 4 ph\u00f2ng ng\u1ee7 Landmark 6 n\u1ed9i th\u1ea5t cao c\u1ea5p - Vinhomes Central Park","isPartOf":{"@id":"https:\/\/vananland.com\/vinhomescentralpark\/#website"},"primaryImageOfPage":{"@id":"https:\/\/vananland.com\/vinhomescentralpark\/san-pham\/thue-can-ho-4-phong-ngu-dien-tich-1514-m2-noi-that-sang-trong-hien-dai-2\/#primaryimage"},"image":{"@id":"https:\/\/vananland.com\/vinhomescentralpark\/san-pham\/thue-can-ho-4-phong-ngu-dien-tich-1514-m2-noi-that-sang-trong-hien-dai-2\/#primaryimage"},"thumbnailUrl":"https:\/\/vananland.com\/vinhomescentralpark\/wp-content\/uploads\/2023\/04\/62051e2ca650630e3a418.jpg","datePublished":"2023-04-26T19:35:39+00:00","dateModified":"2026-04-04T14:42:55+00:00","breadcrumb":{"@id":"https:\/\/vananland.com\/vinhomescentralpark\/san-pham\/thue-can-ho-4-phong-ngu-dien-tich-1514-m2-noi-that-sang-trong-hien-dai-2\/#breadcrumb"},"inLanguage":"vi","potentialAction":[{"@type":"ReadAction","target":["https:\/\/vananland.com\/vinhomescentralpark\/san-pham\/thue-can-ho-4-phong-ngu-dien-tich-1514-m2-noi-that-sang-trong-hien-dai-2\/"]}]},{"@type":"ImageObject","inLanguage":"vi","@id":"https:\/\/vananland.com\/vinhomescentralpark\/san-pham\/thue-can-ho-4-phong-ngu-dien-tich-1514-m2-noi-that-sang-trong-hien-dai-2\/#primaryimage","url":"https:\/\/vananland.com\/vinhomescentralpark\/wp-content\/uploads\/2023\/04\/62051e2ca650630e3a418.jpg","contentUrl":"https:\/\/vananland.com\/vinhomescentralpark\/wp-content\/uploads\/2023\/04\/62051e2ca650630e3a418.jpg","width":960,"height":640},{"@type":"BreadcrumbList","@id":"https:\/\/vananland.com\/vinhomescentralpark\/san-pham\/thue-can-ho-4-phong-ngu-dien-tich-1514-m2-noi-that-sang-trong-hien-dai-2\/#breadcrumb","itemListElement":[{"@type":"ListItem","position":1,"name":"Home","item":"https:\/\/vananland.com\/vinhomescentralpark\/"},{"@type":"ListItem","position":2,"name":"C\u1eeda h\u00e0ng","item":"https:\/\/vananland.com\/vinhomescentralpark\/mua\/"},{"@type":"ListItem","position":3,"name":"Cho thu\u00ea c\u0103n h\u1ed9 4 ph\u00f2ng ng\u1ee7 Landmark 6 n\u1ed9i th\u1ea5t cao c\u1ea5p"}]},{"@type":"WebSite","@id":"https:\/\/vananland.com\/vinhomescentralpark\/#website","url":"https:\/\/vananland.com\/vinhomescentralpark\/","name":"Vinhomes Central Park","description":"","potentialAction":[{"@type":"SearchAction","target":{"@type":"EntryPoint","urlTemplate":"https:\/\/vananland.com\/vinhomescentralpark\/?s={search_term_string}"},"query-input":{"@type":"PropertyValueSpecification","valueRequired":true,"valueName":"search_term_string"}}],"inLanguage":"vi"}]}},"_links":{"self":[{"href":"https:\/\/vananland.com\/vinhomescentralpark\/wp-json\/wp\/v2\/product\/1798","targetHints":{"allow":["GET"]}}],"collection":[{"href":"https:\/\/vananland.com\/vinhomescentralpark\/wp-json\/wp\/v2\/product"}],"about":[{"href":"https:\/\/vananland.com\/vinhomescentralpark\/wp-json\/wp\/v2\/types\/product"}],"wp:featuredmedia":[{"embeddable":true,"href":"https:\/\/vananland.com\/vinhomescentralpark\/wp-json\/wp\/v2\/media\/1811"}],"wp:attachment":[{"href":"https:\/\/vananland.com\/vinhomescentralpark\/wp-json\/wp\/v2\/media?parent=1798"}],"wp:term":[{"taxonomy":"product_brand","embeddable":true,"href":"https:\/\/vananland.com\/vinhomescentralpark\/wp-json\/wp\/v2\/product_brand?post=1798"},{"taxonomy":"product_cat","embeddable":true,"href":"https:\/\/vananland.com\/vinhomescentralpark\/wp-json\/wp\/v2\/product_cat?post=1798"},{"taxonomy":"product_tag","embeddable":true,"href":"https:\/\/vananland.com\/vinhomescentralpark\/wp-json\/wp\/v2\/product_tag?post=1798"}],"curies":[{"name":"wp","href":"https:\/\/api.w.org\/{rel}","templated":true}]}}