


	{"id":1789,"date":"2023-04-27T02:27:02","date_gmt":"2023-04-26T19:27:02","guid":{"rendered":"https:\/\/vananland.com\/vinhomescentralpark\/?post_type=product&#038;p=1789"},"modified":"2023-04-27T02:33:48","modified_gmt":"2023-04-26T19:33:48","slug":"ban-can-ho-3-phong-ngu-2-logia-dien-tich-115-m2-noi-that-hoang-gia-gia-chi-voi-109-ty","status":"publish","type":"product","link":"https:\/\/vananland.com\/vinhomescentralpark\/san-pham\/ban-can-ho-3-phong-ngu-2-logia-dien-tich-115-m2-noi-that-hoang-gia-gia-chi-voi-109-ty\/","title":{"rendered":"B\u00e1n c\u0103n h\u1ed9 3 ph\u00f2ng ng\u1ee7 , 2 Logia di\u1ec7n t\u00edch 115 m2 n\u1ed9i th\u1ea5t ho\u00e0ng gia, gi\u00e1 ch\u1ec9 v\u1edbi 10,9 t\u1ef7"},"content":{"rendered":"<p>B\u00e1n c\u0103n h\u1ed9 3 ph\u00f2ng ng\u1ee7 t\u00f2a Park 2, c\u0103n h\u1ed9 t\u1ea7ng th\u1ea5p \u0111\u01b0\u1ee3c trang b\u1ecb n\u1ed9i th\u1ea5t c\u1ef1c k\u1ef3 sang tr\u1ecdng, t\u1ea7m view h\u01b0\u1edbng th\u1eb3ng \u0111\u1ebfn t\u00f2a Lanmark 81.<\/p>\n<p>Gi\u00e1 b\u00e1n: 10 t\u1ef7 9<\/p>\n<p>C\u0103n h\u1ed9 thi\u1ebft k\u1ebf bao g\u1ed3m 1 ph\u00f2ng kh\u00e1ch, 3 ph\u00f2ng ng\u1ee7, 2 nh\u00e0 v\u1ec7 sinh, gian b\u1ebfp, 2 ban c\u00f4ng v\u00e0 logia.<\/p>\n<p>Di\u1ec7n t\u00edch tin t\u01b0\u1eddng: 115 m2<\/p>\n<p>N\u1ed9i th\u1ea5t b\u00e0n giao: Full n\u1ed9i th\u1ea5t ho\u00e0ng gia.<\/p>\n<p>H\u1ed7 tr\u1ee3 xem nh\u00e0 24\/7<\/p>\n","protected":false},"excerpt":{"rendered":"<p>B\u00e1n c\u0103n h\u1ed9 3 ph\u00f2ng ng\u1ee7 t\u00f2a Park 2, c\u0103n h\u1ed9 t\u1ea7ng th\u1ea5p \u0111\u01b0\u1ee3c trang b\u1ecb n\u1ed9i th\u1ea5t c\u1ef1c k\u1ef3 sang tr\u1ecdng, t\u1ea7m view h\u01b0\u1edbng th\u1eb3ng \u0111\u1ebfn t\u00f2a Lanmark 81. Gi\u00e1 b\u00e1n: 10 t\u1ef7 9 C\u0103n h\u1ed9 thi\u1ebft k\u1ebf bao g\u1ed3m 1 ph\u00f2ng kh\u00e1ch, 3 ph\u00f2ng ng\u1ee7, 2 nh\u00e0 v\u1ec7 sinh, gian b\u1ebfp, 2 ban&#8230;<\/p>\n","protected":false},"featured_media":1792,"template":"","meta":[],"product_brand":[],"product_cat":[41],"product_tag":[],"class_list":{"0":"post-1789","1":"product","2":"type-product","3":"status-publish","4":"has-post-thumbnail","6":"product_cat-ban-3-phong-ngu-vinhomes-central-park","8":"first","9":"instock","10":"shipping-taxable","11":"purchasable","12":"product-type-simple"},"yoast_head":"<!-- This site is optimized with the Yoast SEO plugin v27.2 - https:\/\/yoast.com\/product\/yoast-seo-wordpress\/ -->\n<title>B\u00e1n c\u0103n h\u1ed9 3 ph\u00f2ng ng\u1ee7 , 2 Logia di\u1ec7n t\u00edch 115 m2 n\u1ed9i th\u1ea5t ho\u00e0ng gia, gi\u00e1 ch\u1ec9 v\u1edbi 10,9 t\u1ef7 - Vinhomes Central Park<\/title>\n<meta name=\"robots\" content=\"index, follow, max-snippet:-1, max-image-preview:large, max-video-preview:-1\" \/>\n<link rel=\"canonical\" href=\"https:\/\/vananland.com\/vinhomescentralpark\/san-pham\/ban-can-ho-3-phong-ngu-2-logia-dien-tich-115-m2-noi-that-hoang-gia-gia-chi-voi-109-ty\/\" \/>\n<meta property=\"og:locale\" content=\"vi_VN\" \/>\n<meta property=\"og:type\" content=\"article\" \/>\n<meta property=\"og:title\" content=\"B\u00e1n c\u0103n h\u1ed9 3 ph\u00f2ng ng\u1ee7 , 2 Logia di\u1ec7n t\u00edch 115 m2 n\u1ed9i th\u1ea5t ho\u00e0ng gia, gi\u00e1 ch\u1ec9 v\u1edbi 10,9 t\u1ef7 - Vinhomes Central Park\" \/>\n<meta property=\"og:description\" content=\"B\u00e1n c\u0103n h\u1ed9 3 ph\u00f2ng ng\u1ee7 t\u00f2a Park 2, c\u0103n h\u1ed9 t\u1ea7ng th\u1ea5p \u0111\u01b0\u1ee3c trang b\u1ecb n\u1ed9i th\u1ea5t c\u1ef1c k\u1ef3 sang tr\u1ecdng, t\u1ea7m view h\u01b0\u1edbng th\u1eb3ng \u0111\u1ebfn t\u00f2a Lanmark 81. Gi\u00e1 b\u00e1n: 10 t\u1ef7 9 C\u0103n h\u1ed9 thi\u1ebft k\u1ebf bao g\u1ed3m 1 ph\u00f2ng kh\u00e1ch, 3 ph\u00f2ng ng\u1ee7, 2 nh\u00e0 v\u1ec7 sinh, gian b\u1ebfp, 2 ban...\" \/>\n<meta property=\"og:url\" content=\"https:\/\/vananland.com\/vinhomescentralpark\/san-pham\/ban-can-ho-3-phong-ngu-2-logia-dien-tich-115-m2-noi-that-hoang-gia-gia-chi-voi-109-ty\/\" \/>\n<meta property=\"og:site_name\" content=\"Vinhomes Central Park\" \/>\n<meta property=\"article:modified_time\" content=\"2023-04-26T19:33:48+00:00\" \/>\n<meta property=\"og:image\" content=\"https:\/\/vananland.com\/vinhomescentralpark\/wp-content\/uploads\/2023\/04\/z4298219094787_3713cfbc99dd66b3b2de452e19abab3b.jpg\" \/>\n\t<meta property=\"og:image:width\" content=\"960\" \/>\n\t<meta property=\"og:image:height\" content=\"719\" \/>\n\t<meta property=\"og:image:type\" content=\"image\/jpeg\" \/>\n<meta name=\"twitter:card\" content=\"summary_large_image\" \/>\n<meta name=\"twitter:label1\" content=\"\u01af\u1edbc t\u00ednh th\u1eddi gian \u0111\u1ecdc\" \/>\n\t<meta name=\"twitter:data1\" content=\"1 ph\u00fat\" \/>\n<script type=\"application\/ld+json\" class=\"yoast-schema-graph\">{\"@context\":\"https:\/\/schema.org\",\"@graph\":[{\"@type\":\"WebPage\",\"@id\":\"https:\/\/vananland.com\/vinhomescentralpark\/san-pham\/ban-can-ho-3-phong-ngu-2-logia-dien-tich-115-m2-noi-that-hoang-gia-gia-chi-voi-109-ty\/\",\"url\":\"https:\/\/vananland.com\/vinhomescentralpark\/san-pham\/ban-can-ho-3-phong-ngu-2-logia-dien-tich-115-m2-noi-that-hoang-gia-gia-chi-voi-109-ty\/\",\"name\":\"B\u00e1n c\u0103n h\u1ed9 3 ph\u00f2ng ng\u1ee7 , 2 Logia di\u1ec7n t\u00edch 115 m2 n\u1ed9i th\u1ea5t ho\u00e0ng gia, gi\u00e1 ch\u1ec9 v\u1edbi 10,9 t\u1ef7 - Vinhomes Central Park\",\"isPartOf\":{\"@id\":\"https:\/\/vananland.com\/vinhomescentralpark\/#website\"},\"primaryImageOfPage\":{\"@id\":\"https:\/\/vananland.com\/vinhomescentralpark\/san-pham\/ban-can-ho-3-phong-ngu-2-logia-dien-tich-115-m2-noi-that-hoang-gia-gia-chi-voi-109-ty\/#primaryimage\"},\"image\":{\"@id\":\"https:\/\/vananland.com\/vinhomescentralpark\/san-pham\/ban-can-ho-3-phong-ngu-2-logia-dien-tich-115-m2-noi-that-hoang-gia-gia-chi-voi-109-ty\/#primaryimage\"},\"thumbnailUrl\":\"https:\/\/vananland.com\/vinhomescentralpark\/wp-content\/uploads\/2023\/04\/z4298219094787_3713cfbc99dd66b3b2de452e19abab3b.jpg\",\"datePublished\":\"2023-04-26T19:27:02+00:00\",\"dateModified\":\"2023-04-26T19:33:48+00:00\",\"breadcrumb\":{\"@id\":\"https:\/\/vananland.com\/vinhomescentralpark\/san-pham\/ban-can-ho-3-phong-ngu-2-logia-dien-tich-115-m2-noi-that-hoang-gia-gia-chi-voi-109-ty\/#breadcrumb\"},\"inLanguage\":\"vi\",\"potentialAction\":[{\"@type\":\"ReadAction\",\"target\":[\"https:\/\/vananland.com\/vinhomescentralpark\/san-pham\/ban-can-ho-3-phong-ngu-2-logia-dien-tich-115-m2-noi-that-hoang-gia-gia-chi-voi-109-ty\/\"]}]},{\"@type\":\"ImageObject\",\"inLanguage\":\"vi\",\"@id\":\"https:\/\/vananland.com\/vinhomescentralpark\/san-pham\/ban-can-ho-3-phong-ngu-2-logia-dien-tich-115-m2-noi-that-hoang-gia-gia-chi-voi-109-ty\/#primaryimage\",\"url\":\"https:\/\/vananland.com\/vinhomescentralpark\/wp-content\/uploads\/2023\/04\/z4298219094787_3713cfbc99dd66b3b2de452e19abab3b.jpg\",\"contentUrl\":\"https:\/\/vananland.com\/vinhomescentralpark\/wp-content\/uploads\/2023\/04\/z4298219094787_3713cfbc99dd66b3b2de452e19abab3b.jpg\",\"width\":960,\"height\":719},{\"@type\":\"BreadcrumbList\",\"@id\":\"https:\/\/vananland.com\/vinhomescentralpark\/san-pham\/ban-can-ho-3-phong-ngu-2-logia-dien-tich-115-m2-noi-that-hoang-gia-gia-chi-voi-109-ty\/#breadcrumb\",\"itemListElement\":[{\"@type\":\"ListItem\",\"position\":1,\"name\":\"Home\",\"item\":\"https:\/\/vananland.com\/vinhomescentralpark\/\"},{\"@type\":\"ListItem\",\"position\":2,\"name\":\"C\u1eeda h\u00e0ng\",\"item\":\"https:\/\/vananland.com\/vinhomescentralpark\/mua\/\"},{\"@type\":\"ListItem\",\"position\":3,\"name\":\"B\u00e1n c\u0103n h\u1ed9 3 ph\u00f2ng ng\u1ee7 , 2 Logia di\u1ec7n t\u00edch 115 m2 n\u1ed9i th\u1ea5t ho\u00e0ng gia, gi\u00e1 ch\u1ec9 v\u1edbi 10,9 t\u1ef7\"}]},{\"@type\":\"WebSite\",\"@id\":\"https:\/\/vananland.com\/vinhomescentralpark\/#website\",\"url\":\"https:\/\/vananland.com\/vinhomescentralpark\/\",\"name\":\"Vinhomes Central Park\",\"description\":\"\",\"potentialAction\":[{\"@type\":\"SearchAction\",\"target\":{\"@type\":\"EntryPoint\",\"urlTemplate\":\"https:\/\/vananland.com\/vinhomescentralpark\/?s={search_term_string}\"},\"query-input\":{\"@type\":\"PropertyValueSpecification\",\"valueRequired\":true,\"valueName\":\"search_term_string\"}}],\"inLanguage\":\"vi\"}]}<\/script>\n<!-- \/ Yoast SEO plugin. -->","yoast_head_json":{"title":"B\u00e1n c\u0103n h\u1ed9 3 ph\u00f2ng ng\u1ee7 , 2 Logia di\u1ec7n t\u00edch 115 m2 n\u1ed9i th\u1ea5t ho\u00e0ng gia, gi\u00e1 ch\u1ec9 v\u1edbi 10,9 t\u1ef7 - Vinhomes Central Park","robots":{"index":"index","follow":"follow","max-snippet":"max-snippet:-1","max-image-preview":"max-image-preview:large","max-video-preview":"max-video-preview:-1"},"canonical":"https:\/\/vananland.com\/vinhomescentralpark\/san-pham\/ban-can-ho-3-phong-ngu-2-logia-dien-tich-115-m2-noi-that-hoang-gia-gia-chi-voi-109-ty\/","og_locale":"vi_VN","og_type":"article","og_title":"B\u00e1n c\u0103n h\u1ed9 3 ph\u00f2ng ng\u1ee7 , 2 Logia di\u1ec7n t\u00edch 115 m2 n\u1ed9i th\u1ea5t ho\u00e0ng gia, gi\u00e1 ch\u1ec9 v\u1edbi 10,9 t\u1ef7 - Vinhomes Central Park","og_description":"B\u00e1n c\u0103n h\u1ed9 3 ph\u00f2ng ng\u1ee7 t\u00f2a Park 2, c\u0103n h\u1ed9 t\u1ea7ng th\u1ea5p \u0111\u01b0\u1ee3c trang b\u1ecb n\u1ed9i th\u1ea5t c\u1ef1c k\u1ef3 sang tr\u1ecdng, t\u1ea7m view h\u01b0\u1edbng th\u1eb3ng \u0111\u1ebfn t\u00f2a Lanmark 81. Gi\u00e1 b\u00e1n: 10 t\u1ef7 9 C\u0103n h\u1ed9 thi\u1ebft k\u1ebf bao g\u1ed3m 1 ph\u00f2ng kh\u00e1ch, 3 ph\u00f2ng ng\u1ee7, 2 nh\u00e0 v\u1ec7 sinh, gian b\u1ebfp, 2 ban...","og_url":"https:\/\/vananland.com\/vinhomescentralpark\/san-pham\/ban-can-ho-3-phong-ngu-2-logia-dien-tich-115-m2-noi-that-hoang-gia-gia-chi-voi-109-ty\/","og_site_name":"Vinhomes Central Park","article_modified_time":"2023-04-26T19:33:48+00:00","og_image":[{"width":960,"height":719,"url":"https:\/\/vananland.com\/vinhomescentralpark\/wp-content\/uploads\/2023\/04\/z4298219094787_3713cfbc99dd66b3b2de452e19abab3b.jpg","type":"image\/jpeg"}],"twitter_card":"summary_large_image","twitter_misc":{"\u01af\u1edbc t\u00ednh th\u1eddi gian \u0111\u1ecdc":"1 ph\u00fat"},"schema":{"@context":"https:\/\/schema.org","@graph":[{"@type":"WebPage","@id":"https:\/\/vananland.com\/vinhomescentralpark\/san-pham\/ban-can-ho-3-phong-ngu-2-logia-dien-tich-115-m2-noi-that-hoang-gia-gia-chi-voi-109-ty\/","url":"https:\/\/vananland.com\/vinhomescentralpark\/san-pham\/ban-can-ho-3-phong-ngu-2-logia-dien-tich-115-m2-noi-that-hoang-gia-gia-chi-voi-109-ty\/","name":"B\u00e1n c\u0103n h\u1ed9 3 ph\u00f2ng ng\u1ee7 , 2 Logia di\u1ec7n t\u00edch 115 m2 n\u1ed9i th\u1ea5t ho\u00e0ng gia, gi\u00e1 ch\u1ec9 v\u1edbi 10,9 t\u1ef7 - Vinhomes Central Park","isPartOf":{"@id":"https:\/\/vananland.com\/vinhomescentralpark\/#website"},"primaryImageOfPage":{"@id":"https:\/\/vananland.com\/vinhomescentralpark\/san-pham\/ban-can-ho-3-phong-ngu-2-logia-dien-tich-115-m2-noi-that-hoang-gia-gia-chi-voi-109-ty\/#primaryimage"},"image":{"@id":"https:\/\/vananland.com\/vinhomescentralpark\/san-pham\/ban-can-ho-3-phong-ngu-2-logia-dien-tich-115-m2-noi-that-hoang-gia-gia-chi-voi-109-ty\/#primaryimage"},"thumbnailUrl":"https:\/\/vananland.com\/vinhomescentralpark\/wp-content\/uploads\/2023\/04\/z4298219094787_3713cfbc99dd66b3b2de452e19abab3b.jpg","datePublished":"2023-04-26T19:27:02+00:00","dateModified":"2023-04-26T19:33:48+00:00","breadcrumb":{"@id":"https:\/\/vananland.com\/vinhomescentralpark\/san-pham\/ban-can-ho-3-phong-ngu-2-logia-dien-tich-115-m2-noi-that-hoang-gia-gia-chi-voi-109-ty\/#breadcrumb"},"inLanguage":"vi","potentialAction":[{"@type":"ReadAction","target":["https:\/\/vananland.com\/vinhomescentralpark\/san-pham\/ban-can-ho-3-phong-ngu-2-logia-dien-tich-115-m2-noi-that-hoang-gia-gia-chi-voi-109-ty\/"]}]},{"@type":"ImageObject","inLanguage":"vi","@id":"https:\/\/vananland.com\/vinhomescentralpark\/san-pham\/ban-can-ho-3-phong-ngu-2-logia-dien-tich-115-m2-noi-that-hoang-gia-gia-chi-voi-109-ty\/#primaryimage","url":"https:\/\/vananland.com\/vinhomescentralpark\/wp-content\/uploads\/2023\/04\/z4298219094787_3713cfbc99dd66b3b2de452e19abab3b.jpg","contentUrl":"https:\/\/vananland.com\/vinhomescentralpark\/wp-content\/uploads\/2023\/04\/z4298219094787_3713cfbc99dd66b3b2de452e19abab3b.jpg","width":960,"height":719},{"@type":"BreadcrumbList","@id":"https:\/\/vananland.com\/vinhomescentralpark\/san-pham\/ban-can-ho-3-phong-ngu-2-logia-dien-tich-115-m2-noi-that-hoang-gia-gia-chi-voi-109-ty\/#breadcrumb","itemListElement":[{"@type":"ListItem","position":1,"name":"Home","item":"https:\/\/vananland.com\/vinhomescentralpark\/"},{"@type":"ListItem","position":2,"name":"C\u1eeda h\u00e0ng","item":"https:\/\/vananland.com\/vinhomescentralpark\/mua\/"},{"@type":"ListItem","position":3,"name":"B\u00e1n c\u0103n h\u1ed9 3 ph\u00f2ng ng\u1ee7 , 2 Logia di\u1ec7n t\u00edch 115 m2 n\u1ed9i th\u1ea5t ho\u00e0ng gia, gi\u00e1 ch\u1ec9 v\u1edbi 10,9 t\u1ef7"}]},{"@type":"WebSite","@id":"https:\/\/vananland.com\/vinhomescentralpark\/#website","url":"https:\/\/vananland.com\/vinhomescentralpark\/","name":"Vinhomes Central Park","description":"","potentialAction":[{"@type":"SearchAction","target":{"@type":"EntryPoint","urlTemplate":"https:\/\/vananland.com\/vinhomescentralpark\/?s={search_term_string}"},"query-input":{"@type":"PropertyValueSpecification","valueRequired":true,"valueName":"search_term_string"}}],"inLanguage":"vi"}]}},"_links":{"self":[{"href":"https:\/\/vananland.com\/vinhomescentralpark\/wp-json\/wp\/v2\/product\/1789","targetHints":{"allow":["GET"]}}],"collection":[{"href":"https:\/\/vananland.com\/vinhomescentralpark\/wp-json\/wp\/v2\/product"}],"about":[{"href":"https:\/\/vananland.com\/vinhomescentralpark\/wp-json\/wp\/v2\/types\/product"}],"wp:featuredmedia":[{"embeddable":true,"href":"https:\/\/vananland.com\/vinhomescentralpark\/wp-json\/wp\/v2\/media\/1792"}],"wp:attachment":[{"href":"https:\/\/vananland.com\/vinhomescentralpark\/wp-json\/wp\/v2\/media?parent=1789"}],"wp:term":[{"taxonomy":"product_brand","embeddable":true,"href":"https:\/\/vananland.com\/vinhomescentralpark\/wp-json\/wp\/v2\/product_brand?post=1789"},{"taxonomy":"product_cat","embeddable":true,"href":"https:\/\/vananland.com\/vinhomescentralpark\/wp-json\/wp\/v2\/product_cat?post=1789"},{"taxonomy":"product_tag","embeddable":true,"href":"https:\/\/vananland.com\/vinhomescentralpark\/wp-json\/wp\/v2\/product_tag?post=1789"}],"curies":[{"name":"wp","href":"https:\/\/api.w.org\/{rel}","templated":true}]}}