


	{"id":1673,"date":"2023-04-26T11:34:12","date_gmt":"2023-04-26T04:34:12","guid":{"rendered":"https:\/\/vananland.com\/vinhomescentralpark\/?post_type=product&#038;p=1673"},"modified":"2023-04-27T10:59:52","modified_gmt":"2023-04-27T03:59:52","slug":"ban-4-phong-ngu-landmark-6-view-song-thoang-mat","status":"publish","type":"product","link":"https:\/\/vananland.com\/vinhomescentralpark\/san-pham\/ban-4-phong-ngu-landmark-6-view-song-thoang-mat\/","title":{"rendered":"B\u00e1n 4 ph\u00f2ng ng\u1ee7 Landmark 6 view s\u00f4ng tho\u00e1ng m\u00e1t"},"content":{"rendered":"<p>\u2013 T\u00ecnh tr\u1ea1ng n\u1ed9i th\u1ea5t: \u0111\u1ea7y \u0111\u1ee7 n\u1ed9i th\u1ea5t cao c\u1ea5p<\/p>\n<p>\u2013 Thu\u1ed9c khu: Landmark 6 Vinhomes Central Park<\/p>\n<p>\u2013 T\u00ecnh tr\u1ea1ng ph\u00e1p l\u00fd: s\u1ed5 h\u1ed3ng trao tay<\/p>\n<p>\u2013 View c\u0103n h\u1ed9: view s\u00f4ng tho\u00e1ng m\u00e1t<\/p>\n<p>B\u00e1n nhanh c\u0103n 4 ph\u00f2ng ng\u1ee7 \u0111\u1ea7y \u0111\u1ee7 s\u1ed5 h\u1ed3ng<\/p>\n<p>V\u1ecb tr\u00ed: Vinhomes Central Park 720A \u0110i\u1ec7n Bi\u00ean Ph\u1ee7, ph\u01b0\u1eddng 22, qu\u1eadn B\u00ecnh Th\u1ea1nh, TP. H\u1ed3 Ch\u00ed Minh<\/p>\n<p>Vinhomes- chu\u1ed7i d\u1ef1 \u00e1n c\u0103n h\u1ed9 uy t\u00edn c\u1ee7a t\u1eadp \u0111o\u00e0n Vingroup t\u1eeb l\u00e2u \u0111\u00e3 \u0111\u01b0\u1ee3c ng\u01b0\u1eddi d\u00e2n Vi\u1ec7t Nam \u0111\u1eb7t tr\u1ecdn ni\u1ec1m tin c\u0169ng nh\u01b0 \u0111\u01b0\u1ee3c c\u00e1c ch\u1ee7 \u0111\u1ea7u t\u01b0 trong n\u01b0\u1edbc v\u00e0 qu\u1ed1c t\u1ebf \u0111\u00e1nh gi\u00e1 c\u1ef1c cao. M\u1ed7i c\u0103n h\u1ed9 Vinhomes mang bi\u1ec3u trung c\u1ee7a m\u1ed9t c\u1ee7a m\u1ed9t th\u01b0\u01a1ng hi\u1ec7u qu\u1ed1c gia, \u0111\u1ec1u \u0111em \u0111\u1ebfn kh\u00e1ch h\u00e0ng kh\u00f4ng gian ti\u1ec7n nghi s\u1ed1 1 cho vi\u1ec7c t\u1eadn h\u01b0\u1edfng c\u1ee7a m\u1ed9t cu\u1ed9c s\u1ed1ng kh\u00e1c bi\u1ec7t v\u00e0 ph\u1ed3n th\u1ecbnh.<\/p>\n","protected":false},"excerpt":{"rendered":"<p>\u2013 T\u00ecnh tr\u1ea1ng n\u1ed9i th\u1ea5t: \u0111\u1ea7y \u0111\u1ee7 n\u1ed9i th\u1ea5t cao c\u1ea5p \u2013 Thu\u1ed9c khu: Landmark 6 Vinhomes Central Park \u2013 T\u00ecnh tr\u1ea1ng ph\u00e1p l\u00fd: s\u1ed5 h\u1ed3ng trao tay \u2013 View c\u0103n h\u1ed9: view s\u00f4ng tho\u00e1ng m\u00e1t B\u00e1n nhanh c\u0103n 4 ph\u00f2ng ng\u1ee7 \u0111\u1ea7y \u0111\u1ee7 s\u1ed5 h\u1ed3ng V\u1ecb tr\u00ed: Vinhomes Central Park 720A \u0110i\u1ec7n Bi\u00ean Ph\u1ee7,&#8230;<\/p>\n","protected":false},"featured_media":1677,"template":"","meta":[],"product_brand":[],"product_cat":[42],"product_tag":[],"class_list":{"0":"post-1673","1":"product","2":"type-product","3":"status-publish","4":"has-post-thumbnail","6":"product_cat-ban-4-phong-ngu-vinhomes-central-park","8":"first","9":"instock","10":"shipping-taxable","11":"purchasable","12":"product-type-simple"},"yoast_head":"<!-- This site is optimized with the Yoast SEO plugin v27.2 - https:\/\/yoast.com\/product\/yoast-seo-wordpress\/ -->\n<title>B\u00e1n 4 ph\u00f2ng ng\u1ee7 Landmark 6 view s\u00f4ng tho\u00e1ng m\u00e1t - Vinhomes Central Park<\/title>\n<meta name=\"robots\" content=\"index, follow, max-snippet:-1, max-image-preview:large, max-video-preview:-1\" \/>\n<link rel=\"canonical\" href=\"https:\/\/vananland.com\/vinhomescentralpark\/san-pham\/ban-4-phong-ngu-landmark-6-view-song-thoang-mat\/\" \/>\n<meta property=\"og:locale\" content=\"vi_VN\" \/>\n<meta property=\"og:type\" content=\"article\" \/>\n<meta property=\"og:title\" content=\"B\u00e1n 4 ph\u00f2ng ng\u1ee7 Landmark 6 view s\u00f4ng tho\u00e1ng m\u00e1t - Vinhomes Central Park\" \/>\n<meta property=\"og:description\" content=\"\u2013 T\u00ecnh tr\u1ea1ng n\u1ed9i th\u1ea5t: \u0111\u1ea7y \u0111\u1ee7 n\u1ed9i th\u1ea5t cao c\u1ea5p \u2013 Thu\u1ed9c khu: Landmark 6 Vinhomes Central Park \u2013 T\u00ecnh tr\u1ea1ng ph\u00e1p l\u00fd: s\u1ed5 h\u1ed3ng trao tay \u2013 View c\u0103n h\u1ed9: view s\u00f4ng tho\u00e1ng m\u00e1t B\u00e1n nhanh c\u0103n 4 ph\u00f2ng ng\u1ee7 \u0111\u1ea7y \u0111\u1ee7 s\u1ed5 h\u1ed3ng V\u1ecb tr\u00ed: Vinhomes Central Park 720A \u0110i\u1ec7n Bi\u00ean Ph\u1ee7,...\" \/>\n<meta property=\"og:url\" content=\"https:\/\/vananland.com\/vinhomescentralpark\/san-pham\/ban-4-phong-ngu-landmark-6-view-song-thoang-mat\/\" \/>\n<meta property=\"og:site_name\" content=\"Vinhomes Central Park\" \/>\n<meta property=\"article:modified_time\" content=\"2023-04-27T03:59:52+00:00\" \/>\n<meta property=\"og:image\" content=\"https:\/\/vananland.com\/vinhomescentralpark\/wp-content\/uploads\/2023\/04\/5959f29b3e9bcac5938a66-scaled-1.jpg\" \/>\n\t<meta property=\"og:image:width\" content=\"2048\" \/>\n\t<meta property=\"og:image:height\" content=\"1363\" \/>\n\t<meta property=\"og:image:type\" content=\"image\/jpeg\" \/>\n<meta name=\"twitter:card\" content=\"summary_large_image\" \/>\n<meta name=\"twitter:label1\" content=\"\u01af\u1edbc t\u00ednh th\u1eddi gian \u0111\u1ecdc\" \/>\n\t<meta name=\"twitter:data1\" content=\"1 ph\u00fat\" \/>\n<script type=\"application\/ld+json\" class=\"yoast-schema-graph\">{\"@context\":\"https:\/\/schema.org\",\"@graph\":[{\"@type\":\"WebPage\",\"@id\":\"https:\/\/vananland.com\/vinhomescentralpark\/san-pham\/ban-4-phong-ngu-landmark-6-view-song-thoang-mat\/\",\"url\":\"https:\/\/vananland.com\/vinhomescentralpark\/san-pham\/ban-4-phong-ngu-landmark-6-view-song-thoang-mat\/\",\"name\":\"B\u00e1n 4 ph\u00f2ng ng\u1ee7 Landmark 6 view s\u00f4ng tho\u00e1ng m\u00e1t - Vinhomes Central Park\",\"isPartOf\":{\"@id\":\"https:\/\/vananland.com\/vinhomescentralpark\/#website\"},\"primaryImageOfPage\":{\"@id\":\"https:\/\/vananland.com\/vinhomescentralpark\/san-pham\/ban-4-phong-ngu-landmark-6-view-song-thoang-mat\/#primaryimage\"},\"image\":{\"@id\":\"https:\/\/vananland.com\/vinhomescentralpark\/san-pham\/ban-4-phong-ngu-landmark-6-view-song-thoang-mat\/#primaryimage\"},\"thumbnailUrl\":\"https:\/\/vananland.com\/vinhomescentralpark\/wp-content\/uploads\/2023\/04\/5959f29b3e9bcac5938a66-scaled-1.jpg\",\"datePublished\":\"2023-04-26T04:34:12+00:00\",\"dateModified\":\"2023-04-27T03:59:52+00:00\",\"breadcrumb\":{\"@id\":\"https:\/\/vananland.com\/vinhomescentralpark\/san-pham\/ban-4-phong-ngu-landmark-6-view-song-thoang-mat\/#breadcrumb\"},\"inLanguage\":\"vi\",\"potentialAction\":[{\"@type\":\"ReadAction\",\"target\":[\"https:\/\/vananland.com\/vinhomescentralpark\/san-pham\/ban-4-phong-ngu-landmark-6-view-song-thoang-mat\/\"]}]},{\"@type\":\"ImageObject\",\"inLanguage\":\"vi\",\"@id\":\"https:\/\/vananland.com\/vinhomescentralpark\/san-pham\/ban-4-phong-ngu-landmark-6-view-song-thoang-mat\/#primaryimage\",\"url\":\"https:\/\/vananland.com\/vinhomescentralpark\/wp-content\/uploads\/2023\/04\/5959f29b3e9bcac5938a66-scaled-1.jpg\",\"contentUrl\":\"https:\/\/vananland.com\/vinhomescentralpark\/wp-content\/uploads\/2023\/04\/5959f29b3e9bcac5938a66-scaled-1.jpg\",\"width\":2048,\"height\":1363},{\"@type\":\"BreadcrumbList\",\"@id\":\"https:\/\/vananland.com\/vinhomescentralpark\/san-pham\/ban-4-phong-ngu-landmark-6-view-song-thoang-mat\/#breadcrumb\",\"itemListElement\":[{\"@type\":\"ListItem\",\"position\":1,\"name\":\"Home\",\"item\":\"https:\/\/vananland.com\/vinhomescentralpark\/\"},{\"@type\":\"ListItem\",\"position\":2,\"name\":\"C\u1eeda h\u00e0ng\",\"item\":\"https:\/\/vananland.com\/vinhomescentralpark\/mua\/\"},{\"@type\":\"ListItem\",\"position\":3,\"name\":\"B\u00e1n 4 ph\u00f2ng ng\u1ee7 Landmark 6 view s\u00f4ng tho\u00e1ng m\u00e1t\"}]},{\"@type\":\"WebSite\",\"@id\":\"https:\/\/vananland.com\/vinhomescentralpark\/#website\",\"url\":\"https:\/\/vananland.com\/vinhomescentralpark\/\",\"name\":\"Vinhomes Central Park\",\"description\":\"\",\"potentialAction\":[{\"@type\":\"SearchAction\",\"target\":{\"@type\":\"EntryPoint\",\"urlTemplate\":\"https:\/\/vananland.com\/vinhomescentralpark\/?s={search_term_string}\"},\"query-input\":{\"@type\":\"PropertyValueSpecification\",\"valueRequired\":true,\"valueName\":\"search_term_string\"}}],\"inLanguage\":\"vi\"}]}<\/script>\n<!-- \/ Yoast SEO plugin. -->","yoast_head_json":{"title":"B\u00e1n 4 ph\u00f2ng ng\u1ee7 Landmark 6 view s\u00f4ng tho\u00e1ng m\u00e1t - Vinhomes Central Park","robots":{"index":"index","follow":"follow","max-snippet":"max-snippet:-1","max-image-preview":"max-image-preview:large","max-video-preview":"max-video-preview:-1"},"canonical":"https:\/\/vananland.com\/vinhomescentralpark\/san-pham\/ban-4-phong-ngu-landmark-6-view-song-thoang-mat\/","og_locale":"vi_VN","og_type":"article","og_title":"B\u00e1n 4 ph\u00f2ng ng\u1ee7 Landmark 6 view s\u00f4ng tho\u00e1ng m\u00e1t - Vinhomes Central Park","og_description":"\u2013 T\u00ecnh tr\u1ea1ng n\u1ed9i th\u1ea5t: \u0111\u1ea7y \u0111\u1ee7 n\u1ed9i th\u1ea5t cao c\u1ea5p \u2013 Thu\u1ed9c khu: Landmark 6 Vinhomes Central Park \u2013 T\u00ecnh tr\u1ea1ng ph\u00e1p l\u00fd: s\u1ed5 h\u1ed3ng trao tay \u2013 View c\u0103n h\u1ed9: view s\u00f4ng tho\u00e1ng m\u00e1t B\u00e1n nhanh c\u0103n 4 ph\u00f2ng ng\u1ee7 \u0111\u1ea7y \u0111\u1ee7 s\u1ed5 h\u1ed3ng V\u1ecb tr\u00ed: Vinhomes Central Park 720A \u0110i\u1ec7n Bi\u00ean Ph\u1ee7,...","og_url":"https:\/\/vananland.com\/vinhomescentralpark\/san-pham\/ban-4-phong-ngu-landmark-6-view-song-thoang-mat\/","og_site_name":"Vinhomes Central Park","article_modified_time":"2023-04-27T03:59:52+00:00","og_image":[{"width":2048,"height":1363,"url":"https:\/\/vananland.com\/vinhomescentralpark\/wp-content\/uploads\/2023\/04\/5959f29b3e9bcac5938a66-scaled-1.jpg","type":"image\/jpeg"}],"twitter_card":"summary_large_image","twitter_misc":{"\u01af\u1edbc t\u00ednh th\u1eddi gian \u0111\u1ecdc":"1 ph\u00fat"},"schema":{"@context":"https:\/\/schema.org","@graph":[{"@type":"WebPage","@id":"https:\/\/vananland.com\/vinhomescentralpark\/san-pham\/ban-4-phong-ngu-landmark-6-view-song-thoang-mat\/","url":"https:\/\/vananland.com\/vinhomescentralpark\/san-pham\/ban-4-phong-ngu-landmark-6-view-song-thoang-mat\/","name":"B\u00e1n 4 ph\u00f2ng ng\u1ee7 Landmark 6 view s\u00f4ng tho\u00e1ng m\u00e1t - Vinhomes Central Park","isPartOf":{"@id":"https:\/\/vananland.com\/vinhomescentralpark\/#website"},"primaryImageOfPage":{"@id":"https:\/\/vananland.com\/vinhomescentralpark\/san-pham\/ban-4-phong-ngu-landmark-6-view-song-thoang-mat\/#primaryimage"},"image":{"@id":"https:\/\/vananland.com\/vinhomescentralpark\/san-pham\/ban-4-phong-ngu-landmark-6-view-song-thoang-mat\/#primaryimage"},"thumbnailUrl":"https:\/\/vananland.com\/vinhomescentralpark\/wp-content\/uploads\/2023\/04\/5959f29b3e9bcac5938a66-scaled-1.jpg","datePublished":"2023-04-26T04:34:12+00:00","dateModified":"2023-04-27T03:59:52+00:00","breadcrumb":{"@id":"https:\/\/vananland.com\/vinhomescentralpark\/san-pham\/ban-4-phong-ngu-landmark-6-view-song-thoang-mat\/#breadcrumb"},"inLanguage":"vi","potentialAction":[{"@type":"ReadAction","target":["https:\/\/vananland.com\/vinhomescentralpark\/san-pham\/ban-4-phong-ngu-landmark-6-view-song-thoang-mat\/"]}]},{"@type":"ImageObject","inLanguage":"vi","@id":"https:\/\/vananland.com\/vinhomescentralpark\/san-pham\/ban-4-phong-ngu-landmark-6-view-song-thoang-mat\/#primaryimage","url":"https:\/\/vananland.com\/vinhomescentralpark\/wp-content\/uploads\/2023\/04\/5959f29b3e9bcac5938a66-scaled-1.jpg","contentUrl":"https:\/\/vananland.com\/vinhomescentralpark\/wp-content\/uploads\/2023\/04\/5959f29b3e9bcac5938a66-scaled-1.jpg","width":2048,"height":1363},{"@type":"BreadcrumbList","@id":"https:\/\/vananland.com\/vinhomescentralpark\/san-pham\/ban-4-phong-ngu-landmark-6-view-song-thoang-mat\/#breadcrumb","itemListElement":[{"@type":"ListItem","position":1,"name":"Home","item":"https:\/\/vananland.com\/vinhomescentralpark\/"},{"@type":"ListItem","position":2,"name":"C\u1eeda h\u00e0ng","item":"https:\/\/vananland.com\/vinhomescentralpark\/mua\/"},{"@type":"ListItem","position":3,"name":"B\u00e1n 4 ph\u00f2ng ng\u1ee7 Landmark 6 view s\u00f4ng tho\u00e1ng m\u00e1t"}]},{"@type":"WebSite","@id":"https:\/\/vananland.com\/vinhomescentralpark\/#website","url":"https:\/\/vananland.com\/vinhomescentralpark\/","name":"Vinhomes Central Park","description":"","potentialAction":[{"@type":"SearchAction","target":{"@type":"EntryPoint","urlTemplate":"https:\/\/vananland.com\/vinhomescentralpark\/?s={search_term_string}"},"query-input":{"@type":"PropertyValueSpecification","valueRequired":true,"valueName":"search_term_string"}}],"inLanguage":"vi"}]}},"_links":{"self":[{"href":"https:\/\/vananland.com\/vinhomescentralpark\/wp-json\/wp\/v2\/product\/1673","targetHints":{"allow":["GET"]}}],"collection":[{"href":"https:\/\/vananland.com\/vinhomescentralpark\/wp-json\/wp\/v2\/product"}],"about":[{"href":"https:\/\/vananland.com\/vinhomescentralpark\/wp-json\/wp\/v2\/types\/product"}],"wp:featuredmedia":[{"embeddable":true,"href":"https:\/\/vananland.com\/vinhomescentralpark\/wp-json\/wp\/v2\/media\/1677"}],"wp:attachment":[{"href":"https:\/\/vananland.com\/vinhomescentralpark\/wp-json\/wp\/v2\/media?parent=1673"}],"wp:term":[{"taxonomy":"product_brand","embeddable":true,"href":"https:\/\/vananland.com\/vinhomescentralpark\/wp-json\/wp\/v2\/product_brand?post=1673"},{"taxonomy":"product_cat","embeddable":true,"href":"https:\/\/vananland.com\/vinhomescentralpark\/wp-json\/wp\/v2\/product_cat?post=1673"},{"taxonomy":"product_tag","embeddable":true,"href":"https:\/\/vananland.com\/vinhomescentralpark\/wp-json\/wp\/v2\/product_tag?post=1673"}],"curies":[{"name":"wp","href":"https:\/\/api.w.org\/{rel}","templated":true}]}}