


	{"id":1634,"date":"2023-04-26T10:52:48","date_gmt":"2023-04-26T03:52:48","guid":{"rendered":"https:\/\/vananland.com\/vinhomescentralpark\/?post_type=product&#038;p=1634"},"modified":"2023-04-27T11:34:56","modified_gmt":"2023-04-27T04:34:56","slug":"ban-3-phong-ngu-vinhomes-central-park-toa-landmark-2","status":"publish","type":"product","link":"https:\/\/vananland.com\/vinhomescentralpark\/san-pham\/ban-3-phong-ngu-vinhomes-central-park-toa-landmark-2\/","title":{"rendered":"B\u00e1n 3 ph\u00f2ng ng\u1ee7 Vinhomes Central Park T\u00f2a Landmark 2"},"content":{"rendered":"<p>\u2013 T\u00ecnh tr\u1ea1ng n\u1ed9i th\u1ea5t: n\u1ed9i th\u1ea5t \u0111\u1ea7y \u0111\u1ee7<\/p>\n<p>\u2013 Thu\u1ed9c khu: Landmark 2 Vinhomes Central Park T\u00e2n C\u1ea3ng<\/p>\n<p>\u2013 T\u00ecnh tr\u1ea1ng ph\u00e1p l\u00fd: s\u1edf h\u1eefu l\u00e2u d\u00e0i<\/p>\n<p>\u2013 View c\u0103n h\u1ed9: view tr\u01b0\u1eddng h\u1ecdc, b\u1ec7nh vi\u1ec7n \u0111\u1ea7y \u0111\u1ee7 ti\u1ec7n \u00edch<\/p>\n<p>Ch\u00ednh ch\u1ee7 c\u1ea7n b\u00e1n nhanh c\u0103n h\u1ed9 gi\u00e1 t\u1ed1t<\/p>\n<p>V\u1ecb tr\u00ed: Vinhomes Central Park t\u00e2n C\u1ea3ng 720A \u0110i\u1ec7n Bi\u00ean Ph\u1ee7, ph\u01b0\u1eddng 22, qu\u1eadn B\u00ecnh Th\u1ea1nh, TP. H\u1ed3 Ch\u00ed Minh<\/p>\n<p>T\u1ea1i Vinhomes Central Park, ch\u00fang t\u00f4i t\u1ea1o d\u1ef1ng n\u00ean c\u1ed9ng \u0111\u1ed3ng c\u01b0 d\u00e2n ph\u1ed3n th\u1ecbnh, mang \u0111\u1ebfn nh\u1eefng tr\u1ea3i nghi\u1ec7m s\u1ed1ng \u0111\u1eb3ng c\u1ea5p b\u1eadc nh\u1ea5t. Ch\u1ee7 nh\u00e2n nh\u1eefng c\u0103n h\u1ed9 t\u1ea1i \u0111\u00e2y s\u1ebd c\u00f3 c\u01a1 h\u1ed9i kh\u00e1m ph\u00e1 S\u00e0i G\u00f2n tr\u00ean s\u00f4ng, th\u01b0\u1edfng ngo\u1ea1n c\u1ea3nh \u0111\u1eb9p th\u01a1 m\u1ed9ng c\u1ee7a th\u00e0nh ph\u1ed1 m\u1ed7i ng\u00e0y tr\u00ean nh\u1eefng chi\u1ebfc du thuy\u1ec1n h\u1ea1ng sang.<\/p>\n","protected":false},"excerpt":{"rendered":"<p>\u2013 T\u00ecnh tr\u1ea1ng n\u1ed9i th\u1ea5t: n\u1ed9i th\u1ea5t \u0111\u1ea7y \u0111\u1ee7 \u2013 Thu\u1ed9c khu: Landmark 2 Vinhomes Central Park T\u00e2n C\u1ea3ng \u2013 T\u00ecnh tr\u1ea1ng ph\u00e1p l\u00fd: s\u1edf h\u1eefu l\u00e2u d\u00e0i \u2013 View c\u0103n h\u1ed9: view tr\u01b0\u1eddng h\u1ecdc, b\u1ec7nh vi\u1ec7n \u0111\u1ea7y \u0111\u1ee7 ti\u1ec7n \u00edch Ch\u00ednh ch\u1ee7 c\u1ea7n b\u00e1n nhanh c\u0103n h\u1ed9 gi\u00e1 t\u1ed1t V\u1ecb tr\u00ed: Vinhomes Central Park&#8230;<\/p>\n","protected":false},"featured_media":1640,"template":"","meta":[],"product_brand":[],"product_cat":[41,26],"product_tag":[],"class_list":{"0":"post-1634","1":"product","2":"type-product","3":"status-publish","4":"has-post-thumbnail","6":"product_cat-ban-3-phong-ngu-vinhomes-central-park","7":"product_cat-chua-phan-loai","9":"first","10":"instock","11":"shipping-taxable","12":"purchasable","13":"product-type-simple"},"yoast_head":"<!-- This site is optimized with the Yoast SEO plugin v27.2 - https:\/\/yoast.com\/product\/yoast-seo-wordpress\/ -->\n<title>B\u00e1n 3 ph\u00f2ng ng\u1ee7 Vinhomes Central Park T\u00f2a Landmark 2 - Vinhomes Central Park<\/title>\n<meta name=\"robots\" content=\"index, follow, max-snippet:-1, max-image-preview:large, max-video-preview:-1\" \/>\n<link rel=\"canonical\" href=\"https:\/\/vananland.com\/vinhomescentralpark\/san-pham\/ban-3-phong-ngu-vinhomes-central-park-toa-landmark-2\/\" \/>\n<meta property=\"og:locale\" content=\"vi_VN\" \/>\n<meta property=\"og:type\" content=\"article\" \/>\n<meta property=\"og:title\" content=\"B\u00e1n 3 ph\u00f2ng ng\u1ee7 Vinhomes Central Park T\u00f2a Landmark 2 - Vinhomes Central Park\" \/>\n<meta property=\"og:description\" content=\"\u2013 T\u00ecnh tr\u1ea1ng n\u1ed9i th\u1ea5t: n\u1ed9i th\u1ea5t \u0111\u1ea7y \u0111\u1ee7 \u2013 Thu\u1ed9c khu: Landmark 2 Vinhomes Central Park T\u00e2n C\u1ea3ng \u2013 T\u00ecnh tr\u1ea1ng ph\u00e1p l\u00fd: s\u1edf h\u1eefu l\u00e2u d\u00e0i \u2013 View c\u0103n h\u1ed9: view tr\u01b0\u1eddng h\u1ecdc, b\u1ec7nh vi\u1ec7n \u0111\u1ea7y \u0111\u1ee7 ti\u1ec7n \u00edch Ch\u00ednh ch\u1ee7 c\u1ea7n b\u00e1n nhanh c\u0103n h\u1ed9 gi\u00e1 t\u1ed1t V\u1ecb tr\u00ed: Vinhomes Central Park...\" \/>\n<meta property=\"og:url\" content=\"https:\/\/vananland.com\/vinhomescentralpark\/san-pham\/ban-3-phong-ngu-vinhomes-central-park-toa-landmark-2\/\" \/>\n<meta property=\"og:site_name\" content=\"Vinhomes Central Park\" \/>\n<meta property=\"article:modified_time\" content=\"2023-04-27T04:34:56+00:00\" \/>\n<meta property=\"og:image\" content=\"https:\/\/vananland.com\/vinhomescentralpark\/wp-content\/uploads\/2023\/04\/Loi-di-phong-ngu-1.jpg\" \/>\n\t<meta property=\"og:image:width\" content=\"1280\" \/>\n\t<meta property=\"og:image:height\" content=\"720\" \/>\n\t<meta property=\"og:image:type\" content=\"image\/jpeg\" \/>\n<meta name=\"twitter:card\" content=\"summary_large_image\" \/>\n<meta name=\"twitter:label1\" content=\"\u01af\u1edbc t\u00ednh th\u1eddi gian \u0111\u1ecdc\" \/>\n\t<meta name=\"twitter:data1\" content=\"1 ph\u00fat\" \/>\n<script type=\"application\/ld+json\" class=\"yoast-schema-graph\">{\"@context\":\"https:\/\/schema.org\",\"@graph\":[{\"@type\":\"WebPage\",\"@id\":\"https:\/\/vananland.com\/vinhomescentralpark\/san-pham\/ban-3-phong-ngu-vinhomes-central-park-toa-landmark-2\/\",\"url\":\"https:\/\/vananland.com\/vinhomescentralpark\/san-pham\/ban-3-phong-ngu-vinhomes-central-park-toa-landmark-2\/\",\"name\":\"B\u00e1n 3 ph\u00f2ng ng\u1ee7 Vinhomes Central Park T\u00f2a Landmark 2 - Vinhomes Central Park\",\"isPartOf\":{\"@id\":\"https:\/\/vananland.com\/vinhomescentralpark\/#website\"},\"primaryImageOfPage\":{\"@id\":\"https:\/\/vananland.com\/vinhomescentralpark\/san-pham\/ban-3-phong-ngu-vinhomes-central-park-toa-landmark-2\/#primaryimage\"},\"image\":{\"@id\":\"https:\/\/vananland.com\/vinhomescentralpark\/san-pham\/ban-3-phong-ngu-vinhomes-central-park-toa-landmark-2\/#primaryimage\"},\"thumbnailUrl\":\"https:\/\/vananland.com\/vinhomescentralpark\/wp-content\/uploads\/2023\/04\/Loi-di-phong-ngu-1.jpg\",\"datePublished\":\"2023-04-26T03:52:48+00:00\",\"dateModified\":\"2023-04-27T04:34:56+00:00\",\"breadcrumb\":{\"@id\":\"https:\/\/vananland.com\/vinhomescentralpark\/san-pham\/ban-3-phong-ngu-vinhomes-central-park-toa-landmark-2\/#breadcrumb\"},\"inLanguage\":\"vi\",\"potentialAction\":[{\"@type\":\"ReadAction\",\"target\":[\"https:\/\/vananland.com\/vinhomescentralpark\/san-pham\/ban-3-phong-ngu-vinhomes-central-park-toa-landmark-2\/\"]}]},{\"@type\":\"ImageObject\",\"inLanguage\":\"vi\",\"@id\":\"https:\/\/vananland.com\/vinhomescentralpark\/san-pham\/ban-3-phong-ngu-vinhomes-central-park-toa-landmark-2\/#primaryimage\",\"url\":\"https:\/\/vananland.com\/vinhomescentralpark\/wp-content\/uploads\/2023\/04\/Loi-di-phong-ngu-1.jpg\",\"contentUrl\":\"https:\/\/vananland.com\/vinhomescentralpark\/wp-content\/uploads\/2023\/04\/Loi-di-phong-ngu-1.jpg\",\"width\":1280,\"height\":720},{\"@type\":\"BreadcrumbList\",\"@id\":\"https:\/\/vananland.com\/vinhomescentralpark\/san-pham\/ban-3-phong-ngu-vinhomes-central-park-toa-landmark-2\/#breadcrumb\",\"itemListElement\":[{\"@type\":\"ListItem\",\"position\":1,\"name\":\"Home\",\"item\":\"https:\/\/vananland.com\/vinhomescentralpark\/\"},{\"@type\":\"ListItem\",\"position\":2,\"name\":\"C\u1eeda h\u00e0ng\",\"item\":\"https:\/\/vananland.com\/vinhomescentralpark\/mua\/\"},{\"@type\":\"ListItem\",\"position\":3,\"name\":\"B\u00e1n 3 ph\u00f2ng ng\u1ee7 Vinhomes Central Park T\u00f2a Landmark 2\"}]},{\"@type\":\"WebSite\",\"@id\":\"https:\/\/vananland.com\/vinhomescentralpark\/#website\",\"url\":\"https:\/\/vananland.com\/vinhomescentralpark\/\",\"name\":\"Vinhomes Central Park\",\"description\":\"\",\"potentialAction\":[{\"@type\":\"SearchAction\",\"target\":{\"@type\":\"EntryPoint\",\"urlTemplate\":\"https:\/\/vananland.com\/vinhomescentralpark\/?s={search_term_string}\"},\"query-input\":{\"@type\":\"PropertyValueSpecification\",\"valueRequired\":true,\"valueName\":\"search_term_string\"}}],\"inLanguage\":\"vi\"}]}<\/script>\n<!-- \/ Yoast SEO plugin. -->","yoast_head_json":{"title":"B\u00e1n 3 ph\u00f2ng ng\u1ee7 Vinhomes Central Park T\u00f2a Landmark 2 - Vinhomes Central Park","robots":{"index":"index","follow":"follow","max-snippet":"max-snippet:-1","max-image-preview":"max-image-preview:large","max-video-preview":"max-video-preview:-1"},"canonical":"https:\/\/vananland.com\/vinhomescentralpark\/san-pham\/ban-3-phong-ngu-vinhomes-central-park-toa-landmark-2\/","og_locale":"vi_VN","og_type":"article","og_title":"B\u00e1n 3 ph\u00f2ng ng\u1ee7 Vinhomes Central Park T\u00f2a Landmark 2 - Vinhomes Central Park","og_description":"\u2013 T\u00ecnh tr\u1ea1ng n\u1ed9i th\u1ea5t: n\u1ed9i th\u1ea5t \u0111\u1ea7y \u0111\u1ee7 \u2013 Thu\u1ed9c khu: Landmark 2 Vinhomes Central Park T\u00e2n C\u1ea3ng \u2013 T\u00ecnh tr\u1ea1ng ph\u00e1p l\u00fd: s\u1edf h\u1eefu l\u00e2u d\u00e0i \u2013 View c\u0103n h\u1ed9: view tr\u01b0\u1eddng h\u1ecdc, b\u1ec7nh vi\u1ec7n \u0111\u1ea7y \u0111\u1ee7 ti\u1ec7n \u00edch Ch\u00ednh ch\u1ee7 c\u1ea7n b\u00e1n nhanh c\u0103n h\u1ed9 gi\u00e1 t\u1ed1t V\u1ecb tr\u00ed: Vinhomes Central Park...","og_url":"https:\/\/vananland.com\/vinhomescentralpark\/san-pham\/ban-3-phong-ngu-vinhomes-central-park-toa-landmark-2\/","og_site_name":"Vinhomes Central Park","article_modified_time":"2023-04-27T04:34:56+00:00","og_image":[{"width":1280,"height":720,"url":"https:\/\/vananland.com\/vinhomescentralpark\/wp-content\/uploads\/2023\/04\/Loi-di-phong-ngu-1.jpg","type":"image\/jpeg"}],"twitter_card":"summary_large_image","twitter_misc":{"\u01af\u1edbc t\u00ednh th\u1eddi gian \u0111\u1ecdc":"1 ph\u00fat"},"schema":{"@context":"https:\/\/schema.org","@graph":[{"@type":"WebPage","@id":"https:\/\/vananland.com\/vinhomescentralpark\/san-pham\/ban-3-phong-ngu-vinhomes-central-park-toa-landmark-2\/","url":"https:\/\/vananland.com\/vinhomescentralpark\/san-pham\/ban-3-phong-ngu-vinhomes-central-park-toa-landmark-2\/","name":"B\u00e1n 3 ph\u00f2ng ng\u1ee7 Vinhomes Central Park T\u00f2a Landmark 2 - Vinhomes Central Park","isPartOf":{"@id":"https:\/\/vananland.com\/vinhomescentralpark\/#website"},"primaryImageOfPage":{"@id":"https:\/\/vananland.com\/vinhomescentralpark\/san-pham\/ban-3-phong-ngu-vinhomes-central-park-toa-landmark-2\/#primaryimage"},"image":{"@id":"https:\/\/vananland.com\/vinhomescentralpark\/san-pham\/ban-3-phong-ngu-vinhomes-central-park-toa-landmark-2\/#primaryimage"},"thumbnailUrl":"https:\/\/vananland.com\/vinhomescentralpark\/wp-content\/uploads\/2023\/04\/Loi-di-phong-ngu-1.jpg","datePublished":"2023-04-26T03:52:48+00:00","dateModified":"2023-04-27T04:34:56+00:00","breadcrumb":{"@id":"https:\/\/vananland.com\/vinhomescentralpark\/san-pham\/ban-3-phong-ngu-vinhomes-central-park-toa-landmark-2\/#breadcrumb"},"inLanguage":"vi","potentialAction":[{"@type":"ReadAction","target":["https:\/\/vananland.com\/vinhomescentralpark\/san-pham\/ban-3-phong-ngu-vinhomes-central-park-toa-landmark-2\/"]}]},{"@type":"ImageObject","inLanguage":"vi","@id":"https:\/\/vananland.com\/vinhomescentralpark\/san-pham\/ban-3-phong-ngu-vinhomes-central-park-toa-landmark-2\/#primaryimage","url":"https:\/\/vananland.com\/vinhomescentralpark\/wp-content\/uploads\/2023\/04\/Loi-di-phong-ngu-1.jpg","contentUrl":"https:\/\/vananland.com\/vinhomescentralpark\/wp-content\/uploads\/2023\/04\/Loi-di-phong-ngu-1.jpg","width":1280,"height":720},{"@type":"BreadcrumbList","@id":"https:\/\/vananland.com\/vinhomescentralpark\/san-pham\/ban-3-phong-ngu-vinhomes-central-park-toa-landmark-2\/#breadcrumb","itemListElement":[{"@type":"ListItem","position":1,"name":"Home","item":"https:\/\/vananland.com\/vinhomescentralpark\/"},{"@type":"ListItem","position":2,"name":"C\u1eeda h\u00e0ng","item":"https:\/\/vananland.com\/vinhomescentralpark\/mua\/"},{"@type":"ListItem","position":3,"name":"B\u00e1n 3 ph\u00f2ng ng\u1ee7 Vinhomes Central Park T\u00f2a Landmark 2"}]},{"@type":"WebSite","@id":"https:\/\/vananland.com\/vinhomescentralpark\/#website","url":"https:\/\/vananland.com\/vinhomescentralpark\/","name":"Vinhomes Central Park","description":"","potentialAction":[{"@type":"SearchAction","target":{"@type":"EntryPoint","urlTemplate":"https:\/\/vananland.com\/vinhomescentralpark\/?s={search_term_string}"},"query-input":{"@type":"PropertyValueSpecification","valueRequired":true,"valueName":"search_term_string"}}],"inLanguage":"vi"}]}},"_links":{"self":[{"href":"https:\/\/vananland.com\/vinhomescentralpark\/wp-json\/wp\/v2\/product\/1634","targetHints":{"allow":["GET"]}}],"collection":[{"href":"https:\/\/vananland.com\/vinhomescentralpark\/wp-json\/wp\/v2\/product"}],"about":[{"href":"https:\/\/vananland.com\/vinhomescentralpark\/wp-json\/wp\/v2\/types\/product"}],"wp:featuredmedia":[{"embeddable":true,"href":"https:\/\/vananland.com\/vinhomescentralpark\/wp-json\/wp\/v2\/media\/1640"}],"wp:attachment":[{"href":"https:\/\/vananland.com\/vinhomescentralpark\/wp-json\/wp\/v2\/media?parent=1634"}],"wp:term":[{"taxonomy":"product_brand","embeddable":true,"href":"https:\/\/vananland.com\/vinhomescentralpark\/wp-json\/wp\/v2\/product_brand?post=1634"},{"taxonomy":"product_cat","embeddable":true,"href":"https:\/\/vananland.com\/vinhomescentralpark\/wp-json\/wp\/v2\/product_cat?post=1634"},{"taxonomy":"product_tag","embeddable":true,"href":"https:\/\/vananland.com\/vinhomescentralpark\/wp-json\/wp\/v2\/product_tag?post=1634"}],"curies":[{"name":"wp","href":"https:\/\/api.w.org\/{rel}","templated":true}]}}