


	{"id":1626,"date":"2023-04-26T10:46:20","date_gmt":"2023-04-26T03:46:20","guid":{"rendered":"https:\/\/vananland.com\/vinhomescentralpark\/?post_type=product&#038;p=1626"},"modified":"2023-04-27T11:33:47","modified_gmt":"2023-04-27T04:33:47","slug":"ban-3-phong-ngu-vinhomes-central-park-gia-re-bat-ngo","status":"publish","type":"product","link":"https:\/\/vananland.com\/vinhomescentralpark\/san-pham\/ban-3-phong-ngu-vinhomes-central-park-gia-re-bat-ngo\/","title":{"rendered":"B\u00e1n 3 ph\u00f2ng ng\u1ee7 Vinhomes Central Park gi\u00e1 r\u1ebb b\u1ea5t ng\u1edd"},"content":{"rendered":"<p>\u2013 T\u00ecnh tr\u1ea1ng n\u1ed9i th\u1ea5t: n\u1ed9i th\u1ea5t cao c\u1ea5p<\/p>\n<p>\u2013 Thu\u1ed9c khu: Landmark Plus Vinhomes Central Park<\/p>\n<p>\u2013 T\u00ecnh tr\u1ea1ng ph\u00e1p l\u00fd: s\u1edf h\u1eefu l\u00e2u d\u00e0i<\/p>\n<p>\u2013 View c\u0103n h\u1ed9: view c\u1ea7u S\u00e0i G\u00f2n<\/p>\n<p>Ch\u00ednh ch\u1ee7 thi\u1ec7n ch\u00ed b\u00e1n nhanh c\u0103n 3 ph\u00f2ng ng\u1ee7 n\u1ed9i th\u1ea5t cao c\u1ea5p<\/p>\n<p>V\u1ecb tr\u00ed: Vinhomes Central Park 720A \u0110i\u1ec7n Bi\u00ean Ph\u1ee7, ph\u01b0\u1eddng 22, qu\u1eadn B\u00ecnh Th\u1ea1nh, TP. H\u1ed3 Ch\u00ed Minh<\/p>\n<p>D\u1ef1 \u00e1n Vinhomes Central Park s\u1edf h\u1eefu v\u1ecb tr\u00ed \u0111\u1eafc \u0111\u1ecba g\u1ea7n trung t\u00e2m Qu\u1eadn 1 TP HCM n\u00ean gi\u00e1 tr\u1ecb ti\u1ec1m n\u0103ng r\u1ea5t l\u1edbn, s\u1ebd l\u00e0 khu ph\u1ee9c h\u1ee3p \u0111\u00f4 th\u1ecb \u0111\u00e1ng s\u1ed1ng h\u00e0ng \u0111\u1ea7u TP HCM trong t\u01b0\u01a1ng lai.<\/p>\n","protected":false},"excerpt":{"rendered":"<p>\u2013 T\u00ecnh tr\u1ea1ng n\u1ed9i th\u1ea5t: n\u1ed9i th\u1ea5t cao c\u1ea5p \u2013 Thu\u1ed9c khu: Landmark Plus Vinhomes Central Park \u2013 T\u00ecnh tr\u1ea1ng ph\u00e1p l\u00fd: s\u1edf h\u1eefu l\u00e2u d\u00e0i \u2013 View c\u0103n h\u1ed9: view c\u1ea7u S\u00e0i G\u00f2n Ch\u00ednh ch\u1ee7 thi\u1ec7n ch\u00ed b\u00e1n nhanh c\u0103n 3 ph\u00f2ng ng\u1ee7 n\u1ed9i th\u1ea5t cao c\u1ea5p V\u1ecb tr\u00ed: Vinhomes Central Park 720A \u0110i\u1ec7n&#8230;<\/p>\n","protected":false},"featured_media":1630,"template":"","meta":[],"product_brand":[],"product_cat":[41],"product_tag":[],"class_list":{"0":"post-1626","1":"product","2":"type-product","3":"status-publish","4":"has-post-thumbnail","6":"product_cat-ban-3-phong-ngu-vinhomes-central-park","8":"first","9":"instock","10":"shipping-taxable","11":"purchasable","12":"product-type-simple"},"yoast_head":"<!-- This site is optimized with the Yoast SEO plugin v27.2 - https:\/\/yoast.com\/product\/yoast-seo-wordpress\/ -->\n<title>B\u00e1n 3 ph\u00f2ng ng\u1ee7 Vinhomes Central Park gi\u00e1 r\u1ebb b\u1ea5t ng\u1edd - Vinhomes Central Park<\/title>\n<meta name=\"robots\" content=\"index, follow, max-snippet:-1, max-image-preview:large, max-video-preview:-1\" \/>\n<link rel=\"canonical\" href=\"https:\/\/vananland.com\/vinhomescentralpark\/san-pham\/ban-3-phong-ngu-vinhomes-central-park-gia-re-bat-ngo\/\" \/>\n<meta property=\"og:locale\" content=\"vi_VN\" \/>\n<meta property=\"og:type\" content=\"article\" \/>\n<meta property=\"og:title\" content=\"B\u00e1n 3 ph\u00f2ng ng\u1ee7 Vinhomes Central Park gi\u00e1 r\u1ebb b\u1ea5t ng\u1edd - Vinhomes Central Park\" \/>\n<meta property=\"og:description\" content=\"\u2013 T\u00ecnh tr\u1ea1ng n\u1ed9i th\u1ea5t: n\u1ed9i th\u1ea5t cao c\u1ea5p \u2013 Thu\u1ed9c khu: Landmark Plus Vinhomes Central Park \u2013 T\u00ecnh tr\u1ea1ng ph\u00e1p l\u00fd: s\u1edf h\u1eefu l\u00e2u d\u00e0i \u2013 View c\u0103n h\u1ed9: view c\u1ea7u S\u00e0i G\u00f2n Ch\u00ednh ch\u1ee7 thi\u1ec7n ch\u00ed b\u00e1n nhanh c\u0103n 3 ph\u00f2ng ng\u1ee7 n\u1ed9i th\u1ea5t cao c\u1ea5p V\u1ecb tr\u00ed: Vinhomes Central Park 720A \u0110i\u1ec7n...\" \/>\n<meta property=\"og:url\" content=\"https:\/\/vananland.com\/vinhomescentralpark\/san-pham\/ban-3-phong-ngu-vinhomes-central-park-gia-re-bat-ngo\/\" \/>\n<meta property=\"og:site_name\" content=\"Vinhomes Central Park\" \/>\n<meta property=\"article:modified_time\" content=\"2023-04-27T04:33:47+00:00\" \/>\n<meta property=\"og:image\" content=\"https:\/\/vananland.com\/vinhomescentralpark\/wp-content\/uploads\/2023\/04\/Tong-quan-phong-khach-6.jpg\" \/>\n\t<meta property=\"og:image:width\" content=\"1080\" \/>\n\t<meta property=\"og:image:height\" content=\"720\" \/>\n\t<meta property=\"og:image:type\" content=\"image\/jpeg\" \/>\n<meta name=\"twitter:card\" content=\"summary_large_image\" \/>\n<meta name=\"twitter:label1\" content=\"\u01af\u1edbc t\u00ednh th\u1eddi gian \u0111\u1ecdc\" \/>\n\t<meta name=\"twitter:data1\" content=\"1 ph\u00fat\" \/>\n<script type=\"application\/ld+json\" class=\"yoast-schema-graph\">{\"@context\":\"https:\/\/schema.org\",\"@graph\":[{\"@type\":\"WebPage\",\"@id\":\"https:\/\/vananland.com\/vinhomescentralpark\/san-pham\/ban-3-phong-ngu-vinhomes-central-park-gia-re-bat-ngo\/\",\"url\":\"https:\/\/vananland.com\/vinhomescentralpark\/san-pham\/ban-3-phong-ngu-vinhomes-central-park-gia-re-bat-ngo\/\",\"name\":\"B\u00e1n 3 ph\u00f2ng ng\u1ee7 Vinhomes Central Park gi\u00e1 r\u1ebb b\u1ea5t ng\u1edd - Vinhomes Central Park\",\"isPartOf\":{\"@id\":\"https:\/\/vananland.com\/vinhomescentralpark\/#website\"},\"primaryImageOfPage\":{\"@id\":\"https:\/\/vananland.com\/vinhomescentralpark\/san-pham\/ban-3-phong-ngu-vinhomes-central-park-gia-re-bat-ngo\/#primaryimage\"},\"image\":{\"@id\":\"https:\/\/vananland.com\/vinhomescentralpark\/san-pham\/ban-3-phong-ngu-vinhomes-central-park-gia-re-bat-ngo\/#primaryimage\"},\"thumbnailUrl\":\"https:\/\/vananland.com\/vinhomescentralpark\/wp-content\/uploads\/2023\/04\/Tong-quan-phong-khach-6.jpg\",\"datePublished\":\"2023-04-26T03:46:20+00:00\",\"dateModified\":\"2023-04-27T04:33:47+00:00\",\"breadcrumb\":{\"@id\":\"https:\/\/vananland.com\/vinhomescentralpark\/san-pham\/ban-3-phong-ngu-vinhomes-central-park-gia-re-bat-ngo\/#breadcrumb\"},\"inLanguage\":\"vi\",\"potentialAction\":[{\"@type\":\"ReadAction\",\"target\":[\"https:\/\/vananland.com\/vinhomescentralpark\/san-pham\/ban-3-phong-ngu-vinhomes-central-park-gia-re-bat-ngo\/\"]}]},{\"@type\":\"ImageObject\",\"inLanguage\":\"vi\",\"@id\":\"https:\/\/vananland.com\/vinhomescentralpark\/san-pham\/ban-3-phong-ngu-vinhomes-central-park-gia-re-bat-ngo\/#primaryimage\",\"url\":\"https:\/\/vananland.com\/vinhomescentralpark\/wp-content\/uploads\/2023\/04\/Tong-quan-phong-khach-6.jpg\",\"contentUrl\":\"https:\/\/vananland.com\/vinhomescentralpark\/wp-content\/uploads\/2023\/04\/Tong-quan-phong-khach-6.jpg\",\"width\":1080,\"height\":720},{\"@type\":\"BreadcrumbList\",\"@id\":\"https:\/\/vananland.com\/vinhomescentralpark\/san-pham\/ban-3-phong-ngu-vinhomes-central-park-gia-re-bat-ngo\/#breadcrumb\",\"itemListElement\":[{\"@type\":\"ListItem\",\"position\":1,\"name\":\"Home\",\"item\":\"https:\/\/vananland.com\/vinhomescentralpark\/\"},{\"@type\":\"ListItem\",\"position\":2,\"name\":\"C\u1eeda h\u00e0ng\",\"item\":\"https:\/\/vananland.com\/vinhomescentralpark\/mua\/\"},{\"@type\":\"ListItem\",\"position\":3,\"name\":\"B\u00e1n 3 ph\u00f2ng ng\u1ee7 Vinhomes Central Park gi\u00e1 r\u1ebb b\u1ea5t ng\u1edd\"}]},{\"@type\":\"WebSite\",\"@id\":\"https:\/\/vananland.com\/vinhomescentralpark\/#website\",\"url\":\"https:\/\/vananland.com\/vinhomescentralpark\/\",\"name\":\"Vinhomes Central Park\",\"description\":\"\",\"potentialAction\":[{\"@type\":\"SearchAction\",\"target\":{\"@type\":\"EntryPoint\",\"urlTemplate\":\"https:\/\/vananland.com\/vinhomescentralpark\/?s={search_term_string}\"},\"query-input\":{\"@type\":\"PropertyValueSpecification\",\"valueRequired\":true,\"valueName\":\"search_term_string\"}}],\"inLanguage\":\"vi\"}]}<\/script>\n<!-- \/ Yoast SEO plugin. -->","yoast_head_json":{"title":"B\u00e1n 3 ph\u00f2ng ng\u1ee7 Vinhomes Central Park gi\u00e1 r\u1ebb b\u1ea5t ng\u1edd - Vinhomes Central Park","robots":{"index":"index","follow":"follow","max-snippet":"max-snippet:-1","max-image-preview":"max-image-preview:large","max-video-preview":"max-video-preview:-1"},"canonical":"https:\/\/vananland.com\/vinhomescentralpark\/san-pham\/ban-3-phong-ngu-vinhomes-central-park-gia-re-bat-ngo\/","og_locale":"vi_VN","og_type":"article","og_title":"B\u00e1n 3 ph\u00f2ng ng\u1ee7 Vinhomes Central Park gi\u00e1 r\u1ebb b\u1ea5t ng\u1edd - Vinhomes Central Park","og_description":"\u2013 T\u00ecnh tr\u1ea1ng n\u1ed9i th\u1ea5t: n\u1ed9i th\u1ea5t cao c\u1ea5p \u2013 Thu\u1ed9c khu: Landmark Plus Vinhomes Central Park \u2013 T\u00ecnh tr\u1ea1ng ph\u00e1p l\u00fd: s\u1edf h\u1eefu l\u00e2u d\u00e0i \u2013 View c\u0103n h\u1ed9: view c\u1ea7u S\u00e0i G\u00f2n Ch\u00ednh ch\u1ee7 thi\u1ec7n ch\u00ed b\u00e1n nhanh c\u0103n 3 ph\u00f2ng ng\u1ee7 n\u1ed9i th\u1ea5t cao c\u1ea5p V\u1ecb tr\u00ed: Vinhomes Central Park 720A \u0110i\u1ec7n...","og_url":"https:\/\/vananland.com\/vinhomescentralpark\/san-pham\/ban-3-phong-ngu-vinhomes-central-park-gia-re-bat-ngo\/","og_site_name":"Vinhomes Central Park","article_modified_time":"2023-04-27T04:33:47+00:00","og_image":[{"width":1080,"height":720,"url":"https:\/\/vananland.com\/vinhomescentralpark\/wp-content\/uploads\/2023\/04\/Tong-quan-phong-khach-6.jpg","type":"image\/jpeg"}],"twitter_card":"summary_large_image","twitter_misc":{"\u01af\u1edbc t\u00ednh th\u1eddi gian \u0111\u1ecdc":"1 ph\u00fat"},"schema":{"@context":"https:\/\/schema.org","@graph":[{"@type":"WebPage","@id":"https:\/\/vananland.com\/vinhomescentralpark\/san-pham\/ban-3-phong-ngu-vinhomes-central-park-gia-re-bat-ngo\/","url":"https:\/\/vananland.com\/vinhomescentralpark\/san-pham\/ban-3-phong-ngu-vinhomes-central-park-gia-re-bat-ngo\/","name":"B\u00e1n 3 ph\u00f2ng ng\u1ee7 Vinhomes Central Park gi\u00e1 r\u1ebb b\u1ea5t ng\u1edd - Vinhomes Central Park","isPartOf":{"@id":"https:\/\/vananland.com\/vinhomescentralpark\/#website"},"primaryImageOfPage":{"@id":"https:\/\/vananland.com\/vinhomescentralpark\/san-pham\/ban-3-phong-ngu-vinhomes-central-park-gia-re-bat-ngo\/#primaryimage"},"image":{"@id":"https:\/\/vananland.com\/vinhomescentralpark\/san-pham\/ban-3-phong-ngu-vinhomes-central-park-gia-re-bat-ngo\/#primaryimage"},"thumbnailUrl":"https:\/\/vananland.com\/vinhomescentralpark\/wp-content\/uploads\/2023\/04\/Tong-quan-phong-khach-6.jpg","datePublished":"2023-04-26T03:46:20+00:00","dateModified":"2023-04-27T04:33:47+00:00","breadcrumb":{"@id":"https:\/\/vananland.com\/vinhomescentralpark\/san-pham\/ban-3-phong-ngu-vinhomes-central-park-gia-re-bat-ngo\/#breadcrumb"},"inLanguage":"vi","potentialAction":[{"@type":"ReadAction","target":["https:\/\/vananland.com\/vinhomescentralpark\/san-pham\/ban-3-phong-ngu-vinhomes-central-park-gia-re-bat-ngo\/"]}]},{"@type":"ImageObject","inLanguage":"vi","@id":"https:\/\/vananland.com\/vinhomescentralpark\/san-pham\/ban-3-phong-ngu-vinhomes-central-park-gia-re-bat-ngo\/#primaryimage","url":"https:\/\/vananland.com\/vinhomescentralpark\/wp-content\/uploads\/2023\/04\/Tong-quan-phong-khach-6.jpg","contentUrl":"https:\/\/vananland.com\/vinhomescentralpark\/wp-content\/uploads\/2023\/04\/Tong-quan-phong-khach-6.jpg","width":1080,"height":720},{"@type":"BreadcrumbList","@id":"https:\/\/vananland.com\/vinhomescentralpark\/san-pham\/ban-3-phong-ngu-vinhomes-central-park-gia-re-bat-ngo\/#breadcrumb","itemListElement":[{"@type":"ListItem","position":1,"name":"Home","item":"https:\/\/vananland.com\/vinhomescentralpark\/"},{"@type":"ListItem","position":2,"name":"C\u1eeda h\u00e0ng","item":"https:\/\/vananland.com\/vinhomescentralpark\/mua\/"},{"@type":"ListItem","position":3,"name":"B\u00e1n 3 ph\u00f2ng ng\u1ee7 Vinhomes Central Park gi\u00e1 r\u1ebb b\u1ea5t ng\u1edd"}]},{"@type":"WebSite","@id":"https:\/\/vananland.com\/vinhomescentralpark\/#website","url":"https:\/\/vananland.com\/vinhomescentralpark\/","name":"Vinhomes Central Park","description":"","potentialAction":[{"@type":"SearchAction","target":{"@type":"EntryPoint","urlTemplate":"https:\/\/vananland.com\/vinhomescentralpark\/?s={search_term_string}"},"query-input":{"@type":"PropertyValueSpecification","valueRequired":true,"valueName":"search_term_string"}}],"inLanguage":"vi"}]}},"_links":{"self":[{"href":"https:\/\/vananland.com\/vinhomescentralpark\/wp-json\/wp\/v2\/product\/1626","targetHints":{"allow":["GET"]}}],"collection":[{"href":"https:\/\/vananland.com\/vinhomescentralpark\/wp-json\/wp\/v2\/product"}],"about":[{"href":"https:\/\/vananland.com\/vinhomescentralpark\/wp-json\/wp\/v2\/types\/product"}],"wp:featuredmedia":[{"embeddable":true,"href":"https:\/\/vananland.com\/vinhomescentralpark\/wp-json\/wp\/v2\/media\/1630"}],"wp:attachment":[{"href":"https:\/\/vananland.com\/vinhomescentralpark\/wp-json\/wp\/v2\/media?parent=1626"}],"wp:term":[{"taxonomy":"product_brand","embeddable":true,"href":"https:\/\/vananland.com\/vinhomescentralpark\/wp-json\/wp\/v2\/product_brand?post=1626"},{"taxonomy":"product_cat","embeddable":true,"href":"https:\/\/vananland.com\/vinhomescentralpark\/wp-json\/wp\/v2\/product_cat?post=1626"},{"taxonomy":"product_tag","embeddable":true,"href":"https:\/\/vananland.com\/vinhomescentralpark\/wp-json\/wp\/v2\/product_tag?post=1626"}],"curies":[{"name":"wp","href":"https:\/\/api.w.org\/{rel}","templated":true}]}}