


	{"id":1618,"date":"2023-04-26T10:40:57","date_gmt":"2023-04-26T03:40:57","guid":{"rendered":"https:\/\/vananland.com\/vinhomescentralpark\/?post_type=product&#038;p=1618"},"modified":"2023-04-27T10:52:24","modified_gmt":"2023-04-27T03:52:24","slug":"ban-3-phong-ngu-vinhomes-central-park-116m2-gia-sap-san","status":"publish","type":"product","link":"https:\/\/vananland.com\/vinhomescentralpark\/san-pham\/ban-3-phong-ngu-vinhomes-central-park-116m2-gia-sap-san\/","title":{"rendered":"B\u00e1n 3 ph\u00f2ng ng\u1ee7 Vinhomes Central Park 116m2 gi\u00e1 s\u1eadp s\u00e0n"},"content":{"rendered":"<p>\u2013 T\u00ecnh tr\u1ea1ng n\u1ed9i th\u1ea5t: nh\u00e0 tr\u1ed1ng<\/p>\n<p>\u2013 Thu\u1ed9c khu: Park 3 Vinhomes Central Park<\/p>\n<p>\u2013 T\u00ecnh tr\u1ea1ng ph\u00e1p l\u00fd: h\u1ee3p \u0111\u1ed3ng mua b\u00e1n<\/p>\n<p>\u2013 View c\u0103n h\u1ed9: view n\u1ed9i khu<\/p>\n<p>C\u0103n h\u1ed9 t\u1ecda l\u1ea1c tr\u00ean t\u1ea7ng cao, t\u1ea7m nh\u00ecn \u0111\u1eb9p v\u00e0 kh\u00f4ng c\u00f3 ti\u1ebfng \u1ed3n.<\/p>\n<p>V\u1ecb tr\u00ed: Vinhomes Central Park 720A \u0110i\u1ec7n Bi\u00ean Ph\u1ee7, ph\u01b0\u1eddng 22, qu\u1eadn B\u00ecnh Th\u1ea1nh, TP. H\u1ed3 Ch\u00ed Minh<\/p>\n<p>Vinhomes Central Park t\u1ecda l\u1ea1c \u1edf v\u1ecb tr\u00ed v\u00f4 c\u00f9ng \u0111\u1eafc \u0111\u1ecba ngay trung t\u00e2m Th\u00e0nh Ph\u1ed1 H\u1ed3 Ch\u00ed Minh, n\u1eb1m trong khu\u00f4n vi\u00ean khu t\u00e2n C\u1ea3ng, m\u1eb7t ti\u1ec1n tr\u1ea3i d\u00e0i h\u01a1n 1km b\u00ean b\u1edd s\u00f4ng S\u00e0i G\u00f2n v\u00e0 l\u00e0 m\u1ed9t trong nh\u1eefng tr\u1ea1m d\u1eebng c\u1ee7a h\u1ec7 th\u1ed1ng t\u00e0u \u0111i\u1ec7n ng\u1ea7m B\u1ebfn Th\u00e0nh- Su\u1ed1i Ti\u00ean.<br \/>\n+ M\u1eb7t ti\u1ec1n tr\u1ea3i d\u00e0i h\u01a1n 1km b\u00ean b\u1edd s\u00f4ng S\u00e0i G\u00f2n<br \/>\n+ 2 ph\u00fat \u0111\u1ebfn tuy\u1ebfn Metro s\u1ed1 1 B\u1ebfn Th\u00e0nh \u2013 Su\u1ed1i Ti\u00ean<br \/>\n+ 4 ph\u00fat \u0111\u1ebfn trung t\u00e2m Qu\u1eadn 1- Tp H\u1ed3 ch\u00ed Minh<\/p>\n","protected":false},"excerpt":{"rendered":"<p>\u2013 T\u00ecnh tr\u1ea1ng n\u1ed9i th\u1ea5t: nh\u00e0 tr\u1ed1ng \u2013 Thu\u1ed9c khu: Park 3 Vinhomes Central Park \u2013 T\u00ecnh tr\u1ea1ng ph\u00e1p l\u00fd: h\u1ee3p \u0111\u1ed3ng mua b\u00e1n \u2013 View c\u0103n h\u1ed9: view n\u1ed9i khu C\u0103n h\u1ed9 t\u1ecda l\u1ea1c tr\u00ean t\u1ea7ng cao, t\u1ea7m nh\u00ecn \u0111\u1eb9p v\u00e0 kh\u00f4ng c\u00f3 ti\u1ebfng \u1ed3n. V\u1ecb tr\u00ed: Vinhomes Central Park 720A \u0110i\u1ec7n Bi\u00ean Ph\u1ee7,&#8230;<\/p>\n","protected":false},"featured_media":1623,"template":"","meta":[],"product_brand":[],"product_cat":[41],"product_tag":[],"class_list":{"0":"post-1618","1":"product","2":"type-product","3":"status-publish","4":"has-post-thumbnail","6":"product_cat-ban-3-phong-ngu-vinhomes-central-park","8":"first","9":"instock","10":"shipping-taxable","11":"purchasable","12":"product-type-simple"},"yoast_head":"<!-- This site is optimized with the Yoast SEO plugin v27.2 - https:\/\/yoast.com\/product\/yoast-seo-wordpress\/ -->\n<title>B\u00e1n 3 ph\u00f2ng ng\u1ee7 Vinhomes Central Park 116m2 gi\u00e1 s\u1eadp s\u00e0n - Vinhomes Central Park<\/title>\n<meta name=\"robots\" content=\"index, follow, max-snippet:-1, max-image-preview:large, max-video-preview:-1\" \/>\n<link rel=\"canonical\" href=\"https:\/\/vananland.com\/vinhomescentralpark\/san-pham\/ban-3-phong-ngu-vinhomes-central-park-116m2-gia-sap-san\/\" \/>\n<meta property=\"og:locale\" content=\"vi_VN\" \/>\n<meta property=\"og:type\" content=\"article\" \/>\n<meta property=\"og:title\" content=\"B\u00e1n 3 ph\u00f2ng ng\u1ee7 Vinhomes Central Park 116m2 gi\u00e1 s\u1eadp s\u00e0n - Vinhomes Central Park\" \/>\n<meta property=\"og:description\" content=\"\u2013 T\u00ecnh tr\u1ea1ng n\u1ed9i th\u1ea5t: nh\u00e0 tr\u1ed1ng \u2013 Thu\u1ed9c khu: Park 3 Vinhomes Central Park \u2013 T\u00ecnh tr\u1ea1ng ph\u00e1p l\u00fd: h\u1ee3p \u0111\u1ed3ng mua b\u00e1n \u2013 View c\u0103n h\u1ed9: view n\u1ed9i khu C\u0103n h\u1ed9 t\u1ecda l\u1ea1c tr\u00ean t\u1ea7ng cao, t\u1ea7m nh\u00ecn \u0111\u1eb9p v\u00e0 kh\u00f4ng c\u00f3 ti\u1ebfng \u1ed3n. V\u1ecb tr\u00ed: Vinhomes Central Park 720A \u0110i\u1ec7n Bi\u00ean Ph\u1ee7,...\" \/>\n<meta property=\"og:url\" content=\"https:\/\/vananland.com\/vinhomescentralpark\/san-pham\/ban-3-phong-ngu-vinhomes-central-park-116m2-gia-sap-san\/\" \/>\n<meta property=\"og:site_name\" content=\"Vinhomes Central Park\" \/>\n<meta property=\"article:modified_time\" content=\"2023-04-27T03:52:24+00:00\" \/>\n<meta property=\"og:image\" content=\"https:\/\/vananland.com\/vinhomescentralpark\/wp-content\/uploads\/2023\/04\/Khong-gian-bep-2.jpg\" \/>\n\t<meta property=\"og:image:width\" content=\"749\" \/>\n\t<meta property=\"og:image:height\" content=\"500\" \/>\n\t<meta property=\"og:image:type\" content=\"image\/jpeg\" \/>\n<meta name=\"twitter:card\" content=\"summary_large_image\" \/>\n<meta name=\"twitter:label1\" content=\"\u01af\u1edbc t\u00ednh th\u1eddi gian \u0111\u1ecdc\" \/>\n\t<meta name=\"twitter:data1\" content=\"1 ph\u00fat\" \/>\n<script type=\"application\/ld+json\" class=\"yoast-schema-graph\">{\"@context\":\"https:\/\/schema.org\",\"@graph\":[{\"@type\":\"WebPage\",\"@id\":\"https:\/\/vananland.com\/vinhomescentralpark\/san-pham\/ban-3-phong-ngu-vinhomes-central-park-116m2-gia-sap-san\/\",\"url\":\"https:\/\/vananland.com\/vinhomescentralpark\/san-pham\/ban-3-phong-ngu-vinhomes-central-park-116m2-gia-sap-san\/\",\"name\":\"B\u00e1n 3 ph\u00f2ng ng\u1ee7 Vinhomes Central Park 116m2 gi\u00e1 s\u1eadp s\u00e0n - Vinhomes Central Park\",\"isPartOf\":{\"@id\":\"https:\/\/vananland.com\/vinhomescentralpark\/#website\"},\"primaryImageOfPage\":{\"@id\":\"https:\/\/vananland.com\/vinhomescentralpark\/san-pham\/ban-3-phong-ngu-vinhomes-central-park-116m2-gia-sap-san\/#primaryimage\"},\"image\":{\"@id\":\"https:\/\/vananland.com\/vinhomescentralpark\/san-pham\/ban-3-phong-ngu-vinhomes-central-park-116m2-gia-sap-san\/#primaryimage\"},\"thumbnailUrl\":\"https:\/\/vananland.com\/vinhomescentralpark\/wp-content\/uploads\/2023\/04\/Khong-gian-bep-2.jpg\",\"datePublished\":\"2023-04-26T03:40:57+00:00\",\"dateModified\":\"2023-04-27T03:52:24+00:00\",\"breadcrumb\":{\"@id\":\"https:\/\/vananland.com\/vinhomescentralpark\/san-pham\/ban-3-phong-ngu-vinhomes-central-park-116m2-gia-sap-san\/#breadcrumb\"},\"inLanguage\":\"vi\",\"potentialAction\":[{\"@type\":\"ReadAction\",\"target\":[\"https:\/\/vananland.com\/vinhomescentralpark\/san-pham\/ban-3-phong-ngu-vinhomes-central-park-116m2-gia-sap-san\/\"]}]},{\"@type\":\"ImageObject\",\"inLanguage\":\"vi\",\"@id\":\"https:\/\/vananland.com\/vinhomescentralpark\/san-pham\/ban-3-phong-ngu-vinhomes-central-park-116m2-gia-sap-san\/#primaryimage\",\"url\":\"https:\/\/vananland.com\/vinhomescentralpark\/wp-content\/uploads\/2023\/04\/Khong-gian-bep-2.jpg\",\"contentUrl\":\"https:\/\/vananland.com\/vinhomescentralpark\/wp-content\/uploads\/2023\/04\/Khong-gian-bep-2.jpg\",\"width\":749,\"height\":500},{\"@type\":\"BreadcrumbList\",\"@id\":\"https:\/\/vananland.com\/vinhomescentralpark\/san-pham\/ban-3-phong-ngu-vinhomes-central-park-116m2-gia-sap-san\/#breadcrumb\",\"itemListElement\":[{\"@type\":\"ListItem\",\"position\":1,\"name\":\"Home\",\"item\":\"https:\/\/vananland.com\/vinhomescentralpark\/\"},{\"@type\":\"ListItem\",\"position\":2,\"name\":\"C\u1eeda h\u00e0ng\",\"item\":\"https:\/\/vananland.com\/vinhomescentralpark\/mua\/\"},{\"@type\":\"ListItem\",\"position\":3,\"name\":\"B\u00e1n 3 ph\u00f2ng ng\u1ee7 Vinhomes Central Park 116m2 gi\u00e1 s\u1eadp s\u00e0n\"}]},{\"@type\":\"WebSite\",\"@id\":\"https:\/\/vananland.com\/vinhomescentralpark\/#website\",\"url\":\"https:\/\/vananland.com\/vinhomescentralpark\/\",\"name\":\"Vinhomes Central Park\",\"description\":\"\",\"potentialAction\":[{\"@type\":\"SearchAction\",\"target\":{\"@type\":\"EntryPoint\",\"urlTemplate\":\"https:\/\/vananland.com\/vinhomescentralpark\/?s={search_term_string}\"},\"query-input\":{\"@type\":\"PropertyValueSpecification\",\"valueRequired\":true,\"valueName\":\"search_term_string\"}}],\"inLanguage\":\"vi\"}]}<\/script>\n<!-- \/ Yoast SEO plugin. -->","yoast_head_json":{"title":"B\u00e1n 3 ph\u00f2ng ng\u1ee7 Vinhomes Central Park 116m2 gi\u00e1 s\u1eadp s\u00e0n - Vinhomes Central Park","robots":{"index":"index","follow":"follow","max-snippet":"max-snippet:-1","max-image-preview":"max-image-preview:large","max-video-preview":"max-video-preview:-1"},"canonical":"https:\/\/vananland.com\/vinhomescentralpark\/san-pham\/ban-3-phong-ngu-vinhomes-central-park-116m2-gia-sap-san\/","og_locale":"vi_VN","og_type":"article","og_title":"B\u00e1n 3 ph\u00f2ng ng\u1ee7 Vinhomes Central Park 116m2 gi\u00e1 s\u1eadp s\u00e0n - Vinhomes Central Park","og_description":"\u2013 T\u00ecnh tr\u1ea1ng n\u1ed9i th\u1ea5t: nh\u00e0 tr\u1ed1ng \u2013 Thu\u1ed9c khu: Park 3 Vinhomes Central Park \u2013 T\u00ecnh tr\u1ea1ng ph\u00e1p l\u00fd: h\u1ee3p \u0111\u1ed3ng mua b\u00e1n \u2013 View c\u0103n h\u1ed9: view n\u1ed9i khu C\u0103n h\u1ed9 t\u1ecda l\u1ea1c tr\u00ean t\u1ea7ng cao, t\u1ea7m nh\u00ecn \u0111\u1eb9p v\u00e0 kh\u00f4ng c\u00f3 ti\u1ebfng \u1ed3n. V\u1ecb tr\u00ed: Vinhomes Central Park 720A \u0110i\u1ec7n Bi\u00ean Ph\u1ee7,...","og_url":"https:\/\/vananland.com\/vinhomescentralpark\/san-pham\/ban-3-phong-ngu-vinhomes-central-park-116m2-gia-sap-san\/","og_site_name":"Vinhomes Central Park","article_modified_time":"2023-04-27T03:52:24+00:00","og_image":[{"width":749,"height":500,"url":"https:\/\/vananland.com\/vinhomescentralpark\/wp-content\/uploads\/2023\/04\/Khong-gian-bep-2.jpg","type":"image\/jpeg"}],"twitter_card":"summary_large_image","twitter_misc":{"\u01af\u1edbc t\u00ednh th\u1eddi gian \u0111\u1ecdc":"1 ph\u00fat"},"schema":{"@context":"https:\/\/schema.org","@graph":[{"@type":"WebPage","@id":"https:\/\/vananland.com\/vinhomescentralpark\/san-pham\/ban-3-phong-ngu-vinhomes-central-park-116m2-gia-sap-san\/","url":"https:\/\/vananland.com\/vinhomescentralpark\/san-pham\/ban-3-phong-ngu-vinhomes-central-park-116m2-gia-sap-san\/","name":"B\u00e1n 3 ph\u00f2ng ng\u1ee7 Vinhomes Central Park 116m2 gi\u00e1 s\u1eadp s\u00e0n - Vinhomes Central Park","isPartOf":{"@id":"https:\/\/vananland.com\/vinhomescentralpark\/#website"},"primaryImageOfPage":{"@id":"https:\/\/vananland.com\/vinhomescentralpark\/san-pham\/ban-3-phong-ngu-vinhomes-central-park-116m2-gia-sap-san\/#primaryimage"},"image":{"@id":"https:\/\/vananland.com\/vinhomescentralpark\/san-pham\/ban-3-phong-ngu-vinhomes-central-park-116m2-gia-sap-san\/#primaryimage"},"thumbnailUrl":"https:\/\/vananland.com\/vinhomescentralpark\/wp-content\/uploads\/2023\/04\/Khong-gian-bep-2.jpg","datePublished":"2023-04-26T03:40:57+00:00","dateModified":"2023-04-27T03:52:24+00:00","breadcrumb":{"@id":"https:\/\/vananland.com\/vinhomescentralpark\/san-pham\/ban-3-phong-ngu-vinhomes-central-park-116m2-gia-sap-san\/#breadcrumb"},"inLanguage":"vi","potentialAction":[{"@type":"ReadAction","target":["https:\/\/vananland.com\/vinhomescentralpark\/san-pham\/ban-3-phong-ngu-vinhomes-central-park-116m2-gia-sap-san\/"]}]},{"@type":"ImageObject","inLanguage":"vi","@id":"https:\/\/vananland.com\/vinhomescentralpark\/san-pham\/ban-3-phong-ngu-vinhomes-central-park-116m2-gia-sap-san\/#primaryimage","url":"https:\/\/vananland.com\/vinhomescentralpark\/wp-content\/uploads\/2023\/04\/Khong-gian-bep-2.jpg","contentUrl":"https:\/\/vananland.com\/vinhomescentralpark\/wp-content\/uploads\/2023\/04\/Khong-gian-bep-2.jpg","width":749,"height":500},{"@type":"BreadcrumbList","@id":"https:\/\/vananland.com\/vinhomescentralpark\/san-pham\/ban-3-phong-ngu-vinhomes-central-park-116m2-gia-sap-san\/#breadcrumb","itemListElement":[{"@type":"ListItem","position":1,"name":"Home","item":"https:\/\/vananland.com\/vinhomescentralpark\/"},{"@type":"ListItem","position":2,"name":"C\u1eeda h\u00e0ng","item":"https:\/\/vananland.com\/vinhomescentralpark\/mua\/"},{"@type":"ListItem","position":3,"name":"B\u00e1n 3 ph\u00f2ng ng\u1ee7 Vinhomes Central Park 116m2 gi\u00e1 s\u1eadp s\u00e0n"}]},{"@type":"WebSite","@id":"https:\/\/vananland.com\/vinhomescentralpark\/#website","url":"https:\/\/vananland.com\/vinhomescentralpark\/","name":"Vinhomes Central Park","description":"","potentialAction":[{"@type":"SearchAction","target":{"@type":"EntryPoint","urlTemplate":"https:\/\/vananland.com\/vinhomescentralpark\/?s={search_term_string}"},"query-input":{"@type":"PropertyValueSpecification","valueRequired":true,"valueName":"search_term_string"}}],"inLanguage":"vi"}]}},"_links":{"self":[{"href":"https:\/\/vananland.com\/vinhomescentralpark\/wp-json\/wp\/v2\/product\/1618","targetHints":{"allow":["GET"]}}],"collection":[{"href":"https:\/\/vananland.com\/vinhomescentralpark\/wp-json\/wp\/v2\/product"}],"about":[{"href":"https:\/\/vananland.com\/vinhomescentralpark\/wp-json\/wp\/v2\/types\/product"}],"wp:featuredmedia":[{"embeddable":true,"href":"https:\/\/vananland.com\/vinhomescentralpark\/wp-json\/wp\/v2\/media\/1623"}],"wp:attachment":[{"href":"https:\/\/vananland.com\/vinhomescentralpark\/wp-json\/wp\/v2\/media?parent=1618"}],"wp:term":[{"taxonomy":"product_brand","embeddable":true,"href":"https:\/\/vananland.com\/vinhomescentralpark\/wp-json\/wp\/v2\/product_brand?post=1618"},{"taxonomy":"product_cat","embeddable":true,"href":"https:\/\/vananland.com\/vinhomescentralpark\/wp-json\/wp\/v2\/product_cat?post=1618"},{"taxonomy":"product_tag","embeddable":true,"href":"https:\/\/vananland.com\/vinhomescentralpark\/wp-json\/wp\/v2\/product_tag?post=1618"}],"curies":[{"name":"wp","href":"https:\/\/api.w.org\/{rel}","templated":true}]}}