


	{"id":1610,"date":"2023-04-26T10:30:39","date_gmt":"2023-04-26T03:30:39","guid":{"rendered":"https:\/\/vananland.com\/vinhomescentralpark\/?post_type=product&#038;p=1610"},"modified":"2026-04-04T18:24:32","modified_gmt":"2026-04-04T11:24:32","slug":"ban-2-phong-ngu-vinhomes-central-park-nha-trong","status":"publish","type":"product","link":"https:\/\/vananland.com\/vinhomescentralpark\/san-pham\/ban-2-phong-ngu-vinhomes-central-park-nha-trong\/","title":{"rendered":"B\u00e1n 2 ph\u00f2ng ng\u1ee7 Vinhomes Central Park nh\u00e0 tr\u1ed1ng"},"content":{"rendered":"<p>\u2013 T\u00ecnh tr\u1ea1ng n\u1ed9i th\u1ea5t: nh\u00e0 tr\u1ed1ng<\/p>\n<p>\u2013 Thu\u1ed9c khu: Park 7 Vinhomes Central Park<\/p>\n<p>\u2013 T\u00ecnh tr\u1ea1ng ph\u00e1p l\u00fd: s\u1edf h\u1eefu l\u00e2u d\u00e0i<\/p>\n<p>\u2013 View c\u0103n h\u1ed9: View tri\u1ec7u \u0111\u00f4 nh\u00ecn Landmark 81 v\u00e0 c\u00f4ng Vi\u00ean 14ha Central Park.<\/p>\n<p>C\u0103n h\u1ed9 t\u1ecda l\u1ea1c tr\u00ean t\u1ea7ng cao, t\u1ea7m nh\u00ecn \u0111\u1eb9p v\u00e0 kh\u00f4ng c\u00f3 ti\u1ebfng \u1ed3n.<\/p>\n<p>V\u1ecb tr\u00ed: Vinhomes Central Park 720A \u0110i\u1ec7n Bi\u00ean Ph\u1ee7, ph\u01b0\u1eddng 22, qu\u1eadn B\u00ecnh Th\u1ea1nh, TP. H\u1ed3 Ch\u00ed Minh<\/p>\n<p>Vinhomes Central Park l\u00e0 t\u1ed5 h\u1ee3p c\u0103n h\u1ed9 cao c\u1ea5p, bi\u1ec7t th\u1ef1, trung t\u00e2m th\u01b0\u01a1ng m\u1ea1i v\u00e0 c\u00f4ng vi\u00ean c\u00e2y xanh n\u1eb1m t\u1ea1i khu T\u00e2n C\u1ea3ng TP.HCM. S\u1edf h\u1eefu m\u1eb7t ti\u1ec1n tr\u1ea3i d\u00e0i h\u01a1n 1 km b\u00ean s\u00f4ng S\u00e0i G\u00f2n, c\u00f9ng nh\u1eefng ti\u1ec7n \u00edch d\u1ecbch v\u1ee5 \u0111\u1eb3ng c\u1ea5p 5 sao, Vinhomes Central Park T\u00e2n C\u1ea3ng l\u00e0 n\u01a1i t\u1ea1o d\u1ef1ng nh\u1eefng gi\u00e1 tr\u1ecb \u0111\u00edch th\u1ef1c c\u1ee7a cu\u1ed9c s\u1ed1ng, x\u1ee9ng t\u1ea7m khu \u0111\u00f4 th\u1ecb hi\u1ec7n \u0111\u1ea1i &amp; cao c\u1ea5p b\u1eadc nh\u1ea5t Vi\u1ec7t Nam.<\/p>\n","protected":false},"excerpt":{"rendered":"<p>\u2013 T\u00ecnh tr\u1ea1ng n\u1ed9i th\u1ea5t: nh\u00e0 tr\u1ed1ng \u2013 Thu\u1ed9c khu: Park 7 Vinhomes Central Park \u2013 T\u00ecnh tr\u1ea1ng ph\u00e1p l\u00fd: s\u1edf h\u1eefu l\u00e2u d\u00e0i \u2013 View c\u0103n h\u1ed9: View tri\u1ec7u \u0111\u00f4 nh\u00ecn Landmark 81 v\u00e0 c\u00f4ng Vi\u00ean 14ha Central Park. C\u0103n h\u1ed9 t\u1ecda l\u1ea1c tr\u00ean t\u1ea7ng cao, t\u1ea7m nh\u00ecn \u0111\u1eb9p v\u00e0 kh\u00f4ng c\u00f3 ti\u1ebfng \u1ed3n&#8230;.<\/p>\n","protected":false},"featured_media":1616,"template":"","meta":[],"product_brand":[],"product_cat":[40],"product_tag":[],"class_list":{"0":"post-1610","1":"product","2":"type-product","3":"status-publish","4":"has-post-thumbnail","6":"product_cat-ban-2-phong-ngu-vinhomes-central-park","8":"first","9":"instock","10":"shipping-taxable","11":"purchasable","12":"product-type-simple"},"yoast_head":"<!-- This site is optimized with the Yoast SEO plugin v27.2 - https:\/\/yoast.com\/product\/yoast-seo-wordpress\/ -->\n<title>B\u00e1n 2 ph\u00f2ng ng\u1ee7 Vinhomes Central Park nh\u00e0 tr\u1ed1ng - Vinhomes Central Park<\/title>\n<meta name=\"robots\" content=\"index, follow, max-snippet:-1, max-image-preview:large, max-video-preview:-1\" \/>\n<link rel=\"canonical\" href=\"https:\/\/vananland.com\/vinhomescentralpark\/san-pham\/ban-2-phong-ngu-vinhomes-central-park-nha-trong\/\" \/>\n<meta property=\"og:locale\" content=\"vi_VN\" \/>\n<meta property=\"og:type\" content=\"article\" \/>\n<meta property=\"og:title\" content=\"B\u00e1n 2 ph\u00f2ng ng\u1ee7 Vinhomes Central Park nh\u00e0 tr\u1ed1ng - Vinhomes Central Park\" \/>\n<meta property=\"og:description\" content=\"\u2013 T\u00ecnh tr\u1ea1ng n\u1ed9i th\u1ea5t: nh\u00e0 tr\u1ed1ng \u2013 Thu\u1ed9c khu: Park 7 Vinhomes Central Park \u2013 T\u00ecnh tr\u1ea1ng ph\u00e1p l\u00fd: s\u1edf h\u1eefu l\u00e2u d\u00e0i \u2013 View c\u0103n h\u1ed9: View tri\u1ec7u \u0111\u00f4 nh\u00ecn Landmark 81 v\u00e0 c\u00f4ng Vi\u00ean 14ha Central Park. C\u0103n h\u1ed9 t\u1ecda l\u1ea1c tr\u00ean t\u1ea7ng cao, t\u1ea7m nh\u00ecn \u0111\u1eb9p v\u00e0 kh\u00f4ng c\u00f3 ti\u1ebfng \u1ed3n....\" \/>\n<meta property=\"og:url\" content=\"https:\/\/vananland.com\/vinhomescentralpark\/san-pham\/ban-2-phong-ngu-vinhomes-central-park-nha-trong\/\" \/>\n<meta property=\"og:site_name\" content=\"Vinhomes Central Park\" \/>\n<meta property=\"article:modified_time\" content=\"2026-04-04T11:24:32+00:00\" \/>\n<meta property=\"og:image\" content=\"https:\/\/vananland.com\/vinhomescentralpark\/wp-content\/uploads\/2023\/04\/tong-quan-phong-khach-3.jpg\" \/>\n\t<meta property=\"og:image:width\" content=\"750\" \/>\n\t<meta property=\"og:image:height\" content=\"500\" \/>\n\t<meta property=\"og:image:type\" content=\"image\/jpeg\" \/>\n<meta name=\"twitter:card\" content=\"summary_large_image\" \/>\n<meta name=\"twitter:label1\" content=\"\u01af\u1edbc t\u00ednh th\u1eddi gian \u0111\u1ecdc\" \/>\n\t<meta name=\"twitter:data1\" content=\"2 ph\u00fat\" \/>\n<script type=\"application\/ld+json\" class=\"yoast-schema-graph\">{\"@context\":\"https:\/\/schema.org\",\"@graph\":[{\"@type\":\"WebPage\",\"@id\":\"https:\/\/vananland.com\/vinhomescentralpark\/san-pham\/ban-2-phong-ngu-vinhomes-central-park-nha-trong\/\",\"url\":\"https:\/\/vananland.com\/vinhomescentralpark\/san-pham\/ban-2-phong-ngu-vinhomes-central-park-nha-trong\/\",\"name\":\"B\u00e1n 2 ph\u00f2ng ng\u1ee7 Vinhomes Central Park nh\u00e0 tr\u1ed1ng - Vinhomes Central Park\",\"isPartOf\":{\"@id\":\"https:\/\/vananland.com\/vinhomescentralpark\/#website\"},\"primaryImageOfPage\":{\"@id\":\"https:\/\/vananland.com\/vinhomescentralpark\/san-pham\/ban-2-phong-ngu-vinhomes-central-park-nha-trong\/#primaryimage\"},\"image\":{\"@id\":\"https:\/\/vananland.com\/vinhomescentralpark\/san-pham\/ban-2-phong-ngu-vinhomes-central-park-nha-trong\/#primaryimage\"},\"thumbnailUrl\":\"https:\/\/vananland.com\/vinhomescentralpark\/wp-content\/uploads\/2023\/04\/tong-quan-phong-khach-3.jpg\",\"datePublished\":\"2023-04-26T03:30:39+00:00\",\"dateModified\":\"2026-04-04T11:24:32+00:00\",\"breadcrumb\":{\"@id\":\"https:\/\/vananland.com\/vinhomescentralpark\/san-pham\/ban-2-phong-ngu-vinhomes-central-park-nha-trong\/#breadcrumb\"},\"inLanguage\":\"vi\",\"potentialAction\":[{\"@type\":\"ReadAction\",\"target\":[\"https:\/\/vananland.com\/vinhomescentralpark\/san-pham\/ban-2-phong-ngu-vinhomes-central-park-nha-trong\/\"]}]},{\"@type\":\"ImageObject\",\"inLanguage\":\"vi\",\"@id\":\"https:\/\/vananland.com\/vinhomescentralpark\/san-pham\/ban-2-phong-ngu-vinhomes-central-park-nha-trong\/#primaryimage\",\"url\":\"https:\/\/vananland.com\/vinhomescentralpark\/wp-content\/uploads\/2023\/04\/tong-quan-phong-khach-3.jpg\",\"contentUrl\":\"https:\/\/vananland.com\/vinhomescentralpark\/wp-content\/uploads\/2023\/04\/tong-quan-phong-khach-3.jpg\",\"width\":750,\"height\":500},{\"@type\":\"BreadcrumbList\",\"@id\":\"https:\/\/vananland.com\/vinhomescentralpark\/san-pham\/ban-2-phong-ngu-vinhomes-central-park-nha-trong\/#breadcrumb\",\"itemListElement\":[{\"@type\":\"ListItem\",\"position\":1,\"name\":\"Home\",\"item\":\"https:\/\/vananland.com\/vinhomescentralpark\/\"},{\"@type\":\"ListItem\",\"position\":2,\"name\":\"C\u1eeda h\u00e0ng\",\"item\":\"https:\/\/vananland.com\/vinhomescentralpark\/mua\/\"},{\"@type\":\"ListItem\",\"position\":3,\"name\":\"B\u00e1n 2 ph\u00f2ng ng\u1ee7 Vinhomes Central Park nh\u00e0 tr\u1ed1ng\"}]},{\"@type\":\"WebSite\",\"@id\":\"https:\/\/vananland.com\/vinhomescentralpark\/#website\",\"url\":\"https:\/\/vananland.com\/vinhomescentralpark\/\",\"name\":\"Vinhomes Central Park\",\"description\":\"\",\"potentialAction\":[{\"@type\":\"SearchAction\",\"target\":{\"@type\":\"EntryPoint\",\"urlTemplate\":\"https:\/\/vananland.com\/vinhomescentralpark\/?s={search_term_string}\"},\"query-input\":{\"@type\":\"PropertyValueSpecification\",\"valueRequired\":true,\"valueName\":\"search_term_string\"}}],\"inLanguage\":\"vi\"}]}<\/script>\n<!-- \/ Yoast SEO plugin. -->","yoast_head_json":{"title":"B\u00e1n 2 ph\u00f2ng ng\u1ee7 Vinhomes Central Park nh\u00e0 tr\u1ed1ng - Vinhomes Central Park","robots":{"index":"index","follow":"follow","max-snippet":"max-snippet:-1","max-image-preview":"max-image-preview:large","max-video-preview":"max-video-preview:-1"},"canonical":"https:\/\/vananland.com\/vinhomescentralpark\/san-pham\/ban-2-phong-ngu-vinhomes-central-park-nha-trong\/","og_locale":"vi_VN","og_type":"article","og_title":"B\u00e1n 2 ph\u00f2ng ng\u1ee7 Vinhomes Central Park nh\u00e0 tr\u1ed1ng - Vinhomes Central Park","og_description":"\u2013 T\u00ecnh tr\u1ea1ng n\u1ed9i th\u1ea5t: nh\u00e0 tr\u1ed1ng \u2013 Thu\u1ed9c khu: Park 7 Vinhomes Central Park \u2013 T\u00ecnh tr\u1ea1ng ph\u00e1p l\u00fd: s\u1edf h\u1eefu l\u00e2u d\u00e0i \u2013 View c\u0103n h\u1ed9: View tri\u1ec7u \u0111\u00f4 nh\u00ecn Landmark 81 v\u00e0 c\u00f4ng Vi\u00ean 14ha Central Park. C\u0103n h\u1ed9 t\u1ecda l\u1ea1c tr\u00ean t\u1ea7ng cao, t\u1ea7m nh\u00ecn \u0111\u1eb9p v\u00e0 kh\u00f4ng c\u00f3 ti\u1ebfng \u1ed3n....","og_url":"https:\/\/vananland.com\/vinhomescentralpark\/san-pham\/ban-2-phong-ngu-vinhomes-central-park-nha-trong\/","og_site_name":"Vinhomes Central Park","article_modified_time":"2026-04-04T11:24:32+00:00","og_image":[{"width":750,"height":500,"url":"https:\/\/vananland.com\/vinhomescentralpark\/wp-content\/uploads\/2023\/04\/tong-quan-phong-khach-3.jpg","type":"image\/jpeg"}],"twitter_card":"summary_large_image","twitter_misc":{"\u01af\u1edbc t\u00ednh th\u1eddi gian \u0111\u1ecdc":"2 ph\u00fat"},"schema":{"@context":"https:\/\/schema.org","@graph":[{"@type":"WebPage","@id":"https:\/\/vananland.com\/vinhomescentralpark\/san-pham\/ban-2-phong-ngu-vinhomes-central-park-nha-trong\/","url":"https:\/\/vananland.com\/vinhomescentralpark\/san-pham\/ban-2-phong-ngu-vinhomes-central-park-nha-trong\/","name":"B\u00e1n 2 ph\u00f2ng ng\u1ee7 Vinhomes Central Park nh\u00e0 tr\u1ed1ng - Vinhomes Central Park","isPartOf":{"@id":"https:\/\/vananland.com\/vinhomescentralpark\/#website"},"primaryImageOfPage":{"@id":"https:\/\/vananland.com\/vinhomescentralpark\/san-pham\/ban-2-phong-ngu-vinhomes-central-park-nha-trong\/#primaryimage"},"image":{"@id":"https:\/\/vananland.com\/vinhomescentralpark\/san-pham\/ban-2-phong-ngu-vinhomes-central-park-nha-trong\/#primaryimage"},"thumbnailUrl":"https:\/\/vananland.com\/vinhomescentralpark\/wp-content\/uploads\/2023\/04\/tong-quan-phong-khach-3.jpg","datePublished":"2023-04-26T03:30:39+00:00","dateModified":"2026-04-04T11:24:32+00:00","breadcrumb":{"@id":"https:\/\/vananland.com\/vinhomescentralpark\/san-pham\/ban-2-phong-ngu-vinhomes-central-park-nha-trong\/#breadcrumb"},"inLanguage":"vi","potentialAction":[{"@type":"ReadAction","target":["https:\/\/vananland.com\/vinhomescentralpark\/san-pham\/ban-2-phong-ngu-vinhomes-central-park-nha-trong\/"]}]},{"@type":"ImageObject","inLanguage":"vi","@id":"https:\/\/vananland.com\/vinhomescentralpark\/san-pham\/ban-2-phong-ngu-vinhomes-central-park-nha-trong\/#primaryimage","url":"https:\/\/vananland.com\/vinhomescentralpark\/wp-content\/uploads\/2023\/04\/tong-quan-phong-khach-3.jpg","contentUrl":"https:\/\/vananland.com\/vinhomescentralpark\/wp-content\/uploads\/2023\/04\/tong-quan-phong-khach-3.jpg","width":750,"height":500},{"@type":"BreadcrumbList","@id":"https:\/\/vananland.com\/vinhomescentralpark\/san-pham\/ban-2-phong-ngu-vinhomes-central-park-nha-trong\/#breadcrumb","itemListElement":[{"@type":"ListItem","position":1,"name":"Home","item":"https:\/\/vananland.com\/vinhomescentralpark\/"},{"@type":"ListItem","position":2,"name":"C\u1eeda h\u00e0ng","item":"https:\/\/vananland.com\/vinhomescentralpark\/mua\/"},{"@type":"ListItem","position":3,"name":"B\u00e1n 2 ph\u00f2ng ng\u1ee7 Vinhomes Central Park nh\u00e0 tr\u1ed1ng"}]},{"@type":"WebSite","@id":"https:\/\/vananland.com\/vinhomescentralpark\/#website","url":"https:\/\/vananland.com\/vinhomescentralpark\/","name":"Vinhomes Central Park","description":"","potentialAction":[{"@type":"SearchAction","target":{"@type":"EntryPoint","urlTemplate":"https:\/\/vananland.com\/vinhomescentralpark\/?s={search_term_string}"},"query-input":{"@type":"PropertyValueSpecification","valueRequired":true,"valueName":"search_term_string"}}],"inLanguage":"vi"}]}},"_links":{"self":[{"href":"https:\/\/vananland.com\/vinhomescentralpark\/wp-json\/wp\/v2\/product\/1610","targetHints":{"allow":["GET"]}}],"collection":[{"href":"https:\/\/vananland.com\/vinhomescentralpark\/wp-json\/wp\/v2\/product"}],"about":[{"href":"https:\/\/vananland.com\/vinhomescentralpark\/wp-json\/wp\/v2\/types\/product"}],"wp:featuredmedia":[{"embeddable":true,"href":"https:\/\/vananland.com\/vinhomescentralpark\/wp-json\/wp\/v2\/media\/1616"}],"wp:attachment":[{"href":"https:\/\/vananland.com\/vinhomescentralpark\/wp-json\/wp\/v2\/media?parent=1610"}],"wp:term":[{"taxonomy":"product_brand","embeddable":true,"href":"https:\/\/vananland.com\/vinhomescentralpark\/wp-json\/wp\/v2\/product_brand?post=1610"},{"taxonomy":"product_cat","embeddable":true,"href":"https:\/\/vananland.com\/vinhomescentralpark\/wp-json\/wp\/v2\/product_cat?post=1610"},{"taxonomy":"product_tag","embeddable":true,"href":"https:\/\/vananland.com\/vinhomescentralpark\/wp-json\/wp\/v2\/product_tag?post=1610"}],"curies":[{"name":"wp","href":"https:\/\/api.w.org\/{rel}","templated":true}]}}