


	{"id":1601,"date":"2023-04-26T10:23:59","date_gmt":"2023-04-26T03:23:59","guid":{"rendered":"https:\/\/vananland.com\/vinhomescentralpark\/?post_type=product&#038;p=1601"},"modified":"2026-04-04T18:26:11","modified_gmt":"2026-04-04T11:26:11","slug":"ban-2-phong-ngu-gia-tot-nhat-vinhomes-central-park","status":"publish","type":"product","link":"https:\/\/vananland.com\/vinhomescentralpark\/san-pham\/ban-2-phong-ngu-gia-tot-nhat-vinhomes-central-park\/","title":{"rendered":"B\u00e1n 2 ph\u00f2ng ng\u1ee7 gi\u00e1 t\u1ed1t nh\u1ea5t Vinhomes Central Park"},"content":{"rendered":"<p>\u2013 T\u00ecnh tr\u1ea1ng n\u1ed9i th\u1ea5t: N\u1ed9i th\u1ea5t \u0111\u1ea7y \u0111\u1ee7<\/p>\n<p>\u2013 Thu\u1ed9c khu: Landmark Plus Vinhomes Central Park<\/p>\n<p>\u2013 T\u00ecnh tr\u1ea1ng ph\u00e1p l\u00fd: S\u1edf h\u1eefu l\u00e2u d\u00e0i<\/p>\n<p>\u2013 View c\u0103n h\u1ed9: Tho\u00e1ng, nh\u00ecn th\u00e0nh ph\u1ed1<\/p>\n<p>Ch\u00ednh ch\u1ee7 c\u1ea7n b\u00e1n g\u1ea5p, n\u00ean c\u00f3 gi\u00e1 c\u1ef1c t\u1ed1t trong th\u00e1ng n\u00e0y.<\/p>\n<p>V\u1ecb tr\u00ed: Vinhomes Central Park 720A \u0110i\u1ec7n Bi\u00ean Ph\u1ee7, ph\u01b0\u1eddng 22, qu\u1eadn B\u00ecnh Th\u1ea1nh, TP. H\u1ed3 Ch\u00ed Minh<\/p>\n<p>Vinhomes Central Park l\u00e0 t\u1ed5 h\u1ee3p c\u0103n h\u1ed9 cao c\u1ea5p, bi\u1ec7t th\u1ef1, trung t\u00e2m th\u01b0\u01a1ng m\u1ea1i v\u00e0 c\u00f4ng vi\u00ean c\u00e2y xanh n\u1eb1m t\u1ea1i khu T\u00e2n C\u1ea3ng TP.HCM. S\u1edf h\u1eefu m\u1eb7t ti\u1ec1n tr\u1ea3i d\u00e0i h\u01a1n 1 km b\u00ean s\u00f4ng S\u00e0i G\u00f2n, c\u00f9ng nh\u1eefng ti\u1ec7n \u00edch d\u1ecbch v\u1ee5 \u0111\u1eb3ng c\u1ea5p 5 sao, Vinhomes Central Park T\u00e2n C\u1ea3ng l\u00e0 n\u01a1i t\u1ea1o d\u1ef1ng nh\u1eefng gi\u00e1 tr\u1ecb \u0111\u00edch th\u1ef1c c\u1ee7a cu\u1ed9c s\u1ed1ng, x\u1ee9ng t\u1ea7m khu \u0111\u00f4 th\u1ecb hi\u1ec7n \u0111\u1ea1i &amp; cao c\u1ea5p b\u1eadc nh\u1ea5t Vi\u1ec7t Nam.<\/p>\n<p>C\u01a1 s\u1edf v\u1eadt ch\u1ea5t trong d\u1ef1 \u00e1n: Nh\u00e0 xe, TTTM Landmark 81, s\u00e2n ch\u01a1i tr\u1ebb em, c\u1eeda h\u00e0ng ti\u1ec7n l\u1ee3i, tr\u01b0\u1eddng qu\u1ed1c t\u1ebf, Khu v\u1ef1c th\u1ec3 thao v\u00e0 gym ngo\u00e0i tr\u1eddi, C\u00f4ng vi\u00ean 14ha, S\u00e2n Golf.<\/p>\n<p>Giao th\u00f4ng: 2 ph\u00fat \u0111\u1ebfn tuy\u1ebfn Metro s\u1ed1 1 B\u1ebfn Th\u00e0nh \u2013 Su\u1ed1i Ti\u00ean, 3 ph\u00fat \u0111\u1ebfn khu \u0111\u00f4 th\u1ecb m\u1edbi Th\u1ee7 Thi\u00eam, 4 ph\u00fat \u0111\u1ebfn trung t\u00e2m Qu\u1eadn 1,\u2026 B\u00ean c\u1ea1nh \u0111\u00f3, Vinhomes Central Park c\u00f2n n\u1eb1m tr\u00ean tr\u1ee5c \u0111\u01b0\u1eddng k\u1ebft n\u1ed1i tr\u1ef1c ti\u1ebfp v\u1edbi c\u00e1c qu\u1eadn l\u00e2n c\u1eadn nh\u01b0 Qu\u1eadn 2, 7, 9, Th\u1ee7 \u0110\u1ee9c,\u2026 thu\u1eadn ti\u1ec7n cho nhu c\u1ea7u \u0111i l\u1ea1i, h\u1ecdc t\u1eadp v\u00e0 l\u00e0m vi\u1ec7c c\u1ee7a c\u01b0 d\u00e2n.<\/p>\n","protected":false},"excerpt":{"rendered":"<p>\u2013 T\u00ecnh tr\u1ea1ng n\u1ed9i th\u1ea5t: N\u1ed9i th\u1ea5t \u0111\u1ea7y \u0111\u1ee7 \u2013 Thu\u1ed9c khu: Landmark Plus Vinhomes Central Park \u2013 T\u00ecnh tr\u1ea1ng ph\u00e1p l\u00fd: S\u1edf h\u1eefu l\u00e2u d\u00e0i \u2013 View c\u0103n h\u1ed9: Tho\u00e1ng, nh\u00ecn th\u00e0nh ph\u1ed1 Ch\u00ednh ch\u1ee7 c\u1ea7n b\u00e1n g\u1ea5p, n\u00ean c\u00f3 gi\u00e1 c\u1ef1c t\u1ed1t trong th\u00e1ng n\u00e0y. V\u1ecb tr\u00ed: Vinhomes Central Park 720A \u0110i\u1ec7n Bi\u00ean&#8230;<\/p>\n","protected":false},"featured_media":1607,"template":"","meta":[],"product_brand":[],"product_cat":[40],"product_tag":[],"class_list":{"0":"post-1601","1":"product","2":"type-product","3":"status-publish","4":"has-post-thumbnail","6":"product_cat-ban-2-phong-ngu-vinhomes-central-park","8":"first","9":"instock","10":"shipping-taxable","11":"purchasable","12":"product-type-simple"},"yoast_head":"<!-- This site is optimized with the Yoast SEO plugin v27.2 - https:\/\/yoast.com\/product\/yoast-seo-wordpress\/ -->\n<title>B\u00e1n 2 ph\u00f2ng ng\u1ee7 gi\u00e1 t\u1ed1t nh\u1ea5t Vinhomes Central Park - Vinhomes Central Park<\/title>\n<meta name=\"robots\" content=\"index, follow, max-snippet:-1, max-image-preview:large, max-video-preview:-1\" \/>\n<link rel=\"canonical\" href=\"https:\/\/vananland.com\/vinhomescentralpark\/san-pham\/ban-2-phong-ngu-gia-tot-nhat-vinhomes-central-park\/\" \/>\n<meta property=\"og:locale\" content=\"vi_VN\" \/>\n<meta property=\"og:type\" content=\"article\" \/>\n<meta property=\"og:title\" content=\"B\u00e1n 2 ph\u00f2ng ng\u1ee7 gi\u00e1 t\u1ed1t nh\u1ea5t Vinhomes Central Park - Vinhomes Central Park\" \/>\n<meta property=\"og:description\" content=\"\u2013 T\u00ecnh tr\u1ea1ng n\u1ed9i th\u1ea5t: N\u1ed9i th\u1ea5t \u0111\u1ea7y \u0111\u1ee7 \u2013 Thu\u1ed9c khu: Landmark Plus Vinhomes Central Park \u2013 T\u00ecnh tr\u1ea1ng ph\u00e1p l\u00fd: S\u1edf h\u1eefu l\u00e2u d\u00e0i \u2013 View c\u0103n h\u1ed9: Tho\u00e1ng, nh\u00ecn th\u00e0nh ph\u1ed1 Ch\u00ednh ch\u1ee7 c\u1ea7n b\u00e1n g\u1ea5p, n\u00ean c\u00f3 gi\u00e1 c\u1ef1c t\u1ed1t trong th\u00e1ng n\u00e0y. V\u1ecb tr\u00ed: Vinhomes Central Park 720A \u0110i\u1ec7n Bi\u00ean...\" \/>\n<meta property=\"og:url\" content=\"https:\/\/vananland.com\/vinhomescentralpark\/san-pham\/ban-2-phong-ngu-gia-tot-nhat-vinhomes-central-park\/\" \/>\n<meta property=\"og:site_name\" content=\"Vinhomes Central Park\" \/>\n<meta property=\"article:modified_time\" content=\"2026-04-04T11:26:11+00:00\" \/>\n<meta property=\"og:image\" content=\"https:\/\/vananland.com\/vinhomescentralpark\/wp-content\/uploads\/2023\/04\/Ban-an-va-sofa.jpg\" \/>\n\t<meta property=\"og:image:width\" content=\"1080\" \/>\n\t<meta property=\"og:image:height\" content=\"720\" \/>\n\t<meta property=\"og:image:type\" content=\"image\/jpeg\" \/>\n<meta name=\"twitter:card\" content=\"summary_large_image\" \/>\n<meta name=\"twitter:label1\" content=\"\u01af\u1edbc t\u00ednh th\u1eddi gian \u0111\u1ecdc\" \/>\n\t<meta name=\"twitter:data1\" content=\"2 ph\u00fat\" \/>\n<script type=\"application\/ld+json\" class=\"yoast-schema-graph\">{\"@context\":\"https:\/\/schema.org\",\"@graph\":[{\"@type\":\"WebPage\",\"@id\":\"https:\/\/vananland.com\/vinhomescentralpark\/san-pham\/ban-2-phong-ngu-gia-tot-nhat-vinhomes-central-park\/\",\"url\":\"https:\/\/vananland.com\/vinhomescentralpark\/san-pham\/ban-2-phong-ngu-gia-tot-nhat-vinhomes-central-park\/\",\"name\":\"B\u00e1n 2 ph\u00f2ng ng\u1ee7 gi\u00e1 t\u1ed1t nh\u1ea5t Vinhomes Central Park - Vinhomes Central Park\",\"isPartOf\":{\"@id\":\"https:\/\/vananland.com\/vinhomescentralpark\/#website\"},\"primaryImageOfPage\":{\"@id\":\"https:\/\/vananland.com\/vinhomescentralpark\/san-pham\/ban-2-phong-ngu-gia-tot-nhat-vinhomes-central-park\/#primaryimage\"},\"image\":{\"@id\":\"https:\/\/vananland.com\/vinhomescentralpark\/san-pham\/ban-2-phong-ngu-gia-tot-nhat-vinhomes-central-park\/#primaryimage\"},\"thumbnailUrl\":\"https:\/\/vananland.com\/vinhomescentralpark\/wp-content\/uploads\/2023\/04\/Ban-an-va-sofa.jpg\",\"datePublished\":\"2023-04-26T03:23:59+00:00\",\"dateModified\":\"2026-04-04T11:26:11+00:00\",\"breadcrumb\":{\"@id\":\"https:\/\/vananland.com\/vinhomescentralpark\/san-pham\/ban-2-phong-ngu-gia-tot-nhat-vinhomes-central-park\/#breadcrumb\"},\"inLanguage\":\"vi\",\"potentialAction\":[{\"@type\":\"ReadAction\",\"target\":[\"https:\/\/vananland.com\/vinhomescentralpark\/san-pham\/ban-2-phong-ngu-gia-tot-nhat-vinhomes-central-park\/\"]}]},{\"@type\":\"ImageObject\",\"inLanguage\":\"vi\",\"@id\":\"https:\/\/vananland.com\/vinhomescentralpark\/san-pham\/ban-2-phong-ngu-gia-tot-nhat-vinhomes-central-park\/#primaryimage\",\"url\":\"https:\/\/vananland.com\/vinhomescentralpark\/wp-content\/uploads\/2023\/04\/Ban-an-va-sofa.jpg\",\"contentUrl\":\"https:\/\/vananland.com\/vinhomescentralpark\/wp-content\/uploads\/2023\/04\/Ban-an-va-sofa.jpg\",\"width\":1080,\"height\":720},{\"@type\":\"BreadcrumbList\",\"@id\":\"https:\/\/vananland.com\/vinhomescentralpark\/san-pham\/ban-2-phong-ngu-gia-tot-nhat-vinhomes-central-park\/#breadcrumb\",\"itemListElement\":[{\"@type\":\"ListItem\",\"position\":1,\"name\":\"Home\",\"item\":\"https:\/\/vananland.com\/vinhomescentralpark\/\"},{\"@type\":\"ListItem\",\"position\":2,\"name\":\"C\u1eeda h\u00e0ng\",\"item\":\"https:\/\/vananland.com\/vinhomescentralpark\/mua\/\"},{\"@type\":\"ListItem\",\"position\":3,\"name\":\"B\u00e1n 2 ph\u00f2ng ng\u1ee7 gi\u00e1 t\u1ed1t nh\u1ea5t Vinhomes Central Park\"}]},{\"@type\":\"WebSite\",\"@id\":\"https:\/\/vananland.com\/vinhomescentralpark\/#website\",\"url\":\"https:\/\/vananland.com\/vinhomescentralpark\/\",\"name\":\"Vinhomes Central Park\",\"description\":\"\",\"potentialAction\":[{\"@type\":\"SearchAction\",\"target\":{\"@type\":\"EntryPoint\",\"urlTemplate\":\"https:\/\/vananland.com\/vinhomescentralpark\/?s={search_term_string}\"},\"query-input\":{\"@type\":\"PropertyValueSpecification\",\"valueRequired\":true,\"valueName\":\"search_term_string\"}}],\"inLanguage\":\"vi\"}]}<\/script>\n<!-- \/ Yoast SEO plugin. -->","yoast_head_json":{"title":"B\u00e1n 2 ph\u00f2ng ng\u1ee7 gi\u00e1 t\u1ed1t nh\u1ea5t Vinhomes Central Park - Vinhomes Central Park","robots":{"index":"index","follow":"follow","max-snippet":"max-snippet:-1","max-image-preview":"max-image-preview:large","max-video-preview":"max-video-preview:-1"},"canonical":"https:\/\/vananland.com\/vinhomescentralpark\/san-pham\/ban-2-phong-ngu-gia-tot-nhat-vinhomes-central-park\/","og_locale":"vi_VN","og_type":"article","og_title":"B\u00e1n 2 ph\u00f2ng ng\u1ee7 gi\u00e1 t\u1ed1t nh\u1ea5t Vinhomes Central Park - Vinhomes Central Park","og_description":"\u2013 T\u00ecnh tr\u1ea1ng n\u1ed9i th\u1ea5t: N\u1ed9i th\u1ea5t \u0111\u1ea7y \u0111\u1ee7 \u2013 Thu\u1ed9c khu: Landmark Plus Vinhomes Central Park \u2013 T\u00ecnh tr\u1ea1ng ph\u00e1p l\u00fd: S\u1edf h\u1eefu l\u00e2u d\u00e0i \u2013 View c\u0103n h\u1ed9: Tho\u00e1ng, nh\u00ecn th\u00e0nh ph\u1ed1 Ch\u00ednh ch\u1ee7 c\u1ea7n b\u00e1n g\u1ea5p, n\u00ean c\u00f3 gi\u00e1 c\u1ef1c t\u1ed1t trong th\u00e1ng n\u00e0y. V\u1ecb tr\u00ed: Vinhomes Central Park 720A \u0110i\u1ec7n Bi\u00ean...","og_url":"https:\/\/vananland.com\/vinhomescentralpark\/san-pham\/ban-2-phong-ngu-gia-tot-nhat-vinhomes-central-park\/","og_site_name":"Vinhomes Central Park","article_modified_time":"2026-04-04T11:26:11+00:00","og_image":[{"width":1080,"height":720,"url":"https:\/\/vananland.com\/vinhomescentralpark\/wp-content\/uploads\/2023\/04\/Ban-an-va-sofa.jpg","type":"image\/jpeg"}],"twitter_card":"summary_large_image","twitter_misc":{"\u01af\u1edbc t\u00ednh th\u1eddi gian \u0111\u1ecdc":"2 ph\u00fat"},"schema":{"@context":"https:\/\/schema.org","@graph":[{"@type":"WebPage","@id":"https:\/\/vananland.com\/vinhomescentralpark\/san-pham\/ban-2-phong-ngu-gia-tot-nhat-vinhomes-central-park\/","url":"https:\/\/vananland.com\/vinhomescentralpark\/san-pham\/ban-2-phong-ngu-gia-tot-nhat-vinhomes-central-park\/","name":"B\u00e1n 2 ph\u00f2ng ng\u1ee7 gi\u00e1 t\u1ed1t nh\u1ea5t Vinhomes Central Park - Vinhomes Central Park","isPartOf":{"@id":"https:\/\/vananland.com\/vinhomescentralpark\/#website"},"primaryImageOfPage":{"@id":"https:\/\/vananland.com\/vinhomescentralpark\/san-pham\/ban-2-phong-ngu-gia-tot-nhat-vinhomes-central-park\/#primaryimage"},"image":{"@id":"https:\/\/vananland.com\/vinhomescentralpark\/san-pham\/ban-2-phong-ngu-gia-tot-nhat-vinhomes-central-park\/#primaryimage"},"thumbnailUrl":"https:\/\/vananland.com\/vinhomescentralpark\/wp-content\/uploads\/2023\/04\/Ban-an-va-sofa.jpg","datePublished":"2023-04-26T03:23:59+00:00","dateModified":"2026-04-04T11:26:11+00:00","breadcrumb":{"@id":"https:\/\/vananland.com\/vinhomescentralpark\/san-pham\/ban-2-phong-ngu-gia-tot-nhat-vinhomes-central-park\/#breadcrumb"},"inLanguage":"vi","potentialAction":[{"@type":"ReadAction","target":["https:\/\/vananland.com\/vinhomescentralpark\/san-pham\/ban-2-phong-ngu-gia-tot-nhat-vinhomes-central-park\/"]}]},{"@type":"ImageObject","inLanguage":"vi","@id":"https:\/\/vananland.com\/vinhomescentralpark\/san-pham\/ban-2-phong-ngu-gia-tot-nhat-vinhomes-central-park\/#primaryimage","url":"https:\/\/vananland.com\/vinhomescentralpark\/wp-content\/uploads\/2023\/04\/Ban-an-va-sofa.jpg","contentUrl":"https:\/\/vananland.com\/vinhomescentralpark\/wp-content\/uploads\/2023\/04\/Ban-an-va-sofa.jpg","width":1080,"height":720},{"@type":"BreadcrumbList","@id":"https:\/\/vananland.com\/vinhomescentralpark\/san-pham\/ban-2-phong-ngu-gia-tot-nhat-vinhomes-central-park\/#breadcrumb","itemListElement":[{"@type":"ListItem","position":1,"name":"Home","item":"https:\/\/vananland.com\/vinhomescentralpark\/"},{"@type":"ListItem","position":2,"name":"C\u1eeda h\u00e0ng","item":"https:\/\/vananland.com\/vinhomescentralpark\/mua\/"},{"@type":"ListItem","position":3,"name":"B\u00e1n 2 ph\u00f2ng ng\u1ee7 gi\u00e1 t\u1ed1t nh\u1ea5t Vinhomes Central Park"}]},{"@type":"WebSite","@id":"https:\/\/vananland.com\/vinhomescentralpark\/#website","url":"https:\/\/vananland.com\/vinhomescentralpark\/","name":"Vinhomes Central Park","description":"","potentialAction":[{"@type":"SearchAction","target":{"@type":"EntryPoint","urlTemplate":"https:\/\/vananland.com\/vinhomescentralpark\/?s={search_term_string}"},"query-input":{"@type":"PropertyValueSpecification","valueRequired":true,"valueName":"search_term_string"}}],"inLanguage":"vi"}]}},"_links":{"self":[{"href":"https:\/\/vananland.com\/vinhomescentralpark\/wp-json\/wp\/v2\/product\/1601","targetHints":{"allow":["GET"]}}],"collection":[{"href":"https:\/\/vananland.com\/vinhomescentralpark\/wp-json\/wp\/v2\/product"}],"about":[{"href":"https:\/\/vananland.com\/vinhomescentralpark\/wp-json\/wp\/v2\/types\/product"}],"wp:featuredmedia":[{"embeddable":true,"href":"https:\/\/vananland.com\/vinhomescentralpark\/wp-json\/wp\/v2\/media\/1607"}],"wp:attachment":[{"href":"https:\/\/vananland.com\/vinhomescentralpark\/wp-json\/wp\/v2\/media?parent=1601"}],"wp:term":[{"taxonomy":"product_brand","embeddable":true,"href":"https:\/\/vananland.com\/vinhomescentralpark\/wp-json\/wp\/v2\/product_brand?post=1601"},{"taxonomy":"product_cat","embeddable":true,"href":"https:\/\/vananland.com\/vinhomescentralpark\/wp-json\/wp\/v2\/product_cat?post=1601"},{"taxonomy":"product_tag","embeddable":true,"href":"https:\/\/vananland.com\/vinhomescentralpark\/wp-json\/wp\/v2\/product_tag?post=1601"}],"curies":[{"name":"wp","href":"https:\/\/api.w.org\/{rel}","templated":true}]}}