


	{"id":1582,"date":"2023-04-26T10:05:54","date_gmt":"2023-04-26T03:05:54","guid":{"rendered":"https:\/\/vananland.com\/vinhomescentralpark\/?post_type=product&#038;p=1582"},"modified":"2026-04-04T18:27:11","modified_gmt":"2026-04-04T11:27:11","slug":"ban-2-phong-ngu-vinhomes-central-park-full-noi-that-dep","status":"publish","type":"product","link":"https:\/\/vananland.com\/vinhomescentralpark\/san-pham\/ban-2-phong-ngu-vinhomes-central-park-full-noi-that-dep\/","title":{"rendered":"B\u00e1n 2 ph\u00f2ng ng\u1ee7 Vinhomes Central Park full n\u1ed9i th\u1ea5t \u0111\u1eb9p"},"content":{"rendered":"<p>T\u00ecnh tr\u1ea1ng n\u1ed9i th\u1ea5t: \u0111\u1ea7y \u0111\u1ee7 n\u1ed9i th\u1ea5t<\/p>\n<p>\u2013 Thu\u1ed9c khu: Landmark 5 Vinhomes Central Park<\/p>\n<p>\u2013 T\u00ecnh tr\u1ea1ng ph\u00e1p l\u00fd: h\u1ee3p \u0111\u1ed3ng mua b\u00e1n<\/p>\n<p>\u2013 View c\u0103n h\u1ed9: view s\u00f4ng, n\u1ed9i khu L81<\/p>\n<p>V\u1ecb tr\u00ed: Vinhomes Central Park 720A \u0110i\u1ec7n Bi\u00ean Ph\u1ee7, ph\u01b0\u1eddng 22, qu\u1eadn B\u00ecnh Th\u1ea1nh, TP. H\u1ed3 Ch\u00ed Minh<\/p>\n<p>Vinhomes Central Park l\u00e0 m\u1ed9t qu\u1ea7n th\u1ec3 \u0111\u1ed9c \u0111\u00e1o ven s\u00f4ng, \u0111\u01b0\u1ee3c xem l\u00e0 m\u1ed9t khu \u0111\u00f4 th\u1ecb hi\u1ec7n \u0111\u1ea1i b\u1eadc nh\u1ea5t \u1edf khu trung t\u00e2m S\u00e0i G\u00f2n, v\u1edbi k\u1ef3 v\u1ecdng mang \u0111\u1ebfn m\u1ed9t di\u1ec7n m\u1ea1o m\u1edbi cho khu \u0111\u00f4 th\u1ecb \u0110\u00f4ng S\u00e0i G\u00f2n, bao g\u1ed3m b\u1ebfn du thuy\u1ec1n, khu bi\u1ec7t th\u1ef1 ven s\u00f4ng, t\u00f2a nh\u00e0 cao nh\u1ea5t Vi\u1ec7t Nam Landmark 81 t\u1ea7ng, v\u00e0 b\u1ec7nh vi\u1ec7n, tr\u01b0\u1eddng h\u1ecdc, trung t\u00e2m mua s\u1eafm..<\/p>\n","protected":false},"excerpt":{"rendered":"<p>T\u00ecnh tr\u1ea1ng n\u1ed9i th\u1ea5t: \u0111\u1ea7y \u0111\u1ee7 n\u1ed9i th\u1ea5t \u2013 Thu\u1ed9c khu: Landmark 5 Vinhomes Central Park \u2013 T\u00ecnh tr\u1ea1ng ph\u00e1p l\u00fd: h\u1ee3p \u0111\u1ed3ng mua b\u00e1n \u2013 View c\u0103n h\u1ed9: view s\u00f4ng, n\u1ed9i khu L81 V\u1ecb tr\u00ed: Vinhomes Central Park 720A \u0110i\u1ec7n Bi\u00ean Ph\u1ee7, ph\u01b0\u1eddng 22, qu\u1eadn B\u00ecnh Th\u1ea1nh, TP. H\u1ed3 Ch\u00ed Minh Vinhomes Central Park&#8230;<\/p>\n","protected":false},"featured_media":1583,"template":"","meta":[],"product_brand":[],"product_cat":[40],"product_tag":[],"class_list":{"0":"post-1582","1":"product","2":"type-product","3":"status-publish","4":"has-post-thumbnail","6":"product_cat-ban-2-phong-ngu-vinhomes-central-park","8":"first","9":"instock","10":"shipping-taxable","11":"purchasable","12":"product-type-simple"},"yoast_head":"<!-- This site is optimized with the Yoast SEO plugin v27.2 - https:\/\/yoast.com\/product\/yoast-seo-wordpress\/ -->\n<title>B\u00e1n 2 ph\u00f2ng ng\u1ee7 Vinhomes Central Park full n\u1ed9i th\u1ea5t \u0111\u1eb9p - Vinhomes Central Park<\/title>\n<meta name=\"robots\" content=\"index, follow, max-snippet:-1, max-image-preview:large, max-video-preview:-1\" \/>\n<link rel=\"canonical\" href=\"https:\/\/vananland.com\/vinhomescentralpark\/san-pham\/ban-2-phong-ngu-vinhomes-central-park-full-noi-that-dep\/\" \/>\n<meta property=\"og:locale\" content=\"vi_VN\" \/>\n<meta property=\"og:type\" content=\"article\" \/>\n<meta property=\"og:title\" content=\"B\u00e1n 2 ph\u00f2ng ng\u1ee7 Vinhomes Central Park full n\u1ed9i th\u1ea5t \u0111\u1eb9p - Vinhomes Central Park\" \/>\n<meta property=\"og:description\" content=\"T\u00ecnh tr\u1ea1ng n\u1ed9i th\u1ea5t: \u0111\u1ea7y \u0111\u1ee7 n\u1ed9i th\u1ea5t \u2013 Thu\u1ed9c khu: Landmark 5 Vinhomes Central Park \u2013 T\u00ecnh tr\u1ea1ng ph\u00e1p l\u00fd: h\u1ee3p \u0111\u1ed3ng mua b\u00e1n \u2013 View c\u0103n h\u1ed9: view s\u00f4ng, n\u1ed9i khu L81 V\u1ecb tr\u00ed: Vinhomes Central Park 720A \u0110i\u1ec7n Bi\u00ean Ph\u1ee7, ph\u01b0\u1eddng 22, qu\u1eadn B\u00ecnh Th\u1ea1nh, TP. H\u1ed3 Ch\u00ed Minh Vinhomes Central Park...\" \/>\n<meta property=\"og:url\" content=\"https:\/\/vananland.com\/vinhomescentralpark\/san-pham\/ban-2-phong-ngu-vinhomes-central-park-full-noi-that-dep\/\" \/>\n<meta property=\"og:site_name\" content=\"Vinhomes Central Park\" \/>\n<meta property=\"article:modified_time\" content=\"2026-04-04T11:27:11+00:00\" \/>\n<meta property=\"og:image\" content=\"https:\/\/vananland.com\/vinhomescentralpark\/wp-content\/uploads\/2023\/04\/view-bep-2.jpg\" \/>\n\t<meta property=\"og:image:width\" content=\"1280\" \/>\n\t<meta property=\"og:image:height\" content=\"854\" \/>\n\t<meta property=\"og:image:type\" content=\"image\/jpeg\" \/>\n<meta name=\"twitter:card\" content=\"summary_large_image\" \/>\n<meta name=\"twitter:label1\" content=\"\u01af\u1edbc t\u00ednh th\u1eddi gian \u0111\u1ecdc\" \/>\n\t<meta name=\"twitter:data1\" content=\"1 ph\u00fat\" \/>\n<script type=\"application\/ld+json\" class=\"yoast-schema-graph\">{\"@context\":\"https:\/\/schema.org\",\"@graph\":[{\"@type\":\"WebPage\",\"@id\":\"https:\/\/vananland.com\/vinhomescentralpark\/san-pham\/ban-2-phong-ngu-vinhomes-central-park-full-noi-that-dep\/\",\"url\":\"https:\/\/vananland.com\/vinhomescentralpark\/san-pham\/ban-2-phong-ngu-vinhomes-central-park-full-noi-that-dep\/\",\"name\":\"B\u00e1n 2 ph\u00f2ng ng\u1ee7 Vinhomes Central Park full n\u1ed9i th\u1ea5t \u0111\u1eb9p - Vinhomes Central Park\",\"isPartOf\":{\"@id\":\"https:\/\/vananland.com\/vinhomescentralpark\/#website\"},\"primaryImageOfPage\":{\"@id\":\"https:\/\/vananland.com\/vinhomescentralpark\/san-pham\/ban-2-phong-ngu-vinhomes-central-park-full-noi-that-dep\/#primaryimage\"},\"image\":{\"@id\":\"https:\/\/vananland.com\/vinhomescentralpark\/san-pham\/ban-2-phong-ngu-vinhomes-central-park-full-noi-that-dep\/#primaryimage\"},\"thumbnailUrl\":\"https:\/\/vananland.com\/vinhomescentralpark\/wp-content\/uploads\/2023\/04\/view-bep-2.jpg\",\"datePublished\":\"2023-04-26T03:05:54+00:00\",\"dateModified\":\"2026-04-04T11:27:11+00:00\",\"breadcrumb\":{\"@id\":\"https:\/\/vananland.com\/vinhomescentralpark\/san-pham\/ban-2-phong-ngu-vinhomes-central-park-full-noi-that-dep\/#breadcrumb\"},\"inLanguage\":\"vi\",\"potentialAction\":[{\"@type\":\"ReadAction\",\"target\":[\"https:\/\/vananland.com\/vinhomescentralpark\/san-pham\/ban-2-phong-ngu-vinhomes-central-park-full-noi-that-dep\/\"]}]},{\"@type\":\"ImageObject\",\"inLanguage\":\"vi\",\"@id\":\"https:\/\/vananland.com\/vinhomescentralpark\/san-pham\/ban-2-phong-ngu-vinhomes-central-park-full-noi-that-dep\/#primaryimage\",\"url\":\"https:\/\/vananland.com\/vinhomescentralpark\/wp-content\/uploads\/2023\/04\/view-bep-2.jpg\",\"contentUrl\":\"https:\/\/vananland.com\/vinhomescentralpark\/wp-content\/uploads\/2023\/04\/view-bep-2.jpg\",\"width\":1280,\"height\":854},{\"@type\":\"BreadcrumbList\",\"@id\":\"https:\/\/vananland.com\/vinhomescentralpark\/san-pham\/ban-2-phong-ngu-vinhomes-central-park-full-noi-that-dep\/#breadcrumb\",\"itemListElement\":[{\"@type\":\"ListItem\",\"position\":1,\"name\":\"Home\",\"item\":\"https:\/\/vananland.com\/vinhomescentralpark\/\"},{\"@type\":\"ListItem\",\"position\":2,\"name\":\"C\u1eeda h\u00e0ng\",\"item\":\"https:\/\/vananland.com\/vinhomescentralpark\/mua\/\"},{\"@type\":\"ListItem\",\"position\":3,\"name\":\"B\u00e1n 2 ph\u00f2ng ng\u1ee7 Vinhomes Central Park full n\u1ed9i th\u1ea5t \u0111\u1eb9p\"}]},{\"@type\":\"WebSite\",\"@id\":\"https:\/\/vananland.com\/vinhomescentralpark\/#website\",\"url\":\"https:\/\/vananland.com\/vinhomescentralpark\/\",\"name\":\"Vinhomes Central Park\",\"description\":\"\",\"potentialAction\":[{\"@type\":\"SearchAction\",\"target\":{\"@type\":\"EntryPoint\",\"urlTemplate\":\"https:\/\/vananland.com\/vinhomescentralpark\/?s={search_term_string}\"},\"query-input\":{\"@type\":\"PropertyValueSpecification\",\"valueRequired\":true,\"valueName\":\"search_term_string\"}}],\"inLanguage\":\"vi\"}]}<\/script>\n<!-- \/ Yoast SEO plugin. -->","yoast_head_json":{"title":"B\u00e1n 2 ph\u00f2ng ng\u1ee7 Vinhomes Central Park full n\u1ed9i th\u1ea5t \u0111\u1eb9p - Vinhomes Central Park","robots":{"index":"index","follow":"follow","max-snippet":"max-snippet:-1","max-image-preview":"max-image-preview:large","max-video-preview":"max-video-preview:-1"},"canonical":"https:\/\/vananland.com\/vinhomescentralpark\/san-pham\/ban-2-phong-ngu-vinhomes-central-park-full-noi-that-dep\/","og_locale":"vi_VN","og_type":"article","og_title":"B\u00e1n 2 ph\u00f2ng ng\u1ee7 Vinhomes Central Park full n\u1ed9i th\u1ea5t \u0111\u1eb9p - Vinhomes Central Park","og_description":"T\u00ecnh tr\u1ea1ng n\u1ed9i th\u1ea5t: \u0111\u1ea7y \u0111\u1ee7 n\u1ed9i th\u1ea5t \u2013 Thu\u1ed9c khu: Landmark 5 Vinhomes Central Park \u2013 T\u00ecnh tr\u1ea1ng ph\u00e1p l\u00fd: h\u1ee3p \u0111\u1ed3ng mua b\u00e1n \u2013 View c\u0103n h\u1ed9: view s\u00f4ng, n\u1ed9i khu L81 V\u1ecb tr\u00ed: Vinhomes Central Park 720A \u0110i\u1ec7n Bi\u00ean Ph\u1ee7, ph\u01b0\u1eddng 22, qu\u1eadn B\u00ecnh Th\u1ea1nh, TP. H\u1ed3 Ch\u00ed Minh Vinhomes Central Park...","og_url":"https:\/\/vananland.com\/vinhomescentralpark\/san-pham\/ban-2-phong-ngu-vinhomes-central-park-full-noi-that-dep\/","og_site_name":"Vinhomes Central Park","article_modified_time":"2026-04-04T11:27:11+00:00","og_image":[{"width":1280,"height":854,"url":"https:\/\/vananland.com\/vinhomescentralpark\/wp-content\/uploads\/2023\/04\/view-bep-2.jpg","type":"image\/jpeg"}],"twitter_card":"summary_large_image","twitter_misc":{"\u01af\u1edbc t\u00ednh th\u1eddi gian \u0111\u1ecdc":"1 ph\u00fat"},"schema":{"@context":"https:\/\/schema.org","@graph":[{"@type":"WebPage","@id":"https:\/\/vananland.com\/vinhomescentralpark\/san-pham\/ban-2-phong-ngu-vinhomes-central-park-full-noi-that-dep\/","url":"https:\/\/vananland.com\/vinhomescentralpark\/san-pham\/ban-2-phong-ngu-vinhomes-central-park-full-noi-that-dep\/","name":"B\u00e1n 2 ph\u00f2ng ng\u1ee7 Vinhomes Central Park full n\u1ed9i th\u1ea5t \u0111\u1eb9p - Vinhomes Central Park","isPartOf":{"@id":"https:\/\/vananland.com\/vinhomescentralpark\/#website"},"primaryImageOfPage":{"@id":"https:\/\/vananland.com\/vinhomescentralpark\/san-pham\/ban-2-phong-ngu-vinhomes-central-park-full-noi-that-dep\/#primaryimage"},"image":{"@id":"https:\/\/vananland.com\/vinhomescentralpark\/san-pham\/ban-2-phong-ngu-vinhomes-central-park-full-noi-that-dep\/#primaryimage"},"thumbnailUrl":"https:\/\/vananland.com\/vinhomescentralpark\/wp-content\/uploads\/2023\/04\/view-bep-2.jpg","datePublished":"2023-04-26T03:05:54+00:00","dateModified":"2026-04-04T11:27:11+00:00","breadcrumb":{"@id":"https:\/\/vananland.com\/vinhomescentralpark\/san-pham\/ban-2-phong-ngu-vinhomes-central-park-full-noi-that-dep\/#breadcrumb"},"inLanguage":"vi","potentialAction":[{"@type":"ReadAction","target":["https:\/\/vananland.com\/vinhomescentralpark\/san-pham\/ban-2-phong-ngu-vinhomes-central-park-full-noi-that-dep\/"]}]},{"@type":"ImageObject","inLanguage":"vi","@id":"https:\/\/vananland.com\/vinhomescentralpark\/san-pham\/ban-2-phong-ngu-vinhomes-central-park-full-noi-that-dep\/#primaryimage","url":"https:\/\/vananland.com\/vinhomescentralpark\/wp-content\/uploads\/2023\/04\/view-bep-2.jpg","contentUrl":"https:\/\/vananland.com\/vinhomescentralpark\/wp-content\/uploads\/2023\/04\/view-bep-2.jpg","width":1280,"height":854},{"@type":"BreadcrumbList","@id":"https:\/\/vananland.com\/vinhomescentralpark\/san-pham\/ban-2-phong-ngu-vinhomes-central-park-full-noi-that-dep\/#breadcrumb","itemListElement":[{"@type":"ListItem","position":1,"name":"Home","item":"https:\/\/vananland.com\/vinhomescentralpark\/"},{"@type":"ListItem","position":2,"name":"C\u1eeda h\u00e0ng","item":"https:\/\/vananland.com\/vinhomescentralpark\/mua\/"},{"@type":"ListItem","position":3,"name":"B\u00e1n 2 ph\u00f2ng ng\u1ee7 Vinhomes Central Park full n\u1ed9i th\u1ea5t \u0111\u1eb9p"}]},{"@type":"WebSite","@id":"https:\/\/vananland.com\/vinhomescentralpark\/#website","url":"https:\/\/vananland.com\/vinhomescentralpark\/","name":"Vinhomes Central Park","description":"","potentialAction":[{"@type":"SearchAction","target":{"@type":"EntryPoint","urlTemplate":"https:\/\/vananland.com\/vinhomescentralpark\/?s={search_term_string}"},"query-input":{"@type":"PropertyValueSpecification","valueRequired":true,"valueName":"search_term_string"}}],"inLanguage":"vi"}]}},"_links":{"self":[{"href":"https:\/\/vananland.com\/vinhomescentralpark\/wp-json\/wp\/v2\/product\/1582","targetHints":{"allow":["GET"]}}],"collection":[{"href":"https:\/\/vananland.com\/vinhomescentralpark\/wp-json\/wp\/v2\/product"}],"about":[{"href":"https:\/\/vananland.com\/vinhomescentralpark\/wp-json\/wp\/v2\/types\/product"}],"wp:featuredmedia":[{"embeddable":true,"href":"https:\/\/vananland.com\/vinhomescentralpark\/wp-json\/wp\/v2\/media\/1583"}],"wp:attachment":[{"href":"https:\/\/vananland.com\/vinhomescentralpark\/wp-json\/wp\/v2\/media?parent=1582"}],"wp:term":[{"taxonomy":"product_brand","embeddable":true,"href":"https:\/\/vananland.com\/vinhomescentralpark\/wp-json\/wp\/v2\/product_brand?post=1582"},{"taxonomy":"product_cat","embeddable":true,"href":"https:\/\/vananland.com\/vinhomescentralpark\/wp-json\/wp\/v2\/product_cat?post=1582"},{"taxonomy":"product_tag","embeddable":true,"href":"https:\/\/vananland.com\/vinhomescentralpark\/wp-json\/wp\/v2\/product_tag?post=1582"}],"curies":[{"name":"wp","href":"https:\/\/api.w.org\/{rel}","templated":true}]}}