


	{"id":1559,"date":"2023-04-26T09:52:18","date_gmt":"2023-04-26T02:52:18","guid":{"rendered":"https:\/\/vananland.com\/vinhomescentralpark\/?post_type=product&#038;p=1559"},"modified":"2023-04-27T11:23:42","modified_gmt":"2023-04-27T04:23:42","slug":"cho-thue-3-phong-ngu-vinhomes-central-park-noi-that-chau-au","status":"publish","type":"product","link":"https:\/\/vananland.com\/vinhomescentralpark\/san-pham\/cho-thue-3-phong-ngu-vinhomes-central-park-noi-that-chau-au\/","title":{"rendered":"Cho thu\u00ea 3 ph\u00f2ng ng\u1ee7 Vinhomes Central Park n\u1ed9i th\u1ea5t ch\u00e2u \u00c2u"},"content":{"rendered":"<p>Gi\u00e1 cho thu\u00ea : 30,000,000 VN\u0110<\/p>\n<p>\u2013 T\u00ecnh tr\u1ea1ng n\u1ed9i th\u1ea5t: n\u1ed9i th\u1ea5t cao c\u1ea5p<\/p>\n<p>\u2013 Thu\u1ed9c khu: Park 4 Vinhomes Central Park<\/p>\n<p>\u2013 T\u00ecnh tr\u1ea1ng ph\u00e1p l\u00fd: H\u1ee3p \u0111\u1ed3ng thu\u00ea 12 th\u00e1ng<\/p>\n<p>\u2013 View c\u0103n h\u1ed9: Th\u00e0nh ph\u1ed1, view tho\u00e1ng, kh\u00f4ng ch\u1eafn<\/p>\n<p>C\u0103n h\u1ed9 t\u1ecda l\u1ea1c tr\u00ean t\u1ea7ng cao, t\u1ea7m nh\u00ecn \u0111\u1eb9p v\u00e0 kh\u00f4ng c\u00f3 ti\u1ebfng \u1ed3n.<\/p>\n<p>V\u1ecb tr\u00ed: Vinhomes Central Park 720A \u0110i\u1ec7n Bi\u00ean Ph\u1ee7, ph\u01b0\u1eddng 22, qu\u1eadn B\u00ecnh Th\u1ea1nh, TP. H\u1ed3 Ch\u00ed Minh<\/p>\n<p>V\u1ecb tr\u00ed \u0111\u1eafc \u0111\u1ecba b\u1eadc nh\u1ea5t c\u1ee7a trung t\u00e2m th\u00e0nh ph\u1ed1 H\u1ed3 Ch\u00ed Minh, k\u1ebft n\u1ed1i linh ho\u1ea1t v\u1edbi c\u00e1c khu v\u1ef1c quan tr\u1ecdng trong th\u00e0nh ph\u1ed1 v\u1edbi h\u1ec7 th\u1ed1ng giao th\u00f4ng thu\u1eadn l\u1ee3i b\u1eb1ng c\u1ea3 \u0111\u01b0\u1eddng b\u1ed9, \u0111\u01b0\u1eddng th\u1ee7y v\u00e0 h\u1ec7 th\u1ed1ng t\u00e0u \u0111i\u1ec7n ng\u1ea7m B\u1ebfn Th\u00e0nh \u2013 Su\u1ed1i Ti\u00ean.<\/p>\n<p>Giao th\u00f4ng: B\u1ea1n ch\u1ec9 m\u1ea5t 5 ph\u00fat \u0111\u1ebfn qu\u1eadn 2 v\u00e0 ch\u1ee3 B\u1ebfn Th\u00e0nh, 15 ph\u00fat \u0111\u1ebfn Qu\u1eadn 7<\/p>\n","protected":false},"excerpt":{"rendered":"<p>Gi\u00e1 cho thu\u00ea : 30,000,000 VN\u0110 \u2013 T\u00ecnh tr\u1ea1ng n\u1ed9i th\u1ea5t: n\u1ed9i th\u1ea5t cao c\u1ea5p \u2013 Thu\u1ed9c khu: Park 4 Vinhomes Central Park \u2013 T\u00ecnh tr\u1ea1ng ph\u00e1p l\u00fd: H\u1ee3p \u0111\u1ed3ng thu\u00ea 12 th\u00e1ng \u2013 View c\u0103n h\u1ed9: Th\u00e0nh ph\u1ed1, view tho\u00e1ng, kh\u00f4ng ch\u1eafn C\u0103n h\u1ed9 t\u1ecda l\u1ea1c tr\u00ean t\u1ea7ng cao, t\u1ea7m nh\u00ecn \u0111\u1eb9p v\u00e0 kh\u00f4ng&#8230;<\/p>\n","protected":false},"featured_media":1563,"template":"","meta":[],"product_brand":[],"product_cat":[47,26],"product_tag":[],"class_list":{"0":"post-1559","1":"product","2":"type-product","3":"status-publish","4":"has-post-thumbnail","6":"product_cat-cho-thue-3-phong-ngu-vinhomes-central-park","7":"product_cat-chua-phan-loai","9":"first","10":"instock","11":"shipping-taxable","12":"purchasable","13":"product-type-simple"},"yoast_head":"<!-- This site is optimized with the Yoast SEO plugin v27.2 - https:\/\/yoast.com\/product\/yoast-seo-wordpress\/ -->\n<title>Cho thu\u00ea 3 ph\u00f2ng ng\u1ee7 Vinhomes Central Park n\u1ed9i th\u1ea5t ch\u00e2u \u00c2u - Vinhomes Central Park<\/title>\n<meta name=\"robots\" content=\"index, follow, max-snippet:-1, max-image-preview:large, max-video-preview:-1\" \/>\n<link rel=\"canonical\" href=\"https:\/\/vananland.com\/vinhomescentralpark\/san-pham\/cho-thue-3-phong-ngu-vinhomes-central-park-noi-that-chau-au\/\" \/>\n<meta property=\"og:locale\" content=\"vi_VN\" \/>\n<meta property=\"og:type\" content=\"article\" \/>\n<meta property=\"og:title\" content=\"Cho thu\u00ea 3 ph\u00f2ng ng\u1ee7 Vinhomes Central Park n\u1ed9i th\u1ea5t ch\u00e2u \u00c2u - Vinhomes Central Park\" \/>\n<meta property=\"og:description\" content=\"Gi\u00e1 cho thu\u00ea : 30,000,000 VN\u0110 \u2013 T\u00ecnh tr\u1ea1ng n\u1ed9i th\u1ea5t: n\u1ed9i th\u1ea5t cao c\u1ea5p \u2013 Thu\u1ed9c khu: Park 4 Vinhomes Central Park \u2013 T\u00ecnh tr\u1ea1ng ph\u00e1p l\u00fd: H\u1ee3p \u0111\u1ed3ng thu\u00ea 12 th\u00e1ng \u2013 View c\u0103n h\u1ed9: Th\u00e0nh ph\u1ed1, view tho\u00e1ng, kh\u00f4ng ch\u1eafn C\u0103n h\u1ed9 t\u1ecda l\u1ea1c tr\u00ean t\u1ea7ng cao, t\u1ea7m nh\u00ecn \u0111\u1eb9p v\u00e0 kh\u00f4ng...\" \/>\n<meta property=\"og:url\" content=\"https:\/\/vananland.com\/vinhomescentralpark\/san-pham\/cho-thue-3-phong-ngu-vinhomes-central-park-noi-that-chau-au\/\" \/>\n<meta property=\"og:site_name\" content=\"Vinhomes Central Park\" \/>\n<meta property=\"article:modified_time\" content=\"2023-04-27T04:23:42+00:00\" \/>\n<meta property=\"og:image\" content=\"https:\/\/vananland.com\/vinhomescentralpark\/wp-content\/uploads\/2023\/04\/z4295882865700_f334f8a6bf26ffccc5be136ca8f96231.jpg\" \/>\n\t<meta property=\"og:image:width\" content=\"1280\" \/>\n\t<meta property=\"og:image:height\" content=\"852\" \/>\n\t<meta property=\"og:image:type\" content=\"image\/jpeg\" \/>\n<meta name=\"twitter:card\" content=\"summary_large_image\" \/>\n<meta name=\"twitter:label1\" content=\"\u01af\u1edbc t\u00ednh th\u1eddi gian \u0111\u1ecdc\" \/>\n\t<meta name=\"twitter:data1\" content=\"1 ph\u00fat\" \/>\n<script type=\"application\/ld+json\" class=\"yoast-schema-graph\">{\"@context\":\"https:\/\/schema.org\",\"@graph\":[{\"@type\":\"WebPage\",\"@id\":\"https:\/\/vananland.com\/vinhomescentralpark\/san-pham\/cho-thue-3-phong-ngu-vinhomes-central-park-noi-that-chau-au\/\",\"url\":\"https:\/\/vananland.com\/vinhomescentralpark\/san-pham\/cho-thue-3-phong-ngu-vinhomes-central-park-noi-that-chau-au\/\",\"name\":\"Cho thu\u00ea 3 ph\u00f2ng ng\u1ee7 Vinhomes Central Park n\u1ed9i th\u1ea5t ch\u00e2u \u00c2u - Vinhomes Central Park\",\"isPartOf\":{\"@id\":\"https:\/\/vananland.com\/vinhomescentralpark\/#website\"},\"primaryImageOfPage\":{\"@id\":\"https:\/\/vananland.com\/vinhomescentralpark\/san-pham\/cho-thue-3-phong-ngu-vinhomes-central-park-noi-that-chau-au\/#primaryimage\"},\"image\":{\"@id\":\"https:\/\/vananland.com\/vinhomescentralpark\/san-pham\/cho-thue-3-phong-ngu-vinhomes-central-park-noi-that-chau-au\/#primaryimage\"},\"thumbnailUrl\":\"https:\/\/vananland.com\/vinhomescentralpark\/wp-content\/uploads\/2023\/04\/z4295882865700_f334f8a6bf26ffccc5be136ca8f96231.jpg\",\"datePublished\":\"2023-04-26T02:52:18+00:00\",\"dateModified\":\"2023-04-27T04:23:42+00:00\",\"breadcrumb\":{\"@id\":\"https:\/\/vananland.com\/vinhomescentralpark\/san-pham\/cho-thue-3-phong-ngu-vinhomes-central-park-noi-that-chau-au\/#breadcrumb\"},\"inLanguage\":\"vi\",\"potentialAction\":[{\"@type\":\"ReadAction\",\"target\":[\"https:\/\/vananland.com\/vinhomescentralpark\/san-pham\/cho-thue-3-phong-ngu-vinhomes-central-park-noi-that-chau-au\/\"]}]},{\"@type\":\"ImageObject\",\"inLanguage\":\"vi\",\"@id\":\"https:\/\/vananland.com\/vinhomescentralpark\/san-pham\/cho-thue-3-phong-ngu-vinhomes-central-park-noi-that-chau-au\/#primaryimage\",\"url\":\"https:\/\/vananland.com\/vinhomescentralpark\/wp-content\/uploads\/2023\/04\/z4295882865700_f334f8a6bf26ffccc5be136ca8f96231.jpg\",\"contentUrl\":\"https:\/\/vananland.com\/vinhomescentralpark\/wp-content\/uploads\/2023\/04\/z4295882865700_f334f8a6bf26ffccc5be136ca8f96231.jpg\",\"width\":1280,\"height\":852},{\"@type\":\"BreadcrumbList\",\"@id\":\"https:\/\/vananland.com\/vinhomescentralpark\/san-pham\/cho-thue-3-phong-ngu-vinhomes-central-park-noi-that-chau-au\/#breadcrumb\",\"itemListElement\":[{\"@type\":\"ListItem\",\"position\":1,\"name\":\"Home\",\"item\":\"https:\/\/vananland.com\/vinhomescentralpark\/\"},{\"@type\":\"ListItem\",\"position\":2,\"name\":\"C\u1eeda h\u00e0ng\",\"item\":\"https:\/\/vananland.com\/vinhomescentralpark\/mua\/\"},{\"@type\":\"ListItem\",\"position\":3,\"name\":\"Cho thu\u00ea 3 ph\u00f2ng ng\u1ee7 Vinhomes Central Park n\u1ed9i th\u1ea5t ch\u00e2u \u00c2u\"}]},{\"@type\":\"WebSite\",\"@id\":\"https:\/\/vananland.com\/vinhomescentralpark\/#website\",\"url\":\"https:\/\/vananland.com\/vinhomescentralpark\/\",\"name\":\"Vinhomes Central Park\",\"description\":\"\",\"potentialAction\":[{\"@type\":\"SearchAction\",\"target\":{\"@type\":\"EntryPoint\",\"urlTemplate\":\"https:\/\/vananland.com\/vinhomescentralpark\/?s={search_term_string}\"},\"query-input\":{\"@type\":\"PropertyValueSpecification\",\"valueRequired\":true,\"valueName\":\"search_term_string\"}}],\"inLanguage\":\"vi\"}]}<\/script>\n<!-- \/ Yoast SEO plugin. -->","yoast_head_json":{"title":"Cho thu\u00ea 3 ph\u00f2ng ng\u1ee7 Vinhomes Central Park n\u1ed9i th\u1ea5t ch\u00e2u \u00c2u - Vinhomes Central Park","robots":{"index":"index","follow":"follow","max-snippet":"max-snippet:-1","max-image-preview":"max-image-preview:large","max-video-preview":"max-video-preview:-1"},"canonical":"https:\/\/vananland.com\/vinhomescentralpark\/san-pham\/cho-thue-3-phong-ngu-vinhomes-central-park-noi-that-chau-au\/","og_locale":"vi_VN","og_type":"article","og_title":"Cho thu\u00ea 3 ph\u00f2ng ng\u1ee7 Vinhomes Central Park n\u1ed9i th\u1ea5t ch\u00e2u \u00c2u - Vinhomes Central Park","og_description":"Gi\u00e1 cho thu\u00ea : 30,000,000 VN\u0110 \u2013 T\u00ecnh tr\u1ea1ng n\u1ed9i th\u1ea5t: n\u1ed9i th\u1ea5t cao c\u1ea5p \u2013 Thu\u1ed9c khu: Park 4 Vinhomes Central Park \u2013 T\u00ecnh tr\u1ea1ng ph\u00e1p l\u00fd: H\u1ee3p \u0111\u1ed3ng thu\u00ea 12 th\u00e1ng \u2013 View c\u0103n h\u1ed9: Th\u00e0nh ph\u1ed1, view tho\u00e1ng, kh\u00f4ng ch\u1eafn C\u0103n h\u1ed9 t\u1ecda l\u1ea1c tr\u00ean t\u1ea7ng cao, t\u1ea7m nh\u00ecn \u0111\u1eb9p v\u00e0 kh\u00f4ng...","og_url":"https:\/\/vananland.com\/vinhomescentralpark\/san-pham\/cho-thue-3-phong-ngu-vinhomes-central-park-noi-that-chau-au\/","og_site_name":"Vinhomes Central Park","article_modified_time":"2023-04-27T04:23:42+00:00","og_image":[{"width":1280,"height":852,"url":"https:\/\/vananland.com\/vinhomescentralpark\/wp-content\/uploads\/2023\/04\/z4295882865700_f334f8a6bf26ffccc5be136ca8f96231.jpg","type":"image\/jpeg"}],"twitter_card":"summary_large_image","twitter_misc":{"\u01af\u1edbc t\u00ednh th\u1eddi gian \u0111\u1ecdc":"1 ph\u00fat"},"schema":{"@context":"https:\/\/schema.org","@graph":[{"@type":"WebPage","@id":"https:\/\/vananland.com\/vinhomescentralpark\/san-pham\/cho-thue-3-phong-ngu-vinhomes-central-park-noi-that-chau-au\/","url":"https:\/\/vananland.com\/vinhomescentralpark\/san-pham\/cho-thue-3-phong-ngu-vinhomes-central-park-noi-that-chau-au\/","name":"Cho thu\u00ea 3 ph\u00f2ng ng\u1ee7 Vinhomes Central Park n\u1ed9i th\u1ea5t ch\u00e2u \u00c2u - Vinhomes Central Park","isPartOf":{"@id":"https:\/\/vananland.com\/vinhomescentralpark\/#website"},"primaryImageOfPage":{"@id":"https:\/\/vananland.com\/vinhomescentralpark\/san-pham\/cho-thue-3-phong-ngu-vinhomes-central-park-noi-that-chau-au\/#primaryimage"},"image":{"@id":"https:\/\/vananland.com\/vinhomescentralpark\/san-pham\/cho-thue-3-phong-ngu-vinhomes-central-park-noi-that-chau-au\/#primaryimage"},"thumbnailUrl":"https:\/\/vananland.com\/vinhomescentralpark\/wp-content\/uploads\/2023\/04\/z4295882865700_f334f8a6bf26ffccc5be136ca8f96231.jpg","datePublished":"2023-04-26T02:52:18+00:00","dateModified":"2023-04-27T04:23:42+00:00","breadcrumb":{"@id":"https:\/\/vananland.com\/vinhomescentralpark\/san-pham\/cho-thue-3-phong-ngu-vinhomes-central-park-noi-that-chau-au\/#breadcrumb"},"inLanguage":"vi","potentialAction":[{"@type":"ReadAction","target":["https:\/\/vananland.com\/vinhomescentralpark\/san-pham\/cho-thue-3-phong-ngu-vinhomes-central-park-noi-that-chau-au\/"]}]},{"@type":"ImageObject","inLanguage":"vi","@id":"https:\/\/vananland.com\/vinhomescentralpark\/san-pham\/cho-thue-3-phong-ngu-vinhomes-central-park-noi-that-chau-au\/#primaryimage","url":"https:\/\/vananland.com\/vinhomescentralpark\/wp-content\/uploads\/2023\/04\/z4295882865700_f334f8a6bf26ffccc5be136ca8f96231.jpg","contentUrl":"https:\/\/vananland.com\/vinhomescentralpark\/wp-content\/uploads\/2023\/04\/z4295882865700_f334f8a6bf26ffccc5be136ca8f96231.jpg","width":1280,"height":852},{"@type":"BreadcrumbList","@id":"https:\/\/vananland.com\/vinhomescentralpark\/san-pham\/cho-thue-3-phong-ngu-vinhomes-central-park-noi-that-chau-au\/#breadcrumb","itemListElement":[{"@type":"ListItem","position":1,"name":"Home","item":"https:\/\/vananland.com\/vinhomescentralpark\/"},{"@type":"ListItem","position":2,"name":"C\u1eeda h\u00e0ng","item":"https:\/\/vananland.com\/vinhomescentralpark\/mua\/"},{"@type":"ListItem","position":3,"name":"Cho thu\u00ea 3 ph\u00f2ng ng\u1ee7 Vinhomes Central Park n\u1ed9i th\u1ea5t ch\u00e2u \u00c2u"}]},{"@type":"WebSite","@id":"https:\/\/vananland.com\/vinhomescentralpark\/#website","url":"https:\/\/vananland.com\/vinhomescentralpark\/","name":"Vinhomes Central Park","description":"","potentialAction":[{"@type":"SearchAction","target":{"@type":"EntryPoint","urlTemplate":"https:\/\/vananland.com\/vinhomescentralpark\/?s={search_term_string}"},"query-input":{"@type":"PropertyValueSpecification","valueRequired":true,"valueName":"search_term_string"}}],"inLanguage":"vi"}]}},"_links":{"self":[{"href":"https:\/\/vananland.com\/vinhomescentralpark\/wp-json\/wp\/v2\/product\/1559","targetHints":{"allow":["GET"]}}],"collection":[{"href":"https:\/\/vananland.com\/vinhomescentralpark\/wp-json\/wp\/v2\/product"}],"about":[{"href":"https:\/\/vananland.com\/vinhomescentralpark\/wp-json\/wp\/v2\/types\/product"}],"wp:featuredmedia":[{"embeddable":true,"href":"https:\/\/vananland.com\/vinhomescentralpark\/wp-json\/wp\/v2\/media\/1563"}],"wp:attachment":[{"href":"https:\/\/vananland.com\/vinhomescentralpark\/wp-json\/wp\/v2\/media?parent=1559"}],"wp:term":[{"taxonomy":"product_brand","embeddable":true,"href":"https:\/\/vananland.com\/vinhomescentralpark\/wp-json\/wp\/v2\/product_brand?post=1559"},{"taxonomy":"product_cat","embeddable":true,"href":"https:\/\/vananland.com\/vinhomescentralpark\/wp-json\/wp\/v2\/product_cat?post=1559"},{"taxonomy":"product_tag","embeddable":true,"href":"https:\/\/vananland.com\/vinhomescentralpark\/wp-json\/wp\/v2\/product_tag?post=1559"}],"curies":[{"name":"wp","href":"https:\/\/api.w.org\/{rel}","templated":true}]}}