


	{"id":1537,"date":"2023-04-26T09:37:55","date_gmt":"2023-04-26T02:37:55","guid":{"rendered":"https:\/\/vananland.com\/vinhomescentralpark\/?post_type=product&#038;p=1537"},"modified":"2026-04-04T18:17:22","modified_gmt":"2026-04-04T11:17:22","slug":"ban-1-phong-ngu-vinhomes-tan-cang-54m2-noi-that-decor","status":"publish","type":"product","link":"https:\/\/vananland.com\/vinhomescentralpark\/san-pham\/ban-1-phong-ngu-vinhomes-tan-cang-54m2-noi-that-decor\/","title":{"rendered":"B\u00e1n 1 ph\u00f2ng ng\u1ee7 Vinhomes T\u00e2n C\u1ea3ng 54m2 n\u1ed9i th\u1ea5t decor"},"content":{"rendered":"<p>\u2013 T\u00ecnh tr\u1ea1ng n\u1ed9i th\u1ea5t: n\u1ed9i th\u1ea5t \u0111\u1ea7y \u0111\u1ee7<\/p>\n<p>\u2013 Thu\u1ed9c khu: Landmark 5 Vinhomes Central Park T\u00e2n C\u1ea3ng<\/p>\n<p>\u2013 T\u00ecnh tr\u1ea1ng ph\u00e1p l\u00fd: H\u1ee3p \u0111\u1ed3ng mua b\u00e1n<\/p>\n<p>\u2013 View c\u0103n h\u1ed9: h\u1ed3 b\u01a1i, n\u1ed9i khu<\/p>\n<p>Ch\u00ednh ch\u1ee7 b\u00e1n nhanh c\u0103n h\u1ed9 \u0111\u1ea7y \u0111\u1ee7 n\u1ed9i th\u1ea5t<\/p>\n<p>V\u1ecb tr\u00ed: Vinhomes Central Park T\u00e2n C\u1ea3ng 720A \u0110i\u1ec7n Bi\u00ean Ph\u1ee7, ph\u01b0\u1eddng 22, qu\u1eadn B\u00ecnh Th\u1ea1nh, TP. H\u1ed3 Ch\u00ed Minh<\/p>\n<p>Vinhomes Central Park l\u00e0 m\u1ed9t d\u1ef1 \u00e1n \u0111\u00e1ng \u0111\u1ec3 kh\u00e1ch h\u00e0ng \u0111\u1ea7u t\u01b0 \u0111\u1ec3 mang l\u1ea1i m\u1ed9t cu\u1ed9c s\u1ed1ng v\u1edbi gi\u00e1 tr\u1ecb v\u01b0\u1ee3t b\u1eadc. C\u00e1c s\u1ea3n ph\u1ea9m c\u1ee7a d\u1ef1 \u00e1n \u0111\u1ec1u h\u1ed9i t\u1ee5 \u0111\u1ea7y \u0111\u1ee7 c\u00e1c y\u1ebfu t\u1ed1 mang t\u00ednh hi\u1ec7n \u0111\u1ea1i l\u1eabn t\u1ef1 nhi\u00ean. \u0110\u1ebfn v\u1edbi d\u1ef1 \u00e1n kh\u00e1ch h\u00e0ng s\u1ebd c\u00f3 m\u1ed9t cu\u1ed9c s\u1ed1ng trong m\u00f4i tr\u01b0\u1eddng v\u0103n minh, trong l\u00e0nh, an to\u00e0n v\u00e0 chuy\u00ean nghi\u1ec7p c\u00f9ng nh\u1eefng d\u1ecbch v\u1ee5 h\u1ea5p d\u1eabn. V\u1edbi t\u1ed5ng th\u1ec3 t\u1eeb ti\u1ec7n \u00edch, v\u1ecb tr\u00ed v\u00e0 \u01b0u \u0111i\u1ec3m m\u00e0 Vingroup mang l\u1ea1i th\u00ec d\u1ef1 \u00e1n s\u1ebd gi\u1ea3i th\u00edch \u0111\u01b0\u1ee3c l\u00fd do v\u00ec sao b\u1ea1n n\u00ean quan t\u00e2m v\u00e0o c\u00e1c s\u1ea3n ph\u1ea9m ho\u00e0n h\u1ea3o n\u00e0y. L\u1ef1a ch\u1ecdn Vinhomes Central park ch\u00ednh l\u00e0 b\u1ea1n \u0111ang l\u1ef1a ch\u1ecdn m\u1ed9t cu\u1ed9c s\u1ed1ng ch\u1ea5t l\u01b0\u1ee3ng m\u1edbi, \u0111\u1eb3ng c\u1ea5p m\u1edbi v\u00e0 t\u01b0\u01a1ng lai m\u1edbi.<\/p>\n","protected":false},"excerpt":{"rendered":"<p>\u2013 T\u00ecnh tr\u1ea1ng n\u1ed9i th\u1ea5t: n\u1ed9i th\u1ea5t \u0111\u1ea7y \u0111\u1ee7 \u2013 Thu\u1ed9c khu: Landmark 5 Vinhomes Central Park T\u00e2n C\u1ea3ng \u2013 T\u00ecnh tr\u1ea1ng ph\u00e1p l\u00fd: H\u1ee3p \u0111\u1ed3ng mua b\u00e1n \u2013 View c\u0103n h\u1ed9: h\u1ed3 b\u01a1i, n\u1ed9i khu Ch\u00ednh ch\u1ee7 b\u00e1n nhanh c\u0103n h\u1ed9 \u0111\u1ea7y \u0111\u1ee7 n\u1ed9i th\u1ea5t V\u1ecb tr\u00ed: Vinhomes Central Park T\u00e2n C\u1ea3ng 720A \u0110i\u1ec7n&#8230;<\/p>\n","protected":false},"featured_media":1546,"template":"","meta":[],"product_brand":[],"product_cat":[39],"product_tag":[],"class_list":{"0":"post-1537","1":"product","2":"type-product","3":"status-publish","4":"has-post-thumbnail","6":"product_cat-ban-1-phong-ngu-vinhomes-central-park","8":"first","9":"instock","10":"shipping-taxable","11":"purchasable","12":"product-type-simple"},"yoast_head":"<!-- This site is optimized with the Yoast SEO plugin v27.2 - https:\/\/yoast.com\/product\/yoast-seo-wordpress\/ -->\n<title>B\u00e1n 1 ph\u00f2ng ng\u1ee7 Vinhomes T\u00e2n C\u1ea3ng 54m2 n\u1ed9i th\u1ea5t decor - Vinhomes Central Park<\/title>\n<meta name=\"robots\" content=\"index, follow, max-snippet:-1, max-image-preview:large, max-video-preview:-1\" \/>\n<link rel=\"canonical\" href=\"https:\/\/vananland.com\/vinhomescentralpark\/san-pham\/ban-1-phong-ngu-vinhomes-tan-cang-54m2-noi-that-decor\/\" \/>\n<meta property=\"og:locale\" content=\"vi_VN\" \/>\n<meta property=\"og:type\" content=\"article\" \/>\n<meta property=\"og:title\" content=\"B\u00e1n 1 ph\u00f2ng ng\u1ee7 Vinhomes T\u00e2n C\u1ea3ng 54m2 n\u1ed9i th\u1ea5t decor - Vinhomes Central Park\" \/>\n<meta property=\"og:description\" content=\"\u2013 T\u00ecnh tr\u1ea1ng n\u1ed9i th\u1ea5t: n\u1ed9i th\u1ea5t \u0111\u1ea7y \u0111\u1ee7 \u2013 Thu\u1ed9c khu: Landmark 5 Vinhomes Central Park T\u00e2n C\u1ea3ng \u2013 T\u00ecnh tr\u1ea1ng ph\u00e1p l\u00fd: H\u1ee3p \u0111\u1ed3ng mua b\u00e1n \u2013 View c\u0103n h\u1ed9: h\u1ed3 b\u01a1i, n\u1ed9i khu Ch\u00ednh ch\u1ee7 b\u00e1n nhanh c\u0103n h\u1ed9 \u0111\u1ea7y \u0111\u1ee7 n\u1ed9i th\u1ea5t V\u1ecb tr\u00ed: Vinhomes Central Park T\u00e2n C\u1ea3ng 720A \u0110i\u1ec7n...\" \/>\n<meta property=\"og:url\" content=\"https:\/\/vananland.com\/vinhomescentralpark\/san-pham\/ban-1-phong-ngu-vinhomes-tan-cang-54m2-noi-that-decor\/\" \/>\n<meta property=\"og:site_name\" content=\"Vinhomes Central Park\" \/>\n<meta property=\"article:modified_time\" content=\"2026-04-04T11:17:22+00:00\" \/>\n<meta property=\"og:image\" content=\"https:\/\/vananland.com\/vinhomescentralpark\/wp-content\/uploads\/2023\/04\/Phong-khach-can-ho-14.jpg\" \/>\n\t<meta property=\"og:image:width\" content=\"1024\" \/>\n\t<meta property=\"og:image:height\" content=\"683\" \/>\n\t<meta property=\"og:image:type\" content=\"image\/jpeg\" \/>\n<meta name=\"twitter:card\" content=\"summary_large_image\" \/>\n<meta name=\"twitter:label1\" content=\"\u01af\u1edbc t\u00ednh th\u1eddi gian \u0111\u1ecdc\" \/>\n\t<meta name=\"twitter:data1\" content=\"2 ph\u00fat\" \/>\n<script type=\"application\/ld+json\" class=\"yoast-schema-graph\">{\"@context\":\"https:\/\/schema.org\",\"@graph\":[{\"@type\":\"WebPage\",\"@id\":\"https:\/\/vananland.com\/vinhomescentralpark\/san-pham\/ban-1-phong-ngu-vinhomes-tan-cang-54m2-noi-that-decor\/\",\"url\":\"https:\/\/vananland.com\/vinhomescentralpark\/san-pham\/ban-1-phong-ngu-vinhomes-tan-cang-54m2-noi-that-decor\/\",\"name\":\"B\u00e1n 1 ph\u00f2ng ng\u1ee7 Vinhomes T\u00e2n C\u1ea3ng 54m2 n\u1ed9i th\u1ea5t decor - Vinhomes Central Park\",\"isPartOf\":{\"@id\":\"https:\/\/vananland.com\/vinhomescentralpark\/#website\"},\"primaryImageOfPage\":{\"@id\":\"https:\/\/vananland.com\/vinhomescentralpark\/san-pham\/ban-1-phong-ngu-vinhomes-tan-cang-54m2-noi-that-decor\/#primaryimage\"},\"image\":{\"@id\":\"https:\/\/vananland.com\/vinhomescentralpark\/san-pham\/ban-1-phong-ngu-vinhomes-tan-cang-54m2-noi-that-decor\/#primaryimage\"},\"thumbnailUrl\":\"https:\/\/vananland.com\/vinhomescentralpark\/wp-content\/uploads\/2023\/04\/Phong-khach-can-ho-14.jpg\",\"datePublished\":\"2023-04-26T02:37:55+00:00\",\"dateModified\":\"2026-04-04T11:17:22+00:00\",\"breadcrumb\":{\"@id\":\"https:\/\/vananland.com\/vinhomescentralpark\/san-pham\/ban-1-phong-ngu-vinhomes-tan-cang-54m2-noi-that-decor\/#breadcrumb\"},\"inLanguage\":\"vi\",\"potentialAction\":[{\"@type\":\"ReadAction\",\"target\":[\"https:\/\/vananland.com\/vinhomescentralpark\/san-pham\/ban-1-phong-ngu-vinhomes-tan-cang-54m2-noi-that-decor\/\"]}]},{\"@type\":\"ImageObject\",\"inLanguage\":\"vi\",\"@id\":\"https:\/\/vananland.com\/vinhomescentralpark\/san-pham\/ban-1-phong-ngu-vinhomes-tan-cang-54m2-noi-that-decor\/#primaryimage\",\"url\":\"https:\/\/vananland.com\/vinhomescentralpark\/wp-content\/uploads\/2023\/04\/Phong-khach-can-ho-14.jpg\",\"contentUrl\":\"https:\/\/vananland.com\/vinhomescentralpark\/wp-content\/uploads\/2023\/04\/Phong-khach-can-ho-14.jpg\",\"width\":1024,\"height\":683},{\"@type\":\"BreadcrumbList\",\"@id\":\"https:\/\/vananland.com\/vinhomescentralpark\/san-pham\/ban-1-phong-ngu-vinhomes-tan-cang-54m2-noi-that-decor\/#breadcrumb\",\"itemListElement\":[{\"@type\":\"ListItem\",\"position\":1,\"name\":\"Home\",\"item\":\"https:\/\/vananland.com\/vinhomescentralpark\/\"},{\"@type\":\"ListItem\",\"position\":2,\"name\":\"C\u1eeda h\u00e0ng\",\"item\":\"https:\/\/vananland.com\/vinhomescentralpark\/mua\/\"},{\"@type\":\"ListItem\",\"position\":3,\"name\":\"B\u00e1n 1 ph\u00f2ng ng\u1ee7 Vinhomes T\u00e2n C\u1ea3ng 54m2 n\u1ed9i th\u1ea5t decor\"}]},{\"@type\":\"WebSite\",\"@id\":\"https:\/\/vananland.com\/vinhomescentralpark\/#website\",\"url\":\"https:\/\/vananland.com\/vinhomescentralpark\/\",\"name\":\"Vinhomes Central Park\",\"description\":\"\",\"potentialAction\":[{\"@type\":\"SearchAction\",\"target\":{\"@type\":\"EntryPoint\",\"urlTemplate\":\"https:\/\/vananland.com\/vinhomescentralpark\/?s={search_term_string}\"},\"query-input\":{\"@type\":\"PropertyValueSpecification\",\"valueRequired\":true,\"valueName\":\"search_term_string\"}}],\"inLanguage\":\"vi\"}]}<\/script>\n<!-- \/ Yoast SEO plugin. -->","yoast_head_json":{"title":"B\u00e1n 1 ph\u00f2ng ng\u1ee7 Vinhomes T\u00e2n C\u1ea3ng 54m2 n\u1ed9i th\u1ea5t decor - Vinhomes Central Park","robots":{"index":"index","follow":"follow","max-snippet":"max-snippet:-1","max-image-preview":"max-image-preview:large","max-video-preview":"max-video-preview:-1"},"canonical":"https:\/\/vananland.com\/vinhomescentralpark\/san-pham\/ban-1-phong-ngu-vinhomes-tan-cang-54m2-noi-that-decor\/","og_locale":"vi_VN","og_type":"article","og_title":"B\u00e1n 1 ph\u00f2ng ng\u1ee7 Vinhomes T\u00e2n C\u1ea3ng 54m2 n\u1ed9i th\u1ea5t decor - Vinhomes Central Park","og_description":"\u2013 T\u00ecnh tr\u1ea1ng n\u1ed9i th\u1ea5t: n\u1ed9i th\u1ea5t \u0111\u1ea7y \u0111\u1ee7 \u2013 Thu\u1ed9c khu: Landmark 5 Vinhomes Central Park T\u00e2n C\u1ea3ng \u2013 T\u00ecnh tr\u1ea1ng ph\u00e1p l\u00fd: H\u1ee3p \u0111\u1ed3ng mua b\u00e1n \u2013 View c\u0103n h\u1ed9: h\u1ed3 b\u01a1i, n\u1ed9i khu Ch\u00ednh ch\u1ee7 b\u00e1n nhanh c\u0103n h\u1ed9 \u0111\u1ea7y \u0111\u1ee7 n\u1ed9i th\u1ea5t V\u1ecb tr\u00ed: Vinhomes Central Park T\u00e2n C\u1ea3ng 720A \u0110i\u1ec7n...","og_url":"https:\/\/vananland.com\/vinhomescentralpark\/san-pham\/ban-1-phong-ngu-vinhomes-tan-cang-54m2-noi-that-decor\/","og_site_name":"Vinhomes Central Park","article_modified_time":"2026-04-04T11:17:22+00:00","og_image":[{"width":1024,"height":683,"url":"https:\/\/vananland.com\/vinhomescentralpark\/wp-content\/uploads\/2023\/04\/Phong-khach-can-ho-14.jpg","type":"image\/jpeg"}],"twitter_card":"summary_large_image","twitter_misc":{"\u01af\u1edbc t\u00ednh th\u1eddi gian \u0111\u1ecdc":"2 ph\u00fat"},"schema":{"@context":"https:\/\/schema.org","@graph":[{"@type":"WebPage","@id":"https:\/\/vananland.com\/vinhomescentralpark\/san-pham\/ban-1-phong-ngu-vinhomes-tan-cang-54m2-noi-that-decor\/","url":"https:\/\/vananland.com\/vinhomescentralpark\/san-pham\/ban-1-phong-ngu-vinhomes-tan-cang-54m2-noi-that-decor\/","name":"B\u00e1n 1 ph\u00f2ng ng\u1ee7 Vinhomes T\u00e2n C\u1ea3ng 54m2 n\u1ed9i th\u1ea5t decor - Vinhomes Central Park","isPartOf":{"@id":"https:\/\/vananland.com\/vinhomescentralpark\/#website"},"primaryImageOfPage":{"@id":"https:\/\/vananland.com\/vinhomescentralpark\/san-pham\/ban-1-phong-ngu-vinhomes-tan-cang-54m2-noi-that-decor\/#primaryimage"},"image":{"@id":"https:\/\/vananland.com\/vinhomescentralpark\/san-pham\/ban-1-phong-ngu-vinhomes-tan-cang-54m2-noi-that-decor\/#primaryimage"},"thumbnailUrl":"https:\/\/vananland.com\/vinhomescentralpark\/wp-content\/uploads\/2023\/04\/Phong-khach-can-ho-14.jpg","datePublished":"2023-04-26T02:37:55+00:00","dateModified":"2026-04-04T11:17:22+00:00","breadcrumb":{"@id":"https:\/\/vananland.com\/vinhomescentralpark\/san-pham\/ban-1-phong-ngu-vinhomes-tan-cang-54m2-noi-that-decor\/#breadcrumb"},"inLanguage":"vi","potentialAction":[{"@type":"ReadAction","target":["https:\/\/vananland.com\/vinhomescentralpark\/san-pham\/ban-1-phong-ngu-vinhomes-tan-cang-54m2-noi-that-decor\/"]}]},{"@type":"ImageObject","inLanguage":"vi","@id":"https:\/\/vananland.com\/vinhomescentralpark\/san-pham\/ban-1-phong-ngu-vinhomes-tan-cang-54m2-noi-that-decor\/#primaryimage","url":"https:\/\/vananland.com\/vinhomescentralpark\/wp-content\/uploads\/2023\/04\/Phong-khach-can-ho-14.jpg","contentUrl":"https:\/\/vananland.com\/vinhomescentralpark\/wp-content\/uploads\/2023\/04\/Phong-khach-can-ho-14.jpg","width":1024,"height":683},{"@type":"BreadcrumbList","@id":"https:\/\/vananland.com\/vinhomescentralpark\/san-pham\/ban-1-phong-ngu-vinhomes-tan-cang-54m2-noi-that-decor\/#breadcrumb","itemListElement":[{"@type":"ListItem","position":1,"name":"Home","item":"https:\/\/vananland.com\/vinhomescentralpark\/"},{"@type":"ListItem","position":2,"name":"C\u1eeda h\u00e0ng","item":"https:\/\/vananland.com\/vinhomescentralpark\/mua\/"},{"@type":"ListItem","position":3,"name":"B\u00e1n 1 ph\u00f2ng ng\u1ee7 Vinhomes T\u00e2n C\u1ea3ng 54m2 n\u1ed9i th\u1ea5t decor"}]},{"@type":"WebSite","@id":"https:\/\/vananland.com\/vinhomescentralpark\/#website","url":"https:\/\/vananland.com\/vinhomescentralpark\/","name":"Vinhomes Central Park","description":"","potentialAction":[{"@type":"SearchAction","target":{"@type":"EntryPoint","urlTemplate":"https:\/\/vananland.com\/vinhomescentralpark\/?s={search_term_string}"},"query-input":{"@type":"PropertyValueSpecification","valueRequired":true,"valueName":"search_term_string"}}],"inLanguage":"vi"}]}},"_links":{"self":[{"href":"https:\/\/vananland.com\/vinhomescentralpark\/wp-json\/wp\/v2\/product\/1537","targetHints":{"allow":["GET"]}}],"collection":[{"href":"https:\/\/vananland.com\/vinhomescentralpark\/wp-json\/wp\/v2\/product"}],"about":[{"href":"https:\/\/vananland.com\/vinhomescentralpark\/wp-json\/wp\/v2\/types\/product"}],"wp:featuredmedia":[{"embeddable":true,"href":"https:\/\/vananland.com\/vinhomescentralpark\/wp-json\/wp\/v2\/media\/1546"}],"wp:attachment":[{"href":"https:\/\/vananland.com\/vinhomescentralpark\/wp-json\/wp\/v2\/media?parent=1537"}],"wp:term":[{"taxonomy":"product_brand","embeddable":true,"href":"https:\/\/vananland.com\/vinhomescentralpark\/wp-json\/wp\/v2\/product_brand?post=1537"},{"taxonomy":"product_cat","embeddable":true,"href":"https:\/\/vananland.com\/vinhomescentralpark\/wp-json\/wp\/v2\/product_cat?post=1537"},{"taxonomy":"product_tag","embeddable":true,"href":"https:\/\/vananland.com\/vinhomescentralpark\/wp-json\/wp\/v2\/product_tag?post=1537"}],"curies":[{"name":"wp","href":"https:\/\/api.w.org\/{rel}","templated":true}]}}