


	{"id":1530,"date":"2023-04-26T09:33:32","date_gmt":"2023-04-26T02:33:32","guid":{"rendered":"https:\/\/vananland.com\/vinhomescentralpark\/?post_type=product&#038;p=1530"},"modified":"2026-04-04T18:20:04","modified_gmt":"2026-04-04T11:20:04","slug":"ban-can-ho-toa-central-2-noi-that-don-gian-sang-trong-1-phong-ngu-view-song-mat-me","status":"publish","type":"product","link":"https:\/\/vananland.com\/vinhomescentralpark\/san-pham\/ban-can-ho-toa-central-2-noi-that-don-gian-sang-trong-1-phong-ngu-view-song-mat-me\/","title":{"rendered":"B\u00e1n c\u0103n h\u1ed9 t\u00f2a Central 2 n\u1ed9i th\u1ea5t \u0111\u01a1n gi\u1ea3n sang tr\u1ecdng 1 ph\u00f2ng ng\u1ee7, view s\u00f4ng m\u00e1t m\u1ebb"},"content":{"rendered":"<p>B\u00e1n c\u0103n h\u1ed9 tri\u1ec7u \u0111\u00f4 1 ph\u00f2ng ng\u1ee7 thu\u1ed9c d\u1ef1 \u00e1n Vinhomes Central Park d\u1ef1 \u00e1n cao c\u1ea5p S\u00e0i G\u00f2n.<\/p>\n<p>\u2013 Gi\u00e1 t\u1ed1t th\u1ecb tr\u01b0\u1eddng.<br \/>\n\u2013 T\u00ecnh tr\u1ea1ng n\u1ed9i th\u1ea5t: \u0110\u1ea7y \u0111\u1ee7 n\u1ed9i th\u1ea5t sang tr\u1ecdng, hi\u1ec7n \u0111\u1ea1i, t\u1ed1t nh\u01b0 m\u1edbi.<br \/>\n\u2013 T\u00ecnh tr\u1ea1ng ph\u00e1p l\u00fd: S\u1ed5 h\u1ed3ng.<br \/>\n\u2013 Di\u1ec7n t\u00edch l\u1edbn: 52.8m2.<br \/>\n\u2013 View s\u00f4ng S\u00e0i G\u00f2n v\u00e0 S\u00e0i G\u00f2n Pearl<br \/>\n\u2013 Gi\u00e1 th\u01b0\u01a1ng l\u01b0\u1ee3ng m\u1ea1nh cho kh\u00e1ch thi\u1ec7n ch\u00ed ch\u1ed1t nhanh.<\/p>\n<p>\u0110\u1ecba ch\u1ec9: 720A Nguy\u1ec5n H\u1eefu C\u1ea3nh, ph\u01b0\u1eddng 22, qu\u1eadn B\u00ecnh Th\u1ea1nh, TPHCM.<\/p>\n<p>\u2013 H\u1ed7 tr\u1ee3 kh\u00e1ch h\u00e0ng 24\/7.<br \/>\n\u2013 Xem nh\u00e0 nhanh ch\u00f3ng.<\/p>\n","protected":false},"excerpt":{"rendered":"<p>B\u00e1n c\u0103n h\u1ed9 tri\u1ec7u \u0111\u00f4 1 ph\u00f2ng ng\u1ee7 thu\u1ed9c d\u1ef1 \u00e1n Vinhomes Central Park d\u1ef1 \u00e1n cao c\u1ea5p S\u00e0i G\u00f2n. \u2013 Gi\u00e1 t\u1ed1t th\u1ecb tr\u01b0\u1eddng. \u2013 T\u00ecnh tr\u1ea1ng n\u1ed9i th\u1ea5t: \u0110\u1ea7y \u0111\u1ee7 n\u1ed9i th\u1ea5t sang tr\u1ecdng, hi\u1ec7n \u0111\u1ea1i, t\u1ed1t nh\u01b0 m\u1edbi. \u2013 T\u00ecnh tr\u1ea1ng ph\u00e1p l\u00fd: S\u1ed5 h\u1ed3ng. \u2013 Di\u1ec7n t\u00edch l\u1edbn: 52.8m2. \u2013 View&#8230;<\/p>\n","protected":false},"featured_media":1534,"template":"","meta":[],"product_brand":[],"product_cat":[39],"product_tag":[],"class_list":{"0":"post-1530","1":"product","2":"type-product","3":"status-publish","4":"has-post-thumbnail","6":"product_cat-ban-1-phong-ngu-vinhomes-central-park","8":"first","9":"instock","10":"shipping-taxable","11":"purchasable","12":"product-type-simple"},"yoast_head":"<!-- This site is optimized with the Yoast SEO plugin v27.2 - https:\/\/yoast.com\/product\/yoast-seo-wordpress\/ -->\n<title>B\u00e1n c\u0103n h\u1ed9 t\u00f2a Central 2 n\u1ed9i th\u1ea5t \u0111\u01a1n gi\u1ea3n sang tr\u1ecdng 1 ph\u00f2ng ng\u1ee7, view s\u00f4ng m\u00e1t m\u1ebb - Vinhomes Central Park<\/title>\n<meta name=\"robots\" content=\"index, follow, max-snippet:-1, max-image-preview:large, max-video-preview:-1\" \/>\n<link rel=\"canonical\" href=\"https:\/\/vananland.com\/vinhomescentralpark\/san-pham\/ban-can-ho-toa-central-2-noi-that-don-gian-sang-trong-1-phong-ngu-view-song-mat-me\/\" \/>\n<meta property=\"og:locale\" content=\"vi_VN\" \/>\n<meta property=\"og:type\" content=\"article\" \/>\n<meta property=\"og:title\" content=\"B\u00e1n c\u0103n h\u1ed9 t\u00f2a Central 2 n\u1ed9i th\u1ea5t \u0111\u01a1n gi\u1ea3n sang tr\u1ecdng 1 ph\u00f2ng ng\u1ee7, view s\u00f4ng m\u00e1t m\u1ebb - Vinhomes Central Park\" \/>\n<meta property=\"og:description\" content=\"B\u00e1n c\u0103n h\u1ed9 tri\u1ec7u \u0111\u00f4 1 ph\u00f2ng ng\u1ee7 thu\u1ed9c d\u1ef1 \u00e1n Vinhomes Central Park d\u1ef1 \u00e1n cao c\u1ea5p S\u00e0i G\u00f2n. \u2013 Gi\u00e1 t\u1ed1t th\u1ecb tr\u01b0\u1eddng. \u2013 T\u00ecnh tr\u1ea1ng n\u1ed9i th\u1ea5t: \u0110\u1ea7y \u0111\u1ee7 n\u1ed9i th\u1ea5t sang tr\u1ecdng, hi\u1ec7n \u0111\u1ea1i, t\u1ed1t nh\u01b0 m\u1edbi. \u2013 T\u00ecnh tr\u1ea1ng ph\u00e1p l\u00fd: S\u1ed5 h\u1ed3ng. \u2013 Di\u1ec7n t\u00edch l\u1edbn: 52.8m2. \u2013 View...\" \/>\n<meta property=\"og:url\" content=\"https:\/\/vananland.com\/vinhomescentralpark\/san-pham\/ban-can-ho-toa-central-2-noi-that-don-gian-sang-trong-1-phong-ngu-view-song-mat-me\/\" \/>\n<meta property=\"og:site_name\" content=\"Vinhomes Central Park\" \/>\n<meta property=\"article:modified_time\" content=\"2026-04-04T11:20:04+00:00\" \/>\n<meta property=\"og:image\" content=\"https:\/\/vananland.com\/vinhomescentralpark\/wp-content\/uploads\/2023\/04\/z3513847049976_dfe09c3c35a7504e36c561ce82eda524.jpg\" \/>\n\t<meta property=\"og:image:width\" content=\"960\" \/>\n\t<meta property=\"og:image:height\" content=\"720\" \/>\n\t<meta property=\"og:image:type\" content=\"image\/jpeg\" \/>\n<meta name=\"twitter:card\" content=\"summary_large_image\" \/>\n<meta name=\"twitter:label1\" content=\"\u01af\u1edbc t\u00ednh th\u1eddi gian \u0111\u1ecdc\" \/>\n\t<meta name=\"twitter:data1\" content=\"1 ph\u00fat\" \/>\n<script type=\"application\/ld+json\" class=\"yoast-schema-graph\">{\"@context\":\"https:\/\/schema.org\",\"@graph\":[{\"@type\":\"WebPage\",\"@id\":\"https:\/\/vananland.com\/vinhomescentralpark\/san-pham\/ban-can-ho-toa-central-2-noi-that-don-gian-sang-trong-1-phong-ngu-view-song-mat-me\/\",\"url\":\"https:\/\/vananland.com\/vinhomescentralpark\/san-pham\/ban-can-ho-toa-central-2-noi-that-don-gian-sang-trong-1-phong-ngu-view-song-mat-me\/\",\"name\":\"B\u00e1n c\u0103n h\u1ed9 t\u00f2a Central 2 n\u1ed9i th\u1ea5t \u0111\u01a1n gi\u1ea3n sang tr\u1ecdng 1 ph\u00f2ng ng\u1ee7, view s\u00f4ng m\u00e1t m\u1ebb - Vinhomes Central Park\",\"isPartOf\":{\"@id\":\"https:\/\/vananland.com\/vinhomescentralpark\/#website\"},\"primaryImageOfPage\":{\"@id\":\"https:\/\/vananland.com\/vinhomescentralpark\/san-pham\/ban-can-ho-toa-central-2-noi-that-don-gian-sang-trong-1-phong-ngu-view-song-mat-me\/#primaryimage\"},\"image\":{\"@id\":\"https:\/\/vananland.com\/vinhomescentralpark\/san-pham\/ban-can-ho-toa-central-2-noi-that-don-gian-sang-trong-1-phong-ngu-view-song-mat-me\/#primaryimage\"},\"thumbnailUrl\":\"https:\/\/vananland.com\/vinhomescentralpark\/wp-content\/uploads\/2023\/04\/z3513847049976_dfe09c3c35a7504e36c561ce82eda524.jpg\",\"datePublished\":\"2023-04-26T02:33:32+00:00\",\"dateModified\":\"2026-04-04T11:20:04+00:00\",\"breadcrumb\":{\"@id\":\"https:\/\/vananland.com\/vinhomescentralpark\/san-pham\/ban-can-ho-toa-central-2-noi-that-don-gian-sang-trong-1-phong-ngu-view-song-mat-me\/#breadcrumb\"},\"inLanguage\":\"vi\",\"potentialAction\":[{\"@type\":\"ReadAction\",\"target\":[\"https:\/\/vananland.com\/vinhomescentralpark\/san-pham\/ban-can-ho-toa-central-2-noi-that-don-gian-sang-trong-1-phong-ngu-view-song-mat-me\/\"]}]},{\"@type\":\"ImageObject\",\"inLanguage\":\"vi\",\"@id\":\"https:\/\/vananland.com\/vinhomescentralpark\/san-pham\/ban-can-ho-toa-central-2-noi-that-don-gian-sang-trong-1-phong-ngu-view-song-mat-me\/#primaryimage\",\"url\":\"https:\/\/vananland.com\/vinhomescentralpark\/wp-content\/uploads\/2023\/04\/z3513847049976_dfe09c3c35a7504e36c561ce82eda524.jpg\",\"contentUrl\":\"https:\/\/vananland.com\/vinhomescentralpark\/wp-content\/uploads\/2023\/04\/z3513847049976_dfe09c3c35a7504e36c561ce82eda524.jpg\",\"width\":960,\"height\":720},{\"@type\":\"BreadcrumbList\",\"@id\":\"https:\/\/vananland.com\/vinhomescentralpark\/san-pham\/ban-can-ho-toa-central-2-noi-that-don-gian-sang-trong-1-phong-ngu-view-song-mat-me\/#breadcrumb\",\"itemListElement\":[{\"@type\":\"ListItem\",\"position\":1,\"name\":\"Home\",\"item\":\"https:\/\/vananland.com\/vinhomescentralpark\/\"},{\"@type\":\"ListItem\",\"position\":2,\"name\":\"C\u1eeda h\u00e0ng\",\"item\":\"https:\/\/vananland.com\/vinhomescentralpark\/mua\/\"},{\"@type\":\"ListItem\",\"position\":3,\"name\":\"B\u00e1n c\u0103n h\u1ed9 t\u00f2a Central 2 n\u1ed9i th\u1ea5t \u0111\u01a1n gi\u1ea3n sang tr\u1ecdng 1 ph\u00f2ng ng\u1ee7, view s\u00f4ng m\u00e1t m\u1ebb\"}]},{\"@type\":\"WebSite\",\"@id\":\"https:\/\/vananland.com\/vinhomescentralpark\/#website\",\"url\":\"https:\/\/vananland.com\/vinhomescentralpark\/\",\"name\":\"Vinhomes Central Park\",\"description\":\"\",\"potentialAction\":[{\"@type\":\"SearchAction\",\"target\":{\"@type\":\"EntryPoint\",\"urlTemplate\":\"https:\/\/vananland.com\/vinhomescentralpark\/?s={search_term_string}\"},\"query-input\":{\"@type\":\"PropertyValueSpecification\",\"valueRequired\":true,\"valueName\":\"search_term_string\"}}],\"inLanguage\":\"vi\"}]}<\/script>\n<!-- \/ Yoast SEO plugin. -->","yoast_head_json":{"title":"B\u00e1n c\u0103n h\u1ed9 t\u00f2a Central 2 n\u1ed9i th\u1ea5t \u0111\u01a1n gi\u1ea3n sang tr\u1ecdng 1 ph\u00f2ng ng\u1ee7, view s\u00f4ng m\u00e1t m\u1ebb - Vinhomes Central Park","robots":{"index":"index","follow":"follow","max-snippet":"max-snippet:-1","max-image-preview":"max-image-preview:large","max-video-preview":"max-video-preview:-1"},"canonical":"https:\/\/vananland.com\/vinhomescentralpark\/san-pham\/ban-can-ho-toa-central-2-noi-that-don-gian-sang-trong-1-phong-ngu-view-song-mat-me\/","og_locale":"vi_VN","og_type":"article","og_title":"B\u00e1n c\u0103n h\u1ed9 t\u00f2a Central 2 n\u1ed9i th\u1ea5t \u0111\u01a1n gi\u1ea3n sang tr\u1ecdng 1 ph\u00f2ng ng\u1ee7, view s\u00f4ng m\u00e1t m\u1ebb - Vinhomes Central Park","og_description":"B\u00e1n c\u0103n h\u1ed9 tri\u1ec7u \u0111\u00f4 1 ph\u00f2ng ng\u1ee7 thu\u1ed9c d\u1ef1 \u00e1n Vinhomes Central Park d\u1ef1 \u00e1n cao c\u1ea5p S\u00e0i G\u00f2n. \u2013 Gi\u00e1 t\u1ed1t th\u1ecb tr\u01b0\u1eddng. \u2013 T\u00ecnh tr\u1ea1ng n\u1ed9i th\u1ea5t: \u0110\u1ea7y \u0111\u1ee7 n\u1ed9i th\u1ea5t sang tr\u1ecdng, hi\u1ec7n \u0111\u1ea1i, t\u1ed1t nh\u01b0 m\u1edbi. \u2013 T\u00ecnh tr\u1ea1ng ph\u00e1p l\u00fd: S\u1ed5 h\u1ed3ng. \u2013 Di\u1ec7n t\u00edch l\u1edbn: 52.8m2. \u2013 View...","og_url":"https:\/\/vananland.com\/vinhomescentralpark\/san-pham\/ban-can-ho-toa-central-2-noi-that-don-gian-sang-trong-1-phong-ngu-view-song-mat-me\/","og_site_name":"Vinhomes Central Park","article_modified_time":"2026-04-04T11:20:04+00:00","og_image":[{"width":960,"height":720,"url":"https:\/\/vananland.com\/vinhomescentralpark\/wp-content\/uploads\/2023\/04\/z3513847049976_dfe09c3c35a7504e36c561ce82eda524.jpg","type":"image\/jpeg"}],"twitter_card":"summary_large_image","twitter_misc":{"\u01af\u1edbc t\u00ednh th\u1eddi gian \u0111\u1ecdc":"1 ph\u00fat"},"schema":{"@context":"https:\/\/schema.org","@graph":[{"@type":"WebPage","@id":"https:\/\/vananland.com\/vinhomescentralpark\/san-pham\/ban-can-ho-toa-central-2-noi-that-don-gian-sang-trong-1-phong-ngu-view-song-mat-me\/","url":"https:\/\/vananland.com\/vinhomescentralpark\/san-pham\/ban-can-ho-toa-central-2-noi-that-don-gian-sang-trong-1-phong-ngu-view-song-mat-me\/","name":"B\u00e1n c\u0103n h\u1ed9 t\u00f2a Central 2 n\u1ed9i th\u1ea5t \u0111\u01a1n gi\u1ea3n sang tr\u1ecdng 1 ph\u00f2ng ng\u1ee7, view s\u00f4ng m\u00e1t m\u1ebb - Vinhomes Central Park","isPartOf":{"@id":"https:\/\/vananland.com\/vinhomescentralpark\/#website"},"primaryImageOfPage":{"@id":"https:\/\/vananland.com\/vinhomescentralpark\/san-pham\/ban-can-ho-toa-central-2-noi-that-don-gian-sang-trong-1-phong-ngu-view-song-mat-me\/#primaryimage"},"image":{"@id":"https:\/\/vananland.com\/vinhomescentralpark\/san-pham\/ban-can-ho-toa-central-2-noi-that-don-gian-sang-trong-1-phong-ngu-view-song-mat-me\/#primaryimage"},"thumbnailUrl":"https:\/\/vananland.com\/vinhomescentralpark\/wp-content\/uploads\/2023\/04\/z3513847049976_dfe09c3c35a7504e36c561ce82eda524.jpg","datePublished":"2023-04-26T02:33:32+00:00","dateModified":"2026-04-04T11:20:04+00:00","breadcrumb":{"@id":"https:\/\/vananland.com\/vinhomescentralpark\/san-pham\/ban-can-ho-toa-central-2-noi-that-don-gian-sang-trong-1-phong-ngu-view-song-mat-me\/#breadcrumb"},"inLanguage":"vi","potentialAction":[{"@type":"ReadAction","target":["https:\/\/vananland.com\/vinhomescentralpark\/san-pham\/ban-can-ho-toa-central-2-noi-that-don-gian-sang-trong-1-phong-ngu-view-song-mat-me\/"]}]},{"@type":"ImageObject","inLanguage":"vi","@id":"https:\/\/vananland.com\/vinhomescentralpark\/san-pham\/ban-can-ho-toa-central-2-noi-that-don-gian-sang-trong-1-phong-ngu-view-song-mat-me\/#primaryimage","url":"https:\/\/vananland.com\/vinhomescentralpark\/wp-content\/uploads\/2023\/04\/z3513847049976_dfe09c3c35a7504e36c561ce82eda524.jpg","contentUrl":"https:\/\/vananland.com\/vinhomescentralpark\/wp-content\/uploads\/2023\/04\/z3513847049976_dfe09c3c35a7504e36c561ce82eda524.jpg","width":960,"height":720},{"@type":"BreadcrumbList","@id":"https:\/\/vananland.com\/vinhomescentralpark\/san-pham\/ban-can-ho-toa-central-2-noi-that-don-gian-sang-trong-1-phong-ngu-view-song-mat-me\/#breadcrumb","itemListElement":[{"@type":"ListItem","position":1,"name":"Home","item":"https:\/\/vananland.com\/vinhomescentralpark\/"},{"@type":"ListItem","position":2,"name":"C\u1eeda h\u00e0ng","item":"https:\/\/vananland.com\/vinhomescentralpark\/mua\/"},{"@type":"ListItem","position":3,"name":"B\u00e1n c\u0103n h\u1ed9 t\u00f2a Central 2 n\u1ed9i th\u1ea5t \u0111\u01a1n gi\u1ea3n sang tr\u1ecdng 1 ph\u00f2ng ng\u1ee7, view s\u00f4ng m\u00e1t m\u1ebb"}]},{"@type":"WebSite","@id":"https:\/\/vananland.com\/vinhomescentralpark\/#website","url":"https:\/\/vananland.com\/vinhomescentralpark\/","name":"Vinhomes Central Park","description":"","potentialAction":[{"@type":"SearchAction","target":{"@type":"EntryPoint","urlTemplate":"https:\/\/vananland.com\/vinhomescentralpark\/?s={search_term_string}"},"query-input":{"@type":"PropertyValueSpecification","valueRequired":true,"valueName":"search_term_string"}}],"inLanguage":"vi"}]}},"_links":{"self":[{"href":"https:\/\/vananland.com\/vinhomescentralpark\/wp-json\/wp\/v2\/product\/1530","targetHints":{"allow":["GET"]}}],"collection":[{"href":"https:\/\/vananland.com\/vinhomescentralpark\/wp-json\/wp\/v2\/product"}],"about":[{"href":"https:\/\/vananland.com\/vinhomescentralpark\/wp-json\/wp\/v2\/types\/product"}],"wp:featuredmedia":[{"embeddable":true,"href":"https:\/\/vananland.com\/vinhomescentralpark\/wp-json\/wp\/v2\/media\/1534"}],"wp:attachment":[{"href":"https:\/\/vananland.com\/vinhomescentralpark\/wp-json\/wp\/v2\/media?parent=1530"}],"wp:term":[{"taxonomy":"product_brand","embeddable":true,"href":"https:\/\/vananland.com\/vinhomescentralpark\/wp-json\/wp\/v2\/product_brand?post=1530"},{"taxonomy":"product_cat","embeddable":true,"href":"https:\/\/vananland.com\/vinhomescentralpark\/wp-json\/wp\/v2\/product_cat?post=1530"},{"taxonomy":"product_tag","embeddable":true,"href":"https:\/\/vananland.com\/vinhomescentralpark\/wp-json\/wp\/v2\/product_tag?post=1530"}],"curies":[{"name":"wp","href":"https:\/\/api.w.org\/{rel}","templated":true}]}}