


	{"id":1525,"date":"2023-04-26T09:22:45","date_gmt":"2023-04-26T02:22:45","guid":{"rendered":"https:\/\/vananland.com\/vinhomescentralpark\/?post_type=product&#038;p=1525"},"modified":"2026-04-04T18:19:08","modified_gmt":"2026-04-04T11:19:08","slug":"ban-can-ho-studio-vinhomes-central-park-gia-tot","status":"publish","type":"product","link":"https:\/\/vananland.com\/vinhomescentralpark\/san-pham\/ban-can-ho-studio-vinhomes-central-park-gia-tot\/","title":{"rendered":"B\u00e1n c\u0103n h\u1ed9 studio Vinhomes Central Park gi\u00e1 t\u1ed1t"},"content":{"rendered":"<section class=\"elementor-section elementor-inner-section elementor-element elementor-element-7d291c5 elementor-section-full_width elementor-section-height-default elementor-section-height-default\" data-id=\"7d291c5\" data-element_type=\"section\">\n<div class=\"elementor-container elementor-column-gap-no\">\n<div class=\"elementor-row\">\n<div class=\"elementor-column elementor-col-50 elementor-inner-column elementor-element elementor-element-0474a7c\" data-id=\"0474a7c\" data-element_type=\"column\">\n<div class=\"elementor-column-wrap elementor-element-populated\">\n<div class=\"elementor-widget-wrap\">\n<div class=\"elementor-element elementor-element-5d1f3ae elementor-widget elementor-widget-heading\" data-id=\"5d1f3ae\" data-element_type=\"widget\" data-widget_type=\"heading.default\">\n<div class=\"elementor-widget-container\">\n<h3 class=\"elementor-heading-title elementor-size-default\">\u00a0Th\u00f4ng tin chi ti\u1ebft c\u0103n h\u1ed9<\/h3>\n<\/div>\n<\/div>\n<\/div>\n<\/div>\n<\/div>\n<\/div>\n<\/div>\n<\/section>\n<div class=\"elementor-element elementor-element-e4abfbe elementor-widget elementor-widget-theme-post-content\" data-id=\"e4abfbe\" data-element_type=\"widget\" data-widget_type=\"theme-post-content.default\">\n<div class=\"elementor-widget-container\">\n<p>C\u0103n h\u1ed9 Studio Vinhomes Central Park v\u1edbi thi\u1ebft k\u1ebf kh\u00f4ng gian s\u1ed1ng th\u00f4ng minh gi\u00fap t\u1ed1i \u01b0u kh\u00f4ng gian s\u1ed1ng. C\u1eadp nh\u1eadt ngay th\u00f4ng tin chi ti\u1ebft b\u1ea3ng gi\u00e1 b\u00e1n c\u0103n h\u1ed9 studio Vinhomes Central Park T\u00e2n C\u1ea3ng m\u1edbi nh\u1ea5t t\u1ea1i \u0111\u00e2y.<\/p>\n<h2 class=\"wp-block-heading\">T\u00ecm hi\u1ec3u c\u0103n h\u1ed9 studio Vinhomes Central Park<\/h2>\n<p>C\u0103n h\u1ed9 studio \u0111\u01b0\u1ee3c ch\u1ee7 \u0111\u1ea7u t\u01b0 Vingroup \u0111\u01b0a v\u00e0o thi\u1ebft k\u1ebf t\u1ea1i d\u1ef1 \u00e1n Vinhomes Central Park d\u00e0nh ri\u00eang cho nh\u1eefng ng\u01b0\u1eddi \u0111\u1ed9c th\u00e2n, c\u00e1c c\u1eb7p v\u1ee3 ch\u1ed3ng y\u00eau th\u00edch kh\u00f4ng gian s\u1ed1ng \u1ea5m c\u00fang v\u1edbi m\u1ee9c chi ph\u00ed t\u1ed1i \u01b0u nh\u1ea5t.<\/p>\n<p>C\u0103n h\u1ed9 studio \u0111\u01b0\u1ee3c b\u1ed1 tr\u00ed t\u1ea1i t\u00f2a Park 6 tr\u1ee5c A8a v\u00e0 B8a v\u1edbi di\u1ec7n t\u00edch kho\u1ea3ng 36m2, kh\u00f4ng gian gi\u1eefa ph\u00f2ng kh\u00e1ch v\u00e0 ph\u00f2ng ng\u1ee7 kh\u00f4ng c\u00f3 thi\u1ebft k\u1ebf v\u00e1ch ng\u0103n t\u1ea1o s\u1ef1 th\u00f4ng tho\u00e1ng cho ng\u00f4i nh\u00e0.<\/p>\n<figure class=\"wp-block-image size-large\"><img loading=\"lazy\" decoding=\"async\" class=\"wp-image-10813\" src=\"https:\/\/vinhomecentralpark.com\/wp-content\/uploads\/2022\/02\/Layout-A8a-Vinhomes-Central-Park.jpg\" sizes=\"auto, (max-width: 800px) 100vw, 800px\" srcset=\"https:\/\/vinhomecentralpark.com\/wp-content\/uploads\/2022\/02\/Layout-A8a-Vinhomes-Central-Park.jpg 800w, https:\/\/vinhomecentralpark.com\/wp-content\/uploads\/2022\/02\/Layout-A8a-Vinhomes-Central-Park-300x180.jpg 300w, https:\/\/vinhomecentralpark.com\/wp-content\/uploads\/2022\/02\/Layout-A8a-Vinhomes-Central-Park-768x461.jpg 768w\" alt=\"\" width=\"800\" height=\"480\" \/><\/figure>\n<h2 class=\"wp-block-heading\">B\u1ea3ng gi\u00e1 b\u00e1n c\u0103n h\u1ed9 Studio Vinhomes Central Park<\/h2>\n<p>V\u00ec s\u1ed1 l\u01b0\u1ee3ng c\u00f3 h\u1ea1n c\u00e1c c\u0103n h\u1ed9 studio giao d\u1ecbch sang nh\u01b0\u1ee3ng tr\u00ean th\u1ecb tr\u01b0\u1eddng kh\u00f4ng nhi\u1ec1u. Ch\u00fang t\u00f4i hi\u1ec7n \u0111ang n\u1eafm c\u00e1c c\u0103n gi\u00e1 t\u1ed1t \u0111ang giao d\u1ecbch tr\u00ean th\u1ecb tr\u01b0\u1eddng Vinhomes Central Park g\u1ed3m:<\/p>\n<ul>\n<li>C\u0103n h\u1ed9 studio P6.08a, t\u1ea7ng th\u1ea5p, 36m2, nh\u00e0 tr\u1ed1ng, \u0111ang b\u00e1n gi\u00e1 t\u1ed1t ch\u1ec9 2 t\u1ef7 750<\/li>\n<li>C\u0103n h\u1ed9 studio P6.08a, t\u1ea7ng cao. 36m2, full n\u1ed9i th\u1ea5t, \u0111ang b\u00e1n gi\u00e1 ch\u1ec9 2 t\u1ef7 9<\/li>\n<li>C\u0103n h\u1ed9 studio P6.08a, t\u1ea7ng trung, 36m2, full n\u1ed9i th\u1ea5t, gi\u00e1 b\u00e1n ch\u1ec9 3 t\u1ef7<br \/>\n<h1 class=\"elementor-heading-title elementor-size-default\">B\u00e1n c\u0103n h\u1ed9 studio Vinhomes Central Park gi\u00e1 t\u1ed1t<\/h1>\n<\/li>\n<\/ul>\n<p>Gi\u00e1 b\u00e1n c\u00f3 th\u1ec3 thay \u0111\u1ed5i t\u00f9y thu\u1ed9c v\u00e0o t\u1ea7ng, view, n\u1ed9i th\u1ea5t trang b\u1ecb c\u0103n h\u1ed9 studio Vinhomes Central Park. Qu\u00fd kh\u00e1ch vui l\u00f2ng li\u00ean h\u1ec7 Hotline : <span style=\"color: #0000ff;\">0907.355.866<\/span>\u00a0 ho\u1eb7c \u0111\u1ec3 l\u1ea1i th\u00f4ng tin \u0111\u1ec3 nh\u1eadn t\u01b0 v\u1ea5n v\u00e0 xem c\u0103n h\u1ed9.<\/p>\n<h2 class=\"wp-block-heading\">\u01afu \u0111i\u1ec3m c\u0103n h\u1ed9 studio Vinhomes Central Park<\/h2>\n<ul>\n<li>C\u0103n h\u1ed9 studio Vinhomes Central Park t\u1ecda l\u1ea1c t\u1ea1i v\u1ecb tr\u00ed \u0111\u1eafc \u0111\u1ecba ngay trung t\u00e2m khu \u0111\u00f4 th\u1ecb \u0111\u00e1ng s\u1ed1ng b\u1eadc nh\u1ea5t Vinhomes Central Park. Ch\u1ee7 nh\u00e2n c\u0103n h\u1ed9 c\u00f3 th\u1ec3 th\u1eeba h\u01b0\u1edfng \u0111\u1ea7y \u0111\u1ee7 c\u00e1c ti\u1ec7n \u00edch n\u1ed9i khu ngay trong l\u00f2ng d\u1ef1 \u00e1n, c\u00e1ch ch\u1ec9 v\u00e0i b\u01b0\u1edbc ch\u00e2n: Si\u00eau th\u1ecb, c\u1eeda h\u00e0ng ti\u1ec7n l\u1ee3i, spa, mua s\u1eafm, c\u00f4ng vi\u00ean, vui ch\u01a1i gi\u1ea3i tr\u00ed,\u2026.<\/li>\n<\/ul>\n<ul>\n<li>C\u01b0 d\u00e2n Vinhomes \u0111\u01b0\u1ee3c t\u1eadn h\u01b0\u1edfng kh\u00f4ng gian s\u1ed1ng xanh \u0111\u1eb3ng c\u1ea5p ngay trong n\u1ed9i khu v\u00e0 c\u00f4ng vi\u00ean Vinhomes Central Park.<\/li>\n<li>T\u00ednh thanh kho\u1ea3n t\u1ed1t: C\u00e1c c\u0103n h\u1ed9 t\u1ea1i d\u1ef1 \u00e1n Vinhomes Central Park lu\u00f4n \u0111\u01b0\u1ee3c \u0111\u00e1nh gi\u00e1 cao h\u01a1n c\u00e1c d\u1ef1 \u00e1n l\u00e2n c\u1eadn b\u1edfi t\u00ednh thanh kho\u1ea3n cao khi l\u01b0\u1ee3ng giao d\u1ecbch ph\u00e1t sinh m\u1ed7i ng\u00e0y l\u1edbn v\u00e0 \u0111em l\u1ea1i m\u1ee9c sinh l\u1ee3i cao cho c\u00e1c nh\u00e0 \u0111\u1ea7u t\u01b0.<\/li>\n<li>S\u1ed1ng gi\u1eefa l\u00f2ng c\u1ed9ng \u0111\u1ed3ng c\u01b0 d\u00e2n v\u0103n minh: Vinhomes Central Park l\u00e0 d\u1ef1 \u00e1n trung v\u00e0 cao c\u1ea5p v\u00ec v\u1eady n\u01a1i \u0111\u00e2y quy t\u1ee5 nh\u1eefng c\u00e1 nh\u00e2n tinh hoa g\u00f3p ph\u1ea7n h\u00ecnh th\u00e0nh n\u00ean m\u1ed9t c\u1ed9ng \u0111\u1ed3ng c\u01b0 d\u00e2n v\u0103n minh, \u0111o\u00e0n k\u1ebft.<\/li>\n<\/ul>\n<figure class=\"wp-block-image size-large\"><img loading=\"lazy\" decoding=\"async\" class=\"wp-image-10815\" src=\"https:\/\/vinhomecentralpark.com\/wp-content\/uploads\/2022\/02\/Khong-gian-can-ho-studio-Vinhomes-Central-Park-1024x768.jpg\" sizes=\"auto, (max-width: 1024px) 100vw, 1024px\" srcset=\"https:\/\/vinhomecentralpark.com\/wp-content\/uploads\/2022\/02\/Khong-gian-can-ho-studio-Vinhomes-Central-Park-1024x768.jpg 1024w, https:\/\/vinhomecentralpark.com\/wp-content\/uploads\/2022\/02\/Khong-gian-can-ho-studio-Vinhomes-Central-Park-300x225.jpg 300w, https:\/\/vinhomecentralpark.com\/wp-content\/uploads\/2022\/02\/Khong-gian-can-ho-studio-Vinhomes-Central-Park-768x576.jpg 768w, https:\/\/vinhomecentralpark.com\/wp-content\/uploads\/2022\/02\/Khong-gian-can-ho-studio-Vinhomes-Central-Park.jpg 1279w\" alt=\"Khong-gian-can-ho-studio-Vinhomes-Central-Park\" width=\"1024\" height=\"768\" \/><\/figure>\n<p>Tr\u00ean \u0111\u00e2y l\u00e0 th\u00f4ng tin sang nh\u01b0\u1ee3ng c\u0103n h\u1ed9 studio Vinhomes Central Park, qu\u00fd kh\u00e1ch vui l\u00f2ng li\u00ean h\u1ec7 Hotline : 0907.355.866 ho\u1eb7c \u0111\u1ec3 l\u1ea1i th\u00f4ng tin \u0111\u1ec3 nh\u1eadn t\u01b0 v\u1ea5n v\u00e0 xem c\u0103n h\u1ed9.<\/p>\n<\/div>\n<\/div>\n","protected":false},"excerpt":{"rendered":"<p>\u00a0Th\u00f4ng tin chi ti\u1ebft c\u0103n h\u1ed9 C\u0103n h\u1ed9 Studio Vinhomes Central Park v\u1edbi thi\u1ebft k\u1ebf kh\u00f4ng gian s\u1ed1ng th\u00f4ng minh gi\u00fap t\u1ed1i \u01b0u kh\u00f4ng gian s\u1ed1ng. C\u1eadp nh\u1eadt ngay th\u00f4ng tin chi ti\u1ebft b\u1ea3ng gi\u00e1 b\u00e1n c\u0103n h\u1ed9 studio Vinhomes Central Park T\u00e2n C\u1ea3ng m\u1edbi nh\u1ea5t t\u1ea1i \u0111\u00e2y. T\u00ecm hi\u1ec3u c\u0103n h\u1ed9 studio Vinhomes Central&#8230;<\/p>\n","protected":false},"featured_media":1526,"template":"","meta":[],"product_brand":[],"product_cat":[39],"product_tag":[],"class_list":{"0":"post-1525","1":"product","2":"type-product","3":"status-publish","4":"has-post-thumbnail","6":"product_cat-ban-1-phong-ngu-vinhomes-central-park","8":"first","9":"instock","10":"shipping-taxable","11":"purchasable","12":"product-type-simple"},"yoast_head":"<!-- This site is optimized with the Yoast SEO plugin v27.2 - https:\/\/yoast.com\/product\/yoast-seo-wordpress\/ -->\n<title>B\u00e1n c\u0103n h\u1ed9 studio Vinhomes Central Park gi\u00e1 t\u1ed1t - Vinhomes Central Park<\/title>\n<meta name=\"robots\" content=\"index, follow, max-snippet:-1, max-image-preview:large, max-video-preview:-1\" \/>\n<link rel=\"canonical\" href=\"https:\/\/vananland.com\/vinhomescentralpark\/san-pham\/ban-can-ho-studio-vinhomes-central-park-gia-tot\/\" \/>\n<meta property=\"og:locale\" content=\"vi_VN\" \/>\n<meta property=\"og:type\" content=\"article\" \/>\n<meta property=\"og:title\" content=\"B\u00e1n c\u0103n h\u1ed9 studio Vinhomes Central Park gi\u00e1 t\u1ed1t - Vinhomes Central Park\" \/>\n<meta property=\"og:description\" content=\"\u00a0Th\u00f4ng tin chi ti\u1ebft c\u0103n h\u1ed9 C\u0103n h\u1ed9 Studio Vinhomes Central Park v\u1edbi thi\u1ebft k\u1ebf kh\u00f4ng gian s\u1ed1ng th\u00f4ng minh gi\u00fap t\u1ed1i \u01b0u kh\u00f4ng gian s\u1ed1ng. C\u1eadp nh\u1eadt ngay th\u00f4ng tin chi ti\u1ebft b\u1ea3ng gi\u00e1 b\u00e1n c\u0103n h\u1ed9 studio Vinhomes Central Park T\u00e2n C\u1ea3ng m\u1edbi nh\u1ea5t t\u1ea1i \u0111\u00e2y. T\u00ecm hi\u1ec3u c\u0103n h\u1ed9 studio Vinhomes Central...\" \/>\n<meta property=\"og:url\" content=\"https:\/\/vananland.com\/vinhomescentralpark\/san-pham\/ban-can-ho-studio-vinhomes-central-park-gia-tot\/\" \/>\n<meta property=\"og:site_name\" content=\"Vinhomes Central Park\" \/>\n<meta property=\"article:modified_time\" content=\"2026-04-04T11:19:08+00:00\" \/>\n<meta property=\"og:image\" content=\"https:\/\/vananland.com\/vinhomescentralpark\/wp-content\/uploads\/2023\/04\/Can-ho-studio-Vinhomes-Central-Park-2.jpg\" \/>\n\t<meta property=\"og:image:width\" content=\"960\" \/>\n\t<meta property=\"og:image:height\" content=\"638\" \/>\n\t<meta property=\"og:image:type\" content=\"image\/jpeg\" \/>\n<meta name=\"twitter:card\" content=\"summary_large_image\" \/>\n<meta name=\"twitter:label1\" content=\"\u01af\u1edbc t\u00ednh th\u1eddi gian \u0111\u1ecdc\" \/>\n\t<meta name=\"twitter:data1\" content=\"4 ph\u00fat\" \/>\n<script type=\"application\/ld+json\" class=\"yoast-schema-graph\">{\"@context\":\"https:\/\/schema.org\",\"@graph\":[{\"@type\":\"WebPage\",\"@id\":\"https:\/\/vananland.com\/vinhomescentralpark\/san-pham\/ban-can-ho-studio-vinhomes-central-park-gia-tot\/\",\"url\":\"https:\/\/vananland.com\/vinhomescentralpark\/san-pham\/ban-can-ho-studio-vinhomes-central-park-gia-tot\/\",\"name\":\"B\u00e1n c\u0103n h\u1ed9 studio Vinhomes Central Park gi\u00e1 t\u1ed1t - Vinhomes Central Park\",\"isPartOf\":{\"@id\":\"https:\/\/vananland.com\/vinhomescentralpark\/#website\"},\"primaryImageOfPage\":{\"@id\":\"https:\/\/vananland.com\/vinhomescentralpark\/san-pham\/ban-can-ho-studio-vinhomes-central-park-gia-tot\/#primaryimage\"},\"image\":{\"@id\":\"https:\/\/vananland.com\/vinhomescentralpark\/san-pham\/ban-can-ho-studio-vinhomes-central-park-gia-tot\/#primaryimage\"},\"thumbnailUrl\":\"https:\/\/vananland.com\/vinhomescentralpark\/wp-content\/uploads\/2023\/04\/Can-ho-studio-Vinhomes-Central-Park-2.jpg\",\"datePublished\":\"2023-04-26T02:22:45+00:00\",\"dateModified\":\"2026-04-04T11:19:08+00:00\",\"breadcrumb\":{\"@id\":\"https:\/\/vananland.com\/vinhomescentralpark\/san-pham\/ban-can-ho-studio-vinhomes-central-park-gia-tot\/#breadcrumb\"},\"inLanguage\":\"vi\",\"potentialAction\":[{\"@type\":\"ReadAction\",\"target\":[\"https:\/\/vananland.com\/vinhomescentralpark\/san-pham\/ban-can-ho-studio-vinhomes-central-park-gia-tot\/\"]}]},{\"@type\":\"ImageObject\",\"inLanguage\":\"vi\",\"@id\":\"https:\/\/vananland.com\/vinhomescentralpark\/san-pham\/ban-can-ho-studio-vinhomes-central-park-gia-tot\/#primaryimage\",\"url\":\"https:\/\/vananland.com\/vinhomescentralpark\/wp-content\/uploads\/2023\/04\/Can-ho-studio-Vinhomes-Central-Park-2.jpg\",\"contentUrl\":\"https:\/\/vananland.com\/vinhomescentralpark\/wp-content\/uploads\/2023\/04\/Can-ho-studio-Vinhomes-Central-Park-2.jpg\",\"width\":960,\"height\":638},{\"@type\":\"BreadcrumbList\",\"@id\":\"https:\/\/vananland.com\/vinhomescentralpark\/san-pham\/ban-can-ho-studio-vinhomes-central-park-gia-tot\/#breadcrumb\",\"itemListElement\":[{\"@type\":\"ListItem\",\"position\":1,\"name\":\"Home\",\"item\":\"https:\/\/vananland.com\/vinhomescentralpark\/\"},{\"@type\":\"ListItem\",\"position\":2,\"name\":\"C\u1eeda h\u00e0ng\",\"item\":\"https:\/\/vananland.com\/vinhomescentralpark\/mua\/\"},{\"@type\":\"ListItem\",\"position\":3,\"name\":\"B\u00e1n c\u0103n h\u1ed9 studio Vinhomes Central Park gi\u00e1 t\u1ed1t\"}]},{\"@type\":\"WebSite\",\"@id\":\"https:\/\/vananland.com\/vinhomescentralpark\/#website\",\"url\":\"https:\/\/vananland.com\/vinhomescentralpark\/\",\"name\":\"Vinhomes Central Park\",\"description\":\"\",\"potentialAction\":[{\"@type\":\"SearchAction\",\"target\":{\"@type\":\"EntryPoint\",\"urlTemplate\":\"https:\/\/vananland.com\/vinhomescentralpark\/?s={search_term_string}\"},\"query-input\":{\"@type\":\"PropertyValueSpecification\",\"valueRequired\":true,\"valueName\":\"search_term_string\"}}],\"inLanguage\":\"vi\"}]}<\/script>\n<!-- \/ Yoast SEO plugin. -->","yoast_head_json":{"title":"B\u00e1n c\u0103n h\u1ed9 studio Vinhomes Central Park gi\u00e1 t\u1ed1t - Vinhomes Central Park","robots":{"index":"index","follow":"follow","max-snippet":"max-snippet:-1","max-image-preview":"max-image-preview:large","max-video-preview":"max-video-preview:-1"},"canonical":"https:\/\/vananland.com\/vinhomescentralpark\/san-pham\/ban-can-ho-studio-vinhomes-central-park-gia-tot\/","og_locale":"vi_VN","og_type":"article","og_title":"B\u00e1n c\u0103n h\u1ed9 studio Vinhomes Central Park gi\u00e1 t\u1ed1t - Vinhomes Central Park","og_description":"\u00a0Th\u00f4ng tin chi ti\u1ebft c\u0103n h\u1ed9 C\u0103n h\u1ed9 Studio Vinhomes Central Park v\u1edbi thi\u1ebft k\u1ebf kh\u00f4ng gian s\u1ed1ng th\u00f4ng minh gi\u00fap t\u1ed1i \u01b0u kh\u00f4ng gian s\u1ed1ng. C\u1eadp nh\u1eadt ngay th\u00f4ng tin chi ti\u1ebft b\u1ea3ng gi\u00e1 b\u00e1n c\u0103n h\u1ed9 studio Vinhomes Central Park T\u00e2n C\u1ea3ng m\u1edbi nh\u1ea5t t\u1ea1i \u0111\u00e2y. T\u00ecm hi\u1ec3u c\u0103n h\u1ed9 studio Vinhomes Central...","og_url":"https:\/\/vananland.com\/vinhomescentralpark\/san-pham\/ban-can-ho-studio-vinhomes-central-park-gia-tot\/","og_site_name":"Vinhomes Central Park","article_modified_time":"2026-04-04T11:19:08+00:00","og_image":[{"width":960,"height":638,"url":"https:\/\/vananland.com\/vinhomescentralpark\/wp-content\/uploads\/2023\/04\/Can-ho-studio-Vinhomes-Central-Park-2.jpg","type":"image\/jpeg"}],"twitter_card":"summary_large_image","twitter_misc":{"\u01af\u1edbc t\u00ednh th\u1eddi gian \u0111\u1ecdc":"4 ph\u00fat"},"schema":{"@context":"https:\/\/schema.org","@graph":[{"@type":"WebPage","@id":"https:\/\/vananland.com\/vinhomescentralpark\/san-pham\/ban-can-ho-studio-vinhomes-central-park-gia-tot\/","url":"https:\/\/vananland.com\/vinhomescentralpark\/san-pham\/ban-can-ho-studio-vinhomes-central-park-gia-tot\/","name":"B\u00e1n c\u0103n h\u1ed9 studio Vinhomes Central Park gi\u00e1 t\u1ed1t - Vinhomes Central Park","isPartOf":{"@id":"https:\/\/vananland.com\/vinhomescentralpark\/#website"},"primaryImageOfPage":{"@id":"https:\/\/vananland.com\/vinhomescentralpark\/san-pham\/ban-can-ho-studio-vinhomes-central-park-gia-tot\/#primaryimage"},"image":{"@id":"https:\/\/vananland.com\/vinhomescentralpark\/san-pham\/ban-can-ho-studio-vinhomes-central-park-gia-tot\/#primaryimage"},"thumbnailUrl":"https:\/\/vananland.com\/vinhomescentralpark\/wp-content\/uploads\/2023\/04\/Can-ho-studio-Vinhomes-Central-Park-2.jpg","datePublished":"2023-04-26T02:22:45+00:00","dateModified":"2026-04-04T11:19:08+00:00","breadcrumb":{"@id":"https:\/\/vananland.com\/vinhomescentralpark\/san-pham\/ban-can-ho-studio-vinhomes-central-park-gia-tot\/#breadcrumb"},"inLanguage":"vi","potentialAction":[{"@type":"ReadAction","target":["https:\/\/vananland.com\/vinhomescentralpark\/san-pham\/ban-can-ho-studio-vinhomes-central-park-gia-tot\/"]}]},{"@type":"ImageObject","inLanguage":"vi","@id":"https:\/\/vananland.com\/vinhomescentralpark\/san-pham\/ban-can-ho-studio-vinhomes-central-park-gia-tot\/#primaryimage","url":"https:\/\/vananland.com\/vinhomescentralpark\/wp-content\/uploads\/2023\/04\/Can-ho-studio-Vinhomes-Central-Park-2.jpg","contentUrl":"https:\/\/vananland.com\/vinhomescentralpark\/wp-content\/uploads\/2023\/04\/Can-ho-studio-Vinhomes-Central-Park-2.jpg","width":960,"height":638},{"@type":"BreadcrumbList","@id":"https:\/\/vananland.com\/vinhomescentralpark\/san-pham\/ban-can-ho-studio-vinhomes-central-park-gia-tot\/#breadcrumb","itemListElement":[{"@type":"ListItem","position":1,"name":"Home","item":"https:\/\/vananland.com\/vinhomescentralpark\/"},{"@type":"ListItem","position":2,"name":"C\u1eeda h\u00e0ng","item":"https:\/\/vananland.com\/vinhomescentralpark\/mua\/"},{"@type":"ListItem","position":3,"name":"B\u00e1n c\u0103n h\u1ed9 studio Vinhomes Central Park gi\u00e1 t\u1ed1t"}]},{"@type":"WebSite","@id":"https:\/\/vananland.com\/vinhomescentralpark\/#website","url":"https:\/\/vananland.com\/vinhomescentralpark\/","name":"Vinhomes Central Park","description":"","potentialAction":[{"@type":"SearchAction","target":{"@type":"EntryPoint","urlTemplate":"https:\/\/vananland.com\/vinhomescentralpark\/?s={search_term_string}"},"query-input":{"@type":"PropertyValueSpecification","valueRequired":true,"valueName":"search_term_string"}}],"inLanguage":"vi"}]}},"_links":{"self":[{"href":"https:\/\/vananland.com\/vinhomescentralpark\/wp-json\/wp\/v2\/product\/1525","targetHints":{"allow":["GET"]}}],"collection":[{"href":"https:\/\/vananland.com\/vinhomescentralpark\/wp-json\/wp\/v2\/product"}],"about":[{"href":"https:\/\/vananland.com\/vinhomescentralpark\/wp-json\/wp\/v2\/types\/product"}],"wp:featuredmedia":[{"embeddable":true,"href":"https:\/\/vananland.com\/vinhomescentralpark\/wp-json\/wp\/v2\/media\/1526"}],"wp:attachment":[{"href":"https:\/\/vananland.com\/vinhomescentralpark\/wp-json\/wp\/v2\/media?parent=1525"}],"wp:term":[{"taxonomy":"product_brand","embeddable":true,"href":"https:\/\/vananland.com\/vinhomescentralpark\/wp-json\/wp\/v2\/product_brand?post=1525"},{"taxonomy":"product_cat","embeddable":true,"href":"https:\/\/vananland.com\/vinhomescentralpark\/wp-json\/wp\/v2\/product_cat?post=1525"},{"taxonomy":"product_tag","embeddable":true,"href":"https:\/\/vananland.com\/vinhomescentralpark\/wp-json\/wp\/v2\/product_tag?post=1525"}],"curies":[{"name":"wp","href":"https:\/\/api.w.org\/{rel}","templated":true}]}}