


	{"id":1239,"date":"2023-04-21T11:21:07","date_gmt":"2023-04-21T04:21:07","guid":{"rendered":"https:\/\/vananland.com\/vinhomescentralpark\/?post_type=product&#038;p=1239"},"modified":"2026-04-04T18:31:27","modified_gmt":"2026-04-04T11:31:27","slug":"ban-can-ho-2-phong-ngu-dien-tich-82-m2-tang-thap-thiet-ke-tinh-te","status":"publish","type":"product","link":"https:\/\/vananland.com\/vinhomescentralpark\/san-pham\/ban-can-ho-2-phong-ngu-dien-tich-82-m2-tang-thap-thiet-ke-tinh-te\/","title":{"rendered":"B\u00e1n 2 ph\u00f2ng ng\u1ee7 Vinhomes Central Park view Qu\u1eadn 1"},"content":{"rendered":"<p>\u2013 T\u00ecnh tr\u1ea1ng n\u1ed9i th\u1ea5t: nh\u00e0 tr\u1ed1ng<\/p>\n<p>\u2013 Thu\u1ed9c khu: Landmark 2 Vinhomes Central Park<\/p>\n<p>\u2013 T\u00ecnh tr\u1ea1ng ph\u00e1p l\u00fd: c\u00f3 s\u1ed5 h\u1ed3ng<\/p>\n<p>\u2013 View c\u0103n h\u1ed9: view tho\u00e1ng, nh\u00ecn s\u00f4ng v\u00e0 trung t\u00e2m th\u00e0nh ph\u1ed1<\/p>\n<p>Ch\u00ednh ch\u1ee7 c\u1ea7n b\u00e1n nhanh c\u0103n h\u1ed9 gi\u00e1 t\u1ed1t<\/p>\n<p>V\u1ecb tr\u00ed: Vinhomes Central Park 720A \u0110i\u1ec7n Bi\u00ean Ph\u1ee7, ph\u01b0\u1eddng 22, qu\u1eadn B\u00ecnh Th\u1ea1nh, TP. H\u1ed3 Ch\u00ed Minh<\/p>\n<p>Vinhomes Central Park l\u00e0 d\u1ef1 \u00e1n n\u1ed5i b\u1eadt gi\u1eefa l\u00f2ng TP H\u1ed3 ch\u00ed Minh nh\u1edd \u0111a d\u1ea1ng lo\u1ea1i h\u00ecnh c\u0103n h\u1ed9, officetel, duplex\/ penhouse, bi\u1ec7t th\u1ef1 v\u00e0 chu\u1ed7i ti\u1ec7n \u00edch n\u1ed9i \u2013 ngo\u1ea1i khu phong ph\u00fa nh\u01b0 t\u00f2a nh\u00e0 Landmark 81 , khu trung t\u00e2m th\u01b0\u01a1ng m\u1ea1i Vincom Central, h\u1ed3 b\u01a1i, c\u00f4ng vi\u00ean\u2026.<\/p>\n","protected":false},"excerpt":{"rendered":"<p>\u2013 T\u00ecnh tr\u1ea1ng n\u1ed9i th\u1ea5t: nh\u00e0 tr\u1ed1ng \u2013 Thu\u1ed9c khu: Landmark 2 Vinhomes Central Park \u2013 T\u00ecnh tr\u1ea1ng ph\u00e1p l\u00fd: c\u00f3 s\u1ed5 h\u1ed3ng \u2013 View c\u0103n h\u1ed9: view tho\u00e1ng, nh\u00ecn s\u00f4ng v\u00e0 trung t\u00e2m th\u00e0nh ph\u1ed1 Ch\u00ednh ch\u1ee7 c\u1ea7n b\u00e1n nhanh c\u0103n h\u1ed9 gi\u00e1 t\u1ed1t V\u1ecb tr\u00ed: Vinhomes Central Park 720A \u0110i\u1ec7n Bi\u00ean Ph\u1ee7, ph\u01b0\u1eddng&#8230;<\/p>\n","protected":false},"featured_media":1599,"template":"","meta":[],"product_brand":[],"product_cat":[40],"product_tag":[],"class_list":{"0":"post-1239","1":"product","2":"type-product","3":"status-publish","4":"has-post-thumbnail","6":"product_cat-ban-2-phong-ngu-vinhomes-central-park","8":"first","9":"instock","10":"shipping-taxable","11":"purchasable","12":"product-type-simple"},"yoast_head":"<!-- This site is optimized with the Yoast SEO plugin v27.2 - https:\/\/yoast.com\/product\/yoast-seo-wordpress\/ -->\n<title>B\u00e1n 2 ph\u00f2ng ng\u1ee7 Vinhomes Central Park view Qu\u1eadn 1 - Vinhomes Central Park<\/title>\n<meta name=\"robots\" content=\"index, follow, max-snippet:-1, max-image-preview:large, max-video-preview:-1\" \/>\n<link rel=\"canonical\" href=\"https:\/\/vananland.com\/vinhomescentralpark\/san-pham\/ban-can-ho-2-phong-ngu-dien-tich-82-m2-tang-thap-thiet-ke-tinh-te\/\" \/>\n<meta property=\"og:locale\" content=\"vi_VN\" \/>\n<meta property=\"og:type\" content=\"article\" \/>\n<meta property=\"og:title\" content=\"B\u00e1n 2 ph\u00f2ng ng\u1ee7 Vinhomes Central Park view Qu\u1eadn 1 - Vinhomes Central Park\" \/>\n<meta property=\"og:description\" content=\"\u2013 T\u00ecnh tr\u1ea1ng n\u1ed9i th\u1ea5t: nh\u00e0 tr\u1ed1ng \u2013 Thu\u1ed9c khu: Landmark 2 Vinhomes Central Park \u2013 T\u00ecnh tr\u1ea1ng ph\u00e1p l\u00fd: c\u00f3 s\u1ed5 h\u1ed3ng \u2013 View c\u0103n h\u1ed9: view tho\u00e1ng, nh\u00ecn s\u00f4ng v\u00e0 trung t\u00e2m th\u00e0nh ph\u1ed1 Ch\u00ednh ch\u1ee7 c\u1ea7n b\u00e1n nhanh c\u0103n h\u1ed9 gi\u00e1 t\u1ed1t V\u1ecb tr\u00ed: Vinhomes Central Park 720A \u0110i\u1ec7n Bi\u00ean Ph\u1ee7, ph\u01b0\u1eddng...\" \/>\n<meta property=\"og:url\" content=\"https:\/\/vananland.com\/vinhomescentralpark\/san-pham\/ban-can-ho-2-phong-ngu-dien-tich-82-m2-tang-thap-thiet-ke-tinh-te\/\" \/>\n<meta property=\"og:site_name\" content=\"Vinhomes Central Park\" \/>\n<meta property=\"article:modified_time\" content=\"2026-04-04T11:31:27+00:00\" \/>\n<meta property=\"og:image\" content=\"https:\/\/vananland.com\/vinhomescentralpark\/wp-content\/uploads\/2023\/04\/Phong-khach-34.jpg\" \/>\n\t<meta property=\"og:image:width\" content=\"750\" \/>\n\t<meta property=\"og:image:height\" content=\"500\" \/>\n\t<meta property=\"og:image:type\" content=\"image\/jpeg\" \/>\n<meta name=\"twitter:card\" content=\"summary_large_image\" \/>\n<meta name=\"twitter:label1\" content=\"\u01af\u1edbc t\u00ednh th\u1eddi gian \u0111\u1ecdc\" \/>\n\t<meta name=\"twitter:data1\" content=\"1 ph\u00fat\" \/>\n<script type=\"application\/ld+json\" class=\"yoast-schema-graph\">{\"@context\":\"https:\/\/schema.org\",\"@graph\":[{\"@type\":\"WebPage\",\"@id\":\"https:\/\/vananland.com\/vinhomescentralpark\/san-pham\/ban-can-ho-2-phong-ngu-dien-tich-82-m2-tang-thap-thiet-ke-tinh-te\/\",\"url\":\"https:\/\/vananland.com\/vinhomescentralpark\/san-pham\/ban-can-ho-2-phong-ngu-dien-tich-82-m2-tang-thap-thiet-ke-tinh-te\/\",\"name\":\"B\u00e1n 2 ph\u00f2ng ng\u1ee7 Vinhomes Central Park view Qu\u1eadn 1 - Vinhomes Central Park\",\"isPartOf\":{\"@id\":\"https:\/\/vananland.com\/vinhomescentralpark\/#website\"},\"primaryImageOfPage\":{\"@id\":\"https:\/\/vananland.com\/vinhomescentralpark\/san-pham\/ban-can-ho-2-phong-ngu-dien-tich-82-m2-tang-thap-thiet-ke-tinh-te\/#primaryimage\"},\"image\":{\"@id\":\"https:\/\/vananland.com\/vinhomescentralpark\/san-pham\/ban-can-ho-2-phong-ngu-dien-tich-82-m2-tang-thap-thiet-ke-tinh-te\/#primaryimage\"},\"thumbnailUrl\":\"https:\/\/vananland.com\/vinhomescentralpark\/wp-content\/uploads\/2023\/04\/Phong-khach-34.jpg\",\"datePublished\":\"2023-04-21T04:21:07+00:00\",\"dateModified\":\"2026-04-04T11:31:27+00:00\",\"breadcrumb\":{\"@id\":\"https:\/\/vananland.com\/vinhomescentralpark\/san-pham\/ban-can-ho-2-phong-ngu-dien-tich-82-m2-tang-thap-thiet-ke-tinh-te\/#breadcrumb\"},\"inLanguage\":\"vi\",\"potentialAction\":[{\"@type\":\"ReadAction\",\"target\":[\"https:\/\/vananland.com\/vinhomescentralpark\/san-pham\/ban-can-ho-2-phong-ngu-dien-tich-82-m2-tang-thap-thiet-ke-tinh-te\/\"]}]},{\"@type\":\"ImageObject\",\"inLanguage\":\"vi\",\"@id\":\"https:\/\/vananland.com\/vinhomescentralpark\/san-pham\/ban-can-ho-2-phong-ngu-dien-tich-82-m2-tang-thap-thiet-ke-tinh-te\/#primaryimage\",\"url\":\"https:\/\/vananland.com\/vinhomescentralpark\/wp-content\/uploads\/2023\/04\/Phong-khach-34.jpg\",\"contentUrl\":\"https:\/\/vananland.com\/vinhomescentralpark\/wp-content\/uploads\/2023\/04\/Phong-khach-34.jpg\",\"width\":750,\"height\":500},{\"@type\":\"BreadcrumbList\",\"@id\":\"https:\/\/vananland.com\/vinhomescentralpark\/san-pham\/ban-can-ho-2-phong-ngu-dien-tich-82-m2-tang-thap-thiet-ke-tinh-te\/#breadcrumb\",\"itemListElement\":[{\"@type\":\"ListItem\",\"position\":1,\"name\":\"Home\",\"item\":\"https:\/\/vananland.com\/vinhomescentralpark\/\"},{\"@type\":\"ListItem\",\"position\":2,\"name\":\"C\u1eeda h\u00e0ng\",\"item\":\"https:\/\/vananland.com\/vinhomescentralpark\/mua\/\"},{\"@type\":\"ListItem\",\"position\":3,\"name\":\"B\u00e1n 2 ph\u00f2ng ng\u1ee7 Vinhomes Central Park view Qu\u1eadn 1\"}]},{\"@type\":\"WebSite\",\"@id\":\"https:\/\/vananland.com\/vinhomescentralpark\/#website\",\"url\":\"https:\/\/vananland.com\/vinhomescentralpark\/\",\"name\":\"Vinhomes Central Park\",\"description\":\"\",\"potentialAction\":[{\"@type\":\"SearchAction\",\"target\":{\"@type\":\"EntryPoint\",\"urlTemplate\":\"https:\/\/vananland.com\/vinhomescentralpark\/?s={search_term_string}\"},\"query-input\":{\"@type\":\"PropertyValueSpecification\",\"valueRequired\":true,\"valueName\":\"search_term_string\"}}],\"inLanguage\":\"vi\"}]}<\/script>\n<!-- \/ Yoast SEO plugin. -->","yoast_head_json":{"title":"B\u00e1n 2 ph\u00f2ng ng\u1ee7 Vinhomes Central Park view Qu\u1eadn 1 - Vinhomes Central Park","robots":{"index":"index","follow":"follow","max-snippet":"max-snippet:-1","max-image-preview":"max-image-preview:large","max-video-preview":"max-video-preview:-1"},"canonical":"https:\/\/vananland.com\/vinhomescentralpark\/san-pham\/ban-can-ho-2-phong-ngu-dien-tich-82-m2-tang-thap-thiet-ke-tinh-te\/","og_locale":"vi_VN","og_type":"article","og_title":"B\u00e1n 2 ph\u00f2ng ng\u1ee7 Vinhomes Central Park view Qu\u1eadn 1 - Vinhomes Central Park","og_description":"\u2013 T\u00ecnh tr\u1ea1ng n\u1ed9i th\u1ea5t: nh\u00e0 tr\u1ed1ng \u2013 Thu\u1ed9c khu: Landmark 2 Vinhomes Central Park \u2013 T\u00ecnh tr\u1ea1ng ph\u00e1p l\u00fd: c\u00f3 s\u1ed5 h\u1ed3ng \u2013 View c\u0103n h\u1ed9: view tho\u00e1ng, nh\u00ecn s\u00f4ng v\u00e0 trung t\u00e2m th\u00e0nh ph\u1ed1 Ch\u00ednh ch\u1ee7 c\u1ea7n b\u00e1n nhanh c\u0103n h\u1ed9 gi\u00e1 t\u1ed1t V\u1ecb tr\u00ed: Vinhomes Central Park 720A \u0110i\u1ec7n Bi\u00ean Ph\u1ee7, ph\u01b0\u1eddng...","og_url":"https:\/\/vananland.com\/vinhomescentralpark\/san-pham\/ban-can-ho-2-phong-ngu-dien-tich-82-m2-tang-thap-thiet-ke-tinh-te\/","og_site_name":"Vinhomes Central Park","article_modified_time":"2026-04-04T11:31:27+00:00","og_image":[{"width":750,"height":500,"url":"https:\/\/vananland.com\/vinhomescentralpark\/wp-content\/uploads\/2023\/04\/Phong-khach-34.jpg","type":"image\/jpeg"}],"twitter_card":"summary_large_image","twitter_misc":{"\u01af\u1edbc t\u00ednh th\u1eddi gian \u0111\u1ecdc":"1 ph\u00fat"},"schema":{"@context":"https:\/\/schema.org","@graph":[{"@type":"WebPage","@id":"https:\/\/vananland.com\/vinhomescentralpark\/san-pham\/ban-can-ho-2-phong-ngu-dien-tich-82-m2-tang-thap-thiet-ke-tinh-te\/","url":"https:\/\/vananland.com\/vinhomescentralpark\/san-pham\/ban-can-ho-2-phong-ngu-dien-tich-82-m2-tang-thap-thiet-ke-tinh-te\/","name":"B\u00e1n 2 ph\u00f2ng ng\u1ee7 Vinhomes Central Park view Qu\u1eadn 1 - Vinhomes Central Park","isPartOf":{"@id":"https:\/\/vananland.com\/vinhomescentralpark\/#website"},"primaryImageOfPage":{"@id":"https:\/\/vananland.com\/vinhomescentralpark\/san-pham\/ban-can-ho-2-phong-ngu-dien-tich-82-m2-tang-thap-thiet-ke-tinh-te\/#primaryimage"},"image":{"@id":"https:\/\/vananland.com\/vinhomescentralpark\/san-pham\/ban-can-ho-2-phong-ngu-dien-tich-82-m2-tang-thap-thiet-ke-tinh-te\/#primaryimage"},"thumbnailUrl":"https:\/\/vananland.com\/vinhomescentralpark\/wp-content\/uploads\/2023\/04\/Phong-khach-34.jpg","datePublished":"2023-04-21T04:21:07+00:00","dateModified":"2026-04-04T11:31:27+00:00","breadcrumb":{"@id":"https:\/\/vananland.com\/vinhomescentralpark\/san-pham\/ban-can-ho-2-phong-ngu-dien-tich-82-m2-tang-thap-thiet-ke-tinh-te\/#breadcrumb"},"inLanguage":"vi","potentialAction":[{"@type":"ReadAction","target":["https:\/\/vananland.com\/vinhomescentralpark\/san-pham\/ban-can-ho-2-phong-ngu-dien-tich-82-m2-tang-thap-thiet-ke-tinh-te\/"]}]},{"@type":"ImageObject","inLanguage":"vi","@id":"https:\/\/vananland.com\/vinhomescentralpark\/san-pham\/ban-can-ho-2-phong-ngu-dien-tich-82-m2-tang-thap-thiet-ke-tinh-te\/#primaryimage","url":"https:\/\/vananland.com\/vinhomescentralpark\/wp-content\/uploads\/2023\/04\/Phong-khach-34.jpg","contentUrl":"https:\/\/vananland.com\/vinhomescentralpark\/wp-content\/uploads\/2023\/04\/Phong-khach-34.jpg","width":750,"height":500},{"@type":"BreadcrumbList","@id":"https:\/\/vananland.com\/vinhomescentralpark\/san-pham\/ban-can-ho-2-phong-ngu-dien-tich-82-m2-tang-thap-thiet-ke-tinh-te\/#breadcrumb","itemListElement":[{"@type":"ListItem","position":1,"name":"Home","item":"https:\/\/vananland.com\/vinhomescentralpark\/"},{"@type":"ListItem","position":2,"name":"C\u1eeda h\u00e0ng","item":"https:\/\/vananland.com\/vinhomescentralpark\/mua\/"},{"@type":"ListItem","position":3,"name":"B\u00e1n 2 ph\u00f2ng ng\u1ee7 Vinhomes Central Park view Qu\u1eadn 1"}]},{"@type":"WebSite","@id":"https:\/\/vananland.com\/vinhomescentralpark\/#website","url":"https:\/\/vananland.com\/vinhomescentralpark\/","name":"Vinhomes Central Park","description":"","potentialAction":[{"@type":"SearchAction","target":{"@type":"EntryPoint","urlTemplate":"https:\/\/vananland.com\/vinhomescentralpark\/?s={search_term_string}"},"query-input":{"@type":"PropertyValueSpecification","valueRequired":true,"valueName":"search_term_string"}}],"inLanguage":"vi"}]}},"_links":{"self":[{"href":"https:\/\/vananland.com\/vinhomescentralpark\/wp-json\/wp\/v2\/product\/1239","targetHints":{"allow":["GET"]}}],"collection":[{"href":"https:\/\/vananland.com\/vinhomescentralpark\/wp-json\/wp\/v2\/product"}],"about":[{"href":"https:\/\/vananland.com\/vinhomescentralpark\/wp-json\/wp\/v2\/types\/product"}],"wp:featuredmedia":[{"embeddable":true,"href":"https:\/\/vananland.com\/vinhomescentralpark\/wp-json\/wp\/v2\/media\/1599"}],"wp:attachment":[{"href":"https:\/\/vananland.com\/vinhomescentralpark\/wp-json\/wp\/v2\/media?parent=1239"}],"wp:term":[{"taxonomy":"product_brand","embeddable":true,"href":"https:\/\/vananland.com\/vinhomescentralpark\/wp-json\/wp\/v2\/product_brand?post=1239"},{"taxonomy":"product_cat","embeddable":true,"href":"https:\/\/vananland.com\/vinhomescentralpark\/wp-json\/wp\/v2\/product_cat?post=1239"},{"taxonomy":"product_tag","embeddable":true,"href":"https:\/\/vananland.com\/vinhomescentralpark\/wp-json\/wp\/v2\/product_tag?post=1239"}],"curies":[{"name":"wp","href":"https:\/\/api.w.org\/{rel}","templated":true}]}}