


	{"id":1223,"date":"2023-04-21T09:30:24","date_gmt":"2023-04-21T02:30:24","guid":{"rendered":"https:\/\/vananland.com\/vinhomescentralpark\/?post_type=product&#038;p=1223"},"modified":"2026-04-04T18:32:25","modified_gmt":"2026-04-04T11:32:25","slug":"ban-can-ho-1-phong-ngu-dien-tich-544m2-o-khu-vuc-tang-cao-noi-that-sang-trong","status":"publish","type":"product","link":"https:\/\/vananland.com\/vinhomescentralpark\/san-pham\/ban-can-ho-1-phong-ngu-dien-tich-544m2-o-khu-vuc-tang-cao-noi-that-sang-trong\/","title":{"rendered":"B\u00e1n 2 ph\u00f2ng ng\u1ee7 Vinhomes T\u00e2n C\u1ea3ng 86m2 view c\u00f4ng vi\u00ean"},"content":{"rendered":"<p>\u2013 T\u00ecnh tr\u1ea1ng n\u1ed9i th\u1ea5t: n\u1ed9t th\u1ea5t \u0111\u1ea7y \u0111\u1ee7<\/p>\n<p>\u2013 Thu\u1ed9c khu: Park 5 Vinhomes Central Park T\u00e2n C\u1ea3ng<\/p>\n<p>\u2013 T\u00ecnh tr\u1ea1ng ph\u00e1p l\u00fd: s\u1edf h\u1eefu l\u00e2u d\u00e0i<\/p>\n<p>\u2013 View c\u0103n h\u1ed9: view c\u00f4ng vi\u00ean h\u01b0\u1edbng tho\u00e1ng, kh\u00f4ng n\u1eafng<\/p>\n<p>H\u01b0\u1edbng tho\u00e1ng, kh\u00f4ng n\u1eafng<\/p>\n<p>V\u1ecb tr\u00ed: Vinhomes Central Park T\u00e2n C\u1ea3ng 720A \u0110i\u1ec7n Bi\u00ean Ph\u1ee7, ph\u01b0\u1eddng 22, qu\u1eadn B\u00ecnh Th\u1ea1nh, TP. H\u1ed3 Ch\u00ed Minh<\/p>\n<p>S\u1ed1ng t\u1ea1i c\u0103n h\u1ed9 Vinhomes Central Park c\u01b0 d\u00e2n kh\u00f4ng ch\u1ec9 \u0111\u01b0\u1ee3c an h\u01b0\u1edfng m\u1ed9t kh\u00f4ng gian s\u1ed1ng l\u00fd t\u01b0\u1edfng m\u00e0 c\u00f2n \u0111\u01b0\u1ee3c s\u1eed d\u1ee5ng c\u00f3 d\u1ecbch v\u1ee5 y t\u1ebf, gi\u00e1o d\u1ee5c ti\u00eau chu\u1ea9n qu\u1ed1c t\u1ebf \u0111\u1eb3ng c\u1ea5p t\u1ea1i b\u1ec7nh vi\u1ec7n qu\u1ed1c t\u1ebf 5 sao Vinmec v\u00e0 h\u1ec7 th\u1ed1ng tr\u01b0\u1eddng li\u00ean c\u1ea5p Vinschool \u0111\u1ea3m b\u1ea3o m\u1ed9t cu\u1ed9c s\u1ed1ng v\u0103n minh, kh\u1ecfe m\u1ea1nh v\u00e0 b\u00ecnh y\u00ean.<\/p>\n<p><strong>Hotline ph\u00f2ng kinh doanh: <\/strong>0907.355.866<\/p>\n<p><strong>Email:<\/strong>bdsvananland@gmail.com<\/p>\n<p><strong>Website:<\/strong>www.vananland.com<\/p>\n","protected":false},"excerpt":{"rendered":"<p>\u2013 T\u00ecnh tr\u1ea1ng n\u1ed9i th\u1ea5t: n\u1ed9t th\u1ea5t \u0111\u1ea7y \u0111\u1ee7 \u2013 Thu\u1ed9c khu: Park 5 Vinhomes Central Park T\u00e2n C\u1ea3ng \u2013 T\u00ecnh tr\u1ea1ng ph\u00e1p l\u00fd: s\u1edf h\u1eefu l\u00e2u d\u00e0i \u2013 View c\u0103n h\u1ed9: view c\u00f4ng vi\u00ean h\u01b0\u1edbng tho\u00e1ng, kh\u00f4ng n\u1eafng H\u01b0\u1edbng tho\u00e1ng, kh\u00f4ng n\u1eafng V\u1ecb tr\u00ed: Vinhomes Central Park T\u00e2n C\u1ea3ng 720A \u0110i\u1ec7n Bi\u00ean Ph\u1ee7, ph\u01b0\u1eddng&#8230;<\/p>\n","protected":false},"featured_media":1592,"template":"","meta":[],"product_brand":[],"product_cat":[40],"product_tag":[],"class_list":{"0":"post-1223","1":"product","2":"type-product","3":"status-publish","4":"has-post-thumbnail","6":"product_cat-ban-2-phong-ngu-vinhomes-central-park","8":"first","9":"instock","10":"shipping-taxable","11":"purchasable","12":"product-type-simple"},"yoast_head":"<!-- This site is optimized with the Yoast SEO plugin v27.2 - https:\/\/yoast.com\/product\/yoast-seo-wordpress\/ -->\n<title>B\u00e1n 2 ph\u00f2ng ng\u1ee7 Vinhomes T\u00e2n C\u1ea3ng 86m2 view c\u00f4ng vi\u00ean - Vinhomes Central Park<\/title>\n<meta name=\"robots\" content=\"index, follow, max-snippet:-1, max-image-preview:large, max-video-preview:-1\" \/>\n<link rel=\"canonical\" href=\"https:\/\/vananland.com\/vinhomescentralpark\/san-pham\/ban-can-ho-1-phong-ngu-dien-tich-544m2-o-khu-vuc-tang-cao-noi-that-sang-trong\/\" \/>\n<meta property=\"og:locale\" content=\"vi_VN\" \/>\n<meta property=\"og:type\" content=\"article\" \/>\n<meta property=\"og:title\" content=\"B\u00e1n 2 ph\u00f2ng ng\u1ee7 Vinhomes T\u00e2n C\u1ea3ng 86m2 view c\u00f4ng vi\u00ean - Vinhomes Central Park\" \/>\n<meta property=\"og:description\" content=\"\u2013 T\u00ecnh tr\u1ea1ng n\u1ed9i th\u1ea5t: n\u1ed9t th\u1ea5t \u0111\u1ea7y \u0111\u1ee7 \u2013 Thu\u1ed9c khu: Park 5 Vinhomes Central Park T\u00e2n C\u1ea3ng \u2013 T\u00ecnh tr\u1ea1ng ph\u00e1p l\u00fd: s\u1edf h\u1eefu l\u00e2u d\u00e0i \u2013 View c\u0103n h\u1ed9: view c\u00f4ng vi\u00ean h\u01b0\u1edbng tho\u00e1ng, kh\u00f4ng n\u1eafng H\u01b0\u1edbng tho\u00e1ng, kh\u00f4ng n\u1eafng V\u1ecb tr\u00ed: Vinhomes Central Park T\u00e2n C\u1ea3ng 720A \u0110i\u1ec7n Bi\u00ean Ph\u1ee7, ph\u01b0\u1eddng...\" \/>\n<meta property=\"og:url\" content=\"https:\/\/vananland.com\/vinhomescentralpark\/san-pham\/ban-can-ho-1-phong-ngu-dien-tich-544m2-o-khu-vuc-tang-cao-noi-that-sang-trong\/\" \/>\n<meta property=\"og:site_name\" content=\"Vinhomes Central Park\" \/>\n<meta property=\"article:modified_time\" content=\"2026-04-04T11:32:25+00:00\" \/>\n<meta property=\"og:image\" content=\"https:\/\/vananland.com\/vinhomescentralpark\/wp-content\/uploads\/2023\/04\/Phong-khach-50-scaled-1.jpg\" \/>\n\t<meta property=\"og:image:width\" content=\"2048\" \/>\n\t<meta property=\"og:image:height\" content=\"1367\" \/>\n\t<meta property=\"og:image:type\" content=\"image\/jpeg\" \/>\n<meta name=\"twitter:card\" content=\"summary_large_image\" \/>\n<meta name=\"twitter:label1\" content=\"\u01af\u1edbc t\u00ednh th\u1eddi gian \u0111\u1ecdc\" \/>\n\t<meta name=\"twitter:data1\" content=\"1 ph\u00fat\" \/>\n<script type=\"application\/ld+json\" class=\"yoast-schema-graph\">{\"@context\":\"https:\/\/schema.org\",\"@graph\":[{\"@type\":\"WebPage\",\"@id\":\"https:\/\/vananland.com\/vinhomescentralpark\/san-pham\/ban-can-ho-1-phong-ngu-dien-tich-544m2-o-khu-vuc-tang-cao-noi-that-sang-trong\/\",\"url\":\"https:\/\/vananland.com\/vinhomescentralpark\/san-pham\/ban-can-ho-1-phong-ngu-dien-tich-544m2-o-khu-vuc-tang-cao-noi-that-sang-trong\/\",\"name\":\"B\u00e1n 2 ph\u00f2ng ng\u1ee7 Vinhomes T\u00e2n C\u1ea3ng 86m2 view c\u00f4ng vi\u00ean - Vinhomes Central Park\",\"isPartOf\":{\"@id\":\"https:\/\/vananland.com\/vinhomescentralpark\/#website\"},\"primaryImageOfPage\":{\"@id\":\"https:\/\/vananland.com\/vinhomescentralpark\/san-pham\/ban-can-ho-1-phong-ngu-dien-tich-544m2-o-khu-vuc-tang-cao-noi-that-sang-trong\/#primaryimage\"},\"image\":{\"@id\":\"https:\/\/vananland.com\/vinhomescentralpark\/san-pham\/ban-can-ho-1-phong-ngu-dien-tich-544m2-o-khu-vuc-tang-cao-noi-that-sang-trong\/#primaryimage\"},\"thumbnailUrl\":\"https:\/\/vananland.com\/vinhomescentralpark\/wp-content\/uploads\/2023\/04\/Phong-khach-50-scaled-1.jpg\",\"datePublished\":\"2023-04-21T02:30:24+00:00\",\"dateModified\":\"2026-04-04T11:32:25+00:00\",\"breadcrumb\":{\"@id\":\"https:\/\/vananland.com\/vinhomescentralpark\/san-pham\/ban-can-ho-1-phong-ngu-dien-tich-544m2-o-khu-vuc-tang-cao-noi-that-sang-trong\/#breadcrumb\"},\"inLanguage\":\"vi\",\"potentialAction\":[{\"@type\":\"ReadAction\",\"target\":[\"https:\/\/vananland.com\/vinhomescentralpark\/san-pham\/ban-can-ho-1-phong-ngu-dien-tich-544m2-o-khu-vuc-tang-cao-noi-that-sang-trong\/\"]}]},{\"@type\":\"ImageObject\",\"inLanguage\":\"vi\",\"@id\":\"https:\/\/vananland.com\/vinhomescentralpark\/san-pham\/ban-can-ho-1-phong-ngu-dien-tich-544m2-o-khu-vuc-tang-cao-noi-that-sang-trong\/#primaryimage\",\"url\":\"https:\/\/vananland.com\/vinhomescentralpark\/wp-content\/uploads\/2023\/04\/Phong-khach-50-scaled-1.jpg\",\"contentUrl\":\"https:\/\/vananland.com\/vinhomescentralpark\/wp-content\/uploads\/2023\/04\/Phong-khach-50-scaled-1.jpg\",\"width\":2048,\"height\":1367},{\"@type\":\"BreadcrumbList\",\"@id\":\"https:\/\/vananland.com\/vinhomescentralpark\/san-pham\/ban-can-ho-1-phong-ngu-dien-tich-544m2-o-khu-vuc-tang-cao-noi-that-sang-trong\/#breadcrumb\",\"itemListElement\":[{\"@type\":\"ListItem\",\"position\":1,\"name\":\"Home\",\"item\":\"https:\/\/vananland.com\/vinhomescentralpark\/\"},{\"@type\":\"ListItem\",\"position\":2,\"name\":\"C\u1eeda h\u00e0ng\",\"item\":\"https:\/\/vananland.com\/vinhomescentralpark\/mua\/\"},{\"@type\":\"ListItem\",\"position\":3,\"name\":\"B\u00e1n 2 ph\u00f2ng ng\u1ee7 Vinhomes T\u00e2n C\u1ea3ng 86m2 view c\u00f4ng vi\u00ean\"}]},{\"@type\":\"WebSite\",\"@id\":\"https:\/\/vananland.com\/vinhomescentralpark\/#website\",\"url\":\"https:\/\/vananland.com\/vinhomescentralpark\/\",\"name\":\"Vinhomes Central Park\",\"description\":\"\",\"potentialAction\":[{\"@type\":\"SearchAction\",\"target\":{\"@type\":\"EntryPoint\",\"urlTemplate\":\"https:\/\/vananland.com\/vinhomescentralpark\/?s={search_term_string}\"},\"query-input\":{\"@type\":\"PropertyValueSpecification\",\"valueRequired\":true,\"valueName\":\"search_term_string\"}}],\"inLanguage\":\"vi\"}]}<\/script>\n<!-- \/ Yoast SEO plugin. -->","yoast_head_json":{"title":"B\u00e1n 2 ph\u00f2ng ng\u1ee7 Vinhomes T\u00e2n C\u1ea3ng 86m2 view c\u00f4ng vi\u00ean - Vinhomes Central Park","robots":{"index":"index","follow":"follow","max-snippet":"max-snippet:-1","max-image-preview":"max-image-preview:large","max-video-preview":"max-video-preview:-1"},"canonical":"https:\/\/vananland.com\/vinhomescentralpark\/san-pham\/ban-can-ho-1-phong-ngu-dien-tich-544m2-o-khu-vuc-tang-cao-noi-that-sang-trong\/","og_locale":"vi_VN","og_type":"article","og_title":"B\u00e1n 2 ph\u00f2ng ng\u1ee7 Vinhomes T\u00e2n C\u1ea3ng 86m2 view c\u00f4ng vi\u00ean - Vinhomes Central Park","og_description":"\u2013 T\u00ecnh tr\u1ea1ng n\u1ed9i th\u1ea5t: n\u1ed9t th\u1ea5t \u0111\u1ea7y \u0111\u1ee7 \u2013 Thu\u1ed9c khu: Park 5 Vinhomes Central Park T\u00e2n C\u1ea3ng \u2013 T\u00ecnh tr\u1ea1ng ph\u00e1p l\u00fd: s\u1edf h\u1eefu l\u00e2u d\u00e0i \u2013 View c\u0103n h\u1ed9: view c\u00f4ng vi\u00ean h\u01b0\u1edbng tho\u00e1ng, kh\u00f4ng n\u1eafng H\u01b0\u1edbng tho\u00e1ng, kh\u00f4ng n\u1eafng V\u1ecb tr\u00ed: Vinhomes Central Park T\u00e2n C\u1ea3ng 720A \u0110i\u1ec7n Bi\u00ean Ph\u1ee7, ph\u01b0\u1eddng...","og_url":"https:\/\/vananland.com\/vinhomescentralpark\/san-pham\/ban-can-ho-1-phong-ngu-dien-tich-544m2-o-khu-vuc-tang-cao-noi-that-sang-trong\/","og_site_name":"Vinhomes Central Park","article_modified_time":"2026-04-04T11:32:25+00:00","og_image":[{"width":2048,"height":1367,"url":"https:\/\/vananland.com\/vinhomescentralpark\/wp-content\/uploads\/2023\/04\/Phong-khach-50-scaled-1.jpg","type":"image\/jpeg"}],"twitter_card":"summary_large_image","twitter_misc":{"\u01af\u1edbc t\u00ednh th\u1eddi gian \u0111\u1ecdc":"1 ph\u00fat"},"schema":{"@context":"https:\/\/schema.org","@graph":[{"@type":"WebPage","@id":"https:\/\/vananland.com\/vinhomescentralpark\/san-pham\/ban-can-ho-1-phong-ngu-dien-tich-544m2-o-khu-vuc-tang-cao-noi-that-sang-trong\/","url":"https:\/\/vananland.com\/vinhomescentralpark\/san-pham\/ban-can-ho-1-phong-ngu-dien-tich-544m2-o-khu-vuc-tang-cao-noi-that-sang-trong\/","name":"B\u00e1n 2 ph\u00f2ng ng\u1ee7 Vinhomes T\u00e2n C\u1ea3ng 86m2 view c\u00f4ng vi\u00ean - Vinhomes Central Park","isPartOf":{"@id":"https:\/\/vananland.com\/vinhomescentralpark\/#website"},"primaryImageOfPage":{"@id":"https:\/\/vananland.com\/vinhomescentralpark\/san-pham\/ban-can-ho-1-phong-ngu-dien-tich-544m2-o-khu-vuc-tang-cao-noi-that-sang-trong\/#primaryimage"},"image":{"@id":"https:\/\/vananland.com\/vinhomescentralpark\/san-pham\/ban-can-ho-1-phong-ngu-dien-tich-544m2-o-khu-vuc-tang-cao-noi-that-sang-trong\/#primaryimage"},"thumbnailUrl":"https:\/\/vananland.com\/vinhomescentralpark\/wp-content\/uploads\/2023\/04\/Phong-khach-50-scaled-1.jpg","datePublished":"2023-04-21T02:30:24+00:00","dateModified":"2026-04-04T11:32:25+00:00","breadcrumb":{"@id":"https:\/\/vananland.com\/vinhomescentralpark\/san-pham\/ban-can-ho-1-phong-ngu-dien-tich-544m2-o-khu-vuc-tang-cao-noi-that-sang-trong\/#breadcrumb"},"inLanguage":"vi","potentialAction":[{"@type":"ReadAction","target":["https:\/\/vananland.com\/vinhomescentralpark\/san-pham\/ban-can-ho-1-phong-ngu-dien-tich-544m2-o-khu-vuc-tang-cao-noi-that-sang-trong\/"]}]},{"@type":"ImageObject","inLanguage":"vi","@id":"https:\/\/vananland.com\/vinhomescentralpark\/san-pham\/ban-can-ho-1-phong-ngu-dien-tich-544m2-o-khu-vuc-tang-cao-noi-that-sang-trong\/#primaryimage","url":"https:\/\/vananland.com\/vinhomescentralpark\/wp-content\/uploads\/2023\/04\/Phong-khach-50-scaled-1.jpg","contentUrl":"https:\/\/vananland.com\/vinhomescentralpark\/wp-content\/uploads\/2023\/04\/Phong-khach-50-scaled-1.jpg","width":2048,"height":1367},{"@type":"BreadcrumbList","@id":"https:\/\/vananland.com\/vinhomescentralpark\/san-pham\/ban-can-ho-1-phong-ngu-dien-tich-544m2-o-khu-vuc-tang-cao-noi-that-sang-trong\/#breadcrumb","itemListElement":[{"@type":"ListItem","position":1,"name":"Home","item":"https:\/\/vananland.com\/vinhomescentralpark\/"},{"@type":"ListItem","position":2,"name":"C\u1eeda h\u00e0ng","item":"https:\/\/vananland.com\/vinhomescentralpark\/mua\/"},{"@type":"ListItem","position":3,"name":"B\u00e1n 2 ph\u00f2ng ng\u1ee7 Vinhomes T\u00e2n C\u1ea3ng 86m2 view c\u00f4ng vi\u00ean"}]},{"@type":"WebSite","@id":"https:\/\/vananland.com\/vinhomescentralpark\/#website","url":"https:\/\/vananland.com\/vinhomescentralpark\/","name":"Vinhomes Central Park","description":"","potentialAction":[{"@type":"SearchAction","target":{"@type":"EntryPoint","urlTemplate":"https:\/\/vananland.com\/vinhomescentralpark\/?s={search_term_string}"},"query-input":{"@type":"PropertyValueSpecification","valueRequired":true,"valueName":"search_term_string"}}],"inLanguage":"vi"}]}},"_links":{"self":[{"href":"https:\/\/vananland.com\/vinhomescentralpark\/wp-json\/wp\/v2\/product\/1223","targetHints":{"allow":["GET"]}}],"collection":[{"href":"https:\/\/vananland.com\/vinhomescentralpark\/wp-json\/wp\/v2\/product"}],"about":[{"href":"https:\/\/vananland.com\/vinhomescentralpark\/wp-json\/wp\/v2\/types\/product"}],"wp:featuredmedia":[{"embeddable":true,"href":"https:\/\/vananland.com\/vinhomescentralpark\/wp-json\/wp\/v2\/media\/1592"}],"wp:attachment":[{"href":"https:\/\/vananland.com\/vinhomescentralpark\/wp-json\/wp\/v2\/media?parent=1223"}],"wp:term":[{"taxonomy":"product_brand","embeddable":true,"href":"https:\/\/vananland.com\/vinhomescentralpark\/wp-json\/wp\/v2\/product_brand?post=1223"},{"taxonomy":"product_cat","embeddable":true,"href":"https:\/\/vananland.com\/vinhomescentralpark\/wp-json\/wp\/v2\/product_cat?post=1223"},{"taxonomy":"product_tag","embeddable":true,"href":"https:\/\/vananland.com\/vinhomescentralpark\/wp-json\/wp\/v2\/product_tag?post=1223"}],"curies":[{"name":"wp","href":"https:\/\/api.w.org\/{rel}","templated":true}]}}