{"id":1979,"date":"2026-03-24T19:40:43","date_gmt":"2026-03-24T12:40:43","guid":{"rendered":"https:\/\/vananland.com\/the-global-city\/?post_type=product&#038;p=1979"},"modified":"2026-03-24T19:43:07","modified_gmt":"2026-03-24T12:43:07","slug":"global-city-cho-thue-nha-pho-soho-8-phong-4wc-da-ngan-kinh","status":"publish","type":"product","link":"https:\/\/vananland.com\/the-global-city\/san-pham\/global-city-cho-thue-nha-pho-soho-8-phong-4wc-da-ngan-kinh\/","title":{"rendered":"The Global City-Cho thu\u00ea nh\u00e0 ph\u1ed1 Soho 8 ph\u00f2ng 4WC &#8211; \u0111\u00e3 ng\u0103n k\u00ednh"},"content":{"rendered":"<p>Qu\u1eadn 2-Global City-Cho thu\u00ea nh\u00e0 ph\u1ed1 li\u1ec1n k\u1ec1 Soho Global City tr\u1ee5c N3C Art Avenue: 8 ph\u00f2ng 4WC &#8211; \u0111\u00e3 ng\u0103n k\u00ednh<br \/>\n&#8211; Di\u1ec7n t\u00edch \u0111\u1ea5t: 5m * 19m = 95m2<br \/>\n&#8211; K\u1ebft c\u1ea5u: 1 tr\u1ec7t 4 l\u1ea7u, ch\u1eeba ban c\u00f4ng tr\u01b0\u1edbc &amp; s\u00e2n sau r\u1ed9ng tho\u00e1ng<br \/>\n&#8211; Di\u1ec7n t\u00edch s\u00e0n s\u1eed d\u1ee5ng: 346m\u00b2<br \/>\n&#8211; Hi\u1ec7n tr\u1ea1ng: 8PN 4WC, c\u00f3 \u0111i\u1ec1u ho\u00e0, \u0111\u00e3 ng\u0103n k\u00ednh c\u01b0\u1eddng l\u1ef1c s\u1eb5n c\u00e1c ph\u00f2ng<br \/>\n&#8211; Ti\u1ec7n l\u00e0m v\u0103n ph\u00f2ng k\u1ebft h\u1ee3p \u0111\u1ec3 \u1edf ho\u1eb7c cho thu\u00ea Airbnb<br \/>\n&#8211; Ti\u1ec7n \u00edch: s\u00e2n Pickeball, City Park, Go-car, Cafe, nh\u00e0 h\u00e0ng KingCross &amp; nh\u00e0 h\u00e0ng Nh\u1eadt<br \/>\n&#8211; Gi\u00e1: 55tr c\u00f2n th\u01b0\u01a1ng l\u01b0\u1ee3ng<br \/>\n&#8211; Giao nh\u00e0: ch\u1ee7 cho v\u1ec7 sinh s\u1ea1ch s\u1ebd trc khi giao nh\u00e0 \u1ea1<\/p>\n","protected":false},"excerpt":{"rendered":"<p>Qu\u1eadn 2-Global City-Cho thu\u00ea nh\u00e0 ph\u1ed1 li\u1ec1n k\u1ec1 Soho Global City tr\u1ee5c N3C Art Avenue: 8 ph\u00f2ng 4WC &#8211; \u0111\u00e3 ng\u0103n k\u00ednh &#8211; Di\u1ec7n t\u00edch \u0111\u1ea5t: 5m * 19m = 95m2 &#8211; K\u1ebft c\u1ea5u: 1 tr\u1ec7t 4 l\u1ea7u, ch\u1eeba ban c\u00f4ng tr\u01b0\u1edbc &amp; s\u00e2n sau r\u1ed9ng tho\u00e1ng &#8211; Di\u1ec7n t\u00edch s\u00e0n s\u1eed d\u1ee5ng: 346m\u00b2 &#8211;&#8230;<\/p>\n","protected":false},"featured_media":1981,"template":"","meta":[],"product_brand":[],"product_cat":[69],"product_tag":[],"class_list":{"0":"post-1979","1":"product","2":"type-product","3":"status-publish","4":"has-post-thumbnail","6":"product_cat-cho-thue-shophouse-the-global-city","8":"first","9":"instock","10":"shipping-taxable","11":"purchasable","12":"product-type-simple"},"yoast_head":"<!-- This site is optimized with the Yoast SEO plugin v27.2 - https:\/\/yoast.com\/product\/yoast-seo-wordpress\/ -->\n<title>The Global City-Cho thu\u00ea nh\u00e0 ph\u1ed1 Soho 8 ph\u00f2ng 4WC - \u0111\u00e3 ng\u0103n k\u00ednh - The Global City<\/title>\n<meta name=\"robots\" content=\"index, follow, max-snippet:-1, max-image-preview:large, max-video-preview:-1\" \/>\n<link rel=\"canonical\" href=\"https:\/\/vananland.com\/the-global-city\/san-pham\/global-city-cho-thue-nha-pho-soho-8-phong-4wc-da-ngan-kinh\/\" \/>\n<meta property=\"og:locale\" content=\"vi_VN\" \/>\n<meta property=\"og:type\" content=\"article\" \/>\n<meta property=\"og:title\" content=\"The Global City-Cho thu\u00ea nh\u00e0 ph\u1ed1 Soho 8 ph\u00f2ng 4WC - \u0111\u00e3 ng\u0103n k\u00ednh - The Global City\" \/>\n<meta property=\"og:description\" content=\"Qu\u1eadn 2-Global City-Cho thu\u00ea nh\u00e0 ph\u1ed1 li\u1ec1n k\u1ec1 Soho Global City tr\u1ee5c N3C Art Avenue: 8 ph\u00f2ng 4WC &#8211; \u0111\u00e3 ng\u0103n k\u00ednh &#8211; Di\u1ec7n t\u00edch \u0111\u1ea5t: 5m * 19m = 95m2 &#8211; K\u1ebft c\u1ea5u: 1 tr\u1ec7t 4 l\u1ea7u, ch\u1eeba ban c\u00f4ng tr\u01b0\u1edbc &amp; s\u00e2n sau r\u1ed9ng tho\u00e1ng &#8211; Di\u1ec7n t\u00edch s\u00e0n s\u1eed d\u1ee5ng: 346m\u00b2 &#8211;...\" \/>\n<meta property=\"og:url\" content=\"https:\/\/vananland.com\/the-global-city\/san-pham\/global-city-cho-thue-nha-pho-soho-8-phong-4wc-da-ngan-kinh\/\" \/>\n<meta property=\"og:site_name\" content=\"The Global City\" \/>\n<meta property=\"article:modified_time\" content=\"2026-03-24T12:43:07+00:00\" \/>\n<meta property=\"og:image\" content=\"https:\/\/vananland.com\/the-global-city\/wp-content\/uploads\/2026\/03\/12.jpg\" \/>\n\t<meta property=\"og:image:width\" content=\"960\" \/>\n\t<meta property=\"og:image:height\" content=\"1280\" \/>\n\t<meta property=\"og:image:type\" content=\"image\/jpeg\" \/>\n<meta name=\"twitter:card\" content=\"summary_large_image\" \/>\n<meta name=\"twitter:label1\" content=\"\u01af\u1edbc t\u00ednh th\u1eddi gian \u0111\u1ecdc\" \/>\n\t<meta name=\"twitter:data1\" content=\"1 ph\u00fat\" \/>\n<script type=\"application\/ld+json\" class=\"yoast-schema-graph\">{\"@context\":\"https:\/\/schema.org\",\"@graph\":[{\"@type\":\"WebPage\",\"@id\":\"https:\/\/vananland.com\/the-global-city\/san-pham\/global-city-cho-thue-nha-pho-soho-8-phong-4wc-da-ngan-kinh\/\",\"url\":\"https:\/\/vananland.com\/the-global-city\/san-pham\/global-city-cho-thue-nha-pho-soho-8-phong-4wc-da-ngan-kinh\/\",\"name\":\"The Global City-Cho thu\u00ea nh\u00e0 ph\u1ed1 Soho 8 ph\u00f2ng 4WC - \u0111\u00e3 ng\u0103n k\u00ednh - The Global City\",\"isPartOf\":{\"@id\":\"https:\/\/vananland.com\/the-global-city\/#website\"},\"primaryImageOfPage\":{\"@id\":\"https:\/\/vananland.com\/the-global-city\/san-pham\/global-city-cho-thue-nha-pho-soho-8-phong-4wc-da-ngan-kinh\/#primaryimage\"},\"image\":{\"@id\":\"https:\/\/vananland.com\/the-global-city\/san-pham\/global-city-cho-thue-nha-pho-soho-8-phong-4wc-da-ngan-kinh\/#primaryimage\"},\"thumbnailUrl\":\"https:\/\/vananland.com\/the-global-city\/wp-content\/uploads\/2026\/03\/12.jpg\",\"datePublished\":\"2026-03-24T12:40:43+00:00\",\"dateModified\":\"2026-03-24T12:43:07+00:00\",\"breadcrumb\":{\"@id\":\"https:\/\/vananland.com\/the-global-city\/san-pham\/global-city-cho-thue-nha-pho-soho-8-phong-4wc-da-ngan-kinh\/#breadcrumb\"},\"inLanguage\":\"vi\",\"potentialAction\":[{\"@type\":\"ReadAction\",\"target\":[\"https:\/\/vananland.com\/the-global-city\/san-pham\/global-city-cho-thue-nha-pho-soho-8-phong-4wc-da-ngan-kinh\/\"]}]},{\"@type\":\"ImageObject\",\"inLanguage\":\"vi\",\"@id\":\"https:\/\/vananland.com\/the-global-city\/san-pham\/global-city-cho-thue-nha-pho-soho-8-phong-4wc-da-ngan-kinh\/#primaryimage\",\"url\":\"https:\/\/vananland.com\/the-global-city\/wp-content\/uploads\/2026\/03\/12.jpg\",\"contentUrl\":\"https:\/\/vananland.com\/the-global-city\/wp-content\/uploads\/2026\/03\/12.jpg\",\"width\":960,\"height\":1280},{\"@type\":\"BreadcrumbList\",\"@id\":\"https:\/\/vananland.com\/the-global-city\/san-pham\/global-city-cho-thue-nha-pho-soho-8-phong-4wc-da-ngan-kinh\/#breadcrumb\",\"itemListElement\":[{\"@type\":\"ListItem\",\"position\":1,\"name\":\"Home\",\"item\":\"https:\/\/vananland.com\/the-global-city\/\"},{\"@type\":\"ListItem\",\"position\":2,\"name\":\"C\u1eeda h\u00e0ng\",\"item\":\"https:\/\/vananland.com\/the-global-city\/mua\/\"},{\"@type\":\"ListItem\",\"position\":3,\"name\":\"The Global City-Cho thu\u00ea nh\u00e0 ph\u1ed1 Soho 8 ph\u00f2ng 4WC &#8211; \u0111\u00e3 ng\u0103n k\u00ednh\"}]},{\"@type\":\"WebSite\",\"@id\":\"https:\/\/vananland.com\/the-global-city\/#website\",\"url\":\"https:\/\/vananland.com\/the-global-city\/\",\"name\":\"The Global City\",\"description\":\"\",\"potentialAction\":[{\"@type\":\"SearchAction\",\"target\":{\"@type\":\"EntryPoint\",\"urlTemplate\":\"https:\/\/vananland.com\/the-global-city\/?s={search_term_string}\"},\"query-input\":{\"@type\":\"PropertyValueSpecification\",\"valueRequired\":true,\"valueName\":\"search_term_string\"}}],\"inLanguage\":\"vi\"}]}<\/script>\n<!-- \/ Yoast SEO plugin. -->","yoast_head_json":{"title":"The Global City-Cho thu\u00ea nh\u00e0 ph\u1ed1 Soho 8 ph\u00f2ng 4WC - \u0111\u00e3 ng\u0103n k\u00ednh - The Global City","robots":{"index":"index","follow":"follow","max-snippet":"max-snippet:-1","max-image-preview":"max-image-preview:large","max-video-preview":"max-video-preview:-1"},"canonical":"https:\/\/vananland.com\/the-global-city\/san-pham\/global-city-cho-thue-nha-pho-soho-8-phong-4wc-da-ngan-kinh\/","og_locale":"vi_VN","og_type":"article","og_title":"The Global City-Cho thu\u00ea nh\u00e0 ph\u1ed1 Soho 8 ph\u00f2ng 4WC - \u0111\u00e3 ng\u0103n k\u00ednh - The Global City","og_description":"Qu\u1eadn 2-Global City-Cho thu\u00ea nh\u00e0 ph\u1ed1 li\u1ec1n k\u1ec1 Soho Global City tr\u1ee5c N3C Art Avenue: 8 ph\u00f2ng 4WC &#8211; \u0111\u00e3 ng\u0103n k\u00ednh &#8211; Di\u1ec7n t\u00edch \u0111\u1ea5t: 5m * 19m = 95m2 &#8211; K\u1ebft c\u1ea5u: 1 tr\u1ec7t 4 l\u1ea7u, ch\u1eeba ban c\u00f4ng tr\u01b0\u1edbc &amp; s\u00e2n sau r\u1ed9ng tho\u00e1ng &#8211; Di\u1ec7n t\u00edch s\u00e0n s\u1eed d\u1ee5ng: 346m\u00b2 &#8211;...","og_url":"https:\/\/vananland.com\/the-global-city\/san-pham\/global-city-cho-thue-nha-pho-soho-8-phong-4wc-da-ngan-kinh\/","og_site_name":"The Global City","article_modified_time":"2026-03-24T12:43:07+00:00","og_image":[{"width":960,"height":1280,"url":"https:\/\/vananland.com\/the-global-city\/wp-content\/uploads\/2026\/03\/12.jpg","type":"image\/jpeg"}],"twitter_card":"summary_large_image","twitter_misc":{"\u01af\u1edbc t\u00ednh th\u1eddi gian \u0111\u1ecdc":"1 ph\u00fat"},"schema":{"@context":"https:\/\/schema.org","@graph":[{"@type":"WebPage","@id":"https:\/\/vananland.com\/the-global-city\/san-pham\/global-city-cho-thue-nha-pho-soho-8-phong-4wc-da-ngan-kinh\/","url":"https:\/\/vananland.com\/the-global-city\/san-pham\/global-city-cho-thue-nha-pho-soho-8-phong-4wc-da-ngan-kinh\/","name":"The Global City-Cho thu\u00ea nh\u00e0 ph\u1ed1 Soho 8 ph\u00f2ng 4WC - \u0111\u00e3 ng\u0103n k\u00ednh - The Global City","isPartOf":{"@id":"https:\/\/vananland.com\/the-global-city\/#website"},"primaryImageOfPage":{"@id":"https:\/\/vananland.com\/the-global-city\/san-pham\/global-city-cho-thue-nha-pho-soho-8-phong-4wc-da-ngan-kinh\/#primaryimage"},"image":{"@id":"https:\/\/vananland.com\/the-global-city\/san-pham\/global-city-cho-thue-nha-pho-soho-8-phong-4wc-da-ngan-kinh\/#primaryimage"},"thumbnailUrl":"https:\/\/vananland.com\/the-global-city\/wp-content\/uploads\/2026\/03\/12.jpg","datePublished":"2026-03-24T12:40:43+00:00","dateModified":"2026-03-24T12:43:07+00:00","breadcrumb":{"@id":"https:\/\/vananland.com\/the-global-city\/san-pham\/global-city-cho-thue-nha-pho-soho-8-phong-4wc-da-ngan-kinh\/#breadcrumb"},"inLanguage":"vi","potentialAction":[{"@type":"ReadAction","target":["https:\/\/vananland.com\/the-global-city\/san-pham\/global-city-cho-thue-nha-pho-soho-8-phong-4wc-da-ngan-kinh\/"]}]},{"@type":"ImageObject","inLanguage":"vi","@id":"https:\/\/vananland.com\/the-global-city\/san-pham\/global-city-cho-thue-nha-pho-soho-8-phong-4wc-da-ngan-kinh\/#primaryimage","url":"https:\/\/vananland.com\/the-global-city\/wp-content\/uploads\/2026\/03\/12.jpg","contentUrl":"https:\/\/vananland.com\/the-global-city\/wp-content\/uploads\/2026\/03\/12.jpg","width":960,"height":1280},{"@type":"BreadcrumbList","@id":"https:\/\/vananland.com\/the-global-city\/san-pham\/global-city-cho-thue-nha-pho-soho-8-phong-4wc-da-ngan-kinh\/#breadcrumb","itemListElement":[{"@type":"ListItem","position":1,"name":"Home","item":"https:\/\/vananland.com\/the-global-city\/"},{"@type":"ListItem","position":2,"name":"C\u1eeda h\u00e0ng","item":"https:\/\/vananland.com\/the-global-city\/mua\/"},{"@type":"ListItem","position":3,"name":"The Global City-Cho thu\u00ea nh\u00e0 ph\u1ed1 Soho 8 ph\u00f2ng 4WC &#8211; \u0111\u00e3 ng\u0103n k\u00ednh"}]},{"@type":"WebSite","@id":"https:\/\/vananland.com\/the-global-city\/#website","url":"https:\/\/vananland.com\/the-global-city\/","name":"The Global City","description":"","potentialAction":[{"@type":"SearchAction","target":{"@type":"EntryPoint","urlTemplate":"https:\/\/vananland.com\/the-global-city\/?s={search_term_string}"},"query-input":{"@type":"PropertyValueSpecification","valueRequired":true,"valueName":"search_term_string"}}],"inLanguage":"vi"}]}},"_links":{"self":[{"href":"https:\/\/vananland.com\/the-global-city\/wp-json\/wp\/v2\/product\/1979","targetHints":{"allow":["GET"]}}],"collection":[{"href":"https:\/\/vananland.com\/the-global-city\/wp-json\/wp\/v2\/product"}],"about":[{"href":"https:\/\/vananland.com\/the-global-city\/wp-json\/wp\/v2\/types\/product"}],"wp:featuredmedia":[{"embeddable":true,"href":"https:\/\/vananland.com\/the-global-city\/wp-json\/wp\/v2\/media\/1981"}],"wp:attachment":[{"href":"https:\/\/vananland.com\/the-global-city\/wp-json\/wp\/v2\/media?parent=1979"}],"wp:term":[{"taxonomy":"product_brand","embeddable":true,"href":"https:\/\/vananland.com\/the-global-city\/wp-json\/wp\/v2\/product_brand?post=1979"},{"taxonomy":"product_cat","embeddable":true,"href":"https:\/\/vananland.com\/the-global-city\/wp-json\/wp\/v2\/product_cat?post=1979"},{"taxonomy":"product_tag","embeddable":true,"href":"https:\/\/vananland.com\/the-global-city\/wp-json\/wp\/v2\/product_tag?post=1979"}],"curies":[{"name":"wp","href":"https:\/\/api.w.org\/{rel}","templated":true}]}}