{"id":1253,"date":"2023-04-21T11:53:46","date_gmt":"2023-04-21T04:53:46","guid":{"rendered":"https:\/\/vananland.com\/the-global-city\/?post_type=product&#038;p=1253"},"modified":"2026-03-21T17:25:08","modified_gmt":"2026-03-21T10:25:08","slug":"thue-can-ho-2-phong-ngu-dien-tich-768-m2-gia-chi-tu-23-trieu-thang","status":"publish","type":"product","link":"https:\/\/vananland.com\/the-global-city\/san-pham\/thue-can-ho-2-phong-ngu-dien-tich-768-m2-gia-chi-tu-23-trieu-thang\/","title":{"rendered":"Thu\u00ea c\u0103n h\u1ed9 2 ph\u00f2ng ng\u1ee7 di\u1ec7n t\u00edch 76,8 m2 gi\u00e1 ch\u1ec9 t\u1eeb 23 tri\u1ec7u\/th\u00e1ng"},"content":{"rendered":"<p>Thu\u00ea c\u0103n h\u1ed9 2 ph\u00f2ng ng\u1ee7 t\u00f2a Central 3, c\u0103n h\u1ed9 t\u1ea7ng th\u1ea5p \u0111\u01b0\u1ee3c trang b\u1ecb n\u1ed9i th\u1ea5t \u0111\u1ea7y \u0111\u1ee7, n\u1eb1m \u1edf khu v\u1ef1c t\u1ea7ng cao, t\u1ea7m view \u0111\u1eb1ng sau tr\u01b0\u1eddng h\u1ecdc li\u00ean c\u1ea5p Vinschool v\u00e0 Landmark 2,3.<\/p>\n<p>Gi\u00e1 thu\u00ea: 23 tri\u1ec7u\/th\u00e1ng<\/p>\n<p>C\u0103n h\u1ed9 thi\u1ebft k\u1ebf bao g\u1ed3m 1 ph\u00f2ng kh\u00e1ch, 2 ph\u00f2ng ng\u1ee7, 2 nh\u00e0 v\u1ec7 sinh, gian b\u1ebfp, ban c\u00f4ng.<\/p>\n<p>Di\u1ec7n t\u00edch tin t\u01b0\u1eddng: 76,8 m2<\/p>\n<p>Di\u1ec7n t\u00edch th\u00f4ng th\u1ee7y: 70,3 m2<\/p>\n<p>N\u1ed9i th\u1ea5t b\u00e0n giao: Full n\u1ed9i th\u1ea5t.<\/p>\n<p>H\u1ed7 tr\u1ee3 xem nh\u00e0 24\/7<\/p>\n<p>Tr\u1edf th\u00e0nh ch\u1ee7 nh\u00e2n danh gi\u00e1 t\u1ea1i khu d\u00e2n c\u01b0 \u0111\u00e1ng s\u1ed1ng b\u1eadc nh\u1ea5t TP.HCM ngay h\u00f4m nay v\u1edbi gi\u00e1 b\u00e1n t\u1ed1t nh\u1ea5t!<\/p>\n","protected":false},"excerpt":{"rendered":"<p>Thu\u00ea c\u0103n h\u1ed9 2 ph\u00f2ng ng\u1ee7 t\u00f2a Central 3, c\u0103n h\u1ed9 t\u1ea7ng th\u1ea5p \u0111\u01b0\u1ee3c trang b\u1ecb n\u1ed9i th\u1ea5t \u0111\u1ea7y \u0111\u1ee7, n\u1eb1m \u1edf khu v\u1ef1c t\u1ea7ng cao, t\u1ea7m view \u0111\u1eb1ng sau tr\u01b0\u1eddng h\u1ecdc li\u00ean c\u1ea5p Vinschool v\u00e0 Landmark 2,3. Gi\u00e1 thu\u00ea: 23 tri\u1ec7u\/th\u00e1ng C\u0103n h\u1ed9 thi\u1ebft k\u1ebf bao g\u1ed3m 1 ph\u00f2ng kh\u00e1ch, 2 ph\u00f2ng ng\u1ee7, 2&#8230;<\/p>\n","protected":false},"featured_media":1254,"template":"","meta":[],"product_brand":[],"product_cat":[60,61,62,63],"product_tag":[],"class_list":{"0":"post-1253","1":"product","2":"type-product","3":"status-publish","4":"has-post-thumbnail","6":"product_cat-cho-thue-can-ho-1-phong-ngu-the-global-city","7":"product_cat-cho-thue-can-ho-2-phong-ngu-the-global-city","8":"product_cat-cho-thue-can-ho-3-phong-ngu-the-global-city","9":"product_cat-cho-thue-can-ho-4-phong-ngu-the-global-city","11":"first","12":"instock","13":"shipping-taxable","14":"purchasable","15":"product-type-simple"},"yoast_head":"<!-- This site is optimized with the Yoast SEO plugin v27.2 - https:\/\/yoast.com\/product\/yoast-seo-wordpress\/ -->\n<title>Thu\u00ea c\u0103n h\u1ed9 2 ph\u00f2ng ng\u1ee7 di\u1ec7n t\u00edch 76,8 m2 gi\u00e1 ch\u1ec9 t\u1eeb 23 tri\u1ec7u\/th\u00e1ng - The Global City<\/title>\n<meta name=\"robots\" content=\"index, follow, max-snippet:-1, max-image-preview:large, max-video-preview:-1\" \/>\n<link rel=\"canonical\" href=\"https:\/\/vananland.com\/the-global-city\/san-pham\/thue-can-ho-2-phong-ngu-dien-tich-768-m2-gia-chi-tu-23-trieu-thang\/\" \/>\n<meta property=\"og:locale\" content=\"vi_VN\" \/>\n<meta property=\"og:type\" content=\"article\" \/>\n<meta property=\"og:title\" content=\"Thu\u00ea c\u0103n h\u1ed9 2 ph\u00f2ng ng\u1ee7 di\u1ec7n t\u00edch 76,8 m2 gi\u00e1 ch\u1ec9 t\u1eeb 23 tri\u1ec7u\/th\u00e1ng - The Global City\" \/>\n<meta property=\"og:description\" content=\"Thu\u00ea c\u0103n h\u1ed9 2 ph\u00f2ng ng\u1ee7 t\u00f2a Central 3, c\u0103n h\u1ed9 t\u1ea7ng th\u1ea5p \u0111\u01b0\u1ee3c trang b\u1ecb n\u1ed9i th\u1ea5t \u0111\u1ea7y \u0111\u1ee7, n\u1eb1m \u1edf khu v\u1ef1c t\u1ea7ng cao, t\u1ea7m view \u0111\u1eb1ng sau tr\u01b0\u1eddng h\u1ecdc li\u00ean c\u1ea5p Vinschool v\u00e0 Landmark 2,3. Gi\u00e1 thu\u00ea: 23 tri\u1ec7u\/th\u00e1ng C\u0103n h\u1ed9 thi\u1ebft k\u1ebf bao g\u1ed3m 1 ph\u00f2ng kh\u00e1ch, 2 ph\u00f2ng ng\u1ee7, 2...\" \/>\n<meta property=\"og:url\" content=\"https:\/\/vananland.com\/the-global-city\/san-pham\/thue-can-ho-2-phong-ngu-dien-tich-768-m2-gia-chi-tu-23-trieu-thang\/\" \/>\n<meta property=\"og:site_name\" content=\"The Global City\" \/>\n<meta property=\"article:modified_time\" content=\"2026-03-21T10:25:08+00:00\" \/>\n<meta property=\"og:image\" content=\"https:\/\/vananland.com\/the-global-city\/wp-content\/uploads\/2023\/04\/Phong-khach-can-ho-2-phong-ngu-Central-3-1-1170x785-min.jpg\" \/>\n\t<meta property=\"og:image:width\" content=\"1170\" \/>\n\t<meta property=\"og:image:height\" content=\"785\" \/>\n\t<meta property=\"og:image:type\" content=\"image\/jpeg\" \/>\n<meta name=\"twitter:card\" content=\"summary_large_image\" \/>\n<meta name=\"twitter:label1\" content=\"\u01af\u1edbc t\u00ednh th\u1eddi gian \u0111\u1ecdc\" \/>\n\t<meta name=\"twitter:data1\" content=\"1 ph\u00fat\" \/>\n<script type=\"application\/ld+json\" class=\"yoast-schema-graph\">{\"@context\":\"https:\/\/schema.org\",\"@graph\":[{\"@type\":\"WebPage\",\"@id\":\"https:\/\/vananland.com\/the-global-city\/san-pham\/thue-can-ho-2-phong-ngu-dien-tich-768-m2-gia-chi-tu-23-trieu-thang\/\",\"url\":\"https:\/\/vananland.com\/the-global-city\/san-pham\/thue-can-ho-2-phong-ngu-dien-tich-768-m2-gia-chi-tu-23-trieu-thang\/\",\"name\":\"Thu\u00ea c\u0103n h\u1ed9 2 ph\u00f2ng ng\u1ee7 di\u1ec7n t\u00edch 76,8 m2 gi\u00e1 ch\u1ec9 t\u1eeb 23 tri\u1ec7u\/th\u00e1ng - The Global City\",\"isPartOf\":{\"@id\":\"https:\/\/vananland.com\/the-global-city\/#website\"},\"primaryImageOfPage\":{\"@id\":\"https:\/\/vananland.com\/the-global-city\/san-pham\/thue-can-ho-2-phong-ngu-dien-tich-768-m2-gia-chi-tu-23-trieu-thang\/#primaryimage\"},\"image\":{\"@id\":\"https:\/\/vananland.com\/the-global-city\/san-pham\/thue-can-ho-2-phong-ngu-dien-tich-768-m2-gia-chi-tu-23-trieu-thang\/#primaryimage\"},\"thumbnailUrl\":\"https:\/\/vananland.com\/the-global-city\/wp-content\/uploads\/2023\/04\/Phong-khach-can-ho-2-phong-ngu-Central-3-1-1170x785-min.jpg\",\"datePublished\":\"2023-04-21T04:53:46+00:00\",\"dateModified\":\"2026-03-21T10:25:08+00:00\",\"breadcrumb\":{\"@id\":\"https:\/\/vananland.com\/the-global-city\/san-pham\/thue-can-ho-2-phong-ngu-dien-tich-768-m2-gia-chi-tu-23-trieu-thang\/#breadcrumb\"},\"inLanguage\":\"vi\",\"potentialAction\":[{\"@type\":\"ReadAction\",\"target\":[\"https:\/\/vananland.com\/the-global-city\/san-pham\/thue-can-ho-2-phong-ngu-dien-tich-768-m2-gia-chi-tu-23-trieu-thang\/\"]}]},{\"@type\":\"ImageObject\",\"inLanguage\":\"vi\",\"@id\":\"https:\/\/vananland.com\/the-global-city\/san-pham\/thue-can-ho-2-phong-ngu-dien-tich-768-m2-gia-chi-tu-23-trieu-thang\/#primaryimage\",\"url\":\"https:\/\/vananland.com\/the-global-city\/wp-content\/uploads\/2023\/04\/Phong-khach-can-ho-2-phong-ngu-Central-3-1-1170x785-min.jpg\",\"contentUrl\":\"https:\/\/vananland.com\/the-global-city\/wp-content\/uploads\/2023\/04\/Phong-khach-can-ho-2-phong-ngu-Central-3-1-1170x785-min.jpg\",\"width\":1170,\"height\":785},{\"@type\":\"BreadcrumbList\",\"@id\":\"https:\/\/vananland.com\/the-global-city\/san-pham\/thue-can-ho-2-phong-ngu-dien-tich-768-m2-gia-chi-tu-23-trieu-thang\/#breadcrumb\",\"itemListElement\":[{\"@type\":\"ListItem\",\"position\":1,\"name\":\"Home\",\"item\":\"https:\/\/vananland.com\/the-global-city\/\"},{\"@type\":\"ListItem\",\"position\":2,\"name\":\"C\u1eeda h\u00e0ng\",\"item\":\"https:\/\/vananland.com\/the-global-city\/mua\/\"},{\"@type\":\"ListItem\",\"position\":3,\"name\":\"Thu\u00ea c\u0103n h\u1ed9 2 ph\u00f2ng ng\u1ee7 di\u1ec7n t\u00edch 76,8 m2 gi\u00e1 ch\u1ec9 t\u1eeb 23 tri\u1ec7u\/th\u00e1ng\"}]},{\"@type\":\"WebSite\",\"@id\":\"https:\/\/vananland.com\/the-global-city\/#website\",\"url\":\"https:\/\/vananland.com\/the-global-city\/\",\"name\":\"The Global City\",\"description\":\"\",\"potentialAction\":[{\"@type\":\"SearchAction\",\"target\":{\"@type\":\"EntryPoint\",\"urlTemplate\":\"https:\/\/vananland.com\/the-global-city\/?s={search_term_string}\"},\"query-input\":{\"@type\":\"PropertyValueSpecification\",\"valueRequired\":true,\"valueName\":\"search_term_string\"}}],\"inLanguage\":\"vi\"}]}<\/script>\n<!-- \/ Yoast SEO plugin. -->","yoast_head_json":{"title":"Thu\u00ea c\u0103n h\u1ed9 2 ph\u00f2ng ng\u1ee7 di\u1ec7n t\u00edch 76,8 m2 gi\u00e1 ch\u1ec9 t\u1eeb 23 tri\u1ec7u\/th\u00e1ng - The Global City","robots":{"index":"index","follow":"follow","max-snippet":"max-snippet:-1","max-image-preview":"max-image-preview:large","max-video-preview":"max-video-preview:-1"},"canonical":"https:\/\/vananland.com\/the-global-city\/san-pham\/thue-can-ho-2-phong-ngu-dien-tich-768-m2-gia-chi-tu-23-trieu-thang\/","og_locale":"vi_VN","og_type":"article","og_title":"Thu\u00ea c\u0103n h\u1ed9 2 ph\u00f2ng ng\u1ee7 di\u1ec7n t\u00edch 76,8 m2 gi\u00e1 ch\u1ec9 t\u1eeb 23 tri\u1ec7u\/th\u00e1ng - The Global City","og_description":"Thu\u00ea c\u0103n h\u1ed9 2 ph\u00f2ng ng\u1ee7 t\u00f2a Central 3, c\u0103n h\u1ed9 t\u1ea7ng th\u1ea5p \u0111\u01b0\u1ee3c trang b\u1ecb n\u1ed9i th\u1ea5t \u0111\u1ea7y \u0111\u1ee7, n\u1eb1m \u1edf khu v\u1ef1c t\u1ea7ng cao, t\u1ea7m view \u0111\u1eb1ng sau tr\u01b0\u1eddng h\u1ecdc li\u00ean c\u1ea5p Vinschool v\u00e0 Landmark 2,3. Gi\u00e1 thu\u00ea: 23 tri\u1ec7u\/th\u00e1ng C\u0103n h\u1ed9 thi\u1ebft k\u1ebf bao g\u1ed3m 1 ph\u00f2ng kh\u00e1ch, 2 ph\u00f2ng ng\u1ee7, 2...","og_url":"https:\/\/vananland.com\/the-global-city\/san-pham\/thue-can-ho-2-phong-ngu-dien-tich-768-m2-gia-chi-tu-23-trieu-thang\/","og_site_name":"The Global City","article_modified_time":"2026-03-21T10:25:08+00:00","og_image":[{"width":1170,"height":785,"url":"https:\/\/vananland.com\/the-global-city\/wp-content\/uploads\/2023\/04\/Phong-khach-can-ho-2-phong-ngu-Central-3-1-1170x785-min.jpg","type":"image\/jpeg"}],"twitter_card":"summary_large_image","twitter_misc":{"\u01af\u1edbc t\u00ednh th\u1eddi gian \u0111\u1ecdc":"1 ph\u00fat"},"schema":{"@context":"https:\/\/schema.org","@graph":[{"@type":"WebPage","@id":"https:\/\/vananland.com\/the-global-city\/san-pham\/thue-can-ho-2-phong-ngu-dien-tich-768-m2-gia-chi-tu-23-trieu-thang\/","url":"https:\/\/vananland.com\/the-global-city\/san-pham\/thue-can-ho-2-phong-ngu-dien-tich-768-m2-gia-chi-tu-23-trieu-thang\/","name":"Thu\u00ea c\u0103n h\u1ed9 2 ph\u00f2ng ng\u1ee7 di\u1ec7n t\u00edch 76,8 m2 gi\u00e1 ch\u1ec9 t\u1eeb 23 tri\u1ec7u\/th\u00e1ng - The Global City","isPartOf":{"@id":"https:\/\/vananland.com\/the-global-city\/#website"},"primaryImageOfPage":{"@id":"https:\/\/vananland.com\/the-global-city\/san-pham\/thue-can-ho-2-phong-ngu-dien-tich-768-m2-gia-chi-tu-23-trieu-thang\/#primaryimage"},"image":{"@id":"https:\/\/vananland.com\/the-global-city\/san-pham\/thue-can-ho-2-phong-ngu-dien-tich-768-m2-gia-chi-tu-23-trieu-thang\/#primaryimage"},"thumbnailUrl":"https:\/\/vananland.com\/the-global-city\/wp-content\/uploads\/2023\/04\/Phong-khach-can-ho-2-phong-ngu-Central-3-1-1170x785-min.jpg","datePublished":"2023-04-21T04:53:46+00:00","dateModified":"2026-03-21T10:25:08+00:00","breadcrumb":{"@id":"https:\/\/vananland.com\/the-global-city\/san-pham\/thue-can-ho-2-phong-ngu-dien-tich-768-m2-gia-chi-tu-23-trieu-thang\/#breadcrumb"},"inLanguage":"vi","potentialAction":[{"@type":"ReadAction","target":["https:\/\/vananland.com\/the-global-city\/san-pham\/thue-can-ho-2-phong-ngu-dien-tich-768-m2-gia-chi-tu-23-trieu-thang\/"]}]},{"@type":"ImageObject","inLanguage":"vi","@id":"https:\/\/vananland.com\/the-global-city\/san-pham\/thue-can-ho-2-phong-ngu-dien-tich-768-m2-gia-chi-tu-23-trieu-thang\/#primaryimage","url":"https:\/\/vananland.com\/the-global-city\/wp-content\/uploads\/2023\/04\/Phong-khach-can-ho-2-phong-ngu-Central-3-1-1170x785-min.jpg","contentUrl":"https:\/\/vananland.com\/the-global-city\/wp-content\/uploads\/2023\/04\/Phong-khach-can-ho-2-phong-ngu-Central-3-1-1170x785-min.jpg","width":1170,"height":785},{"@type":"BreadcrumbList","@id":"https:\/\/vananland.com\/the-global-city\/san-pham\/thue-can-ho-2-phong-ngu-dien-tich-768-m2-gia-chi-tu-23-trieu-thang\/#breadcrumb","itemListElement":[{"@type":"ListItem","position":1,"name":"Home","item":"https:\/\/vananland.com\/the-global-city\/"},{"@type":"ListItem","position":2,"name":"C\u1eeda h\u00e0ng","item":"https:\/\/vananland.com\/the-global-city\/mua\/"},{"@type":"ListItem","position":3,"name":"Thu\u00ea c\u0103n h\u1ed9 2 ph\u00f2ng ng\u1ee7 di\u1ec7n t\u00edch 76,8 m2 gi\u00e1 ch\u1ec9 t\u1eeb 23 tri\u1ec7u\/th\u00e1ng"}]},{"@type":"WebSite","@id":"https:\/\/vananland.com\/the-global-city\/#website","url":"https:\/\/vananland.com\/the-global-city\/","name":"The Global City","description":"","potentialAction":[{"@type":"SearchAction","target":{"@type":"EntryPoint","urlTemplate":"https:\/\/vananland.com\/the-global-city\/?s={search_term_string}"},"query-input":{"@type":"PropertyValueSpecification","valueRequired":true,"valueName":"search_term_string"}}],"inLanguage":"vi"}]}},"_links":{"self":[{"href":"https:\/\/vananland.com\/the-global-city\/wp-json\/wp\/v2\/product\/1253","targetHints":{"allow":["GET"]}}],"collection":[{"href":"https:\/\/vananland.com\/the-global-city\/wp-json\/wp\/v2\/product"}],"about":[{"href":"https:\/\/vananland.com\/the-global-city\/wp-json\/wp\/v2\/types\/product"}],"wp:featuredmedia":[{"embeddable":true,"href":"https:\/\/vananland.com\/the-global-city\/wp-json\/wp\/v2\/media\/1254"}],"wp:attachment":[{"href":"https:\/\/vananland.com\/the-global-city\/wp-json\/wp\/v2\/media?parent=1253"}],"wp:term":[{"taxonomy":"product_brand","embeddable":true,"href":"https:\/\/vananland.com\/the-global-city\/wp-json\/wp\/v2\/product_brand?post=1253"},{"taxonomy":"product_cat","embeddable":true,"href":"https:\/\/vananland.com\/the-global-city\/wp-json\/wp\/v2\/product_cat?post=1253"},{"taxonomy":"product_tag","embeddable":true,"href":"https:\/\/vananland.com\/the-global-city\/wp-json\/wp\/v2\/product_tag?post=1253"}],"curies":[{"name":"wp","href":"https:\/\/api.w.org\/{rel}","templated":true}]}}