{"id":1249,"date":"2023-04-21T11:28:48","date_gmt":"2023-04-21T04:28:48","guid":{"rendered":"https:\/\/vananland.com\/the-global-city\/?post_type=product&#038;p=1249"},"modified":"2026-04-06T09:07:49","modified_gmt":"2026-04-06T02:07:49","slug":"ban-gap-3pn-cosmo-central-the-global-city-view-dep-gia-tot","status":"publish","type":"product","link":"https:\/\/vananland.com\/the-global-city\/san-pham\/ban-gap-3pn-cosmo-central-the-global-city-view-dep-gia-tot\/","title":{"rendered":"B\u00e1n g\u1ea5p 3PN Cosmo Central \u2013 The Global City, view \u0111\u1eb9p, gi\u00e1 t\u1ed1t"},"content":{"rendered":"<p><strong>Th\u00f4ng Tin<\/strong> : A-20.12B<br \/>\n<strong>Di\u1ec7n T\u00edch<\/strong> : 99,2 m2<br \/>\n<strong>Gi\u00e1 B\u00e1n<\/strong> :<\/p>\n<ul>\n<li>Gi\u00e1 ni\u00eam y\u1ebft: ~ 13.955 t\u1ef7 (ch\u01b0a VAT + KPBT)<\/li>\n<li>TT s\u1edbm (CK 14.5%) \u279d ~13.03 t\u1ef7 (t\u1ed1t nh\u1ea5t)<\/li>\n<li>\u00a0TT chu\u1ea9n (CK 7%) \u279d ~14.77 t\u1ef7<\/li>\n<li>Vay 70% \u279d ~15.24 t\u1ef7<\/li>\n<\/ul>\n<p><strong>H\u01b0\u1edbng View:<\/strong><br \/>\nView nh\u1ea1c n\u01b0\u1edbc \u2192 \u0111\u1eb9p &amp; gi\u1eef gi\u00e1 t\u1ed1t nh\u1ea5t \u2022 C\u0103n g\u00f3c 2 view \u2192 hi\u1ebfm, thanh kho\u1ea3n cao \u2022 H\u01b0\u1edbng Li\u00ean Ph\u01b0\u1eddng \u2192 h\u01b0\u1edfng l\u1ee3i h\u1ea1 t\u1ea7ng \u2022 Trung t\u00e2m \u2192 d\u1ec5 b\u00e1n, d\u1ec5 cho thu\u00ea, c\u1ea1nh ga metro s\u1ed1 5<\/p>\n","protected":false},"excerpt":{"rendered":"<p>Th\u00f4ng Tin : A-20.12B Di\u1ec7n T\u00edch : 99,2 m2 Gi\u00e1 B\u00e1n : Gi\u00e1 ni\u00eam y\u1ebft: ~ 13.955 t\u1ef7 (ch\u01b0a VAT + KPBT) TT s\u1edbm (CK 14.5%) \u279d ~13.03 t\u1ef7 (t\u1ed1t nh\u1ea5t) \u00a0TT chu\u1ea9n (CK 7%) \u279d ~14.77 t\u1ef7 Vay 70% \u279d ~15.24 t\u1ef7 H\u01b0\u1edbng View: View nh\u1ea1c n\u01b0\u1edbc \u2192 \u0111\u1eb9p &amp; gi\u1eef gi\u00e1 t\u1ed1t nh\u1ea5t&#8230;<\/p>\n","protected":false},"featured_media":2304,"template":"","meta":[],"product_brand":[],"product_cat":[26,57,58,59],"product_tag":[],"class_list":{"0":"post-1249","1":"product","2":"type-product","3":"status-publish","4":"has-post-thumbnail","6":"product_cat-ban-can-ho-1-phong-ngu-the-global-city","7":"product_cat-ban-can-ho-2-phong-ngu-the-global-city","8":"product_cat-ban-can-ho-3-phong-ngu-the-global-city","9":"product_cat-ban-can-ho-4-phong-ngu-the-global-city","11":"first","12":"instock","13":"sale","14":"shipping-taxable","15":"purchasable","16":"product-type-simple"},"yoast_head":"<!-- This site is optimized with the Yoast SEO plugin v27.2 - https:\/\/yoast.com\/product\/yoast-seo-wordpress\/ -->\n<title>B\u00e1n g\u1ea5p 3PN Cosmo Central \u2013 The Global City, view \u0111\u1eb9p, gi\u00e1 t\u1ed1t<\/title>\n<meta name=\"description\" content=\"B\u00e1n c\u0103n h\u1ed9 3PN Cosmo Central \u2013 The Global City, thi\u1ebft k\u1ebf hi\u1ec7n \u0111\u1ea1i, ti\u1ec7n \u00edch cao c\u1ea5p, v\u1ecb tr\u00ed trung t\u00e2m TP. Th\u1ee7 \u0110\u1ee9c, ph\u00f9 h\u1ee3p an c\u01b0 v\u00e0 \u0111\u1ea7u t\u01b0.\" \/>\n<meta name=\"robots\" content=\"index, follow, max-snippet:-1, max-image-preview:large, max-video-preview:-1\" \/>\n<link rel=\"canonical\" href=\"https:\/\/vananland.com\/the-global-city\/san-pham\/ban-gap-3pn-cosmo-central-the-global-city-view-dep-gia-tot\/\" \/>\n<meta property=\"og:locale\" content=\"vi_VN\" \/>\n<meta property=\"og:type\" content=\"article\" \/>\n<meta property=\"og:title\" content=\"B\u00e1n g\u1ea5p 3PN Cosmo Central \u2013 The Global City, view \u0111\u1eb9p, gi\u00e1 t\u1ed1t\" \/>\n<meta property=\"og:description\" content=\"B\u00e1n c\u0103n h\u1ed9 3PN Cosmo Central \u2013 The Global City, thi\u1ebft k\u1ebf hi\u1ec7n \u0111\u1ea1i, ti\u1ec7n \u00edch cao c\u1ea5p, v\u1ecb tr\u00ed trung t\u00e2m TP. Th\u1ee7 \u0110\u1ee9c, ph\u00f9 h\u1ee3p an c\u01b0 v\u00e0 \u0111\u1ea7u t\u01b0.\" \/>\n<meta property=\"og:url\" content=\"https:\/\/vananland.com\/the-global-city\/san-pham\/ban-gap-3pn-cosmo-central-the-global-city-view-dep-gia-tot\/\" \/>\n<meta property=\"og:site_name\" content=\"The Global City\" \/>\n<meta property=\"article:modified_time\" content=\"2026-04-06T02:07:49+00:00\" \/>\n<meta property=\"og:image\" content=\"https:\/\/vananland.com\/the-global-city\/wp-content\/uploads\/2026\/03\/csbh.jpg\" \/>\n\t<meta property=\"og:image:width\" content=\"1336\" \/>\n\t<meta property=\"og:image:height\" content=\"800\" \/>\n\t<meta property=\"og:image:type\" content=\"image\/jpeg\" \/>\n<meta name=\"twitter:card\" content=\"summary_large_image\" \/>\n<meta name=\"twitter:label1\" content=\"\u01af\u1edbc t\u00ednh th\u1eddi gian \u0111\u1ecdc\" \/>\n\t<meta name=\"twitter:data1\" content=\"1 ph\u00fat\" \/>\n<script type=\"application\/ld+json\" class=\"yoast-schema-graph\">{\"@context\":\"https:\/\/schema.org\",\"@graph\":[{\"@type\":\"WebPage\",\"@id\":\"https:\/\/vananland.com\/the-global-city\/san-pham\/ban-gap-3pn-cosmo-central-the-global-city-view-dep-gia-tot\/\",\"url\":\"https:\/\/vananland.com\/the-global-city\/san-pham\/ban-gap-3pn-cosmo-central-the-global-city-view-dep-gia-tot\/\",\"name\":\"B\u00e1n g\u1ea5p 3PN Cosmo Central \u2013 The Global City, view \u0111\u1eb9p, gi\u00e1 t\u1ed1t\",\"isPartOf\":{\"@id\":\"https:\/\/vananland.com\/the-global-city\/#website\"},\"primaryImageOfPage\":{\"@id\":\"https:\/\/vananland.com\/the-global-city\/san-pham\/ban-gap-3pn-cosmo-central-the-global-city-view-dep-gia-tot\/#primaryimage\"},\"image\":{\"@id\":\"https:\/\/vananland.com\/the-global-city\/san-pham\/ban-gap-3pn-cosmo-central-the-global-city-view-dep-gia-tot\/#primaryimage\"},\"thumbnailUrl\":\"https:\/\/vananland.com\/the-global-city\/wp-content\/uploads\/2026\/03\/csbh.jpg\",\"datePublished\":\"2023-04-21T04:28:48+00:00\",\"dateModified\":\"2026-04-06T02:07:49+00:00\",\"description\":\"B\u00e1n c\u0103n h\u1ed9 3PN Cosmo Central \u2013 The Global City, thi\u1ebft k\u1ebf hi\u1ec7n \u0111\u1ea1i, ti\u1ec7n \u00edch cao c\u1ea5p, v\u1ecb tr\u00ed trung t\u00e2m TP. Th\u1ee7 \u0110\u1ee9c, ph\u00f9 h\u1ee3p an c\u01b0 v\u00e0 \u0111\u1ea7u t\u01b0.\",\"breadcrumb\":{\"@id\":\"https:\/\/vananland.com\/the-global-city\/san-pham\/ban-gap-3pn-cosmo-central-the-global-city-view-dep-gia-tot\/#breadcrumb\"},\"inLanguage\":\"vi\",\"potentialAction\":[{\"@type\":\"ReadAction\",\"target\":[\"https:\/\/vananland.com\/the-global-city\/san-pham\/ban-gap-3pn-cosmo-central-the-global-city-view-dep-gia-tot\/\"]}]},{\"@type\":\"ImageObject\",\"inLanguage\":\"vi\",\"@id\":\"https:\/\/vananland.com\/the-global-city\/san-pham\/ban-gap-3pn-cosmo-central-the-global-city-view-dep-gia-tot\/#primaryimage\",\"url\":\"https:\/\/vananland.com\/the-global-city\/wp-content\/uploads\/2026\/03\/csbh.jpg\",\"contentUrl\":\"https:\/\/vananland.com\/the-global-city\/wp-content\/uploads\/2026\/03\/csbh.jpg\",\"width\":1336,\"height\":800},{\"@type\":\"BreadcrumbList\",\"@id\":\"https:\/\/vananland.com\/the-global-city\/san-pham\/ban-gap-3pn-cosmo-central-the-global-city-view-dep-gia-tot\/#breadcrumb\",\"itemListElement\":[{\"@type\":\"ListItem\",\"position\":1,\"name\":\"Home\",\"item\":\"https:\/\/vananland.com\/the-global-city\/\"},{\"@type\":\"ListItem\",\"position\":2,\"name\":\"C\u1eeda h\u00e0ng\",\"item\":\"https:\/\/vananland.com\/the-global-city\/mua\/\"},{\"@type\":\"ListItem\",\"position\":3,\"name\":\"B\u00e1n g\u1ea5p 3PN Cosmo Central \u2013 The Global City, view \u0111\u1eb9p, gi\u00e1 t\u1ed1t\"}]},{\"@type\":\"WebSite\",\"@id\":\"https:\/\/vananland.com\/the-global-city\/#website\",\"url\":\"https:\/\/vananland.com\/the-global-city\/\",\"name\":\"The Global City\",\"description\":\"\",\"potentialAction\":[{\"@type\":\"SearchAction\",\"target\":{\"@type\":\"EntryPoint\",\"urlTemplate\":\"https:\/\/vananland.com\/the-global-city\/?s={search_term_string}\"},\"query-input\":{\"@type\":\"PropertyValueSpecification\",\"valueRequired\":true,\"valueName\":\"search_term_string\"}}],\"inLanguage\":\"vi\"}]}<\/script>\n<!-- \/ Yoast SEO plugin. -->","yoast_head_json":{"title":"B\u00e1n g\u1ea5p 3PN Cosmo Central \u2013 The Global City, view \u0111\u1eb9p, gi\u00e1 t\u1ed1t","description":"B\u00e1n c\u0103n h\u1ed9 3PN Cosmo Central \u2013 The Global City, thi\u1ebft k\u1ebf hi\u1ec7n \u0111\u1ea1i, ti\u1ec7n \u00edch cao c\u1ea5p, v\u1ecb tr\u00ed trung t\u00e2m TP. Th\u1ee7 \u0110\u1ee9c, ph\u00f9 h\u1ee3p an c\u01b0 v\u00e0 \u0111\u1ea7u t\u01b0.","robots":{"index":"index","follow":"follow","max-snippet":"max-snippet:-1","max-image-preview":"max-image-preview:large","max-video-preview":"max-video-preview:-1"},"canonical":"https:\/\/vananland.com\/the-global-city\/san-pham\/ban-gap-3pn-cosmo-central-the-global-city-view-dep-gia-tot\/","og_locale":"vi_VN","og_type":"article","og_title":"B\u00e1n g\u1ea5p 3PN Cosmo Central \u2013 The Global City, view \u0111\u1eb9p, gi\u00e1 t\u1ed1t","og_description":"B\u00e1n c\u0103n h\u1ed9 3PN Cosmo Central \u2013 The Global City, thi\u1ebft k\u1ebf hi\u1ec7n \u0111\u1ea1i, ti\u1ec7n \u00edch cao c\u1ea5p, v\u1ecb tr\u00ed trung t\u00e2m TP. Th\u1ee7 \u0110\u1ee9c, ph\u00f9 h\u1ee3p an c\u01b0 v\u00e0 \u0111\u1ea7u t\u01b0.","og_url":"https:\/\/vananland.com\/the-global-city\/san-pham\/ban-gap-3pn-cosmo-central-the-global-city-view-dep-gia-tot\/","og_site_name":"The Global City","article_modified_time":"2026-04-06T02:07:49+00:00","og_image":[{"width":1336,"height":800,"url":"https:\/\/vananland.com\/the-global-city\/wp-content\/uploads\/2026\/03\/csbh.jpg","type":"image\/jpeg"}],"twitter_card":"summary_large_image","twitter_misc":{"\u01af\u1edbc t\u00ednh th\u1eddi gian \u0111\u1ecdc":"1 ph\u00fat"},"schema":{"@context":"https:\/\/schema.org","@graph":[{"@type":"WebPage","@id":"https:\/\/vananland.com\/the-global-city\/san-pham\/ban-gap-3pn-cosmo-central-the-global-city-view-dep-gia-tot\/","url":"https:\/\/vananland.com\/the-global-city\/san-pham\/ban-gap-3pn-cosmo-central-the-global-city-view-dep-gia-tot\/","name":"B\u00e1n g\u1ea5p 3PN Cosmo Central \u2013 The Global City, view \u0111\u1eb9p, gi\u00e1 t\u1ed1t","isPartOf":{"@id":"https:\/\/vananland.com\/the-global-city\/#website"},"primaryImageOfPage":{"@id":"https:\/\/vananland.com\/the-global-city\/san-pham\/ban-gap-3pn-cosmo-central-the-global-city-view-dep-gia-tot\/#primaryimage"},"image":{"@id":"https:\/\/vananland.com\/the-global-city\/san-pham\/ban-gap-3pn-cosmo-central-the-global-city-view-dep-gia-tot\/#primaryimage"},"thumbnailUrl":"https:\/\/vananland.com\/the-global-city\/wp-content\/uploads\/2026\/03\/csbh.jpg","datePublished":"2023-04-21T04:28:48+00:00","dateModified":"2026-04-06T02:07:49+00:00","description":"B\u00e1n c\u0103n h\u1ed9 3PN Cosmo Central \u2013 The Global City, thi\u1ebft k\u1ebf hi\u1ec7n \u0111\u1ea1i, ti\u1ec7n \u00edch cao c\u1ea5p, v\u1ecb tr\u00ed trung t\u00e2m TP. Th\u1ee7 \u0110\u1ee9c, ph\u00f9 h\u1ee3p an c\u01b0 v\u00e0 \u0111\u1ea7u t\u01b0.","breadcrumb":{"@id":"https:\/\/vananland.com\/the-global-city\/san-pham\/ban-gap-3pn-cosmo-central-the-global-city-view-dep-gia-tot\/#breadcrumb"},"inLanguage":"vi","potentialAction":[{"@type":"ReadAction","target":["https:\/\/vananland.com\/the-global-city\/san-pham\/ban-gap-3pn-cosmo-central-the-global-city-view-dep-gia-tot\/"]}]},{"@type":"ImageObject","inLanguage":"vi","@id":"https:\/\/vananland.com\/the-global-city\/san-pham\/ban-gap-3pn-cosmo-central-the-global-city-view-dep-gia-tot\/#primaryimage","url":"https:\/\/vananland.com\/the-global-city\/wp-content\/uploads\/2026\/03\/csbh.jpg","contentUrl":"https:\/\/vananland.com\/the-global-city\/wp-content\/uploads\/2026\/03\/csbh.jpg","width":1336,"height":800},{"@type":"BreadcrumbList","@id":"https:\/\/vananland.com\/the-global-city\/san-pham\/ban-gap-3pn-cosmo-central-the-global-city-view-dep-gia-tot\/#breadcrumb","itemListElement":[{"@type":"ListItem","position":1,"name":"Home","item":"https:\/\/vananland.com\/the-global-city\/"},{"@type":"ListItem","position":2,"name":"C\u1eeda h\u00e0ng","item":"https:\/\/vananland.com\/the-global-city\/mua\/"},{"@type":"ListItem","position":3,"name":"B\u00e1n g\u1ea5p 3PN Cosmo Central \u2013 The Global City, view \u0111\u1eb9p, gi\u00e1 t\u1ed1t"}]},{"@type":"WebSite","@id":"https:\/\/vananland.com\/the-global-city\/#website","url":"https:\/\/vananland.com\/the-global-city\/","name":"The Global City","description":"","potentialAction":[{"@type":"SearchAction","target":{"@type":"EntryPoint","urlTemplate":"https:\/\/vananland.com\/the-global-city\/?s={search_term_string}"},"query-input":{"@type":"PropertyValueSpecification","valueRequired":true,"valueName":"search_term_string"}}],"inLanguage":"vi"}]}},"_links":{"self":[{"href":"https:\/\/vananland.com\/the-global-city\/wp-json\/wp\/v2\/product\/1249","targetHints":{"allow":["GET"]}}],"collection":[{"href":"https:\/\/vananland.com\/the-global-city\/wp-json\/wp\/v2\/product"}],"about":[{"href":"https:\/\/vananland.com\/the-global-city\/wp-json\/wp\/v2\/types\/product"}],"wp:featuredmedia":[{"embeddable":true,"href":"https:\/\/vananland.com\/the-global-city\/wp-json\/wp\/v2\/media\/2304"}],"wp:attachment":[{"href":"https:\/\/vananland.com\/the-global-city\/wp-json\/wp\/v2\/media?parent=1249"}],"wp:term":[{"taxonomy":"product_brand","embeddable":true,"href":"https:\/\/vananland.com\/the-global-city\/wp-json\/wp\/v2\/product_brand?post=1249"},{"taxonomy":"product_cat","embeddable":true,"href":"https:\/\/vananland.com\/the-global-city\/wp-json\/wp\/v2\/product_cat?post=1249"},{"taxonomy":"product_tag","embeddable":true,"href":"https:\/\/vananland.com\/the-global-city\/wp-json\/wp\/v2\/product_tag?post=1249"}],"curies":[{"name":"wp","href":"https:\/\/api.w.org\/{rel}","templated":true}]}}