{"id":1239,"date":"2023-04-21T11:21:07","date_gmt":"2023-04-21T04:21:07","guid":{"rendered":"https:\/\/vananland.com\/the-global-city\/?post_type=product&#038;p=1239"},"modified":"2026-03-21T17:22:46","modified_gmt":"2026-03-21T10:22:46","slug":"ban-can-ho-2-phong-ngu-dien-tich-82-m2-tang-thap-thiet-ke-tinh-te","status":"publish","type":"product","link":"https:\/\/vananland.com\/the-global-city\/san-pham\/ban-can-ho-2-phong-ngu-dien-tich-82-m2-tang-thap-thiet-ke-tinh-te\/","title":{"rendered":"B\u00e1n c\u0103n h\u1ed9 2 ph\u00f2ng ng\u1ee7 di\u1ec7n t\u00edch 82 m2 t\u1ea7ng th\u1ea5p, thi\u1ebft k\u1ebf tinh t\u1ebf"},"content":{"rendered":"<p>B\u00e1n c\u0103n h\u1ed9 2 ph\u00f2ng ng\u1ee7 \u1edf t\u00f2a Landmark 4, c\u0103n h\u1ed9 t\u1ea7ng th\u1ea5p \u0111\u01b0\u1ee3c trang b\u1ecb n\u1ed9i th\u1ea5t tinh t\u1ebf.<\/p>\n<p>Gi\u00e1 b\u00e1n: 5 t\u1ef7 3<\/p>\n<p>C\u0103n h\u1ed9 thi\u1ebft k\u1ebf bao g\u1ed3m 1 ph\u00f2ng kh\u00e1ch, 2 ph\u00f2ng ng\u1ee7, 2 ph\u00f2ng v\u1ec7 sinh, gian b\u1ebfp v\u00e0 logia.<\/p>\n<p>Di\u1ec7n t\u00edch tin t\u01b0\u1eddng: 82 m2<\/p>\n<p>Di\u1ec7n t\u00edch th\u00f4ng th\u1ee7y: 75,6 m2<\/p>\n<p>N\u1ed9i th\u1ea5t b\u00e0n giao: Full n\u1ed9i th\u1ea5t.<\/p>\n<p>H\u1ed7 tr\u1ee3 xem nh\u00e0 24\/7<\/p>\n<p>Tr\u1edf th\u00e0nh ch\u1ee7 nh\u00e2n danh gi\u00e1 t\u1ea1i khu d\u00e2n c\u01b0 \u0111\u00e1ng s\u1ed1ng b\u1eadc nh\u1ea5t TP.HCM ngay h\u00f4m nay v\u1edbi gi\u00e1 b\u00e1n t\u1ed1t nh\u1ea5t!<\/p>\n","protected":false},"excerpt":{"rendered":"<p>B\u00e1n c\u0103n h\u1ed9 2 ph\u00f2ng ng\u1ee7 \u1edf t\u00f2a Landmark 4, c\u0103n h\u1ed9 t\u1ea7ng th\u1ea5p \u0111\u01b0\u1ee3c trang b\u1ecb n\u1ed9i th\u1ea5t tinh t\u1ebf. Gi\u00e1 b\u00e1n: 5 t\u1ef7 3 C\u0103n h\u1ed9 thi\u1ebft k\u1ebf bao g\u1ed3m 1 ph\u00f2ng kh\u00e1ch, 2 ph\u00f2ng ng\u1ee7, 2 ph\u00f2ng v\u1ec7 sinh, gian b\u1ebfp v\u00e0 logia. Di\u1ec7n t\u00edch tin t\u01b0\u1eddng: 82 m2 Di\u1ec7n t\u00edch th\u00f4ng&#8230;<\/p>\n","protected":false},"featured_media":1240,"template":"","meta":[],"product_brand":[],"product_cat":[26,57,58,59],"product_tag":[],"class_list":{"0":"post-1239","1":"product","2":"type-product","3":"status-publish","4":"has-post-thumbnail","6":"product_cat-ban-can-ho-1-phong-ngu-the-global-city","7":"product_cat-ban-can-ho-2-phong-ngu-the-global-city","8":"product_cat-ban-can-ho-3-phong-ngu-the-global-city","9":"product_cat-ban-can-ho-4-phong-ngu-the-global-city","11":"first","12":"instock","13":"shipping-taxable","14":"purchasable","15":"product-type-simple"},"yoast_head":"<!-- This site is optimized with the Yoast SEO plugin v27.2 - https:\/\/yoast.com\/product\/yoast-seo-wordpress\/ -->\n<title>B\u00e1n c\u0103n h\u1ed9 2 ph\u00f2ng ng\u1ee7 di\u1ec7n t\u00edch 82 m2 t\u1ea7ng th\u1ea5p, thi\u1ebft k\u1ebf tinh t\u1ebf - The Global City<\/title>\n<meta name=\"robots\" content=\"index, follow, max-snippet:-1, max-image-preview:large, max-video-preview:-1\" \/>\n<link rel=\"canonical\" href=\"https:\/\/vananland.com\/the-global-city\/san-pham\/ban-can-ho-2-phong-ngu-dien-tich-82-m2-tang-thap-thiet-ke-tinh-te\/\" \/>\n<meta property=\"og:locale\" content=\"vi_VN\" \/>\n<meta property=\"og:type\" content=\"article\" \/>\n<meta property=\"og:title\" content=\"B\u00e1n c\u0103n h\u1ed9 2 ph\u00f2ng ng\u1ee7 di\u1ec7n t\u00edch 82 m2 t\u1ea7ng th\u1ea5p, thi\u1ebft k\u1ebf tinh t\u1ebf - The Global City\" \/>\n<meta property=\"og:description\" content=\"B\u00e1n c\u0103n h\u1ed9 2 ph\u00f2ng ng\u1ee7 \u1edf t\u00f2a Landmark 4, c\u0103n h\u1ed9 t\u1ea7ng th\u1ea5p \u0111\u01b0\u1ee3c trang b\u1ecb n\u1ed9i th\u1ea5t tinh t\u1ebf. Gi\u00e1 b\u00e1n: 5 t\u1ef7 3 C\u0103n h\u1ed9 thi\u1ebft k\u1ebf bao g\u1ed3m 1 ph\u00f2ng kh\u00e1ch, 2 ph\u00f2ng ng\u1ee7, 2 ph\u00f2ng v\u1ec7 sinh, gian b\u1ebfp v\u00e0 logia. Di\u1ec7n t\u00edch tin t\u01b0\u1eddng: 82 m2 Di\u1ec7n t\u00edch th\u00f4ng...\" \/>\n<meta property=\"og:url\" content=\"https:\/\/vananland.com\/the-global-city\/san-pham\/ban-can-ho-2-phong-ngu-dien-tich-82-m2-tang-thap-thiet-ke-tinh-te\/\" \/>\n<meta property=\"og:site_name\" content=\"The Global City\" \/>\n<meta property=\"article:modified_time\" content=\"2026-03-21T10:22:46+00:00\" \/>\n<meta property=\"og:image\" content=\"https:\/\/vananland.com\/the-global-city\/wp-content\/uploads\/2023\/04\/Phong-khach-can-ho-2PN-Landmark-4-Vinhomes-1170x785-min.jpg\" \/>\n\t<meta property=\"og:image:width\" content=\"1170\" \/>\n\t<meta property=\"og:image:height\" content=\"785\" \/>\n\t<meta property=\"og:image:type\" content=\"image\/jpeg\" \/>\n<meta name=\"twitter:card\" content=\"summary_large_image\" \/>\n<meta name=\"twitter:label1\" content=\"\u01af\u1edbc t\u00ednh th\u1eddi gian \u0111\u1ecdc\" \/>\n\t<meta name=\"twitter:data1\" content=\"1 ph\u00fat\" \/>\n<script type=\"application\/ld+json\" class=\"yoast-schema-graph\">{\"@context\":\"https:\/\/schema.org\",\"@graph\":[{\"@type\":\"WebPage\",\"@id\":\"https:\/\/vananland.com\/the-global-city\/san-pham\/ban-can-ho-2-phong-ngu-dien-tich-82-m2-tang-thap-thiet-ke-tinh-te\/\",\"url\":\"https:\/\/vananland.com\/the-global-city\/san-pham\/ban-can-ho-2-phong-ngu-dien-tich-82-m2-tang-thap-thiet-ke-tinh-te\/\",\"name\":\"B\u00e1n c\u0103n h\u1ed9 2 ph\u00f2ng ng\u1ee7 di\u1ec7n t\u00edch 82 m2 t\u1ea7ng th\u1ea5p, thi\u1ebft k\u1ebf tinh t\u1ebf - The Global City\",\"isPartOf\":{\"@id\":\"https:\/\/vananland.com\/the-global-city\/#website\"},\"primaryImageOfPage\":{\"@id\":\"https:\/\/vananland.com\/the-global-city\/san-pham\/ban-can-ho-2-phong-ngu-dien-tich-82-m2-tang-thap-thiet-ke-tinh-te\/#primaryimage\"},\"image\":{\"@id\":\"https:\/\/vananland.com\/the-global-city\/san-pham\/ban-can-ho-2-phong-ngu-dien-tich-82-m2-tang-thap-thiet-ke-tinh-te\/#primaryimage\"},\"thumbnailUrl\":\"https:\/\/vananland.com\/the-global-city\/wp-content\/uploads\/2023\/04\/Phong-khach-can-ho-2PN-Landmark-4-Vinhomes-1170x785-min.jpg\",\"datePublished\":\"2023-04-21T04:21:07+00:00\",\"dateModified\":\"2026-03-21T10:22:46+00:00\",\"breadcrumb\":{\"@id\":\"https:\/\/vananland.com\/the-global-city\/san-pham\/ban-can-ho-2-phong-ngu-dien-tich-82-m2-tang-thap-thiet-ke-tinh-te\/#breadcrumb\"},\"inLanguage\":\"vi\",\"potentialAction\":[{\"@type\":\"ReadAction\",\"target\":[\"https:\/\/vananland.com\/the-global-city\/san-pham\/ban-can-ho-2-phong-ngu-dien-tich-82-m2-tang-thap-thiet-ke-tinh-te\/\"]}]},{\"@type\":\"ImageObject\",\"inLanguage\":\"vi\",\"@id\":\"https:\/\/vananland.com\/the-global-city\/san-pham\/ban-can-ho-2-phong-ngu-dien-tich-82-m2-tang-thap-thiet-ke-tinh-te\/#primaryimage\",\"url\":\"https:\/\/vananland.com\/the-global-city\/wp-content\/uploads\/2023\/04\/Phong-khach-can-ho-2PN-Landmark-4-Vinhomes-1170x785-min.jpg\",\"contentUrl\":\"https:\/\/vananland.com\/the-global-city\/wp-content\/uploads\/2023\/04\/Phong-khach-can-ho-2PN-Landmark-4-Vinhomes-1170x785-min.jpg\",\"width\":1170,\"height\":785},{\"@type\":\"BreadcrumbList\",\"@id\":\"https:\/\/vananland.com\/the-global-city\/san-pham\/ban-can-ho-2-phong-ngu-dien-tich-82-m2-tang-thap-thiet-ke-tinh-te\/#breadcrumb\",\"itemListElement\":[{\"@type\":\"ListItem\",\"position\":1,\"name\":\"Home\",\"item\":\"https:\/\/vananland.com\/the-global-city\/\"},{\"@type\":\"ListItem\",\"position\":2,\"name\":\"C\u1eeda h\u00e0ng\",\"item\":\"https:\/\/vananland.com\/the-global-city\/mua\/\"},{\"@type\":\"ListItem\",\"position\":3,\"name\":\"B\u00e1n c\u0103n h\u1ed9 2 ph\u00f2ng ng\u1ee7 di\u1ec7n t\u00edch 82 m2 t\u1ea7ng th\u1ea5p, thi\u1ebft k\u1ebf tinh t\u1ebf\"}]},{\"@type\":\"WebSite\",\"@id\":\"https:\/\/vananland.com\/the-global-city\/#website\",\"url\":\"https:\/\/vananland.com\/the-global-city\/\",\"name\":\"The Global City\",\"description\":\"\",\"potentialAction\":[{\"@type\":\"SearchAction\",\"target\":{\"@type\":\"EntryPoint\",\"urlTemplate\":\"https:\/\/vananland.com\/the-global-city\/?s={search_term_string}\"},\"query-input\":{\"@type\":\"PropertyValueSpecification\",\"valueRequired\":true,\"valueName\":\"search_term_string\"}}],\"inLanguage\":\"vi\"}]}<\/script>\n<!-- \/ Yoast SEO plugin. -->","yoast_head_json":{"title":"B\u00e1n c\u0103n h\u1ed9 2 ph\u00f2ng ng\u1ee7 di\u1ec7n t\u00edch 82 m2 t\u1ea7ng th\u1ea5p, thi\u1ebft k\u1ebf tinh t\u1ebf - The Global City","robots":{"index":"index","follow":"follow","max-snippet":"max-snippet:-1","max-image-preview":"max-image-preview:large","max-video-preview":"max-video-preview:-1"},"canonical":"https:\/\/vananland.com\/the-global-city\/san-pham\/ban-can-ho-2-phong-ngu-dien-tich-82-m2-tang-thap-thiet-ke-tinh-te\/","og_locale":"vi_VN","og_type":"article","og_title":"B\u00e1n c\u0103n h\u1ed9 2 ph\u00f2ng ng\u1ee7 di\u1ec7n t\u00edch 82 m2 t\u1ea7ng th\u1ea5p, thi\u1ebft k\u1ebf tinh t\u1ebf - The Global City","og_description":"B\u00e1n c\u0103n h\u1ed9 2 ph\u00f2ng ng\u1ee7 \u1edf t\u00f2a Landmark 4, c\u0103n h\u1ed9 t\u1ea7ng th\u1ea5p \u0111\u01b0\u1ee3c trang b\u1ecb n\u1ed9i th\u1ea5t tinh t\u1ebf. Gi\u00e1 b\u00e1n: 5 t\u1ef7 3 C\u0103n h\u1ed9 thi\u1ebft k\u1ebf bao g\u1ed3m 1 ph\u00f2ng kh\u00e1ch, 2 ph\u00f2ng ng\u1ee7, 2 ph\u00f2ng v\u1ec7 sinh, gian b\u1ebfp v\u00e0 logia. Di\u1ec7n t\u00edch tin t\u01b0\u1eddng: 82 m2 Di\u1ec7n t\u00edch th\u00f4ng...","og_url":"https:\/\/vananland.com\/the-global-city\/san-pham\/ban-can-ho-2-phong-ngu-dien-tich-82-m2-tang-thap-thiet-ke-tinh-te\/","og_site_name":"The Global City","article_modified_time":"2026-03-21T10:22:46+00:00","og_image":[{"width":1170,"height":785,"url":"https:\/\/vananland.com\/the-global-city\/wp-content\/uploads\/2023\/04\/Phong-khach-can-ho-2PN-Landmark-4-Vinhomes-1170x785-min.jpg","type":"image\/jpeg"}],"twitter_card":"summary_large_image","twitter_misc":{"\u01af\u1edbc t\u00ednh th\u1eddi gian \u0111\u1ecdc":"1 ph\u00fat"},"schema":{"@context":"https:\/\/schema.org","@graph":[{"@type":"WebPage","@id":"https:\/\/vananland.com\/the-global-city\/san-pham\/ban-can-ho-2-phong-ngu-dien-tich-82-m2-tang-thap-thiet-ke-tinh-te\/","url":"https:\/\/vananland.com\/the-global-city\/san-pham\/ban-can-ho-2-phong-ngu-dien-tich-82-m2-tang-thap-thiet-ke-tinh-te\/","name":"B\u00e1n c\u0103n h\u1ed9 2 ph\u00f2ng ng\u1ee7 di\u1ec7n t\u00edch 82 m2 t\u1ea7ng th\u1ea5p, thi\u1ebft k\u1ebf tinh t\u1ebf - The Global City","isPartOf":{"@id":"https:\/\/vananland.com\/the-global-city\/#website"},"primaryImageOfPage":{"@id":"https:\/\/vananland.com\/the-global-city\/san-pham\/ban-can-ho-2-phong-ngu-dien-tich-82-m2-tang-thap-thiet-ke-tinh-te\/#primaryimage"},"image":{"@id":"https:\/\/vananland.com\/the-global-city\/san-pham\/ban-can-ho-2-phong-ngu-dien-tich-82-m2-tang-thap-thiet-ke-tinh-te\/#primaryimage"},"thumbnailUrl":"https:\/\/vananland.com\/the-global-city\/wp-content\/uploads\/2023\/04\/Phong-khach-can-ho-2PN-Landmark-4-Vinhomes-1170x785-min.jpg","datePublished":"2023-04-21T04:21:07+00:00","dateModified":"2026-03-21T10:22:46+00:00","breadcrumb":{"@id":"https:\/\/vananland.com\/the-global-city\/san-pham\/ban-can-ho-2-phong-ngu-dien-tich-82-m2-tang-thap-thiet-ke-tinh-te\/#breadcrumb"},"inLanguage":"vi","potentialAction":[{"@type":"ReadAction","target":["https:\/\/vananland.com\/the-global-city\/san-pham\/ban-can-ho-2-phong-ngu-dien-tich-82-m2-tang-thap-thiet-ke-tinh-te\/"]}]},{"@type":"ImageObject","inLanguage":"vi","@id":"https:\/\/vananland.com\/the-global-city\/san-pham\/ban-can-ho-2-phong-ngu-dien-tich-82-m2-tang-thap-thiet-ke-tinh-te\/#primaryimage","url":"https:\/\/vananland.com\/the-global-city\/wp-content\/uploads\/2023\/04\/Phong-khach-can-ho-2PN-Landmark-4-Vinhomes-1170x785-min.jpg","contentUrl":"https:\/\/vananland.com\/the-global-city\/wp-content\/uploads\/2023\/04\/Phong-khach-can-ho-2PN-Landmark-4-Vinhomes-1170x785-min.jpg","width":1170,"height":785},{"@type":"BreadcrumbList","@id":"https:\/\/vananland.com\/the-global-city\/san-pham\/ban-can-ho-2-phong-ngu-dien-tich-82-m2-tang-thap-thiet-ke-tinh-te\/#breadcrumb","itemListElement":[{"@type":"ListItem","position":1,"name":"Home","item":"https:\/\/vananland.com\/the-global-city\/"},{"@type":"ListItem","position":2,"name":"C\u1eeda h\u00e0ng","item":"https:\/\/vananland.com\/the-global-city\/mua\/"},{"@type":"ListItem","position":3,"name":"B\u00e1n c\u0103n h\u1ed9 2 ph\u00f2ng ng\u1ee7 di\u1ec7n t\u00edch 82 m2 t\u1ea7ng th\u1ea5p, thi\u1ebft k\u1ebf tinh t\u1ebf"}]},{"@type":"WebSite","@id":"https:\/\/vananland.com\/the-global-city\/#website","url":"https:\/\/vananland.com\/the-global-city\/","name":"The Global City","description":"","potentialAction":[{"@type":"SearchAction","target":{"@type":"EntryPoint","urlTemplate":"https:\/\/vananland.com\/the-global-city\/?s={search_term_string}"},"query-input":{"@type":"PropertyValueSpecification","valueRequired":true,"valueName":"search_term_string"}}],"inLanguage":"vi"}]}},"_links":{"self":[{"href":"https:\/\/vananland.com\/the-global-city\/wp-json\/wp\/v2\/product\/1239","targetHints":{"allow":["GET"]}}],"collection":[{"href":"https:\/\/vananland.com\/the-global-city\/wp-json\/wp\/v2\/product"}],"about":[{"href":"https:\/\/vananland.com\/the-global-city\/wp-json\/wp\/v2\/types\/product"}],"wp:featuredmedia":[{"embeddable":true,"href":"https:\/\/vananland.com\/the-global-city\/wp-json\/wp\/v2\/media\/1240"}],"wp:attachment":[{"href":"https:\/\/vananland.com\/the-global-city\/wp-json\/wp\/v2\/media?parent=1239"}],"wp:term":[{"taxonomy":"product_brand","embeddable":true,"href":"https:\/\/vananland.com\/the-global-city\/wp-json\/wp\/v2\/product_brand?post=1239"},{"taxonomy":"product_cat","embeddable":true,"href":"https:\/\/vananland.com\/the-global-city\/wp-json\/wp\/v2\/product_cat?post=1239"},{"taxonomy":"product_tag","embeddable":true,"href":"https:\/\/vananland.com\/the-global-city\/wp-json\/wp\/v2\/product_tag?post=1239"}],"curies":[{"name":"wp","href":"https:\/\/api.w.org\/{rel}","templated":true}]}}