{"id":1518,"date":"2026-03-21T14:32:00","date_gmt":"2026-03-21T07:32:00","guid":{"rendered":"https:\/\/vananland.com\/the-global-city\/?page_id=1518"},"modified":"2026-03-23T08:42:29","modified_gmt":"2026-03-23T01:42:29","slug":"phan-khu","status":"publish","type":"page","link":"https:\/\/vananland.com\/the-global-city\/phan-khu\/","title":{"rendered":"Ph\u00e2n khu"},"content":{"rendered":"  <div id=\"page-header-423981341\" class=\"page-header-wrapper\">\n  <div class=\"page-title lienket light simple-title\">\n\n        <div class=\"page-title-bg\">\n      <div class=\"title-bg fill bg-fill\"\n        data-parallax-container=\".page-title\"\n        data-parallax-background\n        data-parallax=\"-\">\n      <\/div>\n      <div class=\"title-overlay fill\"><\/div>\n    <\/div>\n    \n    <div class=\"page-title-inner container align-center flex-row medium-flex-wrap row-reverse\" >\n            <div class=\"title-content flex-col flex-left text-left medium-text-center\">\n        <div class=\"title-breadcrumbs pb-half pt-half\"><nav class=\"woocommerce-breadcrumb breadcrumbs uppercase\">Trang ch\u1ee7<\/nav><\/div>      <\/div>\n    <\/div>\n\n     \n<style>\n#page-header-423981341 .page-title-inner {\n  min-height: 60px;\n}\n#page-header-423981341 .title-overlay {\n  background-color: rgba(0, 0, 0, 0);\n}\n#page-header-423981341 {\n  background-color: rgba(242, 242, 242, 0.5);\n}\n<\/style>\n  <\/div>\n    <\/div>\n  \n\t<section class=\"section\" id=\"section_774034870\">\n\t\t<div class=\"bg section-bg fill bg-fill bg-loaded bg-loaded\" >\n\n\t\t\t\n\t\t\t\n\t\t\t\n\n\t\t<\/div>\n\n\t\t\n\n\t\t<div class=\"section-content relative\">\n\t\t\t\n<div class=\"row\"  id=\"row-2019641050\">\n\n\t<div id=\"col-1734488840\" class=\"col pd-b0 small-12 large-12\"  >\n\t\t\t\t<div class=\"col-inner\"  >\n\t\t\t\n\t\t\t\n\t<div id=\"text-571374505\" class=\"text\">\n\t\t\n<h1>C\u00e1c ph\u00e2n khu d\u1ef1 \u00e1n The Global City<\/h1>\n\t\t\n<style>\n#text-571374505 {\n  font-size: 1.5rem;\n  text-align: center;\n  color: #a88543;\n}\n#text-571374505 > * {\n  color: #a88543;\n}\n<\/style>\n\t<\/div>\n\t\n\t\t<\/div>\n\t\t\t\t\n<style>\n#col-1734488840 > .col-inner {\n  padding: 0px 0px 10px 0px;\n}\n<\/style>\n\t<\/div>\n\n\t\n<\/div>\n<div class=\"row\"  id=\"row-562726315\">\n\n\t<div id=\"col-1150567620\" class=\"col small-12 large-12\"  >\n\t\t\t\t<div class=\"col-inner\" style=\"background-color:rgb(233, 241, 234);\" >\n\t\t\t\n\t\t\t\n<div class=\"row row-collapse\"  id=\"row-74328720\">\n\n\t<div id=\"col-686039456\" class=\"col medium-6 small-12 large-6\"  >\n\t\t\t\t<div class=\"col-inner\"  >\n\t\t\t\n\t\t\t\n\n  <div class=\"banner has-hover bg-zoom\" id=\"banner-1461182779\">\n          <div class=\"banner-inner fill\">\n        <div class=\"banner-bg fill\" >\n            <div class=\"bg fill bg-fill bg-loaded\"><\/div>\n                                    \n                    <\/div>\n\t\t\n        <div class=\"banner-layers container\">\n            <a class=\"fill\" href=\"\/the-global-city\/phan-khu-sola\/\"  ><div class=\"fill banner-link\"><\/div><\/a>            \n        <\/div>\n      <\/div>\n\n            \n<style>\n#banner-1461182779 {\n  padding-top: 200px;\n}\n#banner-1461182779 .bg.bg-loaded {\n  background-image: url(https:\/\/vananland.com\/the-global-city\/wp-content\/uploads\/2026\/03\/TGC-Sola-scaled-1.webp);\n}\n#banner-1461182779 .ux-shape-divider--top svg {\n  height: 150px;\n  --divider-top-width: 100%;\n}\n#banner-1461182779 .ux-shape-divider--bottom svg {\n  height: 150px;\n  --divider-width: 100%;\n}\n@media (min-width:550px) {\n  #banner-1461182779 {\n    padding-top: 330px;\n  }\n}\n<\/style>\n  <\/div>\n\n\n\t\t<\/div>\n\t\t\t\t\t<\/div>\n\n\t\n\n\t<div id=\"col-795018480\" class=\"col col-h100 medium-6 small-12 large-6\"  >\n\t\t\t\t<div class=\"col-inner\"  >\n\t\t\t\n\t\t\t\n\t<div id=\"text-2795535548\" class=\"text title-mb10\">\n\t\t\n<h2>Sola &#8211; \u0110\u1ea3o \u00c1nh D\u01b0\u01a1ng<\/h2>\n\t\t\n<style>\n#text-2795535548 {\n  font-size: 1.1rem;\n}\n@media (min-width:550px) {\n  #text-2795535548 {\n    font-size: 1rem;\n  }\n}\n<\/style>\n\t<\/div>\n\t\n\t<div id=\"text-1741840361\" class=\"text\">\n\t\t\n<ul>\n<li>T\u1ed5ng s\u1ea3n ph\u1ea9m : ~426c\u0103n<\/li>\n<li>Bi\u1ec7t th\u1ef1 song l\u1eadp, bi\u1ec7t th\u1ef1 \u0111\u01a1n l\u1eadp, Nh\u00e0 li\u00ean k\u1ec1<\/li>\n<li>Di\u1ec7n t\u00edch \u0111\u1ea5t: ~110m\u00b2 &#8211; 600m\u00b2<\/li>\n<li>Gi\u00e1 t\u1eeb: 45 t\u1ef7\/<\/li>\n<li>B\u00e0n giao d\u1ef1 ki\u1ebfn: Qu\u00fd 4\/ 2026<\/li>\n<\/ul>\n\t\t\n<style>\n#text-1741840361 {\n  line-height: 1.3;\n}\n<\/style>\n\t<\/div>\n\t\n<a href=\"\/the-global-city\/phan-khu-sola\/\" target=\"_self\" class=\"button primary lowercase btn-m0\"  >\n    <span>Xem chi ti\u1ebft<\/span>\n  <i class=\"icon-angle-right\" ><\/i><\/a>\n\n\t\t<\/div>\n\t\t\t\t\n<style>\n#col-795018480 > .col-inner {\n  padding: 20px 15px 20px 15px;\n}\n@media (min-width:550px) {\n  #col-795018480 > .col-inner {\n    padding: 30px 20px 20px 20px;\n  }\n}\n@media (min-width:850px) {\n  #col-795018480 > .col-inner {\n    padding: 30px 30px 20px 30px;\n  }\n}\n<\/style>\n\t<\/div>\n\n\t\n<\/div>\n\t\t<\/div>\n\t\t\t\t\t<\/div>\n\n\t\n\n\t<div id=\"col-1681803550\" class=\"col small-12 large-12\"  >\n\t\t\t\t<div class=\"col-inner\" style=\"background-color:rgb(233, 241, 234);\" >\n\t\t\t\n\t\t\t\n<div class=\"row row-collapse\"  id=\"row-1114367526\">\n\n\t<div id=\"col-513227544\" class=\"col medium-6 small-12 large-6\"  >\n\t\t\t\t<div class=\"col-inner\"  >\n\t\t\t\n\t\t\t\n\n  <div class=\"banner has-hover bg-zoom\" id=\"banner-1299217128\">\n          <div class=\"banner-inner fill\">\n        <div class=\"banner-bg fill\" >\n            <div class=\"bg fill bg-fill bg-loaded\"><\/div>\n                                    \n                    <\/div>\n\t\t\n        <div class=\"banner-layers container\">\n            <a class=\"fill\" href=\"\/the-global-city\/phan-khu-soho\/\"  ><div class=\"fill banner-link\"><\/div><\/a>            \n        <\/div>\n      <\/div>\n\n            \n<style>\n#banner-1299217128 {\n  padding-top: 200px;\n}\n#banner-1299217128 .bg.bg-loaded {\n  background-image: url(https:\/\/vananland.com\/the-global-city\/wp-content\/uploads\/2026\/03\/nha-pho-lien-ke-goc-soho.jpg);\n}\n#banner-1299217128 .ux-shape-divider--top svg {\n  height: 150px;\n  --divider-top-width: 100%;\n}\n#banner-1299217128 .ux-shape-divider--bottom svg {\n  height: 150px;\n  --divider-width: 100%;\n}\n@media (min-width:550px) {\n  #banner-1299217128 {\n    padding-top: 330px;\n  }\n}\n<\/style>\n  <\/div>\n\n\n\t\t<\/div>\n\t\t\t\t\t<\/div>\n\n\t\n\n\t<div id=\"col-798681929\" class=\"col col-h100 medium-6 small-12 large-6\"  >\n\t\t\t\t<div class=\"col-inner\"  >\n\t\t\t\n\t\t\t\n\t<div id=\"text-3877085741\" class=\"text title-mb10\">\n\t\t\n<h2>Soho &#8211; Nh\u00e0 ph\u1ed1 th\u01b0\u01a1ng m\u1ea1i<\/h2>\n\t\t\n<style>\n#text-3877085741 {\n  font-size: 1.1rem;\n}\n@media (min-width:550px) {\n  #text-3877085741 {\n    font-size: 1rem;\n  }\n}\n<\/style>\n\t<\/div>\n\t\n\t<div id=\"text-62263819\" class=\"text\">\n\t\t\n<ul>\n<li>T\u1ed5ng s\u1ea3n ph\u1ea9m : ~915 c\u0103n<\/li>\n<li>Nh\u00e0 li\u1ec1n k\u1ec1 1 m\u1eb7t ti\u1ec1n &amp; 2 m\u1eb7t<\/li>\n<li>Di\u1ec7n t\u00edch \u0111\u1ea5t: ~92m\u00b2 &#8211; 141m\u00b2<\/li>\n<li>Gi\u00e1 t\u1eeb: 36 t\u1ef7\/<\/li>\n<li>\u0110\u00e3 b\u00e0n giao t\u1eeb 2023 &#8211; 2024<\/li>\n<\/ul>\n\t\t\n<style>\n#text-62263819 {\n  line-height: 1.3;\n}\n<\/style>\n\t<\/div>\n\t\n<a href=\"\/the-global-city\/phan-khu-soho\/\" target=\"_self\" class=\"button primary lowercase btn-m0\"  >\n    <span>Xem chi ti\u1ebft<\/span>\n  <i class=\"icon-angle-right\" ><\/i><\/a>\n\n\t\t<\/div>\n\t\t\t\t\n<style>\n#col-798681929 > .col-inner {\n  padding: 20px 15px 20px 15px;\n}\n@media (min-width:550px) {\n  #col-798681929 > .col-inner {\n    padding: 30px 20px 20px 20px;\n  }\n}\n@media (min-width:850px) {\n  #col-798681929 > .col-inner {\n    padding: 30px 30px 20px 30px;\n  }\n}\n<\/style>\n\t<\/div>\n\n\t\n<\/div>\n\t\t<\/div>\n\t\t\t\t\t<\/div>\n\n\t\n\n\t<div id=\"col-211204537\" class=\"col small-12 large-12\"  >\n\t\t\t\t<div class=\"col-inner\" style=\"background-color:rgb(233, 241, 234);\" >\n\t\t\t\n\t\t\t\n<div class=\"row row-collapse\"  id=\"row-505937010\">\n\n\t<div id=\"col-2125627198\" class=\"col medium-6 small-12 large-6\"  >\n\t\t\t\t<div class=\"col-inner\"  >\n\t\t\t\n\t\t\t\n\n  <div class=\"banner has-hover bg-zoom\" id=\"banner-936357104\">\n          <div class=\"banner-inner fill\">\n        <div class=\"banner-bg fill\" >\n            <div class=\"bg fill bg-fill bg-loaded\"><\/div>\n                                    \n                    <\/div>\n\t\t\n        <div class=\"banner-layers container\">\n            <a class=\"fill\" href=\"\/the-global-city\/masteri-cosmo-central\/\"  ><div class=\"fill banner-link\"><\/div><\/a>            \n        <\/div>\n      <\/div>\n\n            \n<style>\n#banner-936357104 {\n  padding-top: 200px;\n}\n#banner-936357104 .bg.bg-loaded {\n  background-image: url(https:\/\/vananland.com\/the-global-city\/wp-content\/uploads\/2026\/03\/Masteri-cosmo-central.webp);\n}\n#banner-936357104 .ux-shape-divider--top svg {\n  height: 150px;\n  --divider-top-width: 100%;\n}\n#banner-936357104 .ux-shape-divider--bottom svg {\n  height: 150px;\n  --divider-width: 100%;\n}\n@media (min-width:550px) {\n  #banner-936357104 {\n    padding-top: 330px;\n  }\n}\n<\/style>\n  <\/div>\n\n\n\t\t<\/div>\n\t\t\t\t\t<\/div>\n\n\t\n\n\t<div id=\"col-514356448\" class=\"col col-h100 medium-6 small-12 large-6\"  >\n\t\t\t\t<div class=\"col-inner\"  >\n\t\t\t\n\t\t\t\n\t<div id=\"text-603608772\" class=\"text title-mb10\">\n\t\t\n<h2>Masteri Cosmo Central<\/h2>\n\t\t\n<style>\n#text-603608772 {\n  font-size: 1.1rem;\n}\n@media (min-width:550px) {\n  #text-603608772 {\n    font-size: 1rem;\n  }\n}\n<\/style>\n\t<\/div>\n\t\n\t<div id=\"text-34038507\" class=\"text\">\n\t\t\n<ul>\n<li>T\u1ed5ng s\u1ea3n ph\u1ea9m : ~1700 c\u0103n<\/li>\n<li>Lo\u1ea1i c\u0103n: 1 &#8211; 4 ph\u00f2ng ng\u1ee7, Duplex, Penthouse<\/li>\n<li>Di\u1ec7n t\u00edch: ~48m\u00b2 &#8211; 140m\u00b2<\/li>\n<li>\u0110\u01a1n gi\u00e1 t\u1eeb: ~ 125 tri\u1ec7u\/m\u00b2<\/li>\n<li>B\u00e0n giao d\u1ef1 ki\u1ebfn: Qu\u00fd 3\/ 2028<\/li>\n<\/ul>\n\t\t\n<style>\n#text-34038507 {\n  line-height: 1.3;\n}\n<\/style>\n\t<\/div>\n\t\n<a href=\"\/the-global-city\/masteri-cosmo-central\/\" target=\"_self\" class=\"button primary lowercase btn-m0\"  >\n    <span>Xem chi ti\u1ebft<\/span>\n  <i class=\"icon-angle-right\" ><\/i><\/a>\n\n\t\t<\/div>\n\t\t\t\t\n<style>\n#col-514356448 > .col-inner {\n  padding: 20px 15px 20px 15px;\n}\n@media (min-width:550px) {\n  #col-514356448 > .col-inner {\n    padding: 30px 20px 20px 20px;\n  }\n}\n@media (min-width:850px) {\n  #col-514356448 > .col-inner {\n    padding: 30px 30px 20px 30px;\n  }\n}\n<\/style>\n\t<\/div>\n\n\t\n<\/div>\n\t\t<\/div>\n\t\t\t\t\t<\/div>\n\n\t\n\n\t<div id=\"col-387661381\" class=\"col small-12 large-12\"  >\n\t\t\t\t<div class=\"col-inner\" style=\"background-color:rgb(233, 241, 234);\" >\n\t\t\t\n\t\t\t\n<div class=\"row row-collapse\"  id=\"row-1645541443\">\n\n\t<div id=\"col-747958618\" class=\"col medium-6 small-12 large-6\"  >\n\t\t\t\t<div class=\"col-inner\"  >\n\t\t\t\n\t\t\t\n\n  <div class=\"banner has-hover bg-zoom\" id=\"banner-1454817697\">\n          <div class=\"banner-inner fill\">\n        <div class=\"banner-bg fill\" >\n            <div class=\"bg fill bg-fill bg-loaded\"><\/div>\n                                    \n                    <\/div>\n\t\t\n        <div class=\"banner-layers container\">\n            <a class=\"fill\" href=\"\/the-global-city\/masteri-park-place\/\"  ><div class=\"fill banner-link\"><\/div><\/a>            \n        <\/div>\n      <\/div>\n\n            \n<style>\n#banner-1454817697 {\n  padding-top: 200px;\n}\n#banner-1454817697 .bg.bg-loaded {\n  background-image: url(https:\/\/vananland.com\/the-global-city\/wp-content\/uploads\/2026\/03\/Masteri-Park-Place.jpg);\n}\n#banner-1454817697 .ux-shape-divider--top svg {\n  height: 150px;\n  --divider-top-width: 100%;\n}\n#banner-1454817697 .ux-shape-divider--bottom svg {\n  height: 150px;\n  --divider-width: 100%;\n}\n@media (min-width:550px) {\n  #banner-1454817697 {\n    padding-top: 330px;\n  }\n}\n<\/style>\n  <\/div>\n\n\n\t\t<\/div>\n\t\t\t\t\t<\/div>\n\n\t\n\n\t<div id=\"col-118641238\" class=\"col col-h100 medium-6 small-12 large-6\"  >\n\t\t\t\t<div class=\"col-inner\"  >\n\t\t\t\n\t\t\t\n\t<div id=\"text-262250888\" class=\"text title-mb10\">\n\t\t\n<h2>Masteri Park Place<\/h2>\n\t\t\n<style>\n#text-262250888 {\n  font-size: 1.1rem;\n}\n@media (min-width:550px) {\n  #text-262250888 {\n    font-size: 1rem;\n  }\n}\n<\/style>\n\t<\/div>\n\t\n\t<div id=\"text-1321834346\" class=\"text\">\n\t\t\n<ul>\n<li>T\u1ed5ng s\u1ea3n ph\u1ea9m : ~1728 c\u0103n<\/li>\n<li>Lo\u1ea1i c\u0103n: 1 &#8211; 4 ph\u00f2ng ng\u1ee7, Duplex, Penthouse<\/li>\n<li>Di\u1ec7n t\u00edch: ~55m\u00b2 &#8211; 197m\u00b2<\/li>\n<li>\u0110\u01a1n gi\u00e1 t\u1eeb: ~ 120 tri\u1ec7u\/m\u00b2<\/li>\n<li>B\u00e0n giao d\u1ef1 ki\u1ebfn: Qu\u00fd 1\/ 2028<\/li>\n<\/ul>\n\t\t\n<style>\n#text-1321834346 {\n  line-height: 1.3;\n}\n<\/style>\n\t<\/div>\n\t\n<a href=\"\/the-global-city\/masteri-park-place\/\" target=\"_self\" class=\"button primary lowercase btn-m0\"  >\n    <span>Xem chi ti\u1ebft<\/span>\n  <i class=\"icon-angle-right\" ><\/i><\/a>\n\n\t\t<\/div>\n\t\t\t\t\n<style>\n#col-118641238 > .col-inner {\n  padding: 20px 15px 20px 15px;\n}\n@media (min-width:550px) {\n  #col-118641238 > .col-inner {\n    padding: 30px 20px 20px 20px;\n  }\n}\n@media (min-width:850px) {\n  #col-118641238 > .col-inner {\n    padding: 30px 30px 20px 30px;\n  }\n}\n<\/style>\n\t<\/div>\n\n\t\n<\/div>\n\t\t<\/div>\n\t\t\t\t\t<\/div>\n\n\t\n\n\t<div id=\"col-1355078391\" class=\"col small-12 large-12\"  >\n\t\t\t\t<div class=\"col-inner\" style=\"background-color:rgb(233, 241, 234);\" >\n\t\t\t\n\t\t\t\n<div class=\"row row-collapse\"  id=\"row-1517807444\">\n\n\t<div id=\"col-1404874618\" class=\"col medium-6 small-12 large-6\"  >\n\t\t\t\t<div class=\"col-inner\"  >\n\t\t\t\n\t\t\t\n\n  <div class=\"banner has-hover bg-zoom\" id=\"banner-781878613\">\n          <div class=\"banner-inner fill\">\n        <div class=\"banner-bg fill\" >\n            <div class=\"bg fill bg-fill bg-loaded\"><\/div>\n                                    \n                    <\/div>\n\t\t\n        <div class=\"banner-layers container\">\n            <a class=\"fill\" href=\"\/the-global-city\/lumiere-midtown\/\"  ><div class=\"fill banner-link\"><\/div><\/a>            \n        <\/div>\n      <\/div>\n\n            \n<style>\n#banner-781878613 {\n  padding-top: 200px;\n}\n#banner-781878613 .bg.bg-loaded {\n  background-image: url(https:\/\/vananland.com\/the-global-city\/wp-content\/uploads\/2026\/03\/Lumiere-midtownf.jpg);\n}\n#banner-781878613 .ux-shape-divider--top svg {\n  height: 150px;\n  --divider-top-width: 100%;\n}\n#banner-781878613 .ux-shape-divider--bottom svg {\n  height: 150px;\n  --divider-width: 100%;\n}\n@media (min-width:550px) {\n  #banner-781878613 {\n    padding-top: 330px;\n  }\n}\n<\/style>\n  <\/div>\n\n\n\t\t<\/div>\n\t\t\t\t\t<\/div>\n\n\t\n\n\t<div id=\"col-319014435\" class=\"col col-h100 medium-6 small-12 large-6\"  >\n\t\t\t\t<div class=\"col-inner\"  >\n\t\t\t\n\t\t\t\n\t<div id=\"text-3142841048\" class=\"text title-mb10\">\n\t\t\n<h2>Lumiere Midtown<\/h2>\n\t\t\n<style>\n#text-3142841048 {\n  font-size: 1.1rem;\n}\n@media (min-width:550px) {\n  #text-3142841048 {\n    font-size: 1rem;\n  }\n}\n<\/style>\n\t<\/div>\n\t\n\t<div id=\"text-1495971412\" class=\"text\">\n\t\t\n<ul>\n<li>T\u1ed5ng s\u1ea3n ph\u1ea9m : ~803c\u0103n<\/li>\n<li>Lo\u1ea1i c\u0103n: 1 &#8211; 4 ph\u00f2ng ng\u1ee7, Duplex, Penthouse<\/li>\n<li>Di\u1ec7n t\u00edch: ~48m\u00b2 &#8211; 258m\u00b2<\/li>\n<li>\u0110\u01a1n gi\u00e1 t\u1eeb: ~ 140 tri\u1ec7u\/m\u00b2<\/li>\n<li>B\u00e0n giao d\u1ef1 ki\u1ebfn: Qu\u00fd 3\/ 2027<\/li>\n<\/ul>\n\t\t\n<style>\n#text-1495971412 {\n  line-height: 1.3;\n}\n<\/style>\n\t<\/div>\n\t\n<a href=\"\/the-global-city\/lumiere-midtown\/\" target=\"_self\" class=\"button primary lowercase btn-m0\"  >\n    <span>Xem chi ti\u1ebft<\/span>\n  <i class=\"icon-angle-right\" ><\/i><\/a>\n\n\t\t<\/div>\n\t\t\t\t\n<style>\n#col-319014435 > .col-inner {\n  padding: 20px 15px 20px 15px;\n}\n@media (min-width:550px) {\n  #col-319014435 > .col-inner {\n    padding: 30px 20px 20px 20px;\n  }\n}\n@media (min-width:850px) {\n  #col-319014435 > .col-inner {\n    padding: 30px 30px 20px 30px;\n  }\n}\n<\/style>\n\t<\/div>\n\n\t\n<\/div>\n\t\t<\/div>\n\t\t\t\t\t<\/div>\n\n\t\n\n\t<div id=\"col-1574395839\" class=\"col small-12 large-12\"  >\n\t\t\t\t<div class=\"col-inner\" style=\"background-color:rgb(233, 241, 234);\" >\n\t\t\t\n\t\t\t\n<div class=\"row row-collapse\"  id=\"row-2104650091\">\n\n\t<div id=\"col-580376902\" class=\"col medium-6 small-12 large-6\"  >\n\t\t\t\t<div class=\"col-inner\"  >\n\t\t\t\n\t\t\t\n\n  <div class=\"banner has-hover bg-zoom\" id=\"banner-756445165\">\n          <div class=\"banner-inner fill\">\n        <div class=\"banner-bg fill\" >\n            <div class=\"bg fill bg-fill bg-loaded\"><\/div>\n                                    \n                    <\/div>\n\t\t\n        <div class=\"banner-layers container\">\n            <a class=\"fill\" href=\"\/the-global-city\/masteri-grand-view\/\"  ><div class=\"fill banner-link\"><\/div><\/a>            \n        <\/div>\n      <\/div>\n\n            \n<style>\n#banner-756445165 {\n  padding-top: 200px;\n}\n#banner-756445165 .bg.bg-loaded {\n  background-image: url(https:\/\/vananland.com\/the-global-city\/wp-content\/uploads\/2026\/03\/Masteri-grand-view-banner.webp);\n}\n#banner-756445165 .ux-shape-divider--top svg {\n  height: 150px;\n  --divider-top-width: 100%;\n}\n#banner-756445165 .ux-shape-divider--bottom svg {\n  height: 150px;\n  --divider-width: 100%;\n}\n@media (min-width:550px) {\n  #banner-756445165 {\n    padding-top: 330px;\n  }\n}\n<\/style>\n  <\/div>\n\n\n\t\t<\/div>\n\t\t\t\t\t<\/div>\n\n\t\n\n\t<div id=\"col-1553040596\" class=\"col col-h100 medium-6 small-12 large-6\"  >\n\t\t\t\t<div class=\"col-inner\"  >\n\t\t\t\n\t\t\t\n\t<div id=\"text-3883058624\" class=\"text title-mb10\">\n\t\t\n<h2>Masteri Grand View<\/h2>\n\t\t\n<style>\n#text-3883058624 {\n  font-size: 1.1rem;\n}\n@media (min-width:550px) {\n  #text-3883058624 {\n    font-size: 1rem;\n  }\n}\n<\/style>\n\t<\/div>\n\t\n\t<div id=\"text-724447647\" class=\"text\">\n\t\t\n<ul>\n<li>T\u1ed5ng s\u1ea3n ph\u1ea9m : ~616c\u0103n<\/li>\n<li>Lo\u1ea1i c\u0103n: 1 &#8211; 4 ph\u00f2ng ng\u1ee7, Duplex, Penthouse<\/li>\n<li>Di\u1ec7n t\u00edch: ~56.56m\u00b2 &#8211; 372.2m\u00b2<\/li>\n<li>\u0110\u01a1n gi\u00e1 t\u1eeb: ~ 113 tri\u1ec7u\/m\u00b2<\/li>\n<li>B\u00e0n giao d\u1ef1 ki\u1ebfn: Qu\u00fd 3\/ 2026<\/li>\n<\/ul>\n\t\t\n<style>\n#text-724447647 {\n  line-height: 1.3;\n}\n<\/style>\n\t<\/div>\n\t\n<a href=\"\/the-global-city\/masteri-grand-view\/\" target=\"_self\" class=\"button primary lowercase btn-m0\"  >\n    <span>Xem chi ti\u1ebft<\/span>\n  <i class=\"icon-angle-right\" ><\/i><\/a>\n\n\t\t<\/div>\n\t\t\t\t\n<style>\n#col-1553040596 > .col-inner {\n  padding: 20px 15px 20px 15px;\n}\n@media (min-width:550px) {\n  #col-1553040596 > .col-inner {\n    padding: 30px 20px 20px 20px;\n  }\n}\n@media (min-width:850px) {\n  #col-1553040596 > .col-inner {\n    padding: 30px 30px 20px 30px;\n  }\n}\n<\/style>\n\t<\/div>\n\n\t\n<\/div>\n\t\t<\/div>\n\t\t\t\t\t<\/div>\n\n\t\n<\/div>\n\t\t<\/div>\n\n\t\t\n<style>\n#section_774034870 {\n  padding-top: 30px;\n  padding-bottom: 30px;\n}\n#section_774034870 .ux-shape-divider--top svg {\n  height: 150px;\n  --divider-top-width: 100%;\n}\n#section_774034870 .ux-shape-divider--bottom svg {\n  height: 150px;\n  --divider-width: 100%;\n}\n<\/style>\n\t<\/section>\n\t\n","protected":false},"excerpt":{"rendered":"","protected":false},"author":3,"featured_media":0,"parent":0,"menu_order":0,"comment_status":"closed","ping_status":"closed","template":"page-blank.php","meta":{"footnotes":""},"class_list":["post-1518","page","type-page","status-publish","hentry"],"yoast_head":"<!-- This site is optimized with the Yoast SEO plugin v27.2 - https:\/\/yoast.com\/product\/yoast-seo-wordpress\/ -->\n<title>Ph\u00e2n khu - The Global City<\/title>\n<meta name=\"robots\" content=\"index, follow, max-snippet:-1, max-image-preview:large, max-video-preview:-1\" \/>\n<link rel=\"canonical\" href=\"https:\/\/vananland.com\/the-global-city\/phan-khu\/\" \/>\n<meta property=\"og:locale\" content=\"vi_VN\" \/>\n<meta property=\"og:type\" content=\"article\" \/>\n<meta property=\"og:title\" content=\"Ph\u00e2n khu - The Global City\" \/>\n<meta property=\"og:url\" content=\"https:\/\/vananland.com\/the-global-city\/phan-khu\/\" \/>\n<meta property=\"og:site_name\" content=\"The Global City\" \/>\n<meta property=\"article:modified_time\" content=\"2026-03-23T01:42:29+00:00\" \/>\n<meta name=\"twitter:card\" content=\"summary_large_image\" \/>\n<meta name=\"twitter:label1\" content=\"\u01af\u1edbc t\u00ednh th\u1eddi gian \u0111\u1ecdc\" \/>\n\t<meta name=\"twitter:data1\" content=\"4 ph\u00fat\" \/>\n<script type=\"application\/ld+json\" class=\"yoast-schema-graph\">{\"@context\":\"https:\/\/schema.org\",\"@graph\":[{\"@type\":\"WebPage\",\"@id\":\"https:\/\/vananland.com\/the-global-city\/phan-khu\/\",\"url\":\"https:\/\/vananland.com\/the-global-city\/phan-khu\/\",\"name\":\"Ph\u00e2n khu - The Global City\",\"isPartOf\":{\"@id\":\"https:\/\/vananland.com\/the-global-city\/#website\"},\"datePublished\":\"2026-03-21T07:32:00+00:00\",\"dateModified\":\"2026-03-23T01:42:29+00:00\",\"breadcrumb\":{\"@id\":\"https:\/\/vananland.com\/the-global-city\/phan-khu\/#breadcrumb\"},\"inLanguage\":\"vi\",\"potentialAction\":[{\"@type\":\"ReadAction\",\"target\":[\"https:\/\/vananland.com\/the-global-city\/phan-khu\/\"]}]},{\"@type\":\"BreadcrumbList\",\"@id\":\"https:\/\/vananland.com\/the-global-city\/phan-khu\/#breadcrumb\",\"itemListElement\":[{\"@type\":\"ListItem\",\"position\":1,\"name\":\"Home\",\"item\":\"https:\/\/vananland.com\/the-global-city\/\"},{\"@type\":\"ListItem\",\"position\":2,\"name\":\"Ph\u00e2n khu\"}]},{\"@type\":\"WebSite\",\"@id\":\"https:\/\/vananland.com\/the-global-city\/#website\",\"url\":\"https:\/\/vananland.com\/the-global-city\/\",\"name\":\"The Global City\",\"description\":\"\",\"potentialAction\":[{\"@type\":\"SearchAction\",\"target\":{\"@type\":\"EntryPoint\",\"urlTemplate\":\"https:\/\/vananland.com\/the-global-city\/?s={search_term_string}\"},\"query-input\":{\"@type\":\"PropertyValueSpecification\",\"valueRequired\":true,\"valueName\":\"search_term_string\"}}],\"inLanguage\":\"vi\"}]}<\/script>\n<!-- \/ Yoast SEO plugin. -->","yoast_head_json":{"title":"Ph\u00e2n khu - The Global City","robots":{"index":"index","follow":"follow","max-snippet":"max-snippet:-1","max-image-preview":"max-image-preview:large","max-video-preview":"max-video-preview:-1"},"canonical":"https:\/\/vananland.com\/the-global-city\/phan-khu\/","og_locale":"vi_VN","og_type":"article","og_title":"Ph\u00e2n khu - The Global City","og_url":"https:\/\/vananland.com\/the-global-city\/phan-khu\/","og_site_name":"The Global City","article_modified_time":"2026-03-23T01:42:29+00:00","twitter_card":"summary_large_image","twitter_misc":{"\u01af\u1edbc t\u00ednh th\u1eddi gian \u0111\u1ecdc":"4 ph\u00fat"},"schema":{"@context":"https:\/\/schema.org","@graph":[{"@type":"WebPage","@id":"https:\/\/vananland.com\/the-global-city\/phan-khu\/","url":"https:\/\/vananland.com\/the-global-city\/phan-khu\/","name":"Ph\u00e2n khu - The Global City","isPartOf":{"@id":"https:\/\/vananland.com\/the-global-city\/#website"},"datePublished":"2026-03-21T07:32:00+00:00","dateModified":"2026-03-23T01:42:29+00:00","breadcrumb":{"@id":"https:\/\/vananland.com\/the-global-city\/phan-khu\/#breadcrumb"},"inLanguage":"vi","potentialAction":[{"@type":"ReadAction","target":["https:\/\/vananland.com\/the-global-city\/phan-khu\/"]}]},{"@type":"BreadcrumbList","@id":"https:\/\/vananland.com\/the-global-city\/phan-khu\/#breadcrumb","itemListElement":[{"@type":"ListItem","position":1,"name":"Home","item":"https:\/\/vananland.com\/the-global-city\/"},{"@type":"ListItem","position":2,"name":"Ph\u00e2n khu"}]},{"@type":"WebSite","@id":"https:\/\/vananland.com\/the-global-city\/#website","url":"https:\/\/vananland.com\/the-global-city\/","name":"The Global City","description":"","potentialAction":[{"@type":"SearchAction","target":{"@type":"EntryPoint","urlTemplate":"https:\/\/vananland.com\/the-global-city\/?s={search_term_string}"},"query-input":{"@type":"PropertyValueSpecification","valueRequired":true,"valueName":"search_term_string"}}],"inLanguage":"vi"}]}},"_links":{"self":[{"href":"https:\/\/vananland.com\/the-global-city\/wp-json\/wp\/v2\/pages\/1518","targetHints":{"allow":["GET"]}}],"collection":[{"href":"https:\/\/vananland.com\/the-global-city\/wp-json\/wp\/v2\/pages"}],"about":[{"href":"https:\/\/vananland.com\/the-global-city\/wp-json\/wp\/v2\/types\/page"}],"author":[{"embeddable":true,"href":"https:\/\/vananland.com\/the-global-city\/wp-json\/wp\/v2\/users\/3"}],"replies":[{"embeddable":true,"href":"https:\/\/vananland.com\/the-global-city\/wp-json\/wp\/v2\/comments?post=1518"}],"version-history":[{"count":19,"href":"https:\/\/vananland.com\/the-global-city\/wp-json\/wp\/v2\/pages\/1518\/revisions"}],"predecessor-version":[{"id":1735,"href":"https:\/\/vananland.com\/the-global-city\/wp-json\/wp\/v2\/pages\/1518\/revisions\/1735"}],"wp:attachment":[{"href":"https:\/\/vananland.com\/the-global-city\/wp-json\/wp\/v2\/media?parent=1518"}],"curies":[{"name":"wp","href":"https:\/\/api.w.org\/{rel}","templated":true}]}}